{"id":5108,"date":"2016-02-02T15:52:06","date_gmt":"2016-02-02T14:52:06","guid":{"rendered":"https:\/\/www.glaesener-betz.lu\/accueil\/"},"modified":"2026-05-11T12:14:45","modified_gmt":"2026-05-11T11:14:45","slug":"accueil","status":"publish","type":"page","link":"https:\/\/www.glaesener-betz.lu\/de\/","title":{"rendered":"Home"},"content":{"rendered":"<section class=\"wpb-content-wrapper\"><p>[vc_row css_animation=&#8220;&#8220; row_type=&#8220;row&#8220; use_row_as_full_screen_section=&#8220;no&#8220; type=&#8220;full_width&#8220; angled_section=&#8220;no&#8220; text_align=&#8220;left&#8220; background_image_as_pattern=&#8220;without_pattern&#8220; background_color=&#8220;#153d8a&#8220; padding_top=&#8220;15&#8243; padding_bottom=&#8220;15&#8243; css=&#8220;.vc_custom_1497510568087{background-color: #153d8a !important;}&#8220;][vc_column][\/vc_column][\/vc_row][vc_row css_animation=&#8220;&#8220; row_type=&#8220;row&#8220; use_row_as_full_screen_section=&#8220;no&#8220; type=&#8220;grid&#8220; angled_section=&#8220;no&#8220; text_align=&#8220;left&#8220; background_image_as_pattern=&#8220;without_pattern&#8220; css=&#8220;.vc_custom_1497510458829{background-color: #fcfcfc !important;}&#8220;][vc_column][vc_empty_space][vc_raw_html][\/vc_raw_html]<div class=\"avt_masterslider_el \" >\n\t\t<!-- MasterSlider -->\n\t\t<div id=\"P_MS6a079ca2ebbdf\" class=\"master-slider-parent ms-staff-carousel ms-round ms-parent-id-4\" style=\"max-width:1000px;\" >\n\n\t\t\t\n\t\t\t<!-- MasterSlider Main -->\n\t\t\t<div id=\"MS6a079ca2ebbdf\" class=\"master-slider ms-skin-default\" >\n\t\t\t\t \t\t\t\t \n\n\t\t\t<div  class=\"ms-slide\" data-delay=\"3\" data-fill-mode=\"fill\"   >\n\t\t\t\t\t<img src=\"https:\/\/www.glaesener-betz.lu\/wp-content\/plugins\/masterslider\/public\/assets\/css\/blank.gif\" alt=\"\" title=\"\" data-src=\"https:\/\/www.glaesener-betz.lu\/wp-content\/uploads\/2016\/02\/UEWENHAUS_GB.png\" \/>\n\t<a href=\"http:\/\/www.glaesener-betz.lu\/de\/services\/uewenhaus\/\"     ><\/a>\n\n\t\t\t\t\t<div class=\"ms-info\"><h3 style=\"text-align: center;\">Ofenhaus<\/h3><div style=\"text-align: center;\">Massangefertigt Kamine, Holz\u00f6fen, Pellet\u00f6fen : Plannung und Installation<\/div><\/div>\n\n\n\t\t\t\t<\/div>\n\t\t\t<div  class=\"ms-slide\" data-delay=\"3\" data-fill-mode=\"fill\"   >\n\t\t\t\t\t<img src=\"https:\/\/www.glaesener-betz.lu\/wp-content\/plugins\/masterslider\/public\/assets\/css\/blank.gif\" alt=\"\" title=\"\" data-src=\"https:\/\/www.glaesener-betz.lu\/wp-content\/uploads\/2016\/02\/GROS_OEUVRE_GB.png\" \/>\n\t<a href=\"http:\/\/www.glaesener-betz.lu\/de\/services\/hochbau\/\"     ><\/a>\n\n\t\t\t\t\t<div class=\"ms-info\"><h3 style=\"text-align: center;\">Hochbau<\/h3><div style=\"text-align: center;\">Hochbau Baustoffe t\u00e4glich Lieferung direkt zur Baustelle<\/div><\/div>\n\n\n\t\t\t\t<\/div>\n\t\t\t<div  class=\"ms-slide\" data-delay=\"3\" data-fill-mode=\"fill\"   >\n\t\t\t\t\t<img src=\"https:\/\/www.glaesener-betz.lu\/wp-content\/plugins\/masterslider\/public\/assets\/css\/blank.gif\" alt=\"\" title=\"\" data-src=\"https:\/\/www.glaesener-betz.lu\/wp-content\/uploads\/2016\/02\/PORTES_FENETRES_GB.png\" \/>\n\t<a href=\"http:\/\/www.glaesener-betz.lu\/de\/services\/tueren-fenster\/\"     ><\/a>\n\n\t\t\t\t\t<div class=\"ms-info\"><h3 style=\"text-align: center;\">T\u00fcren \/ Fenster<\/h3><div style=\"text-align: center;\">H\u00f6rmann Garagentore, Industrietore, Feuerschutzt\u00fcren: Lieferung und Montage.<\/div><\/div>\n\n\n\t\t\t\t<\/div>\n\t\t\t<div  class=\"ms-slide\" data-delay=\"3\" data-fill-mode=\"fill\"   >\n\t\t\t\t\t<img src=\"https:\/\/www.glaesener-betz.lu\/wp-content\/plugins\/masterslider\/public\/assets\/css\/blank.gif\" alt=\"\" title=\"\" data-src=\"https:\/\/www.glaesener-betz.lu\/wp-content\/uploads\/2016\/02\/PARQUET_GB.png\" \/>\n\t<a href=\"http:\/\/www.glaesener-betz.lu\/de\/services\/parkett\/\"     ><\/a>\n\n\t\t\t\t\t<div class=\"ms-info\"><h3 style=\"text-align: center;\">Parkett<\/h3><div style=\"text-align: center;\">Massiv- und Halbmassivparkett, Laminat : Lieferung und Verlegen<\/div><\/div>\n\n\n\t\t\t\t<\/div>\n\t\t\t<div  class=\"ms-slide\" data-delay=\"3\" data-fill-mode=\"fill\"   >\n\t\t\t\t\t<img src=\"https:\/\/www.glaesener-betz.lu\/wp-content\/plugins\/masterslider\/public\/assets\/css\/blank.gif\" alt=\"\" title=\"\" data-src=\"https:\/\/www.glaesener-betz.lu\/wp-content\/uploads\/2016\/02\/FACADE_GB.png\" \/>\n\t<a href=\"http:\/\/www.glaesener-betz.lu\/de\/services\/fassade\/\"     ><\/a>\n\n\t\t\t\t\t<div class=\"ms-info\"><h3 style=\"text-align: center;\">Fassade<\/h3><div style=\"text-align: center;\"><p>Lieferung auf die Baustelle von Fassade Baustoffe<\/p><\/div><\/div>\n\n\n\t\t\t\t<\/div>\n\t\t\t<div  class=\"ms-slide\" data-delay=\"3\" data-fill-mode=\"fill\"   >\n\t\t\t\t\t<img src=\"https:\/\/www.glaesener-betz.lu\/wp-content\/plugins\/masterslider\/public\/assets\/css\/blank.gif\" alt=\"\" title=\"\" data-src=\"https:\/\/www.glaesener-betz.lu\/wp-content\/uploads\/2016\/02\/GENIE_CIVIL_GB.png\" \/>\n\t<a href=\"http:\/\/www.glaesener-betz.lu\/de\/services\/tiefbau\/\"     ><\/a>\n\n\t\t\t\t\t<div class=\"ms-info\"><h3 style=\"text-align: center;\">Tiefbau<\/h3><div style=\"text-align: center;\">Lieferung auf die Baustelle von Zuwasser und Abwasser Baustoffen<\/div><\/div>\n\n\n\t\t\t\t<\/div>\n\t\t\t<div  class=\"ms-slide\" data-delay=\"3\" data-fill-mode=\"fill\"   >\n\t\t\t\t\t<img src=\"https:\/\/www.glaesener-betz.lu\/wp-content\/plugins\/masterslider\/public\/assets\/css\/blank.gif\" alt=\"\" title=\"\" data-src=\"https:\/\/www.glaesener-betz.lu\/wp-content\/uploads\/2016\/02\/CARRELAGES.png\" \/>\n\t<a href=\"http:\/\/www.glaesener-betz.lu\/de\/services\/fliesen\/\"     ><\/a>\n\n\t\t\t\t\t<div class=\"ms-info\"><h3 style=\"text-align: center;\">Fliesen<\/h3><div style=\"text-align: center;\">Wandfliesen und Bodenfliesen, Badezimmer Fliesen, Mortex, Aussenfliesen, Fliesenoptik<\/div><\/div>\n\n\n\t\t\t\t<\/div>\n\t\t\t<div  class=\"ms-slide\" data-delay=\"3\" data-fill-mode=\"fill\"   >\n\t\t\t\t\t<img src=\"https:\/\/www.glaesener-betz.lu\/wp-content\/plugins\/masterslider\/public\/assets\/css\/blank.gif\" alt=\"\" title=\"\" data-src=\"https:\/\/www.glaesener-betz.lu\/wp-content\/uploads\/2016\/02\/ALENTOURS_GB.png\" \/>\n\t<a href=\"http:\/\/www.glaesener-betz.lu\/de\/services\/galabau\/\"     ><\/a>\n\n\t\t\t\t\t<div class=\"ms-info\"><h3 style=\"text-align: center;\">Galabau<\/h3><div style=\"text-align: center;\">Naturstein, Betonoberfl\u00e4che, Gartengestaltung, Regenwasserzisterne, Trockenmauer, Hochbeete: Lieferung zur Baustelle<\/div><\/div>\n\n\n\t\t\t\t<\/div>\n\t\t\t<div  class=\"ms-slide\" data-delay=\"3\" data-fill-mode=\"fill\"   >\n\t\t\t\t\t<img src=\"https:\/\/www.glaesener-betz.lu\/wp-content\/plugins\/masterslider\/public\/assets\/css\/blank.gif\" alt=\"\" title=\"\" data-src=\"https:\/\/www.glaesener-betz.lu\/wp-content\/uploads\/2016\/04\/parachevement-190x190.png\" \/>\n\t<a href=\"http:\/\/www.glaesener-betz.lu\/de\/services\/trockenbau\/\"     ><\/a>\n\n\t\t\t\t\t<div class=\"ms-info\"><h3 style=\"text-align: center;\">Trockenbau<\/h3><div style=\"text-align: center;\">Akustische und Thermische Isolierung, Trennw\u00e4nde, Abgeh\u00e4ngte Decken, Feinspachtel : Lieferung zur Baustelle<\/div><\/div>\n\n\n\t\t\t\t<\/div>\n\t\t\t<div  class=\"ms-slide\" data-delay=\"3\" data-fill-mode=\"fill\"   >\n\t\t\t\t\t<img src=\"https:\/\/www.glaesener-betz.lu\/wp-content\/plugins\/masterslider\/public\/assets\/css\/blank.gif\" alt=\"\" title=\"\" data-src=\"https:\/\/www.glaesener-betz.lu\/wp-content\/uploads\/2016\/02\/QUINCAILLERIE_GB.png\" \/>\n\t<a href=\"http:\/\/www.glaesener-betz.lu\/de\/services\/profi-baumarkt\/\"     ><\/a>\n\n\t\t\t\t\t<div class=\"ms-info\"><h3 style=\"text-align: center;\">Profi Baumarkt<\/h3><div style=\"text-align: center;\">Werkzeug f\u00fcr alle Gewerke, Professionelle Ausr\u00fcstung, Maschinenverleih<\/div><\/div>\n\n\n\t\t\t\t<\/div>\n\t\t\t<div  class=\"ms-slide\" data-delay=\"3\" data-fill-mode=\"fill\"   >\n\t\t\t\t\t<img src=\"https:\/\/www.glaesener-betz.lu\/wp-content\/plugins\/masterslider\/public\/assets\/css\/blank.gif\" alt=\"\" title=\"\" data-src=\"https:\/\/www.glaesener-betz.lu\/wp-content\/uploads\/2016\/02\/TOITURE_GB.png\" \/>\n\t<a href=\"http:\/\/www.glaesener-betz.lu\/de\/services\/dach\/\"     ><\/a>\n\n\t\t\t\t\t<div class=\"ms-info\"><h3 style=\"text-align: center;\">Dach<\/h3><div style=\"text-align: center;\">Eindeckung, Bauholz, Isolierung, D\u00e4mmung, Spenglerei, Materialien f\u00fcr Abdichtung : Lieferung zur Baustelle<\/div><\/div>\n\n\n\t\t\t\t<\/div>\n\n\t\t\t<\/div>\n\t\t\t<!-- END MasterSlider Main -->\n\n\t\t\t \n\t\t<\/div>\n\t\t<!-- END MasterSlider -->\n\n\t\t<script>\n\t\t( window.MSReady = window.MSReady || [] ).push( function( $ ) {\n\n\t\t\t\"use strict\";\n\t\t\tvar masterslider_bbdf = new MasterSlider();\n\n\t\t\t\/\/ slider controls\n\t\t\tmasterslider_bbdf.control('arrows'     ,{ autohide:true, overVideo:true  });\n\t\t\tmasterslider_bbdf.control('slideinfo'  ,{ autohide:false, overVideo:true, dir:'h', align:'bottom',inset:false , margin:10   });\n\t\t\t\/\/ slider setup\n\t\t\tmasterslider_bbdf.setup(\"MS6a079ca2ebbdf\", {\n\t\t\t\twidth           : 190,\n\t\t\t\theight          : 190,\n\t\t\t\tminHeight       : 0,\n\t\t\t\tspace           : 35,\n\t\t\t\tstart           : 1,\n\t\t\t\tgrabCursor      : true,\n\t\t\t\tswipe           : true,\n\t\t\t\tmouse           : true,\n\t\t\t\tkeyboard        : false,\n\t\t\t\tlayout          : \"partialview\",\n\t\t\t\twheel           : false,\n\t\t\t\tautoplay        : true,\n                instantStartLayers:false,\n\t\t\t\tmobileBGVideo:false,\n\t\t\t\tloop            : true,\n\t\t\t\tshuffle         : false,\n\t\t\t\tpreload         : 4,\n\t\t\t\theightLimit     : true,\n\t\t\t\tautoHeight      : false,\n\t\t\t\tsmoothHeight    : true,\n\t\t\t\tendPause        : false,\n\t\t\t\toverPause       : true,\n\t\t\t\tfillMode        : \"fill\",\n\t\t\t\tcenterControls  : true,\n\t\t\t\tstartOnAppear   : false,\n\t\t\t\tlayersMode      : \"center\",\n\t\t\t\tautofillTarget  : \"\",\n\t\t\t\thideLayers      : false,\n\t\t\t\tfullscreenMargin: 0,\n\t\t\t\tspeed           : 20,\n\t\t\t\tdir             : \"h\",\n\t\t\t\tresponsive      : true,\n\t\t\t\ttabletWidth     : 768,\n\t\t\t\ttabletHeight    : null,\n\t\t\t\tphoneWidth      : 480,\n\t\t\t\tphoneHeight    : null,\n\t\t\t\tsizingReference : window,\nviewOption      : { centerSpace:1.6 },\n\t\t\t\tparallaxMode    : 'swipe',\n\t\t\t\tview            : \"focus\"\n\t\t\t});\n\n\t\t\t\n\t\t\twindow.masterslider_instances = window.masterslider_instances || [];\n\t\t\twindow.masterslider_instances.push( masterslider_bbdf );\n\t\t});\n\t\t<\/script>\n\n<\/div>[vc_row_inner row_type=&#8220;row&#8220; type=&#8220;full_width&#8220; text_align=&#8220;left&#8220; css_animation=&#8220;&#8220;][vc_column_inner][vc_column_text css=&#8220;.vc_custom_1641195761602{background-color: rgba(30,115,190,0.49) !important;*background-color: rgb(30,115,190) !important;}&#8220;][\/vc_column_text][vc_column_text css=&#8220;.vc_custom_1642419590336{background-color: rgba(30,115,190,0.49) !important;*background-color: rgb(30,115,190) !important;}&#8220;][\/vc_column_text][vc_column_text][\/vc_column_text][vc_empty_space][vc_empty_space][vc_column_text]<\/p>\n<h1 style=\"text-align: center;\">Fassadend\u00e4mmung &amp; Bodenfliesen<\/h1>\n<h2 style=\"text-align: center;\">BaustoffH\u00e4ndler f\u00fcr privat und Gewerbe<\/h2>\n<p>&nbsp;<\/p>\n<p style=\"text-align: center;\">Ob Privatwohnung, Mietshaus oder Gewerbegeb\u00e4ude \u2013 wir liefern Ihnen alle Baustoffe, die Sie f\u00fcr Ihr Projekt ben\u00f6tigen, z. B. f\u00fcr Tief- und Rohbau, Bedachung, <strong>Garagentore<\/strong>, Feuerschutzt\u00fcren, Fassaden, Innenausbau, Fliesenlegen, Au\u00dfenanlagen, Parkett, Heizungsanlagen und Kaminbau. Von unseren Materiallagern in Redingen\/Attert und Contern aus liefern wir in ganz Luxemburg direkt an Ihre Baustelle. In unserem Baumarkt und unseren Ausstellungsr\u00e4umen finden Sie eine gro\u00dfe Auswahl an Fliesen, Pellet- und <strong>Holz\u00f6fen<\/strong>, Kaminen, Garagentoren, Parketts, Gabionen und Au\u00dfenanlagen.<\/p>\n<p style=\"text-align: center; margin: 0 0 30px 0;\">Unsere Teams montieren bei Ihnen Garagen-Sektionaltore, Brandschutzt\u00fcren, Wohnraumt\u00fcren, Holz- und Pellet\u00f6fen, Kamine und Parkett.<\/p>\n<p>[\/vc_column_text][vc_empty_space][vc_column_text]<\/p>\n<h2 style=\"font-size: 16px; padding-bottom: 15px; text-align: justify;\">Baustoffgro\u00dfhandel Glaesner-Betz: der Profi f\u00fcr Bauarbeiten am und im Haus<\/h2>\n<p style=\"text-align: justify; padding-bottom: 10px;\">Glaesner-Betz ist Ihr qualifizierter Fachh\u00e4ndler f\u00fcr Hochbau, Tiefbau, Ofenbau, Wand- und <a href=\"https:\/\/www.glaesener-betz.lu\/de\/services\/fliesen\/\"><strong>Bodenfliesen<\/strong><\/a>, Fassaden-, Dach- und Deckenarbeiten sowie thermische und akustische Isolierungen.<\/p>\n<p style=\"text-align: justify; padding-bottom: 10px;\">Seit 1895 sorgen wir f\u00fcr zufriedene Kunden auf Baustellen in ganz Luxemburg. Baumaterialien von Glaesner-Betz \u00fcberzeugen durch Qualit\u00e4t und beste Verarbeitungseigenschaften. Ob <a href=\"https:\/\/www.glaesener-betz.lu\/de\/services\/tueren-fenster\/garagentore\/\"><strong>Garagentore<\/strong><\/a>, Zement oder <a href=\"https:\/\/www.glaesener-betz.lu\/de\/services\/galabau\/\"><strong>Granit<\/strong> <strong>Terrassenplatten<\/strong><\/a>, wir liefern Ihre Baustoffe direkt auf die Baustelle oder an ein pers\u00f6nliches Lager. Unsere Flotte umfasst 20 Lkw, die mehrmals t\u00e4glich unterschiedlichste Einsatzgebiete ansteuern. Sie m\u00f6chten Ihre Fu\u00dfb\u00f6den erneuern? Wir f\u00fchren edles Parkett in diversen Farben und Holzarten. Hochwertiges Laminat sieht echtem Holz t\u00e4uschend \u00e4hnlich und begeisterte durch pflegeleichte Eigenschaften. <a href=\"https:\/\/www.glaesener-betz.lu\/de\/services\/parkett\/\"><strong>Laminat verlegen<\/strong><\/a> ist f\u00fcr unsere versierten Schreiner kein Problem. Freuen Sie sich \u00fcber fehlerfreie Ergebnisse ohne jede Unebenheit.<\/p>\n<p style=\"text-align: justify; padding-bottom: 10px;\">Neben Basismaterialien zur Dachbegr\u00fcnung hat Glaesner-Betz auch <a href=\"https:\/\/www.glaesener-betz.lu\/de\/services\/dach\/dachfenster\/\"><strong>Dachfenster<\/strong><\/a> in diversen Ausf\u00fchrungen. F\u00fcr Dacharbeiten steht Ihnen unser Expertenteam aus Dachdeckern, Zimmerleuten und Dachklempnern gerne zur Verf\u00fcgung.<\/p>\n<p>[\/vc_column_text][vc_column_text]<\/p>\n<h2 style=\"font-size: 16px; padding-bottom: 15px; text-align: justify;\">Materialien f\u00fcr Ihr Interieur (Holzofen, Dachfenster, &#8230;)<\/h2>\n<p style=\"text-align: justify; padding-bottom: 10px;\">Ob Abschlussprofile, Zugtreppen oder Kalk- und Lehmputze, bei Glaesner-Betz finden Sie alles, was im Trockenbau ben\u00f6tigt wird.<\/p>\n<p style=\"text-align: justify; padding-bottom: 10px;\">Eine moderne Fassade muss optisch ansprechen, aber auch zeitgem\u00e4\u00df w\u00e4rmeged\u00e4mmt sein. <a href=\"https:\/\/www.glaesener-betz.lu\/de\/services\/dach\/isolierungdaemmung\/\"><strong>Steinwolle<\/strong><\/a>, Holzfaserd\u00e4mmplatten, Styropor und Polyurethane haben sich f\u00fcr die <a href=\"https:\/\/www.glaesener-betz.lu\/de\/services\/fassade\/\"><strong>Fassadend\u00e4mmung<\/strong><\/a> bew\u00e4hrt. F\u00fcr die Fassadenverkleidung eignen sich Faserzementplatten und andere L\u00f6sungen. Zeitgem\u00e4\u00dfe Fassadenbekleidungssysteme sind zweischichtig aufgebaut und mit D\u00e4mmstoffen gef\u00fcllt.<a href=\"https:\/\/www.glaesener-betz.lu\/de\/services\/dach\/eindeckung\/\"><strong> Trapezblech<\/strong><\/a> hat sich zur Befestigung durchgesetzt, die sichtbar oder unsichtbar erfolgen kann.<\/p>\n<p style=\"text-align: justify; padding-bottom: 10px;\">Die Garage ist der sichere Hort f\u00fcr Ihr Auto. Ein <a href=\"https:\/\/www.glaesener-betz.lu\/de\/services\/tueren-fenster\/garagentore\/\"><strong>Sektionaltor<\/strong><\/a> ist sehr platzsparend und komfortabel. Es besteht aus einzelnen, durch Scharniere verbundene Sektionen und kann auf Ma\u00df angepasst werden. Da kein Schwenkraum vor der Garage ben\u00f6tigt wird, haben Sie deutlich mehr Platz zur Verf\u00fcgung.<\/p>\n<p style=\"text-align: justify; padding-bottom: 10px;\">Auch Ihren neuen <a href=\"https:\/\/www.glaesener-betz.lu\/de\/services\/ofenhaus\/holzoefen\/\"><strong>Holzofen<\/strong><\/a> k\u00f6nnen wir direkt anschlie\u00dfen, so dass der <a href=\"https:\/\/www.glaesener-betz.lu\/de\/services\/ofenhaus\/schornsteinfegen-reparatur\/\"><strong>Schornsteinfeger<\/strong><\/a> nichts zu beanstanden hat. Natursteinwege, Trockenmauern oder Regenwasserzisternen \u2013 im Galabau k\u00f6nnen Sie Ihrer Kreativit\u00e4t frei entfalten. Unsere Baustoffe unterst\u00fctzen Sie dabei. Mit Glaesner-Betz bekommt Ihr Haus ein individuelles Gesicht, an dem Sie lange Freude haben.<\/p>\n<p>[\/vc_column_text][\/vc_column_inner][\/vc_row_inner][vc_row_inner row_type=&#8220;row&#8220; type=&#8220;full_width&#8220; text_align=&#8220;left&#8220; css_animation=&#8220;&#8220;][vc_column_inner width=&#8220;1\/2&#8243;][vc_empty_space][vc_single_image image=&#8220;7991&#8243; img_size=&#8220;60&#215;60&#8243; alignment=&#8220;right&#8220; onclick=&#8220;custom_link&#8220; qode_css_animation=&#8220;&#8220; link=&#8220;https:\/\/www.facebook.com\/Glaesener-Betz-109493553950790&#8243;][\/vc_column_inner][vc_column_inner width=&#8220;1\/2&#8243;][vc_empty_space][vc_single_image image=&#8220;7993&#8243; img_size=&#8220;60&#215;60&#8243; onclick=&#8220;custom_link&#8220; qode_css_animation=&#8220;&#8220; link=&#8220;https:\/\/www.instagram.com\/glaesenerbetz\/&#8220;][\/vc_column_inner][\/vc_row_inner][\/vc_column][\/vc_row][vc_row css_animation=&#8220;&#8220; row_type=&#8220;row&#8220; use_row_as_full_screen_section=&#8220;no&#8220; type=&#8220;full_width&#8220; angled_section=&#8220;no&#8220; text_align=&#8220;left&#8220; background_image_as_pattern=&#8220;without_pattern&#8220;][vc_column][vc_raw_html]JTNDcCUyMHN0eWxlJTNEJTIycGFkZGluZyUzQTMwcHglM0IlMjIlM0UlMjZuYnNwJTNCJTNDJTJGcCUzRQ==[\/vc_raw_html][\/vc_column][\/vc_row][vc_row css_animation=&#8220;&#8220; row_type=&#8220;row&#8220; use_row_as_full_screen_section=&#8220;no&#8220; type=&#8220;full_width&#8220; angled_section=&#8220;no&#8220; text_align=&#8220;left&#8220; background_image_as_pattern=&#8220;without_pattern&#8220;][vc_column][\/vc_column][\/vc_row][vc_row css_animation=&#8220;&#8220; row_type=&#8220;row&#8220; use_row_as_full_screen_section=&#8220;no&#8220; type=&#8220;full_width&#8220; angled_section=&#8220;no&#8220; text_align=&#8220;left&#8220; background_image_as_pattern=&#8220;without_pattern&#8220;][vc_column][\/vc_column][\/vc_row]<\/p>\n<\/section>","protected":false},"excerpt":{"rendered":"<p>[vc_row css_animation=&#8220;&#8220; row_type=&#8220;row&#8220; use_row_as_full_screen_section=&#8220;no&#8220; type=&#8220;full_width&#8220; angled_section=&#8220;no&#8220; text_align=&#8220;left&#8220; background_image_as_pattern=&#8220;without_pattern&#8220; background_color=&#8220;#153d8a&#8220; padding_top=&#8220;15&#8243; padding_bottom=&#8220;15&#8243; css=&#8220;.vc_custom_1497510568087{background-color: #153d8a !important;}&#8220;][vc_column][\/vc_column][\/vc_row][vc_row css_animation=&#8220;&#8220; row_type=&#8220;row&#8220; use_row_as_full_screen_section=&#8220;no&#8220; type=&#8220;grid&#8220; angled_section=&#8220;no&#8220; text_align=&#8220;left&#8220; background_image_as_pattern=&#8220;without_pattern&#8220; css=&#8220;.vc_custom_1497510458829{background-color: #fcfcfc !important;}&#8220;][vc_column][vc_empty_space][vc_raw_html][\/vc_raw_html][vc_row_inner row_type=&#8220;row&#8220; type=&#8220;full_width&#8220; text_align=&#8220;left&#8220; css_animation=&#8220;&#8220;][vc_column_inner][vc_column_text css=&#8220;.vc_custom_1641195761602{background-color: rgba(30,115,190,0.49) !important;*background-color: rgb(30,115,190) !important;}&#8220;][\/vc_column_text][vc_column_text css=&#8220;.vc_custom_1642419590336{background-color: rgba(30,115,190,0.49) !important;*background-color: rgb(30,115,190) !important;}&#8220;][\/vc_column_text][vc_column_text][\/vc_column_text][vc_empty_space][vc_empty_space][vc_column_text] Fassadend\u00e4mmung &amp; Bodenfliesen BaustoffH\u00e4ndler f\u00fcr privat und&#8230;<\/p>\n","protected":false},"author":2,"featured_media":0,"parent":0,"menu_order":0,"comment_status":"closed","ping_status":"closed","template":"full_width.php","meta":[],"_links":{"self":[{"href":"https:\/\/www.glaesener-betz.lu\/de\/wp-json\/wp\/v2\/pages\/5108"}],"collection":[{"href":"https:\/\/www.glaesener-betz.lu\/de\/wp-json\/wp\/v2\/pages"}],"about":[{"href":"https:\/\/www.glaesener-betz.lu\/de\/wp-json\/wp\/v2\/types\/page"}],"author":[{"embeddable":true,"href":"https:\/\/www.glaesener-betz.lu\/de\/wp-json\/wp\/v2\/users\/2"}],"replies":[{"embeddable":true,"href":"https:\/\/www.glaesener-betz.lu\/de\/wp-json\/wp\/v2\/comments?post=5108"}],"version-history":[{"count":103,"href":"https:\/\/www.glaesener-betz.lu\/de\/wp-json\/wp\/v2\/pages\/5108\/revisions"}],"predecessor-version":[{"id":9798,"href":"https:\/\/www.glaesener-betz.lu\/de\/wp-json\/wp\/v2\/pages\/5108\/revisions\/9798"}],"wp:attachment":[{"href":"https:\/\/www.glaesener-betz.lu\/de\/wp-json\/wp\/v2\/media?parent=5108"}],"curies":[{"name":"wp","href":"https:\/\/api.w.org\/{rel}","templated":true}]}}