{"id":5105,"date":"2016-02-02T15:53:08","date_gmt":"2016-02-02T14:53:08","guid":{"rendered":"https:\/\/www.glaesener-betz.lu\/promos\/"},"modified":"2018-06-29T13:15:38","modified_gmt":"2018-06-29T12:15:38","slug":"aktuelles","status":"publish","type":"page","link":"https:\/\/www.glaesener-betz.lu\/de\/aktuelles\/","title":{"rendered":"AKTUELLES"},"content":{"rendered":"<section class=\"wpb-content-wrapper\"><p>[vc_row css_animation=&#8220;&#8220; row_type=&#8220;row&#8220; use_row_as_full_screen_section=&#8220;no&#8220; type=&#8220;full_width&#8220; angled_section=&#8220;no&#8220; text_align=&#8220;left&#8220; background_image_as_pattern=&#8220;without_pattern&#8220;][vc_column][vc_column_text]<\/p>\n<h1 style=\"text-align: center;\">SONDERANGEBOTE<\/h1>\n<p>[\/vc_column_text][vc_separator type=&#8220;transparent&#8220; thickness=&#8220;10&#8243;][\/vc_column][\/vc_row][vc_row css_animation=&#8220;&#8220; row_type=&#8220;row&#8220; use_row_as_full_screen_section=&#8220;no&#8220; type=&#8220;full_width&#8220; angled_section=&#8220;no&#8220; text_align=&#8220;center&#8220; background_image_as_pattern=&#8220;without_pattern&#8220;][vc_column]<div class='latest_post_holder boxes three_columns four_rows'><ul><li class=\"clearfix\"><div class=\"latest_news\"><h5 class=\"latest_news_title \"><a href=\"https:\/\/www.glaesener-betz.lu\/de\/promo-uewenhaus\/\">PROMO MAISON DU POELE<\/a><\/h5><div class=\"latest_news_inner\"><div class=\"latest_news_image\"><img src=\"https:\/\/www.glaesener-betz.lu\/wp-content\/uploads\/2021\/04\/LOTUS-LIVA-2g.png\" alt=\"\" \/><\/div><p class=\"latest_news_content\">SONDERANGEBOTE UEWENHAUS =&gt; Der Preis dieser Artikel vers...<\/p><div class=\"clearfix\"><\/div> <\/div><a class=\"news-cta-link\" href=\"https:\/\/www.glaesener-betz.lu\/de\/promo-uewenhaus\/\"><\/a><\/div><\/li><li class=\"clearfix\"><div class=\"latest_news\"><h5 class=\"latest_news_title \"><a href=\"https:\/\/www.glaesener-betz.lu\/de\/promotion-carrelages\/\">Fliesen Promotion<\/a><\/h5><div class=\"latest_news_inner\"><div class=\"latest_news_image\"><img src=\"https:\/\/www.glaesener-betz.lu\/wp-content\/uploads\/2017\/04\/ink40-6.jpg\" alt=\"\" \/><\/div><p class=\"latest_news_content\">%\u00a0auf den folgenden Fliesen auf Lager: &nbsp; &nbsp; TALK AN...<\/p><div class=\"clearfix\"><\/div> <\/div><a class=\"news-cta-link\" href=\"https:\/\/www.glaesener-betz.lu\/de\/promotion-carrelages\/\"><\/a><\/div><\/li><li class=\"clearfix\"><div class=\"latest_news\"><h5 class=\"latest_news_title \"><a href=\"https:\/\/www.glaesener-betz.lu\/wp-content\/uploads\/2021\/03\/LPU%20expo_sans-prix%202021.pdf\">Garagentore Promotion<\/a><\/h5><div class=\"latest_news_inner\"><div class=\"latest_news_image\"><img src=\"https:\/\/www.glaesener-betz.lu\/wp-content\/uploads\/2016\/04\/STOo320W-1.jpg\" alt=\"\" \/><\/div><p class=\"latest_news_content\">Garagentore Promotion...<\/p><div class=\"clearfix\"><\/div> <\/div><a class=\"news-cta-link\" href=\"https:\/\/www.glaesener-betz.lu\/wp-content\/uploads\/2021\/03\/LPU%20expo_sans-prix%202021.pdf\"><\/a><\/div><\/li><\/ul><\/div>[\/vc_column][\/vc_row][vc_row css_animation=&#8220;&#8220; row_type=&#8220;row&#8220; use_row_as_full_screen_section=&#8220;no&#8220; type=&#8220;full_width&#8220; angled_section=&#8220;no&#8220; text_align=&#8220;left&#8220; background_image_as_pattern=&#8220;without_pattern&#8220;][vc_column][vc_column_text]<\/p>\n<h1 style=\"text-align: center;\">AKTUALIT\u00c4TEN<\/h1>\n<p>[\/vc_column_text][vc_separator type=&#8220;transparent&#8220; thickness=&#8220;10&#8243;][\/vc_column][\/vc_row][vc_row css_animation=&#8220;&#8220; row_type=&#8220;row&#8220; use_row_as_full_screen_section=&#8220;no&#8220; type=&#8220;full_width&#8220; angled_section=&#8220;no&#8220; text_align=&#8220;center&#8220; background_image_as_pattern=&#8220;without_pattern&#8220;][vc_column]<div class='latest_post_holder boxes three_columns five_rows'><ul><li class=\"clearfix\"><div class=\"latest_news\"><h5 class=\"latest_news_title \"><a href=\"https:\/\/www.glaesener-betz.lu\/de\/services\/profi-baumarkt\/maschinenverleih\/\">Maschinenverleih<\/a><\/h5><div class=\"latest_news_inner\"><div class=\"latest_news_image\"><img src=\"https:\/\/www.glaesener-betz.lu\/wp-content\/uploads\/2018\/04\/24.stihl_scie-a-beton_Trennschleifer_TS700_location.png\" alt=\"\" \/><\/div><p class=\"latest_news_content\">in Redange\/Attert und Contern...<\/p><div class=\"clearfix\"><\/div> <\/div><a class=\"news-cta-link\" href=\"https:\/\/www.glaesener-betz.lu\/de\/services\/profi-baumarkt\/maschinenverleih\/\"><\/a><\/div><\/li><li class=\"clearfix\"><div class=\"latest_news\"><h5 class=\"latest_news_title \"><a href=\"https:\/\/www.glaesener-betz.lu\/de\/holzschutz\/\">Holzschutz<\/a><\/h5><div class=\"latest_news_inner\"><div class=\"latest_news_image\"><img src=\"https:\/\/www.glaesener-betz.lu\/wp-content\/uploads\/2018\/06\/Koralan-Holzoel-spezial.png\" alt=\"\" \/><\/div><p class=\"latest_news_content\">&nbsp; &nbsp; Das komplette Sortiment finden Sie in unserer ...<\/p><div class=\"clearfix\"><\/div> <\/div><a class=\"news-cta-link\" href=\"https:\/\/www.glaesener-betz.lu\/de\/holzschutz\/\"><\/a><\/div><\/li><li class=\"clearfix\"><div class=\"latest_news\"><h5 class=\"latest_news_title \"><a href=\"https:\/\/www.glaesener-betz.lu\/de\/services\/tueren-fenster\/kundendienst-2\/\">Pannen Garagentore<\/a><\/h5><div class=\"latest_news_inner\"><div class=\"latest_news_image\"><img src=\"https:\/\/www.glaesener-betz.lu\/wp-content\/uploads\/2018\/01\/porte-de-garage_depannage_hoermann-3.jpg\" alt=\"\" \/><\/div><p class=\"latest_news_content\">F\u00fcr Reparatur \/ Pannen ihrer Garagentore: &nbsp; Montag bis ...<\/p><div class=\"clearfix\"><\/div> <\/div><a class=\"news-cta-link\" href=\"https:\/\/www.glaesener-betz.lu\/de\/services\/tueren-fenster\/kundendienst-2\/\"><\/a><\/div><\/li><li class=\"clearfix\"><div class=\"latest_news\"><h5 class=\"latest_news_title \"><a href=\"https:\/\/www.glaesener-betz.lu\/de\/tank-des-regenwassers-belastet\/\">Kostenlose Anfrage<\/a><\/h5><div class=\"latest_news_inner\"><div class=\"latest_news_image\"><img src=\"https:\/\/www.glaesener-betz.lu\/wp-content\/uploads\/2018\/04\/Graf_citerne-eau_Carat.png\" alt=\"\" \/><\/div><p class=\"latest_news_content\">Regenwassernutzung unterirdisch...<\/p><div class=\"clearfix\"><\/div> <\/div><a class=\"news-cta-link\" href=\"https:\/\/www.glaesener-betz.lu\/de\/tank-des-regenwassers-belastet\/\"><\/a><\/div><\/li><li class=\"clearfix\"><div class=\"latest_news\"><h5 class=\"latest_news_title \"><a href=\"https:\/\/www.glaesener-betz.lu\/de\/renovation-porte-de-garage\/\">Renovation porte de garage<\/a><\/h5><div class=\"latest_news_inner\"><div class=\"latest_news_image\"><img src=\"https:\/\/www.glaesener-betz.lu\/wp-content\/uploads\/2018\/01\/renovation-porte-garage.png\" alt=\"\" \/><\/div><p class=\"latest_news_content\">&nbsp; Place \u00e0 votre nouvelle porte de garage! Que ce soit p...<\/p><div class=\"clearfix\"><\/div> <\/div><a class=\"news-cta-link\" href=\"https:\/\/www.glaesener-betz.lu\/de\/renovation-porte-de-garage\/\"><\/a><\/div><\/li><li class=\"clearfix\"><div class=\"latest_news\"><h5 class=\"latest_news_title \"><a href=\"https:\/\/www.glaesener-betz.lu\/wp-content\/uploads\/2017\/11\/Glaesener-Betz_Schiebet\u00fcrblatt-Eclisse_2017.pdf\">Schiebet\u00fcrblatt<\/a><\/h5><div class=\"latest_news_inner\"><div class=\"latest_news_image\"><img src=\"https:\/\/www.glaesener-betz.lu\/wp-content\/uploads\/2017\/11\/Eclisse_Syntesis-Line-EF_Massivwand-1.png\" alt=\"\" \/><\/div><p class=\"latest_news_content\">Schiebet\u00fcrkasten Ausf\u00fchrung Trockenbau...<\/p><div class=\"clearfix\"><\/div> <\/div><a class=\"news-cta-link\" href=\"https:\/\/www.glaesener-betz.lu\/wp-content\/uploads\/2017\/11\/Glaesener-Betz_Schiebet\u00fcrblatt-Eclisse_2017.pdf\"><\/a><\/div><\/li><li class=\"clearfix\"><div class=\"latest_news\"><h5 class=\"latest_news_title \"><a href=\"https:\/\/www.glaesener-betz.lu\/de\/tesaco\/\">vanne murale &#8211; clapet<\/a><\/h5><div class=\"latest_news_inner\"><div class=\"latest_news_image\"><img src=\"https:\/\/www.glaesener-betz.lu\/wp-content\/uploads\/2016\/10\/Tesaco-logo.png\" alt=\"\" \/><\/div><p class=\"latest_news_content\">Tesaco-Technique en exclusivit\u00e9 chez nous...<\/p><div class=\"clearfix\"><\/div> <\/div><a class=\"news-cta-link\" href=\"https:\/\/www.glaesener-betz.lu\/de\/tesaco\/\"><\/a><\/div><\/li><li class=\"clearfix\"><div class=\"latest_news\"><h5 class=\"latest_news_title \"><a href=\"https:\/\/www.glaesener-betz.lu\/services\/quincaillerie\/boites-aux-lettres\/\">Briefk\u00e4sten<\/a><\/h5><div class=\"latest_news_inner\"><div class=\"latest_news_image\"><img src=\"https:\/\/www.glaesener-betz.lu\/wp-content\/uploads\/2016\/09\/Knobloch-e1475745504181.jpg\" alt=\"\" \/><\/div><p class=\"latest_news_content\">Briefk\u00e4sten f\u00fcr Ihr Wohnhaus oder f\u00fcr kleine und grosse Wohn...<\/p><div class=\"clearfix\"><\/div> <\/div><a class=\"news-cta-link\" href=\"https:\/\/www.glaesener-betz.lu\/services\/quincaillerie\/boites-aux-lettres\/\"><\/a><\/div><\/li><li class=\"clearfix\"><div class=\"latest_news\"><h5 class=\"latest_news_title \"><a href=\" https:\/\/www.glaesener-betz.lu\/catalogue-uewenhaus\/\">Bestellen online<\/a><\/h5><div class=\"latest_news_inner\"><div class=\"latest_news_image\"><img src=\"https:\/\/www.glaesener-betz.lu\/wp-content\/uploads\/2016\/03\/poele.png\" alt=\"\" \/><\/div><p class=\"latest_news_content\">Pellets, Brennholz &#8230;\u00a0 bestellen Sie Ihren Brennstoff d...<\/p><div class=\"clearfix\"><\/div> <\/div><a class=\"news-cta-link\" href=\" https:\/\/www.glaesener-betz.lu\/catalogue-uewenhaus\/\"><\/a><\/div><\/li><li class=\"clearfix\"><div class=\"latest_news\"><h5 class=\"latest_news_title \"><a href=\"https:\/\/www.glaesener-betz.lu\/wp-content\/media-downloads\/services\/Brochure Belga Clima-GB_version finalmars2015_basse def.pdf\">Nouveaux produits<\/a><\/h5><div class=\"latest_news_inner\"><div class=\"latest_news_image\"><img src=\"https:\/\/www.glaesener-betz.lu\/wp-content\/uploads\/2016\/09\/BelgaClima_Glaesener-Betz.png\" alt=\"\" \/><\/div><p class=\"latest_news_content\">Syst\u00e8mes d&#8217;\u00e9tanch\u00e9it\u00e9 pour toiture, fa\u00e7ade et fen\u00eatre....<\/p><div class=\"clearfix\"><\/div> <\/div><a class=\"news-cta-link\" href=\"https:\/\/www.glaesener-betz.lu\/wp-content\/media-downloads\/services\/Brochure Belga Clima-GB_version finalmars2015_basse def.pdf\"><\/a><\/div><\/li><\/ul><\/div>[\/vc_column][\/vc_row][vc_row css_animation=&#8220;&#8220; row_type=&#8220;row&#8220; use_row_as_full_screen_section=&#8220;no&#8220; type=&#8220;full_width&#8220; angled_section=&#8220;no&#8220; text_align=&#8220;left&#8220; background_image_as_pattern=&#8220;without_pattern&#8220;][vc_column][vc_separator type=&#8220;normal&#8220;][\/vc_column][\/vc_row]<\/p>\n<\/section>","protected":false},"excerpt":{"rendered":"<p>[vc_row css_animation=&#8220;&#8220; row_type=&#8220;row&#8220; use_row_as_full_screen_section=&#8220;no&#8220; type=&#8220;full_width&#8220; angled_section=&#8220;no&#8220; text_align=&#8220;left&#8220; background_image_as_pattern=&#8220;without_pattern&#8220;][vc_column][vc_column_text] SONDERANGEBOTE [\/vc_column_text][vc_separator type=&#8220;transparent&#8220; thickness=&#8220;10&#8243;][\/vc_column][\/vc_row][vc_row css_animation=&#8220;&#8220; row_type=&#8220;row&#8220; use_row_as_full_screen_section=&#8220;no&#8220; type=&#8220;full_width&#8220; angled_section=&#8220;no&#8220; text_align=&#8220;center&#8220; background_image_as_pattern=&#8220;without_pattern&#8220;][vc_column][\/vc_column][\/vc_row][vc_row css_animation=&#8220;&#8220; row_type=&#8220;row&#8220; use_row_as_full_screen_section=&#8220;no&#8220; type=&#8220;full_width&#8220; angled_section=&#8220;no&#8220; text_align=&#8220;left&#8220; background_image_as_pattern=&#8220;without_pattern&#8220;][vc_column][vc_column_text] AKTUALIT\u00c4TEN [\/vc_column_text][vc_separator type=&#8220;transparent&#8220; thickness=&#8220;10&#8243;][\/vc_column][\/vc_row][vc_row css_animation=&#8220;&#8220; row_type=&#8220;row&#8220; use_row_as_full_screen_section=&#8220;no&#8220; type=&#8220;full_width&#8220; angled_section=&#8220;no&#8220; text_align=&#8220;center&#8220; background_image_as_pattern=&#8220;without_pattern&#8220;][vc_column][\/vc_column][\/vc_row][vc_row css_animation=&#8220;&#8220; row_type=&#8220;row&#8220; use_row_as_full_screen_section=&#8220;no&#8220; type=&#8220;full_width&#8220; angled_section=&#8220;no&#8220; text_align=&#8220;left&#8220; background_image_as_pattern=&#8220;without_pattern&#8220;][vc_column][vc_separator type=&#8220;normal&#8220;][\/vc_column][\/vc_row]<\/p>\n","protected":false},"author":2,"featured_media":0,"parent":0,"menu_order":0,"comment_status":"closed","ping_status":"closed","template":"","meta":[],"_links":{"self":[{"href":"https:\/\/www.glaesener-betz.lu\/de\/wp-json\/wp\/v2\/pages\/5105"}],"collection":[{"href":"https:\/\/www.glaesener-betz.lu\/de\/wp-json\/wp\/v2\/pages"}],"about":[{"href":"https:\/\/www.glaesener-betz.lu\/de\/wp-json\/wp\/v2\/types\/page"}],"author":[{"embeddable":true,"href":"https:\/\/www.glaesener-betz.lu\/de\/wp-json\/wp\/v2\/users\/2"}],"replies":[{"embeddable":true,"href":"https:\/\/www.glaesener-betz.lu\/de\/wp-json\/wp\/v2\/comments?post=5105"}],"version-history":[{"count":5,"href":"https:\/\/www.glaesener-betz.lu\/de\/wp-json\/wp\/v2\/pages\/5105\/revisions"}],"predecessor-version":[{"id":6920,"href":"https:\/\/www.glaesener-betz.lu\/de\/wp-json\/wp\/v2\/pages\/5105\/revisions\/6920"}],"wp:attachment":[{"href":"https:\/\/www.glaesener-betz.lu\/de\/wp-json\/wp\/v2\/media?parent=5105"}],"curies":[{"name":"wp","href":"https:\/\/api.w.org\/{rel}","templated":true}]}}