{"id":5104,"date":"2016-02-02T15:54:40","date_gmt":"2016-02-02T14:54:40","guid":{"rendered":"https:\/\/www.glaesener-betz.lu\/contact-acces\/"},"modified":"2024-03-04T09:17:05","modified_gmt":"2024-03-04T08:17:05","slug":"kontakt-anfahrt","status":"publish","type":"page","link":"https:\/\/www.glaesener-betz.lu\/de\/kontakt-anfahrt\/","title":{"rendered":"KONTAKT \/ ANFAHRT"},"content":{"rendered":"<section class=\"wpb-content-wrapper\"><p>[vc_row css_animation=&#8220;&#8220; row_type=&#8220;row&#8220; use_row_as_full_screen_section=&#8220;no&#8220; type=&#8220;full_width&#8220; angled_section=&#8220;no&#8220; text_align=&#8220;left&#8220; background_image_as_pattern=&#8220;without_pattern&#8220; padding_bottom=&#8220;35&#8243;][vc_column][vc_column_text]<\/p>\n<h1>Kontakt\u00a0\/\u00a0Anfahrt<\/h1>\n<p>[\/vc_column_text][vc_separator type=&#8220;transparent&#8220; thickness=&#8220;10&#8243;][vc_tabs style=&#8220;boxed&#8220;][vc_tab title=&#8220;Kontaktformular&#8220; tab_id=&#8220;1a6d9661-c945-7&#8243;]\n<div class=\"wpcf7 no-js\" id=\"wpcf7-f6344-o1\" lang=\"en-US\" dir=\"ltr\">\n<div class=\"screen-reader-response\"><p role=\"status\" aria-live=\"polite\" aria-atomic=\"true\"><\/p> <ul><\/ul><\/div>\n<form action=\"\/de\/wp-json\/wp\/v2\/pages\/5104#wpcf7-f6344-o1\" method=\"post\" class=\"wpcf7-form init cf7_custom_style_3\" aria-label=\"Contact form\" novalidate=\"novalidate\" data-status=\"init\">\n<div style=\"display: none;\">\n<input type=\"hidden\" name=\"_wpcf7\" value=\"6344\" \/>\n<input type=\"hidden\" name=\"_wpcf7_version\" value=\"5.7.6\" \/>\n<input type=\"hidden\" name=\"_wpcf7_locale\" value=\"en_US\" \/>\n<input type=\"hidden\" name=\"_wpcf7_unit_tag\" value=\"wpcf7-f6344-o1\" \/>\n<input type=\"hidden\" name=\"_wpcf7_container_post\" value=\"0\" \/>\n<input type=\"hidden\" name=\"_wpcf7_posted_data_hash\" value=\"\" \/>\n<\/div>\n<p> Fachbereich*\n<\/p>\n<p><span class=\"wpcf7-form-control-wrap\" data-name=\"your-recipient\"><select class=\"wpcf7-form-control wpcf7-select wpcf7-validates-as-required\" aria-required=\"true\" aria-invalid=\"false\" name=\"your-recipient\"><option value=\"\">&#8212;Please choose an option&#8212;<\/option><option value=\"Fliesen\">Fliesen<\/option><option value=\"Galabau\">Galabau<\/option><option value=\"Fassade\">Fassade<\/option><option value=\"Tiefbau\">Tiefbau<\/option><option value=\"Hochbau\">Hochbau<\/option><option value=\"Trockenbau\">Trockenbau<\/option><option value=\"T\u00fcren f\u00fcr die Industrie\">T\u00fcren f\u00fcr die Industrie<\/option><option value=\"T\u00fcren und Fenster Privat\">T\u00fcren und Fenster Privat<\/option><option value=\"Profi Baumarkt\">Profi Baumarkt<\/option><option value=\"Dach\">Dach<\/option><option value=\"Ofenhaus\">Ofenhaus<\/option><option value=\"Parkett\">Parkett<\/option><\/select><\/span>\n<\/p>\n<p>Nachname*\n<\/p>\n<p><span class=\"wpcf7-form-control-wrap\" data-name=\"nom\"><input size=\"40\" class=\"wpcf7-form-control wpcf7-text wpcf7-validates-as-required\" aria-required=\"true\" aria-invalid=\"false\" value=\"\" type=\"text\" name=\"nom\" \/><\/span>\n<\/p>\n<p>Vorname*\n<\/p>\n<p><span class=\"wpcf7-form-control-wrap\" data-name=\"prenom\"><input size=\"40\" class=\"wpcf7-form-control wpcf7-text wpcf7-validates-as-required\" aria-required=\"true\" aria-invalid=\"false\" value=\"\" type=\"text\" name=\"prenom\" \/><\/span>\n<\/p>\n<p>E-Mail*\n<\/p>\n<p><span class=\"wpcf7-form-control-wrap\" data-name=\"email\"><input size=\"40\" class=\"wpcf7-form-control wpcf7-text wpcf7-email wpcf7-validates-as-required wpcf7-validates-as-email\" aria-required=\"true\" aria-invalid=\"false\" value=\"Email\" type=\"email\" name=\"email\" \/><\/span>\n<\/p>\n<p>Telefonnummer*\n<\/p>\n<p><span class=\"wpcf7-form-control-wrap\" data-name=\"phone\"><input size=\"40\" class=\"wpcf7-form-control wpcf7-text wpcf7-validates-as-required\" aria-required=\"true\" aria-invalid=\"false\" value=\"\" type=\"text\" name=\"phone\" \/><\/span>\n<\/p>\n<p><strong>Adresse<\/strong>\n<\/p>\n<p>Haus-Nr *\n<\/p>\n<p><span class=\"wpcf7-form-control-wrap\" data-name=\"number_of_street\"><input size=\"40\" class=\"wpcf7-form-control wpcf7-text wpcf7-validates-as-required\" aria-required=\"true\" aria-invalid=\"false\" value=\"\" type=\"text\" name=\"number_of_street\" \/><\/span>\n<\/p>\n<p>Strasse *\n<\/p>\n<p><span class=\"wpcf7-form-control-wrap\" data-name=\"street\"><input size=\"40\" class=\"wpcf7-form-control wpcf7-text wpcf7-validates-as-required\" aria-required=\"true\" aria-invalid=\"false\" value=\"\" type=\"text\" name=\"street\" \/><\/span>\n<\/p>\n<p>Postleitzahl *\n<\/p>\n<p><span class=\"wpcf7-form-control-wrap\" data-name=\"postcode\"><input size=\"40\" class=\"wpcf7-form-control wpcf7-text wpcf7-validates-as-required\" aria-required=\"true\" aria-invalid=\"false\" value=\"\" type=\"text\" name=\"postcode\" \/><\/span>\n<\/p>\n<p>Ort*\n<\/p>\n<p><span class=\"wpcf7-form-control-wrap\" data-name=\"city\"><input size=\"40\" class=\"wpcf7-form-control wpcf7-text wpcf7-validates-as-required\" aria-required=\"true\" aria-invalid=\"false\" value=\"\" type=\"text\" name=\"city\" \/><\/span>\n<\/p>\n<p>Land\n<\/p>\n<p><span class=\"wpcf7-form-control-wrap\" data-name=\"pays\"><input size=\"40\" class=\"wpcf7-form-control wpcf7-text wpcf7-validates-as-required\" aria-required=\"true\" aria-invalid=\"false\" placeholder=\"Luxembourg\" value=\"\" type=\"text\" name=\"pays\" \/><\/span>\n<\/p>\n<p>Thema\n<\/p>\n<p><span class=\"wpcf7-form-control-wrap\" data-name=\"your-subject\"><input size=\"40\" class=\"wpcf7-form-control wpcf7-text\" aria-invalid=\"false\" value=\"\" type=\"text\" name=\"your-subject\" \/><\/span>\n<\/p>\n<p>Ihre Nachricht\n<\/p>\n<p><span class=\"wpcf7-form-control-wrap\" data-name=\"your-message\"><textarea cols=\"40\" rows=\"10\" class=\"wpcf7-form-control wpcf7-textarea\" aria-invalid=\"false\" name=\"your-message\"><\/textarea><\/span>\n<\/p>\n<p><input class=\"wpcf7-form-control has-spinner wpcf7-submit\" type=\"submit\" value=\"Senden\" \/>\n<\/p><div class=\"wpcf7-response-output\" aria-hidden=\"true\"><\/div>\n<\/form>\n<\/div>\n[vc_separator type=&#8220;transparent&#8220; thickness=&#8220;15&#8243;][vc_column_text]<span style=\"font-size: 8pt;\">Alle pers\u00f6nlichen Informationen, die Sie uns zur Verf\u00fcgung stellen werden absolut vertraulich behandelt. Die gesammelten Daten erm\u00f6glichen es uns, unsere Dienstleistung bereitzustellen, zu verwalten und zu verbessern sowie neue zu entwickeln.Sie haben jederzeit das Recht, Ihre Daten zu \u00e4ndern, zu aktualisieren oder Ihre Daten anzufragen. Kontaktieren Sie uns: gdpr@glaesener-betz.lu \/ Glaesener-Betz\u00a0 Bo\u00eete Postale 22\u00a0 L-8509 Redange\/Attert\u00a0 Luxembourg<\/span>[\/vc_column_text][vc_separator type=&#8220;transparent&#8220; thickness=&#8220;15&#8243;][\/vc_tab][vc_tab title=&#8220;Unseren Adressen&#8220; tab_id=&#8220;7e3c49a5-a7c5-0&#8243;][vc_column_text]<\/p>\n<h4 style=\"text-align: left;\"><span style=\"font-size: 18pt;\"><i class=\"fa fa-phone\"> <\/i>\u00a0\u00a0<span style=\"font-size: 18pt;\"> Rufen Sie uns an\u00a0(+352) 236464 <\/span><\/span><\/h4>\n<p>[\/vc_column_text][vc_separator type=&#8220;transparent&#8220; thickness=&#8220;5&#8243;][vc_row_inner row_type=&#8220;row&#8220; type=&#8220;full_width&#8220; text_align=&#8220;left&#8220; css_animation=&#8220;&#8220;][vc_column_inner width=&#8220;1\/2&#8243;][vc_column_text]<\/p>\n<h5>GLAESENER-BETZ\u00a0REDANGE-SUR-ATTERT<\/h5>\n<p>&nbsp;<\/p>\n<p><span style=\"text-decoration: underline;\">Uewenhaus &#8211; Fliesen &#8211; Aussenflaechen &#8211; Tueren und Fenster<\/span><\/p>\n<p>&nbsp;<\/p>\n<p>82, Grand-Rue<br \/>\nL-8510 Redange\/Attert<\/p>\n<p>&nbsp;<\/p>\n<p>&nbsp;<\/p>\n<p>&nbsp;<\/p>\n<p><span style=\"text-decoration: underline;\">Baumarkt &#8211; Dach &#8211; \u00a0Parkett \u2013 Lager\u00a0\u2013 Rohbau \u2013 Tiefbau \u2013 Fassade &#8211; Industrietore<\/span><\/p>\n<p>&nbsp;<\/p>\n<p>Zone Artinsanale \u00ab Op Riner \u00bb<br \/>\n61, an der Fraesbich<br \/>\nL-8509 Redange\/Attert<\/p>\n<p>[\/vc_column_text][\/vc_column_inner][vc_column_inner width=&#8220;1\/2&#8243;][vc_column_text]<\/p>\n<h5>GLAESENER-BETZ \u00a0CONTERN<\/h5>\n<p>&nbsp;<\/p>\n<p>Zone Industrielle &#8222;Weiergewan&#8220;<br \/>\n3, Rue Edmond Reuter<br \/>\nL-5326 Contern<\/p>\n<p>&nbsp;<\/p>\n<p>[\/vc_column_text][\/vc_column_inner][\/vc_row_inner][vc_separator type=&#8220;transparent&#8220; thickness=&#8220;15&#8243;][vc_column_text]Wir sprechen Luxemburgisch, Deutsch, Franz\u00f6sisch, \u00a0Portugiesisch und Englisch.[\/vc_column_text][vc_separator type=&#8220;normal&#8220; thickness=&#8220;5&#8243;][vc_column_text]Umsatzst.-Id Nr: LU 158 889 24\u00a0 &#8211;\u00a0 Steuer Nummer: 1993 2214 698\u00a0 &#8211;\u00a0 Handelsregister Nummer: B93324[\/vc_column_text][\/vc_tab][vc_tab title=&#8220;Anfahrt&#8220; tab_id=&#8220;1458280237168-2-8&#8243;][vc_separator type=&#8220;transparent&#8220; thickness=&#8220;10&#8243;][vc_gmaps link=&#8220;#E-8_JTNDaWZyYW1lJTIwc3JjJTNEJTIyaHR0cHMlM0ElMkYlMkZ3d3cuZ29vZ2xlLmNvbSUyRm1hcHMlMkZkJTJGZW1iZWQlM0ZtaWQlM0QxSW1fZ1otYXZpd3FGUjR5TDBJRHZ3aTNIaFdBJTIyJTIwd2lkdGglM0QlMjI2MDAlMjIlMjBoZWlnaHQlM0QlMjI0NTAlMjIlMjBmcmFtZWJvcmRlciUzRCUyMjAlMjIlMjBzdHlsZSUzRCUyMmJvcmRlciUzQTAlMjIlMjBhbGxvd2Z1bGxzY3JlZW4lM0UlM0MlMkZpZnJhbWUlM0U=&#8220;][\/vc_tab][\/vc_tabs][\/vc_column][\/vc_row][vc_row css_animation=&#8220;&#8220; row_type=&#8220;row&#8220; use_row_as_full_screen_section=&#8220;no&#8220; type=&#8220;full_width&#8220; angled_section=&#8220;no&#8220; text_align=&#8220;left&#8220; background_image_as_pattern=&#8220;without_pattern&#8220;][vc_column][vc_raw_js]JTNDc2NyaXB0JTNFJTBBalF1ZXJ5JTI4JTIwd2luZG93JTIwJTI5LmxvYWQlMjhmdW5jdGlvbiUyOCUyOSUyMCU3QiUwQWpRdWVyeSUyOCUyMi50YWItY29udGVudCUyMiUyOS5lYWNoJTI4ZnVuY3Rpb24lMjhpbmRleCUyOSU3QiUwQSUyMCUyMCUyMGlmJTIwJTI4aW5kZXglM0QlM0QwJTI5JTdCJTBBJTIwJTIwJTIwJTIwJTIwJTIwalF1ZXJ5JTI4dGhpcyUyOS5hdHRyJTI4JTI3aWQlMjclMkMlMjd0YWItMWE2ZDk2NjEtYzk0NS03JTI3JTI5JTNCJTIwJTBBJTIwJTIwJTIwJTdEJTBBJTIwJTIwJTIwaWYlMjAlMjhpbmRleCUzRCUzRDElMjklN0IlMEElMjAlMjAlMjAlMjAlMjAlMjBqUXVlcnklMjh0aGlzJTI5LmF0dHIlMjglMjdpZCUyNyUyQyUyN3RhYi03ZTNjNDlhNS1hN2M1LTAlMjclMjklM0IlMjAlMEElMjAlMjAlMjAlN0QlMEElMjAlMjAlMjBpZiUyMCUyOGluZGV4JTNEJTNEMiUyOSU3QiUwQSUyMCUyMCUyMCUyMCUyMCUyMGpRdWVyeSUyOHRoaXMlMjkuYXR0ciUyOCUyN2lkJTI3JTJDJTI3dGFiLTE0NTgyODAyMzcxNjgtMi04JTI3JTI5JTNCJTIwJTBBJTIwJTIwJTIwJTdEJTBBJTdEJTI5JTNCJTBBJTdEJTI5JTNCJTBBJTNDJTJGc2NyaXB0JTNF[\/vc_raw_js][\/vc_column][\/vc_row]<\/p>\n<\/section>","protected":false},"excerpt":{"rendered":"<p>[vc_row css_animation=&#8220;&#8220; row_type=&#8220;row&#8220; use_row_as_full_screen_section=&#8220;no&#8220; type=&#8220;full_width&#8220; angled_section=&#8220;no&#8220; text_align=&#8220;left&#8220; background_image_as_pattern=&#8220;without_pattern&#8220; padding_bottom=&#8220;35&#8243;][vc_column][vc_column_text] Kontakt\u00a0\/\u00a0Anfahrt [\/vc_column_text][vc_separator type=&#8220;transparent&#8220; thickness=&#8220;10&#8243;][vc_tabs style=&#8220;boxed&#8220;][vc_tab title=&#8220;Kontaktformular&#8220; tab_id=&#8220;1a6d9661-c945-7&#8243;][vc_separator type=&#8220;transparent&#8220; thickness=&#8220;15&#8243;][vc_column_text]Alle pers\u00f6nlichen Informationen, die Sie uns zur Verf\u00fcgung stellen werden absolut vertraulich behandelt. Die gesammelten Daten erm\u00f6glichen es uns, unsere Dienstleistung bereitzustellen, zu verwalten und zu verbessern sowie&#8230;<\/p>\n","protected":false},"author":2,"featured_media":0,"parent":0,"menu_order":1,"comment_status":"closed","ping_status":"closed","template":"","meta":[],"_links":{"self":[{"href":"https:\/\/www.glaesener-betz.lu\/de\/wp-json\/wp\/v2\/pages\/5104"}],"collection":[{"href":"https:\/\/www.glaesener-betz.lu\/de\/wp-json\/wp\/v2\/pages"}],"about":[{"href":"https:\/\/www.glaesener-betz.lu\/de\/wp-json\/wp\/v2\/types\/page"}],"author":[{"embeddable":true,"href":"https:\/\/www.glaesener-betz.lu\/de\/wp-json\/wp\/v2\/users\/2"}],"replies":[{"embeddable":true,"href":"https:\/\/www.glaesener-betz.lu\/de\/wp-json\/wp\/v2\/comments?post=5104"}],"version-history":[{"count":35,"href":"https:\/\/www.glaesener-betz.lu\/de\/wp-json\/wp\/v2\/pages\/5104\/revisions"}],"predecessor-version":[{"id":9165,"href":"https:\/\/www.glaesener-betz.lu\/de\/wp-json\/wp\/v2\/pages\/5104\/revisions\/9165"}],"wp:attachment":[{"href":"https:\/\/www.glaesener-betz.lu\/de\/wp-json\/wp\/v2\/media?parent=5104"}],"curies":[{"name":"wp","href":"https:\/\/api.w.org\/{rel}","templated":true}]}}