{"id":5103,"date":"2016-02-05T12:55:53","date_gmt":"2016-02-05T11:55:53","guid":{"rendered":"https:\/\/www.glaesener-betz.lu\/uewenhaus\/"},"modified":"2023-01-19T08:20:03","modified_gmt":"2023-01-19T07:20:03","slug":"ofenhaus","status":"publish","type":"page","link":"https:\/\/www.glaesener-betz.lu\/de\/services\/ofenhaus\/","title":{"rendered":"OFENHAUS"},"content":{"rendered":"<section class=\"wpb-content-wrapper\"><p>[vc_row css_animation=&#8220;&#8220; row_type=&#8220;row&#8220; use_row_as_full_screen_section=&#8220;no&#8220; type=&#8220;full_width&#8220; angled_section=&#8220;no&#8220; text_align=&#8220;left&#8220; background_image_as_pattern=&#8220;without_pattern&#8220;][vc_column][vc_single_image image=&#8220;4459&#8243; img_size=&#8220;850&#215;150&#8243; alignment=&#8220;center&#8220; qode_css_animation=&#8220;&#8220;][vc_separator type=&#8220;transparent&#8220; thickness=&#8220;10&#8243;][vc_column_text]<\/p>\n<h1 style=\"text-align: center;\">OFENHAUS<\/h1>\n<p>[\/vc_column_text][vc_separator type=&#8220;transparent&#8220; thickness=&#8220;10&#8243;][\/vc_column][\/vc_row][vc_row css_animation=&#8220;&#8220; row_type=&#8220;row&#8220; use_row_as_full_screen_section=&#8220;no&#8220; type=&#8220;full_width&#8220; angled_section=&#8220;no&#8220; text_align=&#8220;left&#8220; background_image_as_pattern=&#8220;without_pattern&#8220;][vc_column width=&#8220;1\/4&#8243;][vc_single_image image=&#8220;3892&#8243; img_size=&#8220;full&#8220; alignment=&#8220;center&#8220; onclick=&#8220;custom_link&#8220; qode_css_animation=&#8220;&#8220; link=&#8220;https:\/\/www.glaesener-betz.lu\/de\/services\/ofenhaus\/holzoefen\/&#8220;][vc_column_text]<\/p>\n<h6 style=\"text-align: center;\"><a href=\"https:\/\/www.glaesener-betz.lu\/de\/services\/ofenhaus\/holzoefen\/\">Holz\u00f6fen<\/a><\/h6>\n<p>[\/vc_column_text][\/vc_column][vc_column width=&#8220;1\/4&#8243;][vc_single_image image=&#8220;4935&#8243; img_size=&#8220;178&#215;119&#8243; alignment=&#8220;center&#8220; onclick=&#8220;custom_link&#8220; qode_css_animation=&#8220;&#8220; link=&#8220;https:\/\/www.glaesener-betz.lu\/de\/services\/ofenhaus\/kamine\/&#8220;][vc_column_text]<\/p>\n<h6 style=\"text-align: center;\"><a href=\"https:\/\/www.glaesener-betz.lu\/de\/services\/ofenhaus\/kamine\/\">Kamine<\/a><\/h6>\n<p>[\/vc_column_text][\/vc_column][vc_column width=&#8220;1\/4&#8243;][vc_single_image image=&#8220;3894&#8243; img_size=&#8220;full&#8220; alignment=&#8220;center&#8220; onclick=&#8220;custom_link&#8220; qode_css_animation=&#8220;&#8220; link=&#8220;https:\/\/www.glaesener-betz.lu\/de\/services\/ofenhaus\/pelletoefen\/&#8220;][vc_column_text]<\/p>\n<h6 style=\"text-align: center;\"><a href=\"https:\/\/www.glaesener-betz.lu\/de\/services\/ofenhaus\/pelletoefen\/\">Pellet\u00f6fen<\/a><\/h6>\n<p>[\/vc_column_text][\/vc_column][vc_column width=&#8220;1\/4&#8243;][vc_single_image image=&#8220;3895&#8243; img_size=&#8220;full&#8220; alignment=&#8220;center&#8220; onclick=&#8220;custom_link&#8220; qode_css_animation=&#8220;&#8220; link=&#8220;https:\/\/www.glaesener-betz.lu\/de\/services\/ofenhaus\/leitungen-gitter-bleche\/&#8220;][vc_column_text]<\/p>\n<h6 style=\"text-align: center;\"><a href=\"https:\/\/www.glaesener-betz.lu\/de\/services\/ofenhaus\/leitungen-gitter-bleche\/\">Leitungen &#8211; Gitter &#8211; Bleche<\/a><\/h6>\n<p>[\/vc_column_text][\/vc_column][\/vc_row][vc_row css_animation=&#8220;&#8220; row_type=&#8220;row&#8220; use_row_as_full_screen_section=&#8220;no&#8220; type=&#8220;full_width&#8220; angled_section=&#8220;no&#8220; text_align=&#8220;left&#8220; background_image_as_pattern=&#8220;without_pattern&#8220;][vc_column][vc_separator type=&#8220;transparent&#8220; thickness=&#8220;5&#8243;][\/vc_column][\/vc_row][vc_row css_animation=&#8220;&#8220; row_type=&#8220;row&#8220; use_row_as_full_screen_section=&#8220;no&#8220; type=&#8220;full_width&#8220; angled_section=&#8220;no&#8220; text_align=&#8220;left&#8220; background_image_as_pattern=&#8220;without_pattern&#8220;][vc_column width=&#8220;1\/4&#8243;][vc_single_image image=&#8220;3965&#8243; img_size=&#8220;351&#215;200&#8243; alignment=&#8220;center&#8220; onclick=&#8220;custom_link&#8220; qode_css_animation=&#8220;&#8220; link=&#8220;https:\/\/www.glaesener-betz.lu\/de\/services\/ofenhaus\/schornsteinfegen-reparatur\/&#8220;][vc_column_text]<\/p>\n<h6 style=\"text-align: center;\"><a href=\"https:\/\/www.glaesener-betz.lu\/de\/services\/ofenhaus\/schornsteinfegen-reparatur\/\">Schornsteinfegen &#8211; Reparatur<\/a><\/h6>\n<p>[\/vc_column_text][\/vc_column][vc_column width=&#8220;1\/4&#8243;][vc_single_image image=&#8220;3971&#8243; img_size=&#8220;178&#215;119&#8243; alignment=&#8220;center&#8220; onclick=&#8220;custom_link&#8220; qode_css_animation=&#8220;&#8220; link=&#8220;https:\/\/www.glaesener-betz.lu\/de\/services\/ofenhaus\/kaminofen-zubehoer\/&#8220;][vc_column_text]<\/p>\n<h6 style=\"text-align: center;\"><a href=\"https:\/\/www.glaesener-betz.lu\/de\/services\/ofenhaus\/kaminofen-zubehoer\/\">Kamin\u00f6fen Zubeh\u00f6r<\/a><\/h6>\n<p>[\/vc_column_text][\/vc_column][vc_column width=&#8220;1\/4&#8243;][vc_single_image image=&#8220;3897&#8243; img_size=&#8220;full&#8220; alignment=&#8220;center&#8220; onclick=&#8220;custom_link&#8220; img_link_target=&#8220;_blank&#8220; qode_css_animation=&#8220;&#8220; link=&#8220;https:\/\/www.glaesener-betz.lu\/de\/services\/ofenhaus\/katalog\/&#8220;][vc_column_text]<\/p>\n<h6 style=\"text-align: center;\"><a href=\"https:\/\/www.glaesener-betz.lu\/de\/services\/ofenhaus\/katalog\/\" target=\"_blank\" rel=\"noopener\">Brennstoffe Bestellung<\/a><\/h6>\n<p>[\/vc_column_text][\/vc_column][vc_column width=&#8220;1\/4&#8243;][vc_single_image image=&#8220;7185&#8243; img_size=&#8220;178&#215;119&#8243; alignment=&#8220;center&#8220; onclick=&#8220;custom_link&#8220; img_link_target=&#8220;_blank&#8220; qode_css_animation=&#8220;&#8220; link=&#8220;https:\/\/www.glaesener-betz.lu\/wp-content\/uploads\/2019\/03\/promo_Uewenhaus2019.pdf&#8220;][vc_column_text]<\/p>\n<h6 style=\"text-align: center;\"><a href=\"https:\/\/www.glaesener-betz.lu\/wp-content\/uploads\/2019\/03\/promo_Uewenhaus2019.pdf\" target=\"_blank\" rel=\"noopener\">Promotionen<\/a><\/h6>\n<p>[\/vc_column_text][\/vc_column][\/vc_row][vc_row css_animation=&#8220;&#8220; row_type=&#8220;row&#8220; use_row_as_full_screen_section=&#8220;no&#8220; type=&#8220;full_width&#8220; angled_section=&#8220;no&#8220; text_align=&#8220;left&#8220; background_image_as_pattern=&#8220;without_pattern&#8220;][vc_column][vc_separator type=&#8220;transparent&#8220; thickness=&#8220;15&#8243; up=&#8220;5&#8243; down=&#8220;5&#8243;][vc_column_text el_class=&#8220;.title_catalogue&#8220;]<\/p>\n<h4 style=\"text-align: center;\"><span style=\"color: #ffffff; font-size: 12pt;\"><b>MIR MAACHEN RIICHTEG FEIER\u00a0!<\/b><\/span><\/h4>\n<p>[\/vc_column_text][vc_separator type=&#8220;transparent&#8220; thickness=&#8220;15&#8243; up=&#8220;5&#8243; down=&#8220;5&#8243;]<a  href=\"https:\/\/www.glaesener-betz.lu\/de\/services\/ofenhaus\/katalog\/\" target=\"_self\" data-hover-background-color=#eaeded data-hover-border-color=#eaeded data-hover-color=#153d8a class=\"qbutton  center\" style=\"color: #153d8a; border-color: #eaeded; border-radius: 5px;-moz-border-radius: 5px;-webkit-border-radius: 5px; background-color: #eaeded;\">Bestellen Sie Ihren Brennstoff direkt online hier.<i class=\"fa fa-shopping-cart\" style=\"color: #153d8a;\"><\/i><\/a>[vc_separator type=&#8220;transparent&#8220; thickness=&#8220;15&#8243; up=&#8220;5&#8243; down=&#8220;5&#8243;][vc_column_text]<\/p>\n<p style=\"text-align: left;\">Wir bieten Ihnen bei Glaesener-Betz ein gro\u00dfes Angebot an Holz\u00f6fen, Kaminen, Pellet\u00f6fen sowie Rauchabz\u00fcge, Gitter, Rauchschutzplatten\u2026<\/p>\n<p>&nbsp;<\/p>\n<p>In unserer Ausstellung in Redingen\/Attert k\u00f6nnen Sie alle verschiedenen Modelle besichtigen. Unsere Experten und Innenarchitekten beraten Sie.<\/p>\n<p>&nbsp;<\/p>\n<p><br class=\"autobr\" \/>Unsere spezialisierten Monteure installieren Ihren Kamin oder Ofen bei Ihnen. Wir fertigen auch Steinplatten und Kaminauskleidungen.<\/p>\n<h4><span style=\"font-size: 11pt;\"><i class=\"fa fa-phone\"> <i class=\"fa fa-envelope\"> <\/i><\/i>\u00a0\u00a0<span style=\"font-size: 11pt;\"><a href=\"https:\/\/www.glaesener-betz.lu\/de\/kontakt-anfahrt\/\" target=\"_blank\" rel=\"noopener\">Vereinbaren Sie einen Termin mit uns. <\/a><\/span><\/span><\/h4>\n<p>&nbsp;<\/p>\n<p>Wir liefern Ihnen die Pellets (Sack, Palette) direkt zu Ihnen nach Hause. Bestellen Sie einfach per Telefon (+352) 23 64 64 506 oder online hier.<\/p>\n<h4><span style=\"font-size: 12pt;\"><i class=\"fa fa-shopping-cart\"><\/i> <a href=\"https:\/\/www.glaesener-betz.lu\/de\/services\/ofenhaus\/katalog\/\" target=\"_blank\" rel=\"noopener\"><span style=\"font-size: 12pt;\">Bestellen Sie Ihren Brennstoff direkt online hier.<\/span><\/a><\/span><\/h4>\n<p>&nbsp;<\/p>\n<p>Wir reinigen Ihren Schornstein, warten und reparieren Ihren Holz- oder Pelletofen, Ihren offenen Kamin oder Kamineinsatz.<\/p>\n<h4><span style=\"font-size: 11pt;\"><i class=\"fa fa-phone\"> <i class=\"fa fa-envelope\"> <\/i><\/i>\u00a0\u00a0<span style=\"font-size: 11pt;\"><a href=\"https:\/\/www.glaesener-betz.lu\/de\/kontakt-anfahrt\/\" target=\"_blank\" rel=\"noopener\">Vereinbaren Sie einen Termin mit uns. <\/a><\/span><\/span><\/h4>\n<p>&nbsp;<\/p>\n<p><strong>Wir tragen das Label \u201eZertifizierter Passivhaushandwerker\u201d.<\/strong> So k\u00f6nnen wir Sie besser beraten und unsere Techniker sind Experten f\u00fcr den Bau und die Sanierung von Geb\u00e4uden mit hoher Energieeffizienz.<\/p>\n<p>Wir sind auch Mitglied der F.I.E.S.C. F\u00e9d\u00e9ration des Installateurs en Equipements Sanitaires et Climatiques (Verband der Installateure f\u00fcr Sanit\u00e4r- und Klimaeinrichtungen).<\/p>\n<p>&nbsp;<\/p>\n<p style=\"text-align: center;\"><img decoding=\"async\" loading=\"lazy\" class=\"alignnone size-medium wp-image-3858\" src=\"https:\/\/www.glaesener-betz.lu\/wp-content\/uploads\/2016\/02\/logo-energie-fir-dzukunft-300x300.jpg\" alt=\"logo-energie fir d'zukunft\" width=\"120\" height=\"120\" srcset=\"https:\/\/www.glaesener-betz.lu\/wp-content\/uploads\/2016\/02\/logo-energie-fir-dzukunft-300x300.jpg 300w, https:\/\/www.glaesener-betz.lu\/wp-content\/uploads\/2016\/02\/logo-energie-fir-dzukunft-100x100.jpg 100w, https:\/\/www.glaesener-betz.lu\/wp-content\/uploads\/2016\/02\/logo-energie-fir-dzukunft-600x600.jpg 600w, https:\/\/www.glaesener-betz.lu\/wp-content\/uploads\/2016\/02\/logo-energie-fir-dzukunft-150x150.jpg 150w, https:\/\/www.glaesener-betz.lu\/wp-content\/uploads\/2016\/02\/logo-energie-fir-dzukunft-768x768.jpg 768w, https:\/\/www.glaesener-betz.lu\/wp-content\/uploads\/2016\/02\/logo-energie-fir-dzukunft-570x570.jpg 570w, https:\/\/www.glaesener-betz.lu\/wp-content\/uploads\/2016\/02\/logo-energie-fir-dzukunft-500x500.jpg 500w, https:\/\/www.glaesener-betz.lu\/wp-content\/uploads\/2016\/02\/logo-energie-fir-dzukunft-700x700.jpg 700w, https:\/\/www.glaesener-betz.lu\/wp-content\/uploads\/2016\/02\/logo-energie-fir-dzukunft.jpg 1000w\" sizes=\"(max-width: 120px) 100vw, 120px\" \/><img decoding=\"async\" loading=\"lazy\" class=\"alignnone size-medium wp-image-3859\" src=\"https:\/\/www.glaesener-betz.lu\/wp-content\/uploads\/2016\/02\/logo-zertifierter-passivhaus-handwerker-300x300.jpg\" alt=\"logo-zertifierter-passivhaus-handwerker\" width=\"120\" height=\"120\" srcset=\"https:\/\/www.glaesener-betz.lu\/wp-content\/uploads\/2016\/02\/logo-zertifierter-passivhaus-handwerker-300x300.jpg 300w, https:\/\/www.glaesener-betz.lu\/wp-content\/uploads\/2016\/02\/logo-zertifierter-passivhaus-handwerker-100x100.jpg 100w, https:\/\/www.glaesener-betz.lu\/wp-content\/uploads\/2016\/02\/logo-zertifierter-passivhaus-handwerker-150x150.jpg 150w, https:\/\/www.glaesener-betz.lu\/wp-content\/uploads\/2016\/02\/logo-zertifierter-passivhaus-handwerker.jpg 500w\" sizes=\"(max-width: 120px) 100vw, 120px\" \/><\/p>\n<p>[\/vc_column_text][vc_separator type=&#8220;transparent&#8220; thickness=&#8220;15&#8243; up=&#8220;5&#8243; down=&#8220;5&#8243;][\/vc_column][\/vc_row][vc_row css_animation=&#8220;&#8220; row_type=&#8220;row&#8220; use_row_as_full_screen_section=&#8220;no&#8220; type=&#8220;full_width&#8220; angled_section=&#8220;no&#8220; text_align=&#8220;center&#8220; background_image_as_pattern=&#8220;without_pattern&#8220;][vc_column][vc_column_text el_class=&#8220;.title_catalogue&#8220;]Aktualit\u00e4ten[\/vc_column_text][vc_separator type=&#8220;transparent&#8220; thickness=&#8220;10&#8243;]<div class='latest_post_holder boxes three_columns three_rows'><ul><li class=\"clearfix\"><div class=\"latest_news\"><h5 class=\"latest_news_title \"><a href=\"https:\/\/www.glaesener-betz.lu\/de\/promo-uewenhaus\/\">PROMO MAISON DU POELE<\/a><\/h5><div class=\"latest_news_inner\"><div class=\"latest_news_image\"><img src=\"https:\/\/www.glaesener-betz.lu\/wp-content\/uploads\/2021\/04\/LOTUS-LIVA-2g.png\" alt=\"\" \/><\/div><p class=\"latest_news_content\">SONDERANGEBOTE UEWENHAUS =&gt; Der Preis dieser Artikel vers...<\/p><div class=\"clearfix\"><\/div> <\/div><a class=\"news-cta-link\" href=\"https:\/\/www.glaesener-betz.lu\/de\/promo-uewenhaus\/\"><\/a><\/div><\/li><li class=\"clearfix\"><div class=\"latest_news\"><h5 class=\"latest_news_title \"><a href=\"https:\/\/www.glaesener-betz.lu\/de\/services\/profi-baumarkt\/maschinenverleih\/\">Maschinenverleih<\/a><\/h5><div class=\"latest_news_inner\"><div class=\"latest_news_image\"><img src=\"https:\/\/www.glaesener-betz.lu\/wp-content\/uploads\/2018\/04\/24.stihl_scie-a-beton_Trennschleifer_TS700_location.png\" alt=\"\" \/><\/div><p class=\"latest_news_content\">in Redange\/Attert und Contern...<\/p><div class=\"clearfix\"><\/div> <\/div><a class=\"news-cta-link\" href=\"https:\/\/www.glaesener-betz.lu\/de\/services\/profi-baumarkt\/maschinenverleih\/\"><\/a><\/div><\/li><li class=\"clearfix\"><div class=\"latest_news\"><h5 class=\"latest_news_title \"><a href=\"https:\/\/www.glaesener-betz.lu\/de\/holzschutz\/\">Holzschutz<\/a><\/h5><div class=\"latest_news_inner\"><div class=\"latest_news_image\"><img src=\"https:\/\/www.glaesener-betz.lu\/wp-content\/uploads\/2018\/06\/Koralan-Holzoel-spezial.png\" alt=\"\" \/><\/div><p class=\"latest_news_content\">&nbsp; &nbsp; Das komplette Sortiment finden Sie in unserer ...<\/p><div class=\"clearfix\"><\/div> <\/div><a class=\"news-cta-link\" href=\"https:\/\/www.glaesener-betz.lu\/de\/holzschutz\/\"><\/a><\/div><\/li><li class=\"clearfix\"><div class=\"latest_news\"><h5 class=\"latest_news_title \"><a href=\"https:\/\/www.glaesener-betz.lu\/de\/tank-des-regenwassers-belastet\/\">Kostenlose Anfrage<\/a><\/h5><div class=\"latest_news_inner\"><div class=\"latest_news_image\"><img src=\"https:\/\/www.glaesener-betz.lu\/wp-content\/uploads\/2018\/04\/Graf_citerne-eau_Carat.png\" alt=\"\" \/><\/div><p class=\"latest_news_content\">Regenwassernutzung unterirdisch...<\/p><div class=\"clearfix\"><\/div> <\/div><a class=\"news-cta-link\" href=\"https:\/\/www.glaesener-betz.lu\/de\/tank-des-regenwassers-belastet\/\"><\/a><\/div><\/li><li class=\"clearfix\"><div class=\"latest_news\"><h5 class=\"latest_news_title \"><a href=\"https:\/\/www.glaesener-betz.lu\/wp-content\/uploads\/2017\/11\/Glaesener-Betz_Schiebet\u00fcrblatt-Eclisse_2017.pdf\">Schiebet\u00fcrblatt<\/a><\/h5><div class=\"latest_news_inner\"><div class=\"latest_news_image\"><img src=\"https:\/\/www.glaesener-betz.lu\/wp-content\/uploads\/2017\/11\/Eclisse_Syntesis-Line-EF_Massivwand-1.png\" alt=\"\" \/><\/div><p class=\"latest_news_content\">Schiebet\u00fcrkasten Ausf\u00fchrung Trockenbau...<\/p><div class=\"clearfix\"><\/div> <\/div><a class=\"news-cta-link\" href=\"https:\/\/www.glaesener-betz.lu\/wp-content\/uploads\/2017\/11\/Glaesener-Betz_Schiebet\u00fcrblatt-Eclisse_2017.pdf\"><\/a><\/div><\/li><li class=\"clearfix\"><div class=\"latest_news\"><h5 class=\"latest_news_title \"><a href=\" https:\/\/www.glaesener-betz.lu\/catalogue-uewenhaus\/\">Bestellen online<\/a><\/h5><div class=\"latest_news_inner\"><div class=\"latest_news_image\"><img src=\"https:\/\/www.glaesener-betz.lu\/wp-content\/uploads\/2016\/03\/poele.png\" alt=\"\" \/><\/div><p class=\"latest_news_content\">Pellets, Brennholz &#8230;\u00a0 bestellen Sie Ihren Brennstoff d...<\/p><div class=\"clearfix\"><\/div> <\/div><a class=\"news-cta-link\" href=\" https:\/\/www.glaesener-betz.lu\/catalogue-uewenhaus\/\"><\/a><\/div><\/li><li class=\"clearfix\"><div class=\"latest_news\"><h5 class=\"latest_news_title \"><a href=\"https:\/\/www.glaesener-betz.lu\/de\/aide-financiere-de-30\/\">Aide financi\u00e8re<\/a><\/h5><div class=\"latest_news_inner\"><div class=\"latest_news_image\"><img src=\"https:\/\/www.glaesener-betz.lu\/wp-content\/uploads\/2016\/08\/prime-house.jpg\" alt=\"\" \/><\/div><p class=\"latest_news_content\">Pour l&#8217;installation d&#8217;un po\u00eale \u00e0 pellets int\u00e9gr\u00e9...<\/p><div class=\"clearfix\"><\/div> <\/div><a class=\"news-cta-link\" href=\"https:\/\/www.glaesener-betz.lu\/de\/aide-financiere-de-30\/\"><\/a><\/div><\/li><\/ul><\/div>[\/vc_column][\/vc_row]<\/p>\n<\/section>","protected":false},"excerpt":{"rendered":"<p>[vc_row css_animation=&#8220;&#8220; row_type=&#8220;row&#8220; use_row_as_full_screen_section=&#8220;no&#8220; type=&#8220;full_width&#8220; angled_section=&#8220;no&#8220; text_align=&#8220;left&#8220; background_image_as_pattern=&#8220;without_pattern&#8220;][vc_column][vc_single_image image=&#8220;4459&#8243; img_size=&#8220;850&#215;150&#8243; alignment=&#8220;center&#8220; qode_css_animation=&#8220;&#8220;][vc_separator type=&#8220;transparent&#8220; thickness=&#8220;10&#8243;][vc_column_text] OFENHAUS [\/vc_column_text][vc_separator type=&#8220;transparent&#8220; thickness=&#8220;10&#8243;][\/vc_column][\/vc_row][vc_row css_animation=&#8220;&#8220; row_type=&#8220;row&#8220; use_row_as_full_screen_section=&#8220;no&#8220; type=&#8220;full_width&#8220; angled_section=&#8220;no&#8220; text_align=&#8220;left&#8220; background_image_as_pattern=&#8220;without_pattern&#8220;][vc_column width=&#8220;1\/4&#8243;][vc_single_image image=&#8220;3892&#8243; img_size=&#8220;full&#8220; alignment=&#8220;center&#8220; onclick=&#8220;custom_link&#8220; qode_css_animation=&#8220;&#8220; link=&#8220;https:\/\/www.glaesener-betz.lu\/de\/services\/ofenhaus\/holzoefen\/&#8220;][vc_column_text] Holz\u00f6fen [\/vc_column_text][\/vc_column][vc_column width=&#8220;1\/4&#8243;][vc_single_image image=&#8220;4935&#8243; img_size=&#8220;178&#215;119&#8243; alignment=&#8220;center&#8220; onclick=&#8220;custom_link&#8220; qode_css_animation=&#8220;&#8220; link=&#8220;https:\/\/www.glaesener-betz.lu\/de\/services\/ofenhaus\/kamine\/&#8220;][vc_column_text] Kamine [\/vc_column_text][\/vc_column][vc_column width=&#8220;1\/4&#8243;][vc_single_image image=&#8220;3894&#8243;&#8230;<\/p>\n","protected":false},"author":2,"featured_media":0,"parent":5106,"menu_order":0,"comment_status":"closed","ping_status":"closed","template":"","meta":[],"_links":{"self":[{"href":"https:\/\/www.glaesener-betz.lu\/de\/wp-json\/wp\/v2\/pages\/5103"}],"collection":[{"href":"https:\/\/www.glaesener-betz.lu\/de\/wp-json\/wp\/v2\/pages"}],"about":[{"href":"https:\/\/www.glaesener-betz.lu\/de\/wp-json\/wp\/v2\/types\/page"}],"author":[{"embeddable":true,"href":"https:\/\/www.glaesener-betz.lu\/de\/wp-json\/wp\/v2\/users\/2"}],"replies":[{"embeddable":true,"href":"https:\/\/www.glaesener-betz.lu\/de\/wp-json\/wp\/v2\/comments?post=5103"}],"version-history":[{"count":14,"href":"https:\/\/www.glaesener-betz.lu\/de\/wp-json\/wp\/v2\/pages\/5103\/revisions"}],"predecessor-version":[{"id":8484,"href":"https:\/\/www.glaesener-betz.lu\/de\/wp-json\/wp\/v2\/pages\/5103\/revisions\/8484"}],"up":[{"embeddable":true,"href":"https:\/\/www.glaesener-betz.lu\/de\/wp-json\/wp\/v2\/pages\/5106"}],"wp:attachment":[{"href":"https:\/\/www.glaesener-betz.lu\/de\/wp-json\/wp\/v2\/media?parent=5103"}],"curies":[{"name":"wp","href":"https:\/\/api.w.org\/{rel}","templated":true}]}}