{"id":5100,"date":"2016-02-29T21:16:38","date_gmt":"2016-02-29T20:16:38","guid":{"rendered":"https:\/\/www.glaesener-betz.lu\/facade\/"},"modified":"2018-01-18T07:38:11","modified_gmt":"2018-01-18T06:38:11","slug":"fassade","status":"publish","type":"page","link":"https:\/\/www.glaesener-betz.lu\/de\/services\/fassade\/","title":{"rendered":"FASSADE"},"content":{"rendered":"<section class=\"wpb-content-wrapper\"><p>[vc_row css_animation=&#8220;&#8220; row_type=&#8220;row&#8220; use_row_as_full_screen_section=&#8220;no&#8220; type=&#8220;full_width&#8220; angled_section=&#8220;no&#8220; text_align=&#8220;right&#8220; background_image_as_pattern=&#8220;without_pattern&#8220;][vc_column width=&#8220;3\/4&#8243;][vc_column_text]<\/p>\n<h1 style=\"text-align: left;\">FASSADE<\/h1>\n<p>[\/vc_column_text][\/vc_column][vc_column width=&#8220;1\/4&#8243;]<a  href=\"https:\/\/www.glaesener-betz.lu\/de\/\" target=\"_self\" data-hover-background-color=#153d8a data-hover-border-color=#153d8a data-hover-color=#ffffff class=\"qbutton  small center\" style=\"color: #ffffff; border-color: #153d8a; font-style: normal; border-radius: 5px;-moz-border-radius: 5px;-webkit-border-radius: 5px; background-color: #153d8a;\">retour<i class=\"fa fa-arrow-left\" style=\"color: #ffffff;\"><\/i><\/a>[\/vc_column][\/vc_row][vc_row css_animation=&#8220;&#8220; row_type=&#8220;row&#8220; use_row_as_full_screen_section=&#8220;no&#8220; type=&#8220;full_width&#8220; angled_section=&#8220;no&#8220; text_align=&#8220;left&#8220; background_image_as_pattern=&#8220;without_pattern&#8220; css=&#8220;.vc_custom_1464949828872{margin-top: 20px !important;}&#8220;][vc_column el_class=&#8220;service-photo-slider&#8220;]<div class='qode_image_gallery_no_space dark'><div class='qode_image_gallery_holder' style='height: 200px;'><ul  ><li  ><div style=\"height: 200px; width:302px;\"><a class=\"prettyphotos\" rel=\"prettyPhotos[rel-1633395122]\" href=\"https:\/\/www.glaesener-betz.lu\/wp-content\/uploads\/2016\/02\/DSC_0780.jpg\"><img src=\"https:\/\/www.glaesener-betz.lu\/wp-content\/uploads\/2016\/02\/DSC_0780.jpg\" alt=\"\" \/><\/a><\/div><\/li><li  ><div style=\"height: 200px; width:302px;\"><a class=\"prettyphotos\" rel=\"prettyPhotos[rel-1633395122]\" href=\"https:\/\/www.glaesener-betz.lu\/wp-content\/uploads\/2016\/02\/DSC_0803.jpg\"><img src=\"https:\/\/www.glaesener-betz.lu\/wp-content\/uploads\/2016\/02\/DSC_0803.jpg\" alt=\"\" \/><\/a><\/div><\/li><li  ><div style=\"height: 200px; width:302px;\"><a class=\"prettyphotos\" rel=\"prettyPhotos[rel-1633395122]\" href=\"https:\/\/www.glaesener-betz.lu\/wp-content\/uploads\/2016\/02\/DSC_0849.jpg\"><img src=\"https:\/\/www.glaesener-betz.lu\/wp-content\/uploads\/2016\/02\/DSC_0849.jpg\" alt=\"\" \/><\/a><\/div><\/li><li  ><div style=\"height: 200px; width:302px;\"><a class=\"prettyphotos\" rel=\"prettyPhotos[rel-1633395122]\" href=\"https:\/\/www.glaesener-betz.lu\/wp-content\/uploads\/2016\/02\/DSC_0852.jpg\"><img src=\"https:\/\/www.glaesener-betz.lu\/wp-content\/uploads\/2016\/02\/DSC_0852.jpg\" alt=\"\" \/><\/a><\/div><\/li><li  ><div style=\"height: 200px; width:302px;\"><a class=\"prettyphotos\" rel=\"prettyPhotos[rel-1633395122]\" href=\"https:\/\/www.glaesener-betz.lu\/wp-content\/uploads\/2016\/02\/DSC_2127.jpg\"><img src=\"https:\/\/www.glaesener-betz.lu\/wp-content\/uploads\/2016\/02\/DSC_2127.jpg\" alt=\"\" \/><\/a><\/div><\/li><li  ><div style=\"height: 200px; width:303px;\"><a class=\"prettyphotos\" rel=\"prettyPhotos[rel-1633395122]\" href=\"https:\/\/www.glaesener-betz.lu\/wp-content\/uploads\/2016\/08\/DSC_2920.jpg\"><img src=\"https:\/\/www.glaesener-betz.lu\/wp-content\/uploads\/2016\/08\/DSC_2920.jpg\" alt=\"\" \/><\/a><\/div><\/li><li  ><div style=\"height: 200px; width:302px;\"><a class=\"prettyphotos\" rel=\"prettyPhotos[rel-1633395122]\" href=\"https:\/\/www.glaesener-betz.lu\/wp-content\/uploads\/2016\/02\/DSC_0787.jpg\"><img src=\"https:\/\/www.glaesener-betz.lu\/wp-content\/uploads\/2016\/02\/DSC_0787.jpg\" alt=\"\" \/><\/a><\/div><\/li><\/ul><\/div><div class=\"controls\"><a class=\"prev-slide\" href=\"#\"><span><i class=\"fa fa-angle-left\"><\/i><\/span><\/a><a class=\"next-slide\" href=\"#\"><span><i class=\"fa fa-angle-right\"><\/i><\/span><\/a><\/div><\/div>[\/vc_column][\/vc_row][vc_row css_animation=&#8220;&#8220; row_type=&#8220;row&#8220; use_row_as_full_screen_section=&#8220;no&#8220; type=&#8220;full_width&#8220; angled_section=&#8220;no&#8220; text_align=&#8220;left&#8220; background_image_as_pattern=&#8220;without_pattern&#8220; padding_bottom=&#8220;35&#8243;][vc_column offset=&#8220;vc_hidden-sm vc_hidden-xs&#8220;][vc_separator type=&#8220;transparent&#8220; thickness=&#8220;10&#8243;][vc_column_text el_class=&#8220;.title_catalogue&#8220;]Unsere Markenpartner[\/vc_column_text][vc_row_inner row_type=&#8220;row&#8220; type=&#8220;full_width&#8220; text_align=&#8220;left&#8220; css_animation=&#8220;&#8220;][vc_column_inner width=&#8220;1\/3&#8243;][vc_single_image image=&#8220;4682&#8243; img_size=&#8220;full&#8220; alignment=&#8220;center&#8220; onclick=&#8220;custom_link&#8220; img_link_target=&#8220;_blank&#8220; qode_css_animation=&#8220;&#8220;][\/vc_column_inner][vc_column_inner width=&#8220;1\/3&#8243;][vc_single_image image=&#8220;4681&#8243; img_size=&#8220;full&#8220; alignment=&#8220;center&#8220; onclick=&#8220;custom_link&#8220; img_link_target=&#8220;_blank&#8220; qode_css_animation=&#8220;&#8220;][\/vc_column_inner][vc_column_inner width=&#8220;1\/3&#8243;][vc_single_image image=&#8220;4647&#8243; img_size=&#8220;full&#8220; alignment=&#8220;center&#8220; onclick=&#8220;custom_link&#8220; img_link_target=&#8220;_blank&#8220; qode_css_animation=&#8220;&#8220;][\/vc_column_inner][\/vc_row_inner][vc_row_inner row_type=&#8220;row&#8220; type=&#8220;full_width&#8220; text_align=&#8220;left&#8220; css_animation=&#8220;&#8220;][vc_column_inner width=&#8220;1\/3&#8243;][vc_single_image image=&#8220;4597&#8243; img_size=&#8220;full&#8220; alignment=&#8220;center&#8220; onclick=&#8220;custom_link&#8220; img_link_target=&#8220;_blank&#8220; qode_css_animation=&#8220;&#8220;][\/vc_column_inner][vc_column_inner width=&#8220;1\/3&#8243;][vc_single_image image=&#8220;4575&#8243; img_size=&#8220;full&#8220; alignment=&#8220;center&#8220; onclick=&#8220;custom_link&#8220; img_link_target=&#8220;_blank&#8220; qode_css_animation=&#8220;&#8220;][\/vc_column_inner][vc_column_inner width=&#8220;1\/3&#8243;][vc_single_image image=&#8220;4747&#8243; img_size=&#8220;full&#8220; alignment=&#8220;center&#8220; onclick=&#8220;custom_link&#8220; img_link_target=&#8220;_blank&#8220; qode_css_animation=&#8220;&#8220;][\/vc_column_inner][\/vc_row_inner][\/vc_column][\/vc_row][vc_row css_animation=&#8220;&#8220; row_type=&#8220;row&#8220; use_row_as_full_screen_section=&#8220;no&#8220; type=&#8220;full_width&#8220; angled_section=&#8220;no&#8220; text_align=&#8220;left&#8220; background_image_as_pattern=&#8220;without_pattern&#8220; padding_bottom=&#8220;35&#8243;][vc_column offset=&#8220;vc_hidden-lg vc_hidden-md&#8220;][vc_separator type=&#8220;transparent&#8220; thickness=&#8220;10&#8243;][vc_column_text el_class=&#8220;.title_catalogue&#8220;]Unsere Markenpartner[\/vc_column_text][vc_gallery type=&#8220;flexslider_slide&#8220; interval=&#8220;3&#8243; images=&#8220;4682,4681,4647,4597,4575,4747&#8243; img_size=&#8220;full&#8220; onclick=&#8220;&#8220;][\/vc_column][\/vc_row][vc_row css_animation=&#8220;&#8220; row_type=&#8220;row&#8220; use_row_as_full_screen_section=&#8220;no&#8220; type=&#8220;full_width&#8220; angled_section=&#8220;no&#8220; text_align=&#8220;left&#8220; background_image_as_pattern=&#8220;without_pattern&#8220;][vc_column][vc_column_text]<\/p>\n<p style=\"text-align: center;\"><strong>Mit einer Fasadenisolierung k\u00f6nnen Sie 30% der Energie einsparen, die Sie f\u00fcr das Heizen Ihres Heims ben\u00f6tigen.<\/strong><\/p>\n<p>&nbsp;<\/p>\n<div style=\"text-align: center;\">Und noch viel mehr :<br \/>\nSie sparen enorm viel, steigern den Wert Ihres Heims, erh\u00f6hen Ihre Lebensqualit\u00e4t und sch\u00fctzen dabei die Umwelt!<\/div>\n<p>&nbsp;<\/p>\n<div style=\"text-align: center;\"><strong>Unser exklusives Angebot f\u00fcr Sie:<br \/>\nin unserem Farbmischger\u00e4t in Contern mischen wir unsere Farben selbst!<br \/>\nSo erhalten Sie Ihre Bestellungen und Farbmuster besonders schnell! <\/strong><\/div>\n<p>&nbsp;<\/p>\n<div style=\"text-align: center;\">Sie k\u00f6nnen sich noch nicht f\u00fcr den <strong>richtigen Farbton Ihrer Fassade entscheiden?<\/strong>\u00a0<a href=\"http:\/\/farbservice.knauf.de\/ExampleObjects.aspx\" target=\"_blank\" rel=\"noopener\">Einfach hier klicken!<\/a><\/div>\n<p>&nbsp;<\/p>\n<p>Bei uns finden Sie alle Materialien, die Sie f\u00fcr den Fassade ben\u00f6tigen:<\/p>\n<ul>\n<li><strong>Isolierung : <\/strong>Styropor \/\u00a0Mineralwolle \/\u00a0Polyurethane \/\u00a0Holzfaserd\u00e4mmplatten<\/li>\n<li>Mineralische Ober<strong>putze<\/strong> \/\u00a0Silikonharzputze \/\u00a0Silikatputze \/\u00a0Kalkputze<\/li>\n<li><strong>Innen- und Aussenwandfarben<\/strong><\/li>\n<li><strong>Zubeh\u00f6r : <\/strong>Kleber \/ Sockelprofil \/ Armiergewebe \/\u00a0Fassadend\u00fcbel \/\u00a0Kompriband \/\u00a0Fassadenprofile<\/li>\n<\/ul>\n<p>&nbsp;<\/p>\n<p style=\"text-align: center;\">Unsere Fachleute f\u00fcr den Fassade helfen Ihnen gerne weiter.<\/p>\n<p>&nbsp;<\/p>\n<h4 style=\"text-align: center;\"><span style=\"font-size: 11pt;\"><i class=\"fa fa-phone\"> <i class=\"fa fa-envelope\"> <\/i><\/i>\u00a0\u00a0<span style=\"font-size: 11pt;\"><a href=\"https:\/\/www.glaesener-betz.lu\/de\/kontakt-anfahrt\/\">Kontaktieren Sie uns f\u00fcr weitere Informationen.<\/a><\/span><\/span><\/h4>\n<p>[\/vc_column_text][vc_separator type=&#8220;transparent&#8220; thickness=&#8220;10&#8243;][\/vc_column][\/vc_row][vc_row css_animation=&#8220;&#8220; row_type=&#8220;row&#8220; use_row_as_full_screen_section=&#8220;no&#8220; type=&#8220;full_width&#8220; angled_section=&#8220;no&#8220; text_align=&#8220;center&#8220; background_image_as_pattern=&#8220;without_pattern&#8220;][vc_column][vc_column_text el_class=&#8220;.title_catalogue&#8220;]Aktualit\u00e4ten[\/vc_column_text][vc_separator type=&#8220;transparent&#8220; thickness=&#8220;10&#8243;]<div class='latest_post_holder boxes three_columns two_rows'><ul><li class=\"clearfix\"><div class=\"latest_news\"><h5 class=\"latest_news_title \"><a href=\"https:\/\/www.glaesener-betz.lu\/de\/services\/profi-baumarkt\/maschinenverleih\/\">Maschinenverleih<\/a><\/h5><div class=\"latest_news_inner\"><div class=\"latest_news_image\"><img src=\"https:\/\/www.glaesener-betz.lu\/wp-content\/uploads\/2018\/04\/24.stihl_scie-a-beton_Trennschleifer_TS700_location.png\" alt=\"\" \/><\/div><p class=\"latest_news_content\">in Redange\/Attert und Contern...<\/p><div class=\"clearfix\"><\/div> <\/div><a class=\"news-cta-link\" href=\"https:\/\/www.glaesener-betz.lu\/de\/services\/profi-baumarkt\/maschinenverleih\/\"><\/a><\/div><\/li><li class=\"clearfix\"><div class=\"latest_news\"><h5 class=\"latest_news_title \"><a href=\"https:\/\/www.glaesener-betz.lu\/de\/tank-des-regenwassers-belastet\/\">Kostenlose Anfrage<\/a><\/h5><div class=\"latest_news_inner\"><div class=\"latest_news_image\"><img src=\"https:\/\/www.glaesener-betz.lu\/wp-content\/uploads\/2018\/04\/Graf_citerne-eau_Carat.png\" alt=\"\" \/><\/div><p class=\"latest_news_content\">Regenwassernutzung unterirdisch...<\/p><div class=\"clearfix\"><\/div> <\/div><a class=\"news-cta-link\" href=\"https:\/\/www.glaesener-betz.lu\/de\/tank-des-regenwassers-belastet\/\"><\/a><\/div><\/li><li class=\"clearfix\"><div class=\"latest_news\"><h5 class=\"latest_news_title \"><a href=\"https:\/\/www.glaesener-betz.lu\/wp-content\/uploads\/2017\/11\/Glaesener-Betz_Schiebet\u00fcrblatt-Eclisse_2017.pdf\">Schiebet\u00fcrblatt<\/a><\/h5><div class=\"latest_news_inner\"><div class=\"latest_news_image\"><img src=\"https:\/\/www.glaesener-betz.lu\/wp-content\/uploads\/2017\/11\/Eclisse_Syntesis-Line-EF_Massivwand-1.png\" alt=\"\" \/><\/div><p class=\"latest_news_content\">Schiebet\u00fcrkasten Ausf\u00fchrung Trockenbau...<\/p><div class=\"clearfix\"><\/div> <\/div><a class=\"news-cta-link\" href=\"https:\/\/www.glaesener-betz.lu\/wp-content\/uploads\/2017\/11\/Glaesener-Betz_Schiebet\u00fcrblatt-Eclisse_2017.pdf\"><\/a><\/div><\/li><li class=\"clearfix\"><div class=\"latest_news\"><h5 class=\"latest_news_title \"><a href=\"https:\/\/www.glaesener-betz.lu\/wp-content\/uploads\/2021\/03\/LPU%20expo_sans-prix%202021.pdf\">Garagentore Promotion<\/a><\/h5><div class=\"latest_news_inner\"><div class=\"latest_news_image\"><img src=\"https:\/\/www.glaesener-betz.lu\/wp-content\/uploads\/2016\/04\/STOo320W-1.jpg\" alt=\"\" \/><\/div><p class=\"latest_news_content\">Garagentore Promotion...<\/p><div class=\"clearfix\"><\/div> <\/div><a class=\"news-cta-link\" href=\"https:\/\/www.glaesener-betz.lu\/wp-content\/uploads\/2021\/03\/LPU%20expo_sans-prix%202021.pdf\"><\/a><\/div><\/li><li class=\"clearfix\"><div class=\"latest_news\"><h5 class=\"latest_news_title \"><a href=\"https:\/\/www.glaesener-betz.lu\/services\/quincaillerie\/boites-aux-lettres\/\">Briefk\u00e4sten<\/a><\/h5><div class=\"latest_news_inner\"><div class=\"latest_news_image\"><img src=\"https:\/\/www.glaesener-betz.lu\/wp-content\/uploads\/2016\/09\/Knobloch-e1475745504181.jpg\" alt=\"\" \/><\/div><p class=\"latest_news_content\">Briefk\u00e4sten f\u00fcr Ihr Wohnhaus oder f\u00fcr kleine und grosse Wohn...<\/p><div class=\"clearfix\"><\/div> <\/div><a class=\"news-cta-link\" href=\"https:\/\/www.glaesener-betz.lu\/services\/quincaillerie\/boites-aux-lettres\/\"><\/a><\/div><\/li><li class=\"clearfix\"><div class=\"latest_news\"><h5 class=\"latest_news_title \"><a href=\"https:\/\/www.glaesener-betz.lu\/wp-content\/media-downloads\/services\/WUS_Neuheiten_2 avec logo GB.pdf\">nouveaux produits<\/a><\/h5><div class=\"latest_news_inner\"><div class=\"latest_news_image\"><img src=\"https:\/\/www.glaesener-betz.lu\/wp-content\/uploads\/2016\/09\/Wus_Glaesener-Betz.png\" alt=\"\" \/><\/div><p class=\"latest_news_content\">Fixation tuyau de descente sur fa\u00e7ade isolante &nbsp;...<\/p><div class=\"clearfix\"><\/div> <\/div><a class=\"news-cta-link\" href=\"https:\/\/www.glaesener-betz.lu\/wp-content\/media-downloads\/services\/WUS_Neuheiten_2 avec logo GB.pdf\"><\/a><\/div><\/li><\/ul><\/div>[\/vc_column][\/vc_row]<\/p>\n<\/section>","protected":false},"excerpt":{"rendered":"<p>[vc_row css_animation=&#8220;&#8220; row_type=&#8220;row&#8220; use_row_as_full_screen_section=&#8220;no&#8220; type=&#8220;full_width&#8220; angled_section=&#8220;no&#8220; text_align=&#8220;right&#8220; background_image_as_pattern=&#8220;without_pattern&#8220;][vc_column width=&#8220;3\/4&#8243;][vc_column_text] FASSADE [\/vc_column_text][\/vc_column][vc_column width=&#8220;1\/4&#8243;][\/vc_column][\/vc_row][vc_row css_animation=&#8220;&#8220; row_type=&#8220;row&#8220; use_row_as_full_screen_section=&#8220;no&#8220; type=&#8220;full_width&#8220; angled_section=&#8220;no&#8220; text_align=&#8220;left&#8220; background_image_as_pattern=&#8220;without_pattern&#8220; css=&#8220;.vc_custom_1464949828872{margin-top: 20px !important;}&#8220;][vc_column el_class=&#8220;service-photo-slider&#8220;][\/vc_column][\/vc_row][vc_row css_animation=&#8220;&#8220; row_type=&#8220;row&#8220; use_row_as_full_screen_section=&#8220;no&#8220; type=&#8220;full_width&#8220; angled_section=&#8220;no&#8220; text_align=&#8220;left&#8220; background_image_as_pattern=&#8220;without_pattern&#8220; padding_bottom=&#8220;35&#8243;][vc_column offset=&#8220;vc_hidden-sm vc_hidden-xs&#8220;][vc_separator type=&#8220;transparent&#8220; thickness=&#8220;10&#8243;][vc_column_text el_class=&#8220;.title_catalogue&#8220;]Unsere Markenpartner[\/vc_column_text][vc_row_inner row_type=&#8220;row&#8220; type=&#8220;full_width&#8220; text_align=&#8220;left&#8220; css_animation=&#8220;&#8220;][vc_column_inner width=&#8220;1\/3&#8243;][vc_single_image image=&#8220;4682&#8243; img_size=&#8220;full&#8220; alignment=&#8220;center&#8220;&#8230;<\/p>\n","protected":false},"author":2,"featured_media":0,"parent":5106,"menu_order":0,"comment_status":"closed","ping_status":"closed","template":"","meta":[],"_links":{"self":[{"href":"https:\/\/www.glaesener-betz.lu\/de\/wp-json\/wp\/v2\/pages\/5100"}],"collection":[{"href":"https:\/\/www.glaesener-betz.lu\/de\/wp-json\/wp\/v2\/pages"}],"about":[{"href":"https:\/\/www.glaesener-betz.lu\/de\/wp-json\/wp\/v2\/types\/page"}],"author":[{"embeddable":true,"href":"https:\/\/www.glaesener-betz.lu\/de\/wp-json\/wp\/v2\/users\/2"}],"replies":[{"embeddable":true,"href":"https:\/\/www.glaesener-betz.lu\/de\/wp-json\/wp\/v2\/comments?post=5100"}],"version-history":[{"count":12,"href":"https:\/\/www.glaesener-betz.lu\/de\/wp-json\/wp\/v2\/pages\/5100\/revisions"}],"predecessor-version":[{"id":6356,"href":"https:\/\/www.glaesener-betz.lu\/de\/wp-json\/wp\/v2\/pages\/5100\/revisions\/6356"}],"up":[{"embeddable":true,"href":"https:\/\/www.glaesener-betz.lu\/de\/wp-json\/wp\/v2\/pages\/5106"}],"wp:attachment":[{"href":"https:\/\/www.glaesener-betz.lu\/de\/wp-json\/wp\/v2\/media?parent=5100"}],"curies":[{"name":"wp","href":"https:\/\/api.w.org\/{rel}","templated":true}]}}