{"id":5093,"date":"2016-03-01T14:12:26","date_gmt":"2016-03-01T13:12:26","guid":{"rendered":"https:\/\/www.glaesener-betz.lu\/poeles-a-bois\/"},"modified":"2024-02-29T13:58:44","modified_gmt":"2024-02-29T12:58:44","slug":"holzoefen","status":"publish","type":"page","link":"https:\/\/www.glaesener-betz.lu\/de\/services\/ofenhaus\/holzoefen\/","title":{"rendered":"HOLZOEFEN"},"content":{"rendered":"<section class=\"wpb-content-wrapper\"><p>[vc_row css_animation=&#8220;&#8220; row_type=&#8220;row&#8220; use_row_as_full_screen_section=&#8220;no&#8220; type=&#8220;full_width&#8220; angled_section=&#8220;no&#8220; text_align=&#8220;right&#8220; background_image_as_pattern=&#8220;without_pattern&#8220;][vc_column width=&#8220;3\/4&#8243;][vc_column_text]<\/p>\n<h1 style=\"text-align: left;\">HOLZ\u00d6FEN<\/h1>\n<p>[\/vc_column_text][\/vc_column][vc_column width=&#8220;1\/4&#8243;]<a  href=\"https:\/\/www.glaesener-betz.lu\/de\/services\/ofenhaus\/\" target=\"_self\" data-hover-background-color=#153d8a data-hover-border-color=#153d8a data-hover-color=#ffffff class=\"qbutton  small center\" style=\"color: #ffffff; border-color: #153d8a; font-style: normal; border-radius: 0px;-moz-border-radius: 0px;-webkit-border-radius: 0px; background-color: #153d8a;\">retour<i class=\"fa fa-arrow-left\" style=\"color: #ffffff;\"><\/i><\/a>[\/vc_column][\/vc_row][vc_row css_animation=&#8220;&#8220; row_type=&#8220;row&#8220; use_row_as_full_screen_section=&#8220;no&#8220; type=&#8220;full_width&#8220; angled_section=&#8220;no&#8220; text_align=&#8220;left&#8220; background_image_as_pattern=&#8220;without_pattern&#8220; css=&#8220;.vc_custom_1464946796060{margin-top: 20px !important;}&#8220;][vc_column el_class=&#8220;service-photo-slider&#8220;]<div class='qode_image_gallery_no_space dark'><div class='qode_image_gallery_holder' style='height: 200px;'><ul  ><li  ><div style=\"height: 200px; width:267px;\"><a class=\"prettyphotos\" rel=\"prettyPhotos[rel-1753095210]\" href=\"https:\/\/www.glaesener-betz.lu\/wp-content\/uploads\/2023\/10\/SAGA107-scaled.jpg\"><img src=\"https:\/\/www.glaesener-betz.lu\/wp-content\/uploads\/2023\/10\/SAGA107-scaled.jpg\" alt=\"\" \/><\/a><\/div><\/li><li  ><div style=\"height: 200px; width:267px;\"><a class=\"prettyphotos\" rel=\"prettyPhotos[rel-1753095210]\" href=\"https:\/\/www.glaesener-betz.lu\/wp-content\/uploads\/2022\/09\/F1_BOX-55-c-met-houtopslagmodule-met-glazen-deur.jpg\"><img src=\"https:\/\/www.glaesener-betz.lu\/wp-content\/uploads\/2022\/09\/F1_BOX-55-c-met-houtopslagmodule-met-glazen-deur.jpg\" alt=\"\" \/><\/a><\/div><\/li><li  ><div style=\"height: 200px; width:167px;\"><a class=\"prettyphotos\" rel=\"prettyPhotos[rel-1753095210]\" href=\"https:\/\/www.glaesener-betz.lu\/wp-content\/uploads\/2022\/09\/SF1-_0015_TAI55WD-scaled.jpg\"><img src=\"https:\/\/www.glaesener-betz.lu\/wp-content\/uploads\/2022\/09\/SF1-_0015_TAI55WD-scaled.jpg\" alt=\"\" \/><\/a><\/div><\/li><li  ><div style=\"height: 200px; width:267px;\"><a class=\"prettyphotos\" rel=\"prettyPhotos[rel-1753095210]\" href=\"https:\/\/www.glaesener-betz.lu\/wp-content\/uploads\/2022\/02\/401S-Brunner-6-TM-irondog02.jpg\"><img src=\"https:\/\/www.glaesener-betz.lu\/wp-content\/uploads\/2022\/02\/401S-Brunner-6-TM-irondog02.jpg\" alt=\"Po\u00eale \u00e0 bois BRUNNER Irond dog \" \/><\/a><\/div><\/li><li  ><div style=\"height: 200px; width:280px;\"><a class=\"prettyphotos\" rel=\"prettyPhotos[rel-1753095210]\" href=\"https:\/\/www.glaesener-betz.lu\/wp-content\/uploads\/2017\/06\/wodtke_k240_spencer_weiss_1200x859px.jpg\"><img src=\"https:\/\/www.glaesener-betz.lu\/wp-content\/uploads\/2017\/06\/wodtke_k240_spencer_weiss_1200x859px.jpg\" alt=\"\" \/><\/a><\/div><\/li><li  ><div style=\"height: 200px; width:280px;\"><a class=\"prettyphotos\" rel=\"prettyPhotos[rel-1753095210]\" href=\"https:\/\/www.glaesener-betz.lu\/wp-content\/uploads\/2016\/11\/Kaminofen_wodtke_HotBox2000_X-Konsole_web-e1478616759741.jpg\"><img src=\"https:\/\/www.glaesener-betz.lu\/wp-content\/uploads\/2016\/11\/Kaminofen_wodtke_HotBox2000_X-Konsole_web-e1478616759741.jpg\" alt=\"\" \/><\/a><\/div><\/li><li  ><div style=\"height: 200px; width:284px;\"><a class=\"prettyphotos\" rel=\"prettyPhotos[rel-1753095210]\" href=\"https:\/\/www.glaesener-betz.lu\/wp-content\/uploads\/2022\/02\/prego-pub.jpg\"><img src=\"https:\/\/www.glaesener-betz.lu\/wp-content\/uploads\/2022\/02\/prego-pub.jpg\" alt=\"Po\u00eale \u00e0 bois CERA Prego \" \/><\/a><\/div><\/li><li  ><div style=\"height: 200px; width:301px;\"><a class=\"prettyphotos\" rel=\"prettyPhotos[rel-1753095210]\" href=\"https:\/\/www.glaesener-betz.lu\/wp-content\/uploads\/2022\/02\/Brunner_IronDog07_0196.jpg\"><img src=\"https:\/\/www.glaesener-betz.lu\/wp-content\/uploads\/2022\/02\/Brunner_IronDog07_0196.jpg\" alt=\"Po\u00eale \u00e0 bois BRUNNER Irond dog \" \/><\/a><\/div><\/li><li  ><div style=\"height: 200px; width:267px;\"><a class=\"prettyphotos\" rel=\"prettyPhotos[rel-1753095210]\" href=\"https:\/\/www.glaesener-betz.lu\/wp-content\/uploads\/2016\/03\/new_look_resize-cb821.jpg\"><img src=\"https:\/\/www.glaesener-betz.lu\/wp-content\/uploads\/2016\/03\/new_look_resize-cb821.jpg\" alt=\"\" \/><\/a><\/div><\/li><li  ><div style=\"height: 200px; width:242px;\"><a class=\"prettyphotos\" rel=\"prettyPhotos[rel-1753095210]\" href=\"https:\/\/www.glaesener-betz.lu\/wp-content\/uploads\/2021\/04\/30_cp_haut_01.png\"><img src=\"https:\/\/www.glaesener-betz.lu\/wp-content\/uploads\/2021\/04\/30_cp_haut_01.png\" alt=\"\" \/><\/a><\/div><\/li><li  ><div style=\"height: 200px; width:300px;\"><a class=\"prettyphotos\" rel=\"prettyPhotos[rel-1753095210]\" href=\"https:\/\/www.glaesener-betz.lu\/wp-content\/uploads\/2022\/09\/heta-scene-1-final-jpeg-scaled.jpg\"><img src=\"https:\/\/www.glaesener-betz.lu\/wp-content\/uploads\/2022\/09\/heta-scene-1-final-jpeg-scaled.jpg\" alt=\"\" \/><\/a><\/div><\/li><li  ><div style=\"height: 200px; width:267px;\"><a class=\"prettyphotos\" rel=\"prettyPhotos[rel-1753095210]\" href=\"https:\/\/www.glaesener-betz.lu\/wp-content\/uploads\/2022\/09\/F1_BOX-45-met-houtopslagmodule.jpg\"><img src=\"https:\/\/www.glaesener-betz.lu\/wp-content\/uploads\/2022\/09\/F1_BOX-45-met-houtopslagmodule.jpg\" alt=\"\" \/><\/a><\/div><\/li><li  ><div style=\"height: 200px; width:187px;\"><a class=\"prettyphotos\" rel=\"prettyPhotos[rel-1753095210]\" href=\"https:\/\/www.glaesener-betz.lu\/wp-content\/uploads\/2022\/09\/SENSE403_S01-scaled.jpg\"><img src=\"https:\/\/www.glaesener-betz.lu\/wp-content\/uploads\/2022\/09\/SENSE403_S01-scaled.jpg\" alt=\"\" \/><\/a><\/div><\/li><li  ><div style=\"height: 200px; width:300px;\"><a class=\"prettyphotos\" rel=\"prettyPhotos[rel-1753095210]\" href=\"https:\/\/www.glaesener-betz.lu\/wp-content\/uploads\/2022\/09\/heta-scene-2.-final.-jpeg-scaled.jpg\"><img src=\"https:\/\/www.glaesener-betz.lu\/wp-content\/uploads\/2022\/09\/heta-scene-2.-final.-jpeg-scaled.jpg\" alt=\"\" \/><\/a><\/div><\/li><li  ><div style=\"height: 200px; width:167px;\"><a class=\"prettyphotos\" rel=\"prettyPhotos[rel-1753095210]\" href=\"https:\/\/www.glaesener-betz.lu\/wp-content\/uploads\/2022\/09\/Iron-Dog06_2.jpg\"><img src=\"https:\/\/www.glaesener-betz.lu\/wp-content\/uploads\/2022\/09\/Iron-Dog06_2.jpg\" alt=\"\" \/><\/a><\/div><\/li><\/ul><\/div><div class=\"controls\"><a class=\"prev-slide\" href=\"#\"><span><i class=\"fa fa-angle-left\"><\/i><\/span><\/a><a class=\"next-slide\" href=\"#\"><span><i class=\"fa fa-angle-right\"><\/i><\/span><\/a><\/div><\/div>[\/vc_column][vc_column][vc_column_text el_class=&#8220;.title_catalogue&#8220;]<strong>Entdecken Sie unsere Holz\u00f6fen in unserer Ausstellung in Redange\/Attert, Luxemburg.<\/strong>[\/vc_column_text][vc_separator type=&#8220;normal&#8220;][vc_column_text]<\/p>\n<p style=\"text-align: left;\">Unsere Bautechniker und Innenarchitekten unterst\u00fctzen Sie bei der Entwicklung Ihres Projektes und helfen Ihnen bei der Wahl des Holzofens, der am besten zu Ihrer Einrichtung passt. .<\/p>\n<p>&nbsp;<\/p>\n<p style=\"text-align: left;\">Wir f\u00fchren au\u00dferdem ein gro\u00dfes Sortiment an Holz\u00f6fen f\u00fcr Passiv- und Niedrigenergieh\u00e4user.<\/p>\n<p>&nbsp;<\/p>\n<p style=\"text-align: left;\">Unsere \u00d6fen werden von unseren Fachmonteuren geliefert und aufgestellt. Wenn Sie es m\u00f6chten, bauen wir Ihren alten Kamin oder Ofen aus und verlegen auch die Wandauskleidung, eine Bodenplatte oder sonstige Schutzauskleidungen.<\/p>\n<p>&nbsp;<\/p>\n<p style=\"text-align: left;\">Wir tragen das Label \u201eZertifizierter Passivhaushandwerker\u201d. So k\u00f6nnen wir Sie besser beraten und unsere Techniker sind Experten f\u00fcr den Bau und die Sanierung von Geb\u00e4uden mit hoher Energieeffizienz.<\/p>\n<p>&nbsp;<\/p>\n<p style=\"text-align: center;\"><img decoding=\"async\" loading=\"lazy\" class=\"alignnone size-medium wp-image-3858\" src=\"https:\/\/www.glaesener-betz.lu\/wp-content\/uploads\/2016\/02\/logo-energie-fir-dzukunft-300x300.jpg\" alt=\"logo-energie fir d'zukunft\" width=\"120\" height=\"120\" srcset=\"https:\/\/www.glaesener-betz.lu\/wp-content\/uploads\/2016\/02\/logo-energie-fir-dzukunft-300x300.jpg 300w, https:\/\/www.glaesener-betz.lu\/wp-content\/uploads\/2016\/02\/logo-energie-fir-dzukunft-100x100.jpg 100w, https:\/\/www.glaesener-betz.lu\/wp-content\/uploads\/2016\/02\/logo-energie-fir-dzukunft-600x600.jpg 600w, https:\/\/www.glaesener-betz.lu\/wp-content\/uploads\/2016\/02\/logo-energie-fir-dzukunft-150x150.jpg 150w, https:\/\/www.glaesener-betz.lu\/wp-content\/uploads\/2016\/02\/logo-energie-fir-dzukunft-768x768.jpg 768w, https:\/\/www.glaesener-betz.lu\/wp-content\/uploads\/2016\/02\/logo-energie-fir-dzukunft-570x570.jpg 570w, https:\/\/www.glaesener-betz.lu\/wp-content\/uploads\/2016\/02\/logo-energie-fir-dzukunft-500x500.jpg 500w, https:\/\/www.glaesener-betz.lu\/wp-content\/uploads\/2016\/02\/logo-energie-fir-dzukunft-700x700.jpg 700w, https:\/\/www.glaesener-betz.lu\/wp-content\/uploads\/2016\/02\/logo-energie-fir-dzukunft.jpg 1000w\" sizes=\"(max-width: 120px) 100vw, 120px\" \/><img decoding=\"async\" loading=\"lazy\" class=\"alignnone size-medium wp-image-3859\" src=\"https:\/\/www.glaesener-betz.lu\/wp-content\/uploads\/2016\/02\/logo-zertifierter-passivhaus-handwerker-300x300.jpg\" alt=\"logo-zertifierter-passivhaus-handwerker\" width=\"120\" height=\"120\" srcset=\"https:\/\/www.glaesener-betz.lu\/wp-content\/uploads\/2016\/02\/logo-zertifierter-passivhaus-handwerker-300x300.jpg 300w, https:\/\/www.glaesener-betz.lu\/wp-content\/uploads\/2016\/02\/logo-zertifierter-passivhaus-handwerker-100x100.jpg 100w, https:\/\/www.glaesener-betz.lu\/wp-content\/uploads\/2016\/02\/logo-zertifierter-passivhaus-handwerker-150x150.jpg 150w, https:\/\/www.glaesener-betz.lu\/wp-content\/uploads\/2016\/02\/logo-zertifierter-passivhaus-handwerker.jpg 500w\" sizes=\"(max-width: 120px) 100vw, 120px\" \/><\/p>\n<p>&nbsp;<\/p>\n<div><strong>Ein Holzfeuer in einem Niedrigenergiehaus? Ja! Aber \u2026<\/strong><\/div>\n<p>\u2026 mit einer reduzierten Leistung, damit keine \u00dcberhitzung und deren unangenehmen Folgen entstehen, und um zu vermeiden, dass der Betrieb sich zu h\u00e4ufig verlangsamt.<\/p>\n<p>\u2026 mit einer direkten f\u00fcr die Verbrennung n\u00f6tigten Luftzufuhr von au\u00dfen, um die Luft f\u00fcr den Wohnraum nicht zu verbrauchen.[\/vc_column_text][\/vc_column][\/vc_row][vc_row css_animation=&#8220;&#8220; row_type=&#8220;row&#8220; use_row_as_full_screen_section=&#8220;no&#8220; type=&#8220;full_width&#8220; angled_section=&#8220;no&#8220; text_align=&#8220;left&#8220; background_image_as_pattern=&#8220;without_pattern&#8220; padding_bottom=&#8220;35&#8243;][vc_column][vc_separator type=&#8220;transparent&#8220; thickness=&#8220;10&#8243;][vc_column_text el_class=&#8220;.title_catalogue&#8220;]Unsere Markenpartner und Kataloge herunterladen[\/vc_column_text][\/vc_column][\/vc_row][vc_row css_animation=&#8220;&#8220; row_type=&#8220;row&#8220; use_row_as_full_screen_section=&#8220;no&#8220; type=&#8220;full_width&#8220; angled_section=&#8220;no&#8220; text_align=&#8220;left&#8220; background_image_as_pattern=&#8220;without_pattern&#8220; padding_bottom=&#8220;35&#8243;][vc_column offset=&#8220;vc_hidden-sm vc_hidden-xs&#8220;][vc_row_inner row_type=&#8220;row&#8220; type=&#8220;full_width&#8220; text_align=&#8220;left&#8220; css_animation=&#8220;&#8220;][vc_column_inner width=&#8220;1\/3&#8243;][vc_single_image image=&#8220;3914&#8243; img_size=&#8220;full&#8220; alignment=&#8220;center&#8220; onclick=&#8220;custom_link&#8220; img_link_target=&#8220;_blank&#8220; qode_css_animation=&#8220;&#8220; link=&#8220;https:\/\/heta.dk\/de\/&#8220;][\/vc_column_inner][vc_column_inner width=&#8220;1\/3&#8243;][vc_single_image image=&#8220;4906&#8243; img_size=&#8220;full&#8220; alignment=&#8220;center&#8220; onclick=&#8220;custom_link&#8220; img_link_target=&#8220;_blank&#8220; qode_css_animation=&#8220;&#8220; link=&#8220;https:\/\/www.cera.de\/de\/home.html&#8220;][\/vc_column_inner][vc_column_inner width=&#8220;1\/3&#8243;][vc_single_image image=&#8220;3909&#8243; img_size=&#8220;full&#8220; alignment=&#8220;center&#8220; onclick=&#8220;custom_link&#8220; img_link_target=&#8220;_blank&#8220; qode_css_animation=&#8220;&#8220; link=&#8220;https:\/\/www.stuv.com\/fr\/&#8220;][\/vc_column_inner][\/vc_row_inner][vc_row_inner row_type=&#8220;row&#8220; type=&#8220;full_width&#8220; text_align=&#8220;left&#8220; css_animation=&#8220;&#8220;][vc_column_inner width=&#8220;1\/3&#8243;][vc_single_image image=&#8220;3913&#8243; img_size=&#8220;full&#8220; alignment=&#8220;center&#8220; onclick=&#8220;custom_link&#8220; img_link_target=&#8220;_blank&#8220; qode_css_animation=&#8220;&#8220; link=&#8220;http:\/\/www.dovre.de\/de&#8220;][\/vc_column_inner][vc_column_inner width=&#8220;1\/3&#8243;][vc_single_image image=&#8220;4907&#8243; img_size=&#8220;full&#8220; alignment=&#8220;center&#8220; onclick=&#8220;custom_link&#8220; img_link_target=&#8220;_blank&#8220; qode_css_animation=&#8220;&#8220; link=&#8220;http:\/\/www.lotusovne.com\/de\/index&#8220;][\/vc_column_inner][vc_column_inner width=&#8220;1\/3&#8243;][vc_single_image image=&#8220;3912&#8243; img_size=&#8220;full&#8220; alignment=&#8220;center&#8220; onclick=&#8220;custom_link&#8220; img_link_target=&#8220;_blank&#8220; qode_css_animation=&#8220;&#8220; link=&#8220;http:\/\/www.interfocos.com\/fr\/cheminees&#8220;][\/vc_column_inner][\/vc_row_inner][vc_row_inner row_type=&#8220;row&#8220; type=&#8220;full_width&#8220; text_align=&#8220;left&#8220; css_animation=&#8220;&#8220;][vc_column_inner width=&#8220;1\/3&#8243;][vc_single_image image=&#8220;3908&#8243; img_size=&#8220;full&#8220; alignment=&#8220;center&#8220; onclick=&#8220;custom_link&#8220; img_link_target=&#8220;_blank&#8220; qode_css_animation=&#8220;&#8220; link=&#8220;http:\/\/www.spartherm.com\/fr\/produits\/poeles-cheminees\/&#8220;][\/vc_column_inner][vc_column_inner width=&#8220;1\/3&#8243;][vc_single_image image=&#8220;3907&#8243; img_size=&#8220;full&#8220; alignment=&#8220;center&#8220; onclick=&#8220;custom_link&#8220; img_link_target=&#8220;_blank&#8220; qode_css_animation=&#8220;&#8220; link=&#8220;https:\/\/www.wodtke.com\/&#8220;][\/vc_column_inner][vc_column_inner width=&#8220;1\/3&#8243;][vc_single_image image=&#8220;8646&#8243; img_size=&#8220;full&#8220; alignment=&#8220;center&#8220; onclick=&#8220;custom_link&#8220; img_link_target=&#8220;_blank&#8220; qode_css_animation=&#8220;&#8220; link=&#8220;https:\/\/www.monolith-fire.de\/&#8220;][\/vc_column_inner][\/vc_row_inner][vc_row_inner row_type=&#8220;row&#8220; type=&#8220;full_width&#8220; text_align=&#8220;left&#8220; css_animation=&#8220;&#8220;][vc_column_inner width=&#8220;1\/3&#8243;][\/vc_column_inner][vc_column_inner width=&#8220;1\/3&#8243;][\/vc_column_inner][\/vc_row_inner][\/vc_column][\/vc_row][vc_row css_animation=&#8220;&#8220; row_type=&#8220;row&#8220; use_row_as_full_screen_section=&#8220;no&#8220; type=&#8220;full_width&#8220; angled_section=&#8220;no&#8220; text_align=&#8220;left&#8220; background_image_as_pattern=&#8220;without_pattern&#8220;][vc_column offset=&#8220;vc_hidden-lg vc_hidden-md&#8220;][vc_gallery interval=&#8220;3&#8243; images=&#8220;3913,3908,3909,3907,4907,3912,4906,4936,3914,4905,3910&#8243; img_size=&#8220;full&#8220;][\/vc_column][\/vc_row]<\/p>\n<\/section>","protected":false},"excerpt":{"rendered":"<p>[vc_row css_animation=&#8220;&#8220; row_type=&#8220;row&#8220; use_row_as_full_screen_section=&#8220;no&#8220; type=&#8220;full_width&#8220; angled_section=&#8220;no&#8220; text_align=&#8220;right&#8220; background_image_as_pattern=&#8220;without_pattern&#8220;][vc_column width=&#8220;3\/4&#8243;][vc_column_text] HOLZ\u00d6FEN [\/vc_column_text][\/vc_column][vc_column width=&#8220;1\/4&#8243;][\/vc_column][\/vc_row][vc_row css_animation=&#8220;&#8220; row_type=&#8220;row&#8220; use_row_as_full_screen_section=&#8220;no&#8220; type=&#8220;full_width&#8220; angled_section=&#8220;no&#8220; text_align=&#8220;left&#8220; background_image_as_pattern=&#8220;without_pattern&#8220; css=&#8220;.vc_custom_1464946796060{margin-top: 20px !important;}&#8220;][vc_column el_class=&#8220;service-photo-slider&#8220;][\/vc_column][vc_column][vc_column_text el_class=&#8220;.title_catalogue&#8220;]Entdecken Sie unsere Holz\u00f6fen in unserer Ausstellung in Redange\/Attert, Luxemburg.[\/vc_column_text][vc_separator type=&#8220;normal&#8220;][vc_column_text] Unsere Bautechniker und Innenarchitekten unterst\u00fctzen Sie bei der Entwicklung Ihres Projektes&#8230;<\/p>\n","protected":false},"author":2,"featured_media":0,"parent":5103,"menu_order":0,"comment_status":"closed","ping_status":"closed","template":"","meta":[],"_links":{"self":[{"href":"https:\/\/www.glaesener-betz.lu\/de\/wp-json\/wp\/v2\/pages\/5093"}],"collection":[{"href":"https:\/\/www.glaesener-betz.lu\/de\/wp-json\/wp\/v2\/pages"}],"about":[{"href":"https:\/\/www.glaesener-betz.lu\/de\/wp-json\/wp\/v2\/types\/page"}],"author":[{"embeddable":true,"href":"https:\/\/www.glaesener-betz.lu\/de\/wp-json\/wp\/v2\/users\/2"}],"replies":[{"embeddable":true,"href":"https:\/\/www.glaesener-betz.lu\/de\/wp-json\/wp\/v2\/comments?post=5093"}],"version-history":[{"count":22,"href":"https:\/\/www.glaesener-betz.lu\/de\/wp-json\/wp\/v2\/pages\/5093\/revisions"}],"predecessor-version":[{"id":9076,"href":"https:\/\/www.glaesener-betz.lu\/de\/wp-json\/wp\/v2\/pages\/5093\/revisions\/9076"}],"up":[{"embeddable":true,"href":"https:\/\/www.glaesener-betz.lu\/de\/wp-json\/wp\/v2\/pages\/5103"}],"wp:attachment":[{"href":"https:\/\/www.glaesener-betz.lu\/de\/wp-json\/wp\/v2\/media?parent=5093"}],"curies":[{"name":"wp","href":"https:\/\/api.w.org\/{rel}","templated":true}]}}