{"id":5092,"date":"2016-03-15T11:38:53","date_gmt":"2016-03-15T10:38:53","guid":{"rendered":"https:\/\/www.glaesener-betz.lu\/parachevement\/"},"modified":"2018-09-25T09:58:01","modified_gmt":"2018-09-25T08:58:01","slug":"trockenbau","status":"publish","type":"page","link":"https:\/\/www.glaesener-betz.lu\/de\/services\/trockenbau\/","title":{"rendered":"TROCKENBAU"},"content":{"rendered":"<section class=\"wpb-content-wrapper\"><p>[vc_row css_animation=&#8220;&#8220; row_type=&#8220;row&#8220; use_row_as_full_screen_section=&#8220;no&#8220; type=&#8220;full_width&#8220; angled_section=&#8220;no&#8220; text_align=&#8220;right&#8220; background_image_as_pattern=&#8220;without_pattern&#8220;][vc_column width=&#8220;3\/4&#8243;][vc_column_text]<\/p>\n<h1 style=\"text-align: left;\">TROCKENBAU<\/h1>\n<p>[\/vc_column_text][\/vc_column][vc_column width=&#8220;1\/4&#8243;]<a  href=\"https:\/\/www.glaesener-betz.lu\/de\/\" target=\"_self\" data-hover-background-color=#153d8a data-hover-border-color=#153d8a data-hover-color=#ffffff class=\"qbutton  small center\" style=\"color: #ffffff; border-color: #153d8a; font-style: normal; border-radius: 5px;-moz-border-radius: 5px;-webkit-border-radius: 5px; background-color: #153d8a;\">retour<i class=\"fa fa-arrow-left\" style=\"color: #ffffff;\"><\/i><\/a>[\/vc_column][\/vc_row][vc_row css_animation=&#8220;&#8220; row_type=&#8220;row&#8220; use_row_as_full_screen_section=&#8220;no&#8220; type=&#8220;full_width&#8220; angled_section=&#8220;no&#8220; text_align=&#8220;left&#8220; background_image_as_pattern=&#8220;without_pattern&#8220; css=&#8220;.vc_custom_1464949828872{margin-top: 20px !important;}&#8220;][vc_column el_class=&#8220;service-photo-slider&#8220;]<div class='qode_image_gallery_no_space dark'><div class='qode_image_gallery_holder' style='height: 200px;'><ul  ><li  ><div style=\"height: 200px; width:301px;\"><a class=\"prettyphotos\" rel=\"prettyPhotos[rel-334975964]\" href=\"https:\/\/www.glaesener-betz.lu\/wp-content\/uploads\/2016\/09\/KnaufLangerStr4_401a-1.png\"><img src=\"https:\/\/www.glaesener-betz.lu\/wp-content\/uploads\/2016\/09\/KnaufLangerStr4_401a-1.png\" alt=\"\" \/><\/a><\/div><\/li><li  ><div style=\"height: 200px; width:267px;\"><a class=\"prettyphotos\" rel=\"prettyPhotos[rel-334975964]\" href=\"https:\/\/www.glaesener-betz.lu\/wp-content\/uploads\/2016\/09\/knauf-Silentboard.jpg\"><img src=\"https:\/\/www.glaesener-betz.lu\/wp-content\/uploads\/2016\/09\/knauf-Silentboard.jpg\" alt=\"\" \/><\/a><\/div><\/li><li  ><div style=\"height: 200px; width:342px;\"><a class=\"prettyphotos\" rel=\"prettyPhotos[rel-334975964]\" href=\"https:\/\/www.glaesener-betz.lu\/wp-content\/uploads\/2016\/09\/Knauf-4003982001986_SL_P_HRAK_1.jpg\"><img src=\"https:\/\/www.glaesener-betz.lu\/wp-content\/uploads\/2016\/09\/Knauf-4003982001986_SL_P_HRAK_1.jpg\" alt=\"\" \/><\/a><\/div><\/li><li  ><div style=\"height: 200px; width:300px;\"><a class=\"prettyphotos\" rel=\"prettyPhotos[rel-334975964]\" href=\"https:\/\/www.glaesener-betz.lu\/wp-content\/uploads\/2016\/09\/Knauf-IMG_2810.jpg\"><img src=\"https:\/\/www.glaesener-betz.lu\/wp-content\/uploads\/2016\/09\/Knauf-IMG_2810.jpg\" alt=\"\" \/><\/a><\/div><\/li><li  ><div style=\"height: 200px; width:267px;\"><a class=\"prettyphotos\" rel=\"prettyPhotos[rel-334975964]\" href=\"https:\/\/www.glaesener-betz.lu\/wp-content\/uploads\/2016\/09\/Knauf-enduit-de-platre.jpg\"><img src=\"https:\/\/www.glaesener-betz.lu\/wp-content\/uploads\/2016\/09\/Knauf-enduit-de-platre.jpg\" alt=\"\" \/><\/a><\/div><\/li><li  ><div style=\"height: 200px; width:303px;\"><a class=\"prettyphotos\" rel=\"prettyPhotos[rel-334975964]\" href=\"https:\/\/www.glaesener-betz.lu\/wp-content\/uploads\/2016\/08\/DSC_2920.jpg\"><img src=\"https:\/\/www.glaesener-betz.lu\/wp-content\/uploads\/2016\/08\/DSC_2920.jpg\" alt=\"\" \/><\/a><\/div><\/li><li  ><div style=\"height: 200px; width:267px;\"><a class=\"prettyphotos\" rel=\"prettyPhotos[rel-334975964]\" href=\"https:\/\/www.glaesener-betz.lu\/wp-content\/uploads\/2016\/09\/Knauf-enduit-de-lissage-beton-finish.jpg\"><img src=\"https:\/\/www.glaesener-betz.lu\/wp-content\/uploads\/2016\/09\/Knauf-enduit-de-lissage-beton-finish.jpg\" alt=\"\" \/><\/a><\/div><\/li><li  ><div style=\"height: 200px; width:356px;\"><a class=\"prettyphotos\" rel=\"prettyPhotos[rel-334975964]\" href=\"https:\/\/www.glaesener-betz.lu\/wp-content\/uploads\/2016\/09\/knauf-insulation-easy-toiture.jpg\"><img src=\"https:\/\/www.glaesener-betz.lu\/wp-content\/uploads\/2016\/09\/knauf-insulation-easy-toiture.jpg\" alt=\"\" \/><\/a><\/div><\/li><li  ><div style=\"height: 200px; width:230px;\"><a class=\"prettyphotos\" rel=\"prettyPhotos[rel-334975964]\" href=\"https:\/\/www.glaesener-betz.lu\/wp-content\/uploads\/2016\/09\/knauf_200114013.jpg\"><img src=\"https:\/\/www.glaesener-betz.lu\/wp-content\/uploads\/2016\/09\/knauf_200114013.jpg\" alt=\"\" \/><\/a><\/div><\/li><li  ><div style=\"height: 200px; width:200px;\"><a class=\"prettyphotos\" rel=\"prettyPhotos[rel-334975964]\" href=\"https:\/\/www.glaesener-betz.lu\/wp-content\/uploads\/2016\/09\/mortex-273168_1b.jpg\"><img src=\"https:\/\/www.glaesener-betz.lu\/wp-content\/uploads\/2016\/09\/mortex-273168_1b.jpg\" alt=\"\" \/><\/a><\/div><\/li><li  ><div style=\"height: 200px; width:134px;\"><a class=\"prettyphotos\" rel=\"prettyPhotos[rel-334975964]\" href=\"https:\/\/www.glaesener-betz.lu\/wp-content\/uploads\/2016\/09\/mortex-escalier-2.jpg\"><img src=\"https:\/\/www.glaesener-betz.lu\/wp-content\/uploads\/2016\/09\/mortex-escalier-2.jpg\" alt=\"\" \/><\/a><\/div><\/li><li  ><div style=\"height: 200px; width:134px;\"><a class=\"prettyphotos\" rel=\"prettyPhotos[rel-334975964]\" href=\"https:\/\/www.glaesener-betz.lu\/wp-content\/uploads\/2016\/09\/mortex-dans-la-salle-de-bain.jpg\"><img src=\"https:\/\/www.glaesener-betz.lu\/wp-content\/uploads\/2016\/09\/mortex-dans-la-salle-de-bain.jpg\" alt=\"\" \/><\/a><\/div><\/li><li  ><div style=\"height: 200px; width:293px;\"><a class=\"prettyphotos\" rel=\"prettyPhotos[rel-334975964]\" href=\"https:\/\/www.glaesener-betz.lu\/wp-content\/uploads\/2016\/09\/mortex-sol-escalier.jpg\"><img src=\"https:\/\/www.glaesener-betz.lu\/wp-content\/uploads\/2016\/09\/mortex-sol-escalier.jpg\" alt=\"\" \/><\/a><\/div><\/li><\/ul><\/div><div class=\"controls\"><a class=\"prev-slide\" href=\"#\"><span><i class=\"fa fa-angle-left\"><\/i><\/span><\/a><a class=\"next-slide\" href=\"#\"><span><i class=\"fa fa-angle-right\"><\/i><\/span><\/a><\/div><\/div>[vc_separator type=&#8220;transparent&#8220; thickness=&#8220;10&#8243;][\/vc_column][\/vc_row][vc_row css_animation=&#8220;&#8220; row_type=&#8220;row&#8220; use_row_as_full_screen_section=&#8220;no&#8220; type=&#8220;full_width&#8220; angled_section=&#8220;no&#8220; text_align=&#8220;left&#8220; background_image_as_pattern=&#8220;without_pattern&#8220;][vc_column][vc_column_text]Mit einer Flotte von 20 Lastwagen liefern wir t\u00e4glich innerhalb Luxemburgs und richten uns dabei ganz nach Ihren Bed\u00fcrfnissen.<\/p>\n<p>&nbsp;<\/p>\n<p>Wir f\u00fcllen unsere Silos mit verschiedenen Betonarten (und Gips) und liefern diese mit unseren eigenen Lastwagen &#8211; bis an Ihre Baustelle!<br \/>\nWir garantieren Ihnen besten Service durch unsere hauseigenen Mechaniker.<br \/>\nDie Gipssilos werden mit oder ohne Silomat geliefert.<\/p>\n<p>&nbsp;<\/p>\n<p><strong>Bei uns finden Sie alle Materialien, die Sie f\u00fcr den Trockenbau ben\u00f6tigen: <\/strong><\/p>\n<p>&nbsp;<\/p>\n<ul>\n<li style=\"padding-left: 120px;\"><strong>Akustische Isolierung (Trennw\u00e4nde und Abgeh\u00e4nkte Decken)<\/strong><\/li>\n<li style=\"padding-left: 120px;\"><strong>Thermische Isolierung <\/strong>: Mineralische Wolle, Holzwolle\u2026<\/li>\n<li style=\"padding-left: 120px;\"><strong>Trennw\u00e4nde :<\/strong> Gipskartonplatten, Feuerwiederstandsklasse, Hydrophobiert\u2026<\/li>\n<li style=\"padding-left: 120px;\"><strong>Abgeh\u00e4ngte Decken<\/strong> : Gipskartonplatten, Feuerwiederstandsklasse, Hydrophobiert, Metalldecken Kassetten\u2026<\/li>\n<li style=\"padding-left: 120px;\">Feinspachtel f\u00fcr Oberfl\u00e4chen<\/li>\n<li style=\"padding-left: 120px;\">Kalkputz und Lehmputz<\/li>\n<li style=\"padding-left: 120px;\">Zubeh\u00f6r und Werkzeug<\/li>\n<li style=\"padding-left: 120px;\">Gips in Sackware und Silo<\/li>\n<li style=\"padding-left: 120px;\">Profile f\u00fcr Trennw\u00e4nde un Abgeh\u00e4ngte Decken<\/li>\n<li style=\"padding-left: 120px;\">Zugtreppe<\/li>\n<li style=\"padding-left: 120px;\">Abschlussprofile<\/li>\n<li style=\"padding-left: 120px;\">Mortex (Dekorativer Beton) : <a href=\"https:\/\/www.glaesener-betz.lu\/de\/services\/fliesen\/mortex\/\">weitere Informationen<\/a><\/li>\n<\/ul>\n<p>&nbsp;<\/p>\n<p>&nbsp;<\/p>\n<p>Unsere Fachleute f\u00fcr den Rohbau helfen Ihnen gerne weiter.<\/p>\n<h4 style=\"text-align: left;\"><span style=\"font-size: 12pt;\"><i class=\"fa fa-phone\"> <i class=\"fa fa-envelope\"> <\/i><\/i>\u00a0\u00a0<span style=\"font-size: 12pt;\"><a href=\"https:\/\/www.glaesener-betz.lu\/de\/kontakt-anfahrt\/\" target=\"_blank\" rel=\"noopener\">Kontaktieren Sie uns f\u00fcr weitere Informationen.<\/a><\/span><\/span><\/h4>\n<p>[\/vc_column_text][\/vc_column][\/vc_row][vc_row css_animation=&#8220;&#8220; row_type=&#8220;row&#8220; use_row_as_full_screen_section=&#8220;no&#8220; type=&#8220;full_width&#8220; angled_section=&#8220;no&#8220; text_align=&#8220;left&#8220; background_image_as_pattern=&#8220;without_pattern&#8220;][vc_column][vc_separator type=&#8220;normal&#8220; thickness=&#8220;5&#8243; up=&#8220;10&#8243; down=&#8220;10&#8243;][vc_column_text]<strong>Wir haben Schiebet\u00fcrkasten Ausf\u00fchrung Trockenbau f\u00fcr Schiebert\u00fcrblatt &#8211; Syntesis Line EF (f\u00fcr Belegung mit Gipskartonplatten) auf Lager in Contern in einige Dimensionen.<\/strong><\/p>\n<p>&nbsp;<\/p>\n<h4 style=\"text-align: left;\"><span style=\"font-size: 10pt;\"><i class=\"fa fa-download\"><\/i> <a href=\"https:\/\/www.glaesener-betz.lu\/wp-content\/uploads\/2017\/11\/Glaesener-Betz_Schiebet\u00fcrblatt-Eclisse_2017.pdf\" target=\"_blank\" rel=\"noopener\">Laden Sie hier die Dimensionen im Lager und das technische Datenblatt herunter<\/a><\/span><\/h4>\n<p>&nbsp;<\/p>\n<h4 style=\"text-align: left;\"><span style=\"font-size: 10pt;\"><i class=\"fa fa-phone\"> <i class=\"fa fa-envelope\"> <\/i><\/i>\u00a0\u00a0<a href=\"https:\/\/www.glaesener-betz.lu\/contact-acces\/\" target=\"_blank\" rel=\"noopener\">Kontaktieren Sie uns f\u00fcr weitere Informationen.<\/a><\/span><\/h4>\n<p>[\/vc_column_text][vc_separator type=&#8220;transparent&#8220; thickness=&#8220;15&#8243; up=&#8220;5&#8243; down=&#8220;5&#8243;][vc_row_inner row_type=&#8220;row&#8220; type=&#8220;full_width&#8220; text_align=&#8220;left&#8220; css_animation=&#8220;&#8220;][vc_column_inner width=&#8220;1\/4&#8243;][vc_single_image image=&#8220;6160&#8243; img_size=&#8220;full&#8220; alignment=&#8220;center&#8220; qode_css_animation=&#8220;&#8220;][\/vc_column_inner][vc_column_inner width=&#8220;1\/2&#8243;][vc_video link=&#8220;https:\/\/youtu.be\/NqxXKPwf38M&#8220; el_width=&#8220;80&#8243; align=&#8220;center&#8220;][\/vc_column_inner][vc_column_inner width=&#8220;1\/4&#8243;][vc_single_image image=&#8220;6136&#8243; img_size=&#8220;full&#8220; alignment=&#8220;center&#8220; qode_css_animation=&#8220;&#8220;][\/vc_column_inner][\/vc_row_inner][vc_separator type=&#8220;transparent&#8220; thickness=&#8220;15&#8243; up=&#8220;5&#8243; down=&#8220;5&#8243;][\/vc_column][\/vc_row][vc_row css_animation=&#8220;&#8220; row_type=&#8220;row&#8220; use_row_as_full_screen_section=&#8220;no&#8220; type=&#8220;full_width&#8220; angled_section=&#8220;no&#8220; text_align=&#8220;center&#8220; background_image_as_pattern=&#8220;without_pattern&#8220; padding_bottom=&#8220;45&#8243;][vc_column][vc_column_text el_class=&#8220;.title_catalogue&#8220;]Aktualit\u00e4ten[\/vc_column_text][vc_separator type=&#8220;transparent&#8220; thickness=&#8220;10&#8243;]<div class='latest_post_holder boxes three_columns two_rows'><ul><li class=\"clearfix\"><div class=\"latest_news\"><h5 class=\"latest_news_title \"><a href=\"https:\/\/www.glaesener-betz.lu\/de\/services\/profi-baumarkt\/maschinenverleih\/\">Maschinenverleih<\/a><\/h5><div class=\"latest_news_inner\"><div class=\"latest_news_image\"><img src=\"https:\/\/www.glaesener-betz.lu\/wp-content\/uploads\/2018\/04\/24.stihl_scie-a-beton_Trennschleifer_TS700_location.png\" alt=\"\" \/><\/div><p class=\"latest_news_content\">in Redange\/Attert und Contern...<\/p><div class=\"clearfix\"><\/div> <\/div><a class=\"news-cta-link\" href=\"https:\/\/www.glaesener-betz.lu\/de\/services\/profi-baumarkt\/maschinenverleih\/\"><\/a><\/div><\/li><li class=\"clearfix\"><div class=\"latest_news\"><h5 class=\"latest_news_title \"><a href=\"https:\/\/www.glaesener-betz.lu\/de\/tank-des-regenwassers-belastet\/\">Kostenlose Anfrage<\/a><\/h5><div class=\"latest_news_inner\"><div class=\"latest_news_image\"><img src=\"https:\/\/www.glaesener-betz.lu\/wp-content\/uploads\/2018\/04\/Graf_citerne-eau_Carat.png\" alt=\"\" \/><\/div><p class=\"latest_news_content\">Regenwassernutzung unterirdisch...<\/p><div class=\"clearfix\"><\/div> <\/div><a class=\"news-cta-link\" href=\"https:\/\/www.glaesener-betz.lu\/de\/tank-des-regenwassers-belastet\/\"><\/a><\/div><\/li><li class=\"clearfix\"><div class=\"latest_news\"><h5 class=\"latest_news_title \"><a href=\"https:\/\/www.glaesener-betz.lu\/wp-content\/uploads\/2017\/11\/Glaesener-Betz_Schiebet\u00fcrblatt-Eclisse_2017.pdf\">Schiebet\u00fcrblatt<\/a><\/h5><div class=\"latest_news_inner\"><div class=\"latest_news_image\"><img src=\"https:\/\/www.glaesener-betz.lu\/wp-content\/uploads\/2017\/11\/Eclisse_Syntesis-Line-EF_Massivwand-1.png\" alt=\"\" \/><\/div><p class=\"latest_news_content\">Schiebet\u00fcrkasten Ausf\u00fchrung Trockenbau...<\/p><div class=\"clearfix\"><\/div> <\/div><a class=\"news-cta-link\" href=\"https:\/\/www.glaesener-betz.lu\/wp-content\/uploads\/2017\/11\/Glaesener-Betz_Schiebet\u00fcrblatt-Eclisse_2017.pdf\"><\/a><\/div><\/li><\/ul><\/div>[\/vc_column][\/vc_row]<\/p>\n<\/section>","protected":false},"excerpt":{"rendered":"<p>[vc_row css_animation=&#8220;&#8220; row_type=&#8220;row&#8220; use_row_as_full_screen_section=&#8220;no&#8220; type=&#8220;full_width&#8220; angled_section=&#8220;no&#8220; text_align=&#8220;right&#8220; background_image_as_pattern=&#8220;without_pattern&#8220;][vc_column width=&#8220;3\/4&#8243;][vc_column_text] TROCKENBAU [\/vc_column_text][\/vc_column][vc_column width=&#8220;1\/4&#8243;][\/vc_column][\/vc_row][vc_row css_animation=&#8220;&#8220; row_type=&#8220;row&#8220; use_row_as_full_screen_section=&#8220;no&#8220; type=&#8220;full_width&#8220; angled_section=&#8220;no&#8220; text_align=&#8220;left&#8220; background_image_as_pattern=&#8220;without_pattern&#8220; css=&#8220;.vc_custom_1464949828872{margin-top: 20px !important;}&#8220;][vc_column el_class=&#8220;service-photo-slider&#8220;][vc_separator type=&#8220;transparent&#8220; thickness=&#8220;10&#8243;][\/vc_column][\/vc_row][vc_row css_animation=&#8220;&#8220; row_type=&#8220;row&#8220; use_row_as_full_screen_section=&#8220;no&#8220; type=&#8220;full_width&#8220; angled_section=&#8220;no&#8220; text_align=&#8220;left&#8220; background_image_as_pattern=&#8220;without_pattern&#8220;][vc_column][vc_column_text]Mit einer Flotte von 20 Lastwagen liefern wir t\u00e4glich innerhalb Luxemburgs und richten uns&#8230;<\/p>\n","protected":false},"author":2,"featured_media":0,"parent":5106,"menu_order":0,"comment_status":"closed","ping_status":"closed","template":"","meta":[],"_links":{"self":[{"href":"https:\/\/www.glaesener-betz.lu\/de\/wp-json\/wp\/v2\/pages\/5092"}],"collection":[{"href":"https:\/\/www.glaesener-betz.lu\/de\/wp-json\/wp\/v2\/pages"}],"about":[{"href":"https:\/\/www.glaesener-betz.lu\/de\/wp-json\/wp\/v2\/types\/page"}],"author":[{"embeddable":true,"href":"https:\/\/www.glaesener-betz.lu\/de\/wp-json\/wp\/v2\/users\/2"}],"replies":[{"embeddable":true,"href":"https:\/\/www.glaesener-betz.lu\/de\/wp-json\/wp\/v2\/comments?post=5092"}],"version-history":[{"count":11,"href":"https:\/\/www.glaesener-betz.lu\/de\/wp-json\/wp\/v2\/pages\/5092\/revisions"}],"predecessor-version":[{"id":7061,"href":"https:\/\/www.glaesener-betz.lu\/de\/wp-json\/wp\/v2\/pages\/5092\/revisions\/7061"}],"up":[{"embeddable":true,"href":"https:\/\/www.glaesener-betz.lu\/de\/wp-json\/wp\/v2\/pages\/5106"}],"wp:attachment":[{"href":"https:\/\/www.glaesener-betz.lu\/de\/wp-json\/wp\/v2\/media?parent=5092"}],"curies":[{"name":"wp","href":"https:\/\/api.w.org\/{rel}","templated":true}]}}