{"id":5091,"date":"2016-03-16T10:15:38","date_gmt":"2016-03-16T09:15:38","guid":{"rendered":"https:\/\/www.glaesener-betz.lu\/cheminees\/"},"modified":"2024-02-29T15:22:19","modified_gmt":"2024-02-29T14:22:19","slug":"kamine","status":"publish","type":"page","link":"https:\/\/www.glaesener-betz.lu\/de\/services\/ofenhaus\/kamine\/","title":{"rendered":"KAMINE"},"content":{"rendered":"<section class=\"wpb-content-wrapper\"><p>[vc_row css_animation=&#8220;&#8220; row_type=&#8220;row&#8220; use_row_as_full_screen_section=&#8220;no&#8220; type=&#8220;full_width&#8220; angled_section=&#8220;no&#8220; text_align=&#8220;right&#8220; background_image_as_pattern=&#8220;without_pattern&#8220;][vc_column width=&#8220;3\/4&#8243;][vc_column_text]<\/p>\n<h1 style=\"text-align: left;\">KAMINE<\/h1>\n<p>[\/vc_column_text][\/vc_column][vc_column width=&#8220;1\/4&#8243;]<a  href=\"https:\/\/www.glaesener-betz.lu\/de\/services\/ofenhaus\" target=\"_self\" data-hover-background-color=#153d8a data-hover-border-color=#153d8a data-hover-color=#ffffff class=\"qbutton  small center\" style=\"color: #ffffff; border-color: #153d8a; font-style: normal; border-radius: 0px;-moz-border-radius: 0px;-webkit-border-radius: 0px; background-color: #153d8a;\">retour<i class=\"fa fa-arrow-left\" style=\"color: #ffffff;\"><\/i><\/a>[\/vc_column][\/vc_row][vc_row css_animation=&#8220;&#8220; row_type=&#8220;row&#8220; use_row_as_full_screen_section=&#8220;no&#8220; type=&#8220;full_width&#8220; angled_section=&#8220;no&#8220; text_align=&#8220;left&#8220; background_image_as_pattern=&#8220;without_pattern&#8220; css=&#8220;.vc_custom_1464947285639{margin-top: 20px !important;}&#8220;][vc_column el_class=&#8220;service-photo-slider&#8220;]<div class='qode_image_gallery_no_space dark'><div class='qode_image_gallery_holder' style='height: 200px;'><ul  ><li  ><div style=\"height: 200px; width:267px;\"><a class=\"prettyphotos\" rel=\"prettyPhotos[rel-807042703]\" href=\"https:\/\/www.glaesener-betz.lu\/wp-content\/uploads\/2018\/10\/poele-a-bois-installe-par-GlaesenerBetz.jpg\"><img src=\"https:\/\/www.glaesener-betz.lu\/wp-content\/uploads\/2018\/10\/poele-a-bois-installe-par-GlaesenerBetz.jpg\" alt=\"Individueller Eck-Kamin mit eingebauter Brennzelle oder Heizeinsatz entwickelt bei Glaesener-Betz\" \/><\/a><\/div><\/li><li  ><div style=\"height: 200px; width:134px;\"><a class=\"prettyphotos\" rel=\"prettyPhotos[rel-807042703]\" href=\"https:\/\/www.glaesener-betz.lu\/wp-content\/uploads\/2016\/11\/20151204_143227-e1478523361725.jpg\"><img src=\"https:\/\/www.glaesener-betz.lu\/wp-content\/uploads\/2016\/11\/20151204_143227-e1478523361725.jpg\" alt=\"\" \/><\/a><\/div><\/li><li  ><div style=\"height: 200px; width:267px;\"><a class=\"prettyphotos\" rel=\"prettyPhotos[rel-807042703]\" href=\"https:\/\/www.glaesener-betz.lu\/wp-content\/uploads\/2018\/11\/cheminee-a-bois-Spartherm-Mini.png\"><img src=\"https:\/\/www.glaesener-betz.lu\/wp-content\/uploads\/2018\/11\/cheminee-a-bois-Spartherm-Mini.png\" alt=\"\" \/><\/a><\/div><\/li><li  ><div style=\"height: 200px; width:197px;\"><a class=\"prettyphotos\" rel=\"prettyPhotos[rel-807042703]\" href=\"https:\/\/www.glaesener-betz.lu\/wp-content\/uploads\/2018\/11\/realisation-cheminee-\u00e0-bois-Spartherm-Varia-ASH-4S-2-par-GlaesenerBetz.png\"><img src=\"https:\/\/www.glaesener-betz.lu\/wp-content\/uploads\/2018\/11\/realisation-cheminee-\u00e0-bois-Spartherm-Varia-ASH-4S-2-par-GlaesenerBetz.png\" alt=\"\" \/><\/a><\/div><\/li><li  ><div style=\"height: 200px; width:267px;\"><a class=\"prettyphotos\" rel=\"prettyPhotos[rel-807042703]\" href=\"https:\/\/www.glaesener-betz.lu\/wp-content\/uploads\/2018\/11\/realisation-chemine-renovation-GlaesenerBetz.png\"><img src=\"https:\/\/www.glaesener-betz.lu\/wp-content\/uploads\/2018\/11\/realisation-chemine-renovation-GlaesenerBetz.png\" alt=\"\" \/><\/a><\/div><\/li><li  ><div style=\"height: 200px; width:267px;\"><a class=\"prettyphotos\" rel=\"prettyPhotos[rel-807042703]\" href=\"https:\/\/www.glaesener-betz.lu\/wp-content\/uploads\/2018\/11\/installation-cheminee-sur-mesure-par-nos-monteurs-GlaesenerBetz-2.png\"><img src=\"https:\/\/www.glaesener-betz.lu\/wp-content\/uploads\/2018\/11\/installation-cheminee-sur-mesure-par-nos-monteurs-GlaesenerBetz-2.png\" alt=\"\" \/><\/a><\/div><\/li><li  ><div style=\"height: 200px; width:267px;\"><a class=\"prettyphotos\" rel=\"prettyPhotos[rel-807042703]\" href=\"https:\/\/www.glaesener-betz.lu\/wp-content\/uploads\/2018\/11\/installation-cheminee-sur-mesure-par-nos-monteurs-GlaesenerBetz.png\"><img src=\"https:\/\/www.glaesener-betz.lu\/wp-content\/uploads\/2018\/11\/installation-cheminee-sur-mesure-par-nos-monteurs-GlaesenerBetz.png\" alt=\"\" \/><\/a><\/div><\/li><li  ><div style=\"height: 200px; width:267px;\"><a class=\"prettyphotos\" rel=\"prettyPhotos[rel-807042703]\" href=\"https:\/\/www.glaesener-betz.lu\/wp-content\/uploads\/2018\/11\/foyer-au-gaz-pour-renovation-Bellfires-Classic-Bell-small-3.png\"><img src=\"https:\/\/www.glaesener-betz.lu\/wp-content\/uploads\/2018\/11\/foyer-au-gaz-pour-renovation-Bellfires-Classic-Bell-small-3.png\" alt=\"\" \/><\/a><\/div><\/li><li  ><div style=\"height: 200px; width:267px;\"><a class=\"prettyphotos\" rel=\"prettyPhotos[rel-807042703]\" href=\"https:\/\/www.glaesener-betz.lu\/wp-content\/uploads\/2018\/11\/cheminee-au-gaz-Bellfires-room-divider.png\"><img src=\"https:\/\/www.glaesener-betz.lu\/wp-content\/uploads\/2018\/11\/cheminee-au-gaz-Bellfires-room-divider.png\" alt=\"\" \/><\/a><\/div><\/li><li  ><div style=\"height: 200px; width:267px;\"><a class=\"prettyphotos\" rel=\"prettyPhotos[rel-807042703]\" href=\"https:\/\/www.glaesener-betz.lu\/wp-content\/uploads\/2018\/11\/cheminee-a-bois-Spartherm-Premium.png\"><img src=\"https:\/\/www.glaesener-betz.lu\/wp-content\/uploads\/2018\/11\/cheminee-a-bois-Spartherm-Premium.png\" alt=\"\" \/><\/a><\/div><\/li><li  ><div style=\"height: 200px; width:175px;\"><a class=\"prettyphotos\" rel=\"prettyPhotos[rel-807042703]\" href=\"https:\/\/www.glaesener-betz.lu\/wp-content\/uploads\/2018\/11\/Spartherm-Feuerungstechnik-realise-par-GlaesenerBetz-1.png\"><img src=\"https:\/\/www.glaesener-betz.lu\/wp-content\/uploads\/2018\/11\/Spartherm-Feuerungstechnik-realise-par-GlaesenerBetz-1.png\" alt=\"\" \/><\/a><\/div><\/li><li  ><div style=\"height: 200px; width:113px;\"><a class=\"prettyphotos\" rel=\"prettyPhotos[rel-807042703]\" href=\"https:\/\/www.glaesener-betz.lu\/wp-content\/uploads\/2018\/11\/realisation-cheminee-bois-Spartherm-Arte3RL-100H-GlaesenerBetz.png\"><img src=\"https:\/\/www.glaesener-betz.lu\/wp-content\/uploads\/2018\/11\/realisation-cheminee-bois-Spartherm-Arte3RL-100H-GlaesenerBetz.png\" alt=\"\" \/><\/a><\/div><\/li><li  ><div style=\"height: 200px; width:143px;\"><a class=\"prettyphotos\" rel=\"prettyPhotos[rel-807042703]\" href=\"https:\/\/www.glaesener-betz.lu\/wp-content\/uploads\/2018\/11\/realisation-cheminee-\u00e0-bois-Spartherm-Varia-M80-LInear-par-GlaesenerBetz.png\"><img src=\"https:\/\/www.glaesener-betz.lu\/wp-content\/uploads\/2018\/11\/realisation-cheminee-\u00e0-bois-Spartherm-Varia-M80-LInear-par-GlaesenerBetz.png\" alt=\"\" \/><\/a><\/div><\/li><\/ul><\/div><div class=\"controls\"><a class=\"prev-slide\" href=\"#\"><span><i class=\"fa fa-angle-left\"><\/i><\/span><\/a><a class=\"next-slide\" href=\"#\"><span><i class=\"fa fa-angle-right\"><\/i><\/span><\/a><\/div><\/div>[\/vc_column][\/vc_row][vc_row css_animation=&#8220;&#8220; row_type=&#8220;row&#8220; use_row_as_full_screen_section=&#8220;no&#8220; type=&#8220;full_width&#8220; angled_section=&#8220;no&#8220; text_align=&#8220;left&#8220; background_image_as_pattern=&#8220;without_pattern&#8220; padding_bottom=&#8220;35&#8243;][vc_column][\/vc_column][\/vc_row][vc_row css_animation=&#8220;&#8220; row_type=&#8220;row&#8220; use_row_as_full_screen_section=&#8220;no&#8220; type=&#8220;full_width&#8220; angled_section=&#8220;no&#8220; text_align=&#8220;left&#8220; background_image_as_pattern=&#8220;without_pattern&#8220;][vc_column offset=&#8220;vc_hidden-lg vc_hidden-md&#8220;][vc_gallery interval=&#8220;3&#8243; images=&#8220;2964,397,399,405,402,403,404,401&#8243; img_size=&#8220;full&#8220;][\/vc_column][\/vc_row][vc_row css_animation=&#8220;&#8220; row_type=&#8220;row&#8220; use_row_as_full_screen_section=&#8220;no&#8220; type=&#8220;full_width&#8220; angled_section=&#8220;no&#8220; text_align=&#8220;left&#8220; background_image_as_pattern=&#8220;without_pattern&#8220; padding_bottom=&#8220;35&#8243;][vc_column][vc_column_text el_class=&#8220;.title_catalogue&#8220;]<\/p>\n<div>\n<div>Ein eigener Kamin! Es ist immer eine Freude, einen Abend vor dem Kamin zu verbringen.<\/div>\n<div>Bei uns finden Sie ein gro\u00dfes Sortiment an <strong>Holz- und Gaskaminen.<\/strong><\/div>\n<\/div>\n<p>[\/vc_column_text][vc_separator type=&#8220;transparent&#8220; thickness=&#8220;15&#8243; up=&#8220;5&#8243; down=&#8220;5&#8243;][vc_column_text]Alle unsere Kamine werden von der Planung bis zur Installation bei Ihnen zu Hause von unseren eigenen Monteuren ma\u00dfangefertigt. Wir installieren auch Kaminauskleidungen, Steinplatten \u2026<\/p>\n<p>&nbsp;<\/p>\n<p>&nbsp;<\/p>\n<p>In unserer Ausstellung in Redingen\/Attert k\u00f6nnen Sie alle verschiedenen Modelle besichtigen. Unsere Experten und Innenarchitekten beraten Sie auf Luxemburgisch, Franz\u00f6sisch, Deutsch oder Englisch.<\/p>\n<p>&nbsp;<\/p>\n<p><br class=\"autobr\" \/>Unsere Fachmonteure bauen Ihren Kamin bei Ihnen zu Hause ein.<br \/>\nWir liefern Ihnen Pellets (in S\u00e4cken oder auf einer Palette) direkt nach Hause.<br \/>\nWir reinigen Ihre Schornsteine, warten und reparieren Holz- und Pellet\u00f6fen, offene Kamine oder Kamineins\u00e4tze.<\/p>\n<p>&nbsp;<\/p>\n<h4 style=\"text-align: center;\"><span style=\"font-size: 12pt;\"> <i class=\"fa fa-envelope\"> <\/i>\u00a0\u00a0<span style=\"font-size: 12pt;\"><a href=\"https:\/\/www.glaesener-betz.lu\/de\/kontakt-anfahrt\/\" target=\"_blank\" rel=\"noopener\">Vereinbaren Sie einen Termin mit uns. <\/a><\/span><\/span><\/h4>\n<p><strong>\u00a0<\/strong><br \/>\n<strong>Wir tragen das Label \u201eZertifizierter Passivhaushandwerker\u201d.<\/strong> So k\u00f6nnen wir Sie besser beraten und unsere Techniker sind Experten f\u00fcr den Bau und die Sanierung von Geb\u00e4uden mit hoher Energieeffizienz.<\/p>\n<p>&nbsp;<\/p>\n<p>&nbsp;<\/p>\n<p style=\"text-align: center;\"><img decoding=\"async\" loading=\"lazy\" class=\"alignnone size-medium wp-image-3858\" src=\"https:\/\/www.glaesener-betz.lu\/wp-content\/uploads\/2016\/02\/logo-energie-fir-dzukunft-300x300.jpg\" alt=\"logo-energie fir d'zukunft\" width=\"120\" height=\"120\" srcset=\"https:\/\/www.glaesener-betz.lu\/wp-content\/uploads\/2016\/02\/logo-energie-fir-dzukunft-300x300.jpg 300w, https:\/\/www.glaesener-betz.lu\/wp-content\/uploads\/2016\/02\/logo-energie-fir-dzukunft-100x100.jpg 100w, https:\/\/www.glaesener-betz.lu\/wp-content\/uploads\/2016\/02\/logo-energie-fir-dzukunft-600x600.jpg 600w, https:\/\/www.glaesener-betz.lu\/wp-content\/uploads\/2016\/02\/logo-energie-fir-dzukunft-150x150.jpg 150w, https:\/\/www.glaesener-betz.lu\/wp-content\/uploads\/2016\/02\/logo-energie-fir-dzukunft-768x768.jpg 768w, https:\/\/www.glaesener-betz.lu\/wp-content\/uploads\/2016\/02\/logo-energie-fir-dzukunft-570x570.jpg 570w, https:\/\/www.glaesener-betz.lu\/wp-content\/uploads\/2016\/02\/logo-energie-fir-dzukunft-500x500.jpg 500w, https:\/\/www.glaesener-betz.lu\/wp-content\/uploads\/2016\/02\/logo-energie-fir-dzukunft-700x700.jpg 700w, https:\/\/www.glaesener-betz.lu\/wp-content\/uploads\/2016\/02\/logo-energie-fir-dzukunft.jpg 1000w\" sizes=\"(max-width: 120px) 100vw, 120px\" \/><img decoding=\"async\" loading=\"lazy\" class=\"alignnone size-medium wp-image-3859\" src=\"https:\/\/www.glaesener-betz.lu\/wp-content\/uploads\/2016\/02\/logo-zertifierter-passivhaus-handwerker-300x300.jpg\" alt=\"logo-zertifierter-passivhaus-handwerker\" width=\"120\" height=\"120\" srcset=\"https:\/\/www.glaesener-betz.lu\/wp-content\/uploads\/2016\/02\/logo-zertifierter-passivhaus-handwerker-300x300.jpg 300w, https:\/\/www.glaesener-betz.lu\/wp-content\/uploads\/2016\/02\/logo-zertifierter-passivhaus-handwerker-100x100.jpg 100w, https:\/\/www.glaesener-betz.lu\/wp-content\/uploads\/2016\/02\/logo-zertifierter-passivhaus-handwerker-150x150.jpg 150w, https:\/\/www.glaesener-betz.lu\/wp-content\/uploads\/2016\/02\/logo-zertifierter-passivhaus-handwerker.jpg 500w\" sizes=\"(max-width: 120px) 100vw, 120px\" \/><\/p>\n<p>&nbsp;<\/p>\n<p>&nbsp;<\/p>\n<p>&nbsp;<\/p>\n<p>Die Feuerstelle ist vollkommen in den Kaminmantel integriert und kann nicht herausgenommen werden, ohne ihn herauszubrechen. In der Regel wird eine Feuerstelle in einen neuen Kaminmantel installiert.<\/p>\n<p>&nbsp;<\/p>\n<p>&nbsp;<\/p>\n<p>Der Kamineinsatz (oder die Kaminkassette) kann in eine bestehende Kamin\u00f6ffnung eingef\u00fcgt werden, ohne etwas zu zerst\u00f6ren. Deshalb nimmt man ihn in der Regel f\u00fcr Renovierungen.<\/p>\n<p>&nbsp;<\/p>\n<p>&nbsp;<\/p>\n<p><img decoding=\"async\" loading=\"lazy\" class=\"aligncenter wp-image-3890 size-medium\" src=\"https:\/\/www.glaesener-betz.lu\/wp-content\/uploads\/2016\/03\/foyer-ou-insert-300x224.png\" alt=\"foyer ou insert\" width=\"400\" height=\"\" srcset=\"https:\/\/www.glaesener-betz.lu\/wp-content\/uploads\/2016\/03\/foyer-ou-insert-300x224.png 300w, https:\/\/www.glaesener-betz.lu\/wp-content\/uploads\/2016\/03\/foyer-ou-insert-600x448.png 600w, https:\/\/www.glaesener-betz.lu\/wp-content\/uploads\/2016\/03\/foyer-ou-insert-768x574.png 768w, https:\/\/www.glaesener-betz.lu\/wp-content\/uploads\/2016\/03\/foyer-ou-insert.png 1024w, https:\/\/www.glaesener-betz.lu\/wp-content\/uploads\/2016\/03\/foyer-ou-insert-800x600.png 800w, https:\/\/www.glaesener-betz.lu\/wp-content\/uploads\/2016\/03\/foyer-ou-insert-700x523.png 700w\" sizes=\"(max-width: 300px) 100vw, 300px\" \/>[\/vc_column_text][\/vc_column][\/vc_row][vc_row css_animation=&#8220;&#8220; row_type=&#8220;row&#8220; use_row_as_full_screen_section=&#8220;no&#8220; type=&#8220;full_width&#8220; angled_section=&#8220;no&#8220; text_align=&#8220;left&#8220; background_image_as_pattern=&#8220;without_pattern&#8220; padding_bottom=&#8220;35&#8243;][vc_column offset=&#8220;vc_hidden-sm vc_hidden-xs&#8220;][vc_column_text el_class=&#8220;.title_catalogue&#8220;]Unsere Markenpartner[\/vc_column_text][vc_separator type=&#8220;transparent&#8220; thickness=&#8220;10&#8243;][vc_row_inner row_type=&#8220;row&#8220; type=&#8220;full_width&#8220; text_align=&#8220;left&#8220; css_animation=&#8220;&#8220;][vc_column_inner width=&#8220;1\/3&#8243;][vc_single_image image=&#8220;9151&#8243; img_size=&#8220;full&#8220; alignment=&#8220;center&#8220; onclick=&#8220;custom_link&#8220; img_link_target=&#8220;_blank&#8220; qode_css_animation=&#8220;&#8220; link=&#8220;http:\/\/www.interfocos.com\/fr\/bellfires&#8220;][\/vc_column_inner][vc_column_inner width=&#8220;1\/3&#8243;][vc_single_image image=&#8220;9153&#8243; img_size=&#8220;full&#8220; alignment=&#8220;center&#8220; onclick=&#8220;custom_link&#8220; img_link_target=&#8220;_blank&#8220; qode_css_animation=&#8220;&#8220; link=&#8220;http:\/\/www.interfocos.com\/fr\/cheminees&#8220;][\/vc_column_inner][vc_column_inner width=&#8220;1\/3&#8243;][vc_single_image image=&#8220;397&#8243; img_size=&#8220;full&#8220; alignment=&#8220;center&#8220; onclick=&#8220;custom_link&#8220; img_link_target=&#8220;_blank&#8220; qode_css_animation=&#8220;&#8220; link=&#8220;http:\/\/www.spartherm.com\/fr\/produits\/poeles-cheminees\/&#8220;][\/vc_column_inner][\/vc_row_inner][vc_row_inner row_type=&#8220;row&#8220; type=&#8220;full_width&#8220; text_align=&#8220;left&#8220; css_animation=&#8220;&#8220;][vc_column_inner width=&#8220;1\/3&#8243;][\/vc_column_inner][vc_column_inner width=&#8220;1\/3&#8243;][\/vc_column_inner][vc_column_inner width=&#8220;1\/3&#8243;][\/vc_column_inner][\/vc_row_inner][\/vc_column][\/vc_row]<\/p>\n<\/section>","protected":false},"excerpt":{"rendered":"<p>[vc_row css_animation=&#8220;&#8220; row_type=&#8220;row&#8220; use_row_as_full_screen_section=&#8220;no&#8220; type=&#8220;full_width&#8220; angled_section=&#8220;no&#8220; text_align=&#8220;right&#8220; background_image_as_pattern=&#8220;without_pattern&#8220;][vc_column width=&#8220;3\/4&#8243;][vc_column_text] KAMINE [\/vc_column_text][\/vc_column][vc_column width=&#8220;1\/4&#8243;][\/vc_column][\/vc_row][vc_row css_animation=&#8220;&#8220; row_type=&#8220;row&#8220; use_row_as_full_screen_section=&#8220;no&#8220; type=&#8220;full_width&#8220; angled_section=&#8220;no&#8220; text_align=&#8220;left&#8220; background_image_as_pattern=&#8220;without_pattern&#8220; css=&#8220;.vc_custom_1464947285639{margin-top: 20px !important;}&#8220;][vc_column el_class=&#8220;service-photo-slider&#8220;][\/vc_column][\/vc_row][vc_row css_animation=&#8220;&#8220; row_type=&#8220;row&#8220; use_row_as_full_screen_section=&#8220;no&#8220; type=&#8220;full_width&#8220; angled_section=&#8220;no&#8220; text_align=&#8220;left&#8220; background_image_as_pattern=&#8220;without_pattern&#8220; padding_bottom=&#8220;35&#8243;][vc_column][\/vc_column][\/vc_row][vc_row css_animation=&#8220;&#8220; row_type=&#8220;row&#8220; use_row_as_full_screen_section=&#8220;no&#8220; type=&#8220;full_width&#8220; angled_section=&#8220;no&#8220; text_align=&#8220;left&#8220; background_image_as_pattern=&#8220;without_pattern&#8220;][vc_column offset=&#8220;vc_hidden-lg vc_hidden-md&#8220;][vc_gallery interval=&#8220;3&#8243; images=&#8220;2964,397,399,405,402,403,404,401&#8243; img_size=&#8220;full&#8220;][\/vc_column][\/vc_row][vc_row css_animation=&#8220;&#8220; row_type=&#8220;row&#8220;&#8230;<\/p>\n","protected":false},"author":2,"featured_media":0,"parent":5103,"menu_order":0,"comment_status":"closed","ping_status":"closed","template":"","meta":[],"_links":{"self":[{"href":"https:\/\/www.glaesener-betz.lu\/de\/wp-json\/wp\/v2\/pages\/5091"}],"collection":[{"href":"https:\/\/www.glaesener-betz.lu\/de\/wp-json\/wp\/v2\/pages"}],"about":[{"href":"https:\/\/www.glaesener-betz.lu\/de\/wp-json\/wp\/v2\/types\/page"}],"author":[{"embeddable":true,"href":"https:\/\/www.glaesener-betz.lu\/de\/wp-json\/wp\/v2\/users\/2"}],"replies":[{"embeddable":true,"href":"https:\/\/www.glaesener-betz.lu\/de\/wp-json\/wp\/v2\/comments?post=5091"}],"version-history":[{"count":20,"href":"https:\/\/www.glaesener-betz.lu\/de\/wp-json\/wp\/v2\/pages\/5091\/revisions"}],"predecessor-version":[{"id":9160,"href":"https:\/\/www.glaesener-betz.lu\/de\/wp-json\/wp\/v2\/pages\/5091\/revisions\/9160"}],"up":[{"embeddable":true,"href":"https:\/\/www.glaesener-betz.lu\/de\/wp-json\/wp\/v2\/pages\/5103"}],"wp:attachment":[{"href":"https:\/\/www.glaesener-betz.lu\/de\/wp-json\/wp\/v2\/media?parent=5091"}],"curies":[{"name":"wp","href":"https:\/\/api.w.org\/{rel}","templated":true}]}}