{"id":5090,"date":"2016-03-16T10:32:09","date_gmt":"2016-03-16T09:32:09","guid":{"rendered":"https:\/\/www.glaesener-betz.lu\/poele-a-pellets\/"},"modified":"2024-02-29T14:25:40","modified_gmt":"2024-02-29T13:25:40","slug":"pelletoefen","status":"publish","type":"page","link":"https:\/\/www.glaesener-betz.lu\/de\/services\/ofenhaus\/pelletoefen\/","title":{"rendered":"PELLETOEFEN"},"content":{"rendered":"<section class=\"wpb-content-wrapper\"><p>[vc_row css_animation=&#8220;&#8220; row_type=&#8220;row&#8220; use_row_as_full_screen_section=&#8220;no&#8220; type=&#8220;full_width&#8220; angled_section=&#8220;no&#8220; text_align=&#8220;right&#8220; background_image_as_pattern=&#8220;without_pattern&#8220; padding_bottom=&#8220;20&#8243;][vc_column width=&#8220;3\/4&#8243;][vc_column_text]<\/p>\n<h1 style=\"text-align: left;\">PELLET\u00d6FEN<\/h1>\n<p>[\/vc_column_text][\/vc_column][vc_column width=&#8220;1\/4&#8243;]<a  href=\"https:\/\/www.glaesener-betz.lu\/de\/services\/uewenhaus\/\" target=\"_self\" data-hover-background-color=#153d8a data-hover-border-color=#153d8a data-hover-color=#ffffff class=\"qbutton  small center\" style=\"color: #ffffff; border-color: #153d8a; font-style: normal; border-radius: 0px;-moz-border-radius: 0px;-webkit-border-radius: 0px; background-color: #153d8a;\">retour<i class=\"fa fa-arrow-left\" style=\"color: #ffffff;\"><\/i><\/a>[\/vc_column][\/vc_row][vc_row css_animation=&#8220;&#8220; row_type=&#8220;row&#8220; use_row_as_full_screen_section=&#8220;no&#8220; type=&#8220;full_width&#8220; angled_section=&#8220;no&#8220; text_align=&#8220;left&#8220; background_image_as_pattern=&#8220;without_pattern&#8220;][vc_column el_class=&#8220;service-photo-slider&#8220;]<div class='qode_image_gallery_no_space dark'><div class='qode_image_gallery_holder' style='height: 200px;'><ul  ><li  ><div style=\"height: 200px; width:280px;\"><a class=\"prettyphotos\" rel=\"prettyPhotos[rel-819235749]\" href=\"https:\/\/www.glaesener-betz.lu\/wp-content\/uploads\/2024\/02\/Pelletofen_wodtke_crazy_red_web.jpg\"><img src=\"https:\/\/www.glaesener-betz.lu\/wp-content\/uploads\/2024\/02\/Pelletofen_wodtke_crazy_red_web.jpg\" alt=\"\" \/><\/a><\/div><\/li><li  ><div style=\"height: 200px; width:280px;\"><a class=\"prettyphotos\" rel=\"prettyPhotos[rel-819235749]\" href=\"https:\/\/www.glaesener-betz.lu\/wp-content\/uploads\/2024\/02\/Pelletofen_wodtke_crazy_sahara_web.jpg\"><img src=\"https:\/\/www.glaesener-betz.lu\/wp-content\/uploads\/2024\/02\/Pelletofen_wodtke_crazy_sahara_web.jpg\" alt=\"\" \/><\/a><\/div><\/li><li  ><div style=\"height: 200px; width:280px;\"><a class=\"prettyphotos\" rel=\"prettyPhotos[rel-819235749]\" href=\"https:\/\/www.glaesener-betz.lu\/wp-content\/uploads\/2024\/02\/Pelletofen_wodtke_crazy.nrg_black_web.jpg\"><img src=\"https:\/\/www.glaesener-betz.lu\/wp-content\/uploads\/2024\/02\/Pelletofen_wodtke_crazy.nrg_black_web.jpg\" alt=\"\" \/><\/a><\/div><\/li><li  ><div style=\"height: 200px; width:281px;\"><a class=\"prettyphotos\" rel=\"prettyPhotos[rel-819235749]\" href=\"https:\/\/www.glaesener-betz.lu\/wp-content\/uploads\/2024\/02\/wodtke_easy.nrg_web.jpg\"><img src=\"https:\/\/www.glaesener-betz.lu\/wp-content\/uploads\/2024\/02\/wodtke_easy.nrg_web.jpg\" alt=\"\" \/><\/a><\/div><\/li><li  ><div style=\"height: 200px; width:280px;\"><a class=\"prettyphotos\" rel=\"prettyPhotos[rel-819235749]\" href=\"https:\/\/www.glaesener-betz.lu\/wp-content\/uploads\/2024\/02\/Pelletofen_wodtke_family.nrg_Glas_black_web.jpg\"><img src=\"https:\/\/www.glaesener-betz.lu\/wp-content\/uploads\/2024\/02\/Pelletofen_wodtke_family.nrg_Glas_black_web.jpg\" alt=\"\" \/><\/a><\/div><\/li><li  ><div style=\"height: 200px; width:280px;\"><a class=\"prettyphotos\" rel=\"prettyPhotos[rel-819235749]\" href=\"https:\/\/www.glaesener-betz.lu\/wp-content\/uploads\/2024\/02\/Pelletofen_wodtke_family.nrg_Speckstein_web.jpg\"><img src=\"https:\/\/www.glaesener-betz.lu\/wp-content\/uploads\/2024\/02\/Pelletofen_wodtke_family.nrg_Speckstein_web.jpg\" alt=\"\" \/><\/a><\/div><\/li><li  ><div style=\"height: 200px; width:281px;\"><a class=\"prettyphotos\" rel=\"prettyPhotos[rel-819235749]\" href=\"https:\/\/www.glaesener-betz.lu\/wp-content\/uploads\/2024\/02\/wodtke_Family.nrg_selection_white_web.jpg\"><img src=\"https:\/\/www.glaesener-betz.lu\/wp-content\/uploads\/2024\/02\/wodtke_Family.nrg_selection_white_web.jpg\" alt=\"\" \/><\/a><\/div><\/li><li  ><div style=\"height: 200px; width:281px;\"><a class=\"prettyphotos\" rel=\"prettyPhotos[rel-819235749]\" href=\"https:\/\/www.glaesener-betz.lu\/wp-content\/uploads\/2024\/02\/wodtke_Family.nrg_selection_sahara_web.jpg\"><img src=\"https:\/\/www.glaesener-betz.lu\/wp-content\/uploads\/2024\/02\/wodtke_Family.nrg_selection_sahara_web.jpg\" alt=\"\" \/><\/a><\/div><\/li><li  ><div style=\"height: 200px; width:281px;\"><a class=\"prettyphotos\" rel=\"prettyPhotos[rel-819235749]\" href=\"https:\/\/www.glaesener-betz.lu\/wp-content\/uploads\/2024\/02\/wodtke_Family.nrg_selection_red_web.jpg\"><img src=\"https:\/\/www.glaesener-betz.lu\/wp-content\/uploads\/2024\/02\/wodtke_Family.nrg_selection_red_web.jpg\" alt=\"\" \/><\/a><\/div><\/li><li  ><div style=\"height: 200px; width:281px;\"><a class=\"prettyphotos\" rel=\"prettyPhotos[rel-819235749]\" href=\"https:\/\/www.glaesener-betz.lu\/wp-content\/uploads\/2024\/02\/wodtke_Family.nrg_selection_black_web.jpg\"><img src=\"https:\/\/www.glaesener-betz.lu\/wp-content\/uploads\/2024\/02\/wodtke_Family.nrg_selection_black_web.jpg\" alt=\"\" \/><\/a><\/div><\/li><li  ><div style=\"height: 200px; width:280px;\"><a class=\"prettyphotos\" rel=\"prettyPhotos[rel-819235749]\" href=\"https:\/\/www.glaesener-betz.lu\/wp-content\/uploads\/2024\/02\/Pelletofen_wodtke_Frank_Speckstein_web.jpg\"><img src=\"https:\/\/www.glaesener-betz.lu\/wp-content\/uploads\/2024\/02\/Pelletofen_wodtke_Frank_Speckstein_web.jpg\" alt=\"\" \/><\/a><\/div><\/li><li  ><div style=\"height: 200px; width:280px;\"><a class=\"prettyphotos\" rel=\"prettyPhotos[rel-819235749]\" href=\"https:\/\/www.glaesener-betz.lu\/wp-content\/uploads\/2024\/02\/Pelletofen_wodtke_Frank_black_web.jpg\"><img src=\"https:\/\/www.glaesener-betz.lu\/wp-content\/uploads\/2024\/02\/Pelletofen_wodtke_Frank_black_web.jpg\" alt=\"\" \/><\/a><\/div><\/li><li  ><div style=\"height: 200px; width:280px;\"><a class=\"prettyphotos\" rel=\"prettyPhotos[rel-819235749]\" href=\"https:\/\/www.glaesener-betz.lu\/wp-content\/uploads\/2024\/02\/wodtke_ivosafe_weissglas_web.jpg\"><img src=\"https:\/\/www.glaesener-betz.lu\/wp-content\/uploads\/2024\/02\/wodtke_ivosafe_weissglas_web.jpg\" alt=\"\" \/><\/a><\/div><\/li><li  ><div style=\"height: 200px; width:280px;\"><a class=\"prettyphotos\" rel=\"prettyPhotos[rel-819235749]\" href=\"https:\/\/www.glaesener-betz.lu\/wp-content\/uploads\/2024\/02\/wodtke_ivo_smart_white_web.jpg\"><img src=\"https:\/\/www.glaesener-betz.lu\/wp-content\/uploads\/2024\/02\/wodtke_ivo_smart_white_web.jpg\" alt=\"\" \/><\/a><\/div><\/li><li  ><div style=\"height: 200px; width:280px;\"><a class=\"prettyphotos\" rel=\"prettyPhotos[rel-819235749]\" href=\"https:\/\/www.glaesener-betz.lu\/wp-content\/uploads\/2024\/02\/wodtke_ivo_smart_black_web.jpg\"><img src=\"https:\/\/www.glaesener-betz.lu\/wp-content\/uploads\/2024\/02\/wodtke_ivo_smart_black_web.jpg\" alt=\"\" \/><\/a><\/div><\/li><li  ><div style=\"height: 200px; width:280px;\"><a class=\"prettyphotos\" rel=\"prettyPhotos[rel-819235749]\" href=\"https:\/\/www.glaesener-betz.lu\/wp-content\/uploads\/2024\/02\/Pelletofen_wodtke_ivo.tec_white_web.jpg\"><img src=\"https:\/\/www.glaesener-betz.lu\/wp-content\/uploads\/2024\/02\/Pelletofen_wodtke_ivo.tec_white_web.jpg\" alt=\"\" \/><\/a><\/div><\/li><li  ><div style=\"height: 200px; width:280px;\"><a class=\"prettyphotos\" rel=\"prettyPhotos[rel-819235749]\" href=\"https:\/\/www.glaesener-betz.lu\/wp-content\/uploads\/2024\/02\/Pelletofen_wodtke_ivo.tec_black_web.jpg\"><img src=\"https:\/\/www.glaesener-betz.lu\/wp-content\/uploads\/2024\/02\/Pelletofen_wodtke_ivo.tec_black_web.jpg\" alt=\"\" \/><\/a><\/div><\/li><li  ><div style=\"height: 200px; width:280px;\"><a class=\"prettyphotos\" rel=\"prettyPhotos[rel-819235749]\" href=\"https:\/\/www.glaesener-betz.lu\/wp-content\/uploads\/2024\/02\/Pelletofen_wodtke_ixbase_speck_web.jpg\"><img src=\"https:\/\/www.glaesener-betz.lu\/wp-content\/uploads\/2024\/02\/Pelletofen_wodtke_ixbase_speck_web.jpg\" alt=\"\" \/><\/a><\/div><\/li><li  ><div style=\"height: 200px; width:280px;\"><a class=\"prettyphotos\" rel=\"prettyPhotos[rel-819235749]\" href=\"https:\/\/www.glaesener-betz.lu\/wp-content\/uploads\/2024\/02\/Pelletofen_wodtke_ixbase_glas_white_web.jpg\"><img src=\"https:\/\/www.glaesener-betz.lu\/wp-content\/uploads\/2024\/02\/Pelletofen_wodtke_ixbase_glas_white_web.jpg\" alt=\"\" \/><\/a><\/div><\/li><li  ><div style=\"height: 200px; width:280px;\"><a class=\"prettyphotos\" rel=\"prettyPhotos[rel-819235749]\" href=\"https:\/\/www.glaesener-betz.lu\/wp-content\/uploads\/2024\/02\/Pelletofen_wodtke_ixbase_sand_web.jpg\"><img src=\"https:\/\/www.glaesener-betz.lu\/wp-content\/uploads\/2024\/02\/Pelletofen_wodtke_ixbase_sand_web.jpg\" alt=\"\" \/><\/a><\/div><\/li><li  ><div style=\"height: 200px; width:280px;\"><a class=\"prettyphotos\" rel=\"prettyPhotos[rel-819235749]\" href=\"https:\/\/www.glaesener-betz.lu\/wp-content\/uploads\/2024\/02\/Pelletofen_wodtke_ixbase_glas_black_web.jpg\"><img src=\"https:\/\/www.glaesener-betz.lu\/wp-content\/uploads\/2024\/02\/Pelletofen_wodtke_ixbase_glas_black_web.jpg\" alt=\"\" \/><\/a><\/div><\/li><li  ><div style=\"height: 200px; width:280px;\"><a class=\"prettyphotos\" rel=\"prettyPhotos[rel-819235749]\" href=\"https:\/\/www.glaesener-betz.lu\/wp-content\/uploads\/2024\/02\/Pelletofen_wodtke_ixpower01_web.jpg\"><img src=\"https:\/\/www.glaesener-betz.lu\/wp-content\/uploads\/2024\/02\/Pelletofen_wodtke_ixpower01_web.jpg\" alt=\"\" \/><\/a><\/div><\/li><li  ><div style=\"height: 200px; width:280px;\"><a class=\"prettyphotos\" rel=\"prettyPhotos[rel-819235749]\" href=\"https:\/\/www.glaesener-betz.lu\/wp-content\/uploads\/2024\/02\/Pelletofen_wodtke_jack_white_web.jpg\"><img src=\"https:\/\/www.glaesener-betz.lu\/wp-content\/uploads\/2024\/02\/Pelletofen_wodtke_jack_white_web.jpg\" alt=\"\" \/><\/a><\/div><\/li><li  ><div style=\"height: 200px; width:280px;\"><a class=\"prettyphotos\" rel=\"prettyPhotos[rel-819235749]\" href=\"https:\/\/www.glaesener-betz.lu\/wp-content\/uploads\/2024\/02\/Pelletofen_wodtke_jack_sahara_web.jpg\"><img src=\"https:\/\/www.glaesener-betz.lu\/wp-content\/uploads\/2024\/02\/Pelletofen_wodtke_jack_sahara_web.jpg\" alt=\"\" \/><\/a><\/div><\/li><li  ><div style=\"height: 200px; width:280px;\"><a class=\"prettyphotos\" rel=\"prettyPhotos[rel-819235749]\" href=\"https:\/\/www.glaesener-betz.lu\/wp-content\/uploads\/2024\/02\/Pelletofen_wodtke_jack_black_web.jpg\"><img src=\"https:\/\/www.glaesener-betz.lu\/wp-content\/uploads\/2024\/02\/Pelletofen_wodtke_jack_black_web.jpg\" alt=\"\" \/><\/a><\/div><\/li><li  ><div style=\"height: 200px; width:280px;\"><a class=\"prettyphotos\" rel=\"prettyPhotos[rel-819235749]\" href=\"https:\/\/www.glaesener-betz.lu\/wp-content\/uploads\/2024\/02\/Pelletofen_wodtke_soleo.nrg_V12_Keramik_whitesilk_web.png\"><img src=\"https:\/\/www.glaesener-betz.lu\/wp-content\/uploads\/2024\/02\/Pelletofen_wodtke_soleo.nrg_V12_Keramik_whitesilk_web.png\" alt=\"\" \/><\/a><\/div><\/li><li  ><div style=\"height: 200px; width:280px;\"><a class=\"prettyphotos\" rel=\"prettyPhotos[rel-819235749]\" href=\"https:\/\/www.glaesener-betz.lu\/wp-content\/uploads\/2024\/02\/Pelletofen_wodtke_soleo.nrg_V12_Keramik_black_web.png\"><img src=\"https:\/\/www.glaesener-betz.lu\/wp-content\/uploads\/2024\/02\/Pelletofen_wodtke_soleo.nrg_V12_Keramik_black_web.png\" alt=\"\" \/><\/a><\/div><\/li><li  ><div style=\"height: 200px; width:267px;\"><a class=\"prettyphotos\" rel=\"prettyPhotos[rel-819235749]\" href=\"https:\/\/www.glaesener-betz.lu\/wp-content\/uploads\/2024\/02\/Pelletofen_wodtke_Pat_selection_web.jpg\"><img src=\"https:\/\/www.glaesener-betz.lu\/wp-content\/uploads\/2024\/02\/Pelletofen_wodtke_Pat_selection_web.jpg\" alt=\"\" \/><\/a><\/div><\/li><li  ><div style=\"height: 200px; width:280px;\"><a class=\"prettyphotos\" rel=\"prettyPhotos[rel-819235749]\" href=\"https:\/\/www.glaesener-betz.lu\/wp-content\/uploads\/2024\/02\/wodtke_PE_Nova_web.jpg\"><img src=\"https:\/\/www.glaesener-betz.lu\/wp-content\/uploads\/2024\/02\/wodtke_PE_Nova_web.jpg\" alt=\"\" \/><\/a><\/div><\/li><li  ><div style=\"height: 200px; width:251px;\"><a class=\"prettyphotos\" rel=\"prettyPhotos[rel-819235749]\" href=\"https:\/\/www.glaesener-betz.lu\/wp-content\/uploads\/2024\/02\/wodtke_shogun_web.jpg\"><img src=\"https:\/\/www.glaesener-betz.lu\/wp-content\/uploads\/2024\/02\/wodtke_shogun_web.jpg\" alt=\"\" \/><\/a><\/div><\/li><li  ><div style=\"height: 200px; width:280px;\"><a class=\"prettyphotos\" rel=\"prettyPhotos[rel-819235749]\" href=\"https:\/\/www.glaesener-betz.lu\/wp-content\/uploads\/2024\/02\/Pelletofen_wodtke_soleo.nrg_V12_Keramik_graphit_web.jpg\"><img src=\"https:\/\/www.glaesener-betz.lu\/wp-content\/uploads\/2024\/02\/Pelletofen_wodtke_soleo.nrg_V12_Keramik_graphit_web.jpg\" alt=\"\" \/><\/a><\/div><\/li><li  ><div style=\"height: 200px; width:280px;\"><a class=\"prettyphotos\" rel=\"prettyPhotos[rel-819235749]\" href=\"https:\/\/www.glaesener-betz.lu\/wp-content\/uploads\/2024\/02\/Pelletofen_wodtke_soleo.nrg_V12_Keramik_whitesilk_web.jpg\"><img src=\"https:\/\/www.glaesener-betz.lu\/wp-content\/uploads\/2024\/02\/Pelletofen_wodtke_soleo.nrg_V12_Keramik_whitesilk_web.jpg\" alt=\"\" \/><\/a><\/div><\/li><li  ><div style=\"height: 200px; width:280px;\"><a class=\"prettyphotos\" rel=\"prettyPhotos[rel-819235749]\" href=\"https:\/\/www.glaesener-betz.lu\/wp-content\/uploads\/2024\/02\/wodtke_Topline_New_Motion_web.jpg\"><img src=\"https:\/\/www.glaesener-betz.lu\/wp-content\/uploads\/2024\/02\/wodtke_Topline_New_Motion_web.jpg\" alt=\"\" \/><\/a><\/div><\/li><\/ul><\/div><div class=\"controls\"><a class=\"prev-slide\" href=\"#\"><span><i class=\"fa fa-angle-left\"><\/i><\/span><\/a><a class=\"next-slide\" href=\"#\"><span><i class=\"fa fa-angle-right\"><\/i><\/span><\/a><\/div><\/div>[\/vc_column][\/vc_row][vc_row css_animation=&#8220;&#8220; row_type=&#8220;row&#8220; use_row_as_full_screen_section=&#8220;no&#8220; type=&#8220;full_width&#8220; angled_section=&#8220;no&#8220; text_align=&#8220;left&#8220; background_image_as_pattern=&#8220;without_pattern&#8220; padding_bottom=&#8220;35&#8243;][vc_column][vc_separator type=&#8220;transparent&#8220; thickness=&#8220;5&#8243;][vc_column_text el_class=&#8220;.title_catalogue&#8220;]Unsere Markenpartner und Kataloge herunterladen:[\/vc_column_text][vc_row_inner row_type=&#8220;row&#8220; type=&#8220;full_width&#8220; text_align=&#8220;center&#8220; css_animation=&#8220;&#8220;][vc_column_inner][vc_single_image image=&#8220;396&#8243; img_size=&#8220;medium&#8220; alignment=&#8220;center&#8220; onclick=&#8220;custom_link&#8220; img_link_target=&#8220;_blank&#8220; qode_css_animation=&#8220;&#8220; link=&#8220;https:\/\/www.wodtke.com\/&#8220;][\/vc_column_inner][\/vc_row_inner][vc_column_text el_class=&#8220;.title_catalogue&#8220;]<\/p>\n<p style=\"text-align: center;\">Unsere Pellet\u00f6fen k\u00f6nnen Sie in unserer Ausstellung in Redingen\/Attert besichtigen.<\/p>\n<p>[\/vc_column_text][vc_separator type=&#8220;transparent&#8220; thickness=&#8220;5&#8243;][vc_column_text]Bei Glaesener-Betz erhalten Sie einen Rundum-Service, von der Auswahl bis zum Kundendienst!<\/p>\n<p>Unsere Fachmonteure liefern und installieren Ihren Ofen bis zu Ihnen nach Hause.<br \/>\nWir liefern Ihnen die Pellets (Sack, Palette) direkt zu Ihnen nach Hause.<\/p>\n<p style=\"text-align: left;\">Bestellen Sie Ihren Brennstoff direkt online hier oder telefonisch (+352) 23 64 64 506<\/p>\n<h4 style=\"text-align: center;\"><span style=\"font-size: 18pt;\"><i class=\"fa fa-shopping-cart\"><\/i><span style=\"font-size: 18pt;\">\u00a0\u00a0<a href=\"https:\/\/www.glaesener-betz.lu\/catalogue-uewenhaus\/\" target=\"_blank\" rel=\"noopener\">Bestellen Sie Ihren Brennstoff direkt online hier<\/a><\/span><\/span><\/h4>\n<p>&nbsp;<\/p>\n<p>Wir reinigen Ihren Schornstein, warten und reparieren Ihren Holz- oder Pelletofen, Ihren offenen Kamin oder Kamineinsatz.<\/p>\n<h4 style=\"text-align: center;\"><span style=\"font-size: 12pt;\"> <i class=\"fa fa-envelope\"> <\/i>\u00a0\u00a0<span style=\"font-size: 12pt;\"><a href=\"https:\/\/www.glaesener-betz.lu\/de\/kontakt-anfahrt\/\" target=\"_blank\" rel=\"noopener\">Vereinbaren Sie einen Termin mit uns. <\/a><\/span><\/span><\/h4>\n<p>&nbsp;<\/p>\n<h3><\/h3>\n<p>Pellets \u2013 kleine zylindrische St\u00e4bchen die unter hohem Druck aus S\u00e4gesp\u00e4nen gepresst werden \u2013 werden aus Holzabf\u00e4llen hergestellt. Sie bilden die Grundlage f\u00fcr die Technologie der Pellet\u00f6fen. Die Holzpellets besitzen eine hohe energetische Dichte und einen Brennwert von rund 5 kWh\/kg.<\/p>\n<p>&nbsp;<\/p>\n<p>Mit der Pelletofentechnologie ist es gelungen, mit der erneuerbaren Energiequelle Holzpellets als Brennstoff ein automatisches und regulierbares Heizsystem mit einem hocheffizienten Brennwert zu schaffen. Durch das Fenster dieser Pellet\u00f6fen l\u00e4sst sich das faszinierende Flammenspiel beobachten.<\/p>\n<p>&nbsp;<\/p>\n<p>&nbsp;<\/p>\n<h3>Man unterscheidet zwischen zwei Wirksamen Heizsystemen mit Pellets:<\/h3>\n<p>&nbsp;<\/p>\n<p><span style=\"text-decoration: underline;\">1.der luftgef\u00fchrte Pelletofen LUFT+<\/span><br \/>\nDer Pelletofen funktioniert als Kaminofen und wird als Zusatzheizung und in der Zwischensaison benutzt.<\/p>\n<p>&nbsp;<\/p>\n<p><span style=\"text-decoration: underline;\">2. Der wassergef\u00fchrte Pelletofen WATER+<\/span><br \/>\nDiese Pellet\u00f6fen verf\u00fcgen \u00fcber einen integrierten Wasser-W\u00e4rmetauscher. Damit k\u00f6nnen auch weiter entfernte R\u00e4ume beheizt werden, vor allem in Kombination mit anderen W\u00e4rmequellen, wie zum Beispiel Sonnenenergie.<br \/>\nSie finden bei uns das komplette Sortiment der Marke WODTKE WATER+<\/p>\n<p>&nbsp;<\/p>\n<p>In Niedrigenergie- oder Passivh\u00e4usern erh\u00e4lt die Pelletofentechnologie in der luftgef\u00fchrten Version noch eine besondere Bedeutung. Entscheidend f\u00fcr die Wahl Ihres Heizsystems ist Ihr Bedarf an Heizung und Brauchwasser. In den meisten europ\u00e4ischen L\u00e4ndern wir das Heizen mit Pellets subventioniert.<\/p>\n<p>&nbsp;<\/p>\n<p>Um sich zwischen den 2 Systemen zu entscheiden, m\u00fcssen Sie sich fragen, ob Sie damit in Ihrem Zuhause sowohl W\u00e4rme als auch warmes Wasser zur Verf\u00fcgung haben wollen oder ob Sie die behagliche W\u00e4rme lediglich in Ihrem Wohnzimmer genie\u00dfen m\u00f6chten.<\/p>\n<p>&nbsp;<\/p>\n<p>Die Pellet\u00f6fen ben\u00f6tigen stets einen Rauchabzug, entweder aus Schamottsteinen oder aus doppelwandigem Edelstahl.<\/p>\n<p>&nbsp;<\/p>\n<p><strong>Wir tragen das Label \u201eZertifizierter Passivhaushandwerker\u201d.<\/strong> So k\u00f6nnen wir Sie besser beraten und unsere Techniker sind Experten f\u00fcr den Bau und die Sanierung von Geb\u00e4uden mit hoher Energieeffizienz.<\/p>\n<p>&nbsp;<\/p>\n<p>&nbsp;<\/p>\n<p style=\"text-align: center;\"><img decoding=\"async\" loading=\"lazy\" class=\"alignnone size-medium wp-image-3858\" src=\"https:\/\/www.glaesener-betz.lu\/wp-content\/uploads\/2016\/02\/logo-energie-fir-dzukunft-300x300.jpg\" alt=\"logo-energie fir d'zukunft\" width=\"120\" height=\"120\" srcset=\"https:\/\/www.glaesener-betz.lu\/wp-content\/uploads\/2016\/02\/logo-energie-fir-dzukunft-300x300.jpg 300w, https:\/\/www.glaesener-betz.lu\/wp-content\/uploads\/2016\/02\/logo-energie-fir-dzukunft-100x100.jpg 100w, https:\/\/www.glaesener-betz.lu\/wp-content\/uploads\/2016\/02\/logo-energie-fir-dzukunft-600x600.jpg 600w, https:\/\/www.glaesener-betz.lu\/wp-content\/uploads\/2016\/02\/logo-energie-fir-dzukunft-150x150.jpg 150w, https:\/\/www.glaesener-betz.lu\/wp-content\/uploads\/2016\/02\/logo-energie-fir-dzukunft-768x768.jpg 768w, https:\/\/www.glaesener-betz.lu\/wp-content\/uploads\/2016\/02\/logo-energie-fir-dzukunft-570x570.jpg 570w, https:\/\/www.glaesener-betz.lu\/wp-content\/uploads\/2016\/02\/logo-energie-fir-dzukunft-500x500.jpg 500w, https:\/\/www.glaesener-betz.lu\/wp-content\/uploads\/2016\/02\/logo-energie-fir-dzukunft-700x700.jpg 700w, https:\/\/www.glaesener-betz.lu\/wp-content\/uploads\/2016\/02\/logo-energie-fir-dzukunft.jpg 1000w\" sizes=\"(max-width: 120px) 100vw, 120px\" \/><img decoding=\"async\" loading=\"lazy\" class=\"alignnone size-medium wp-image-3859\" src=\"https:\/\/www.glaesener-betz.lu\/wp-content\/uploads\/2016\/02\/logo-zertifierter-passivhaus-handwerker-300x300.jpg\" alt=\"logo-zertifierter-passivhaus-handwerker\" width=\"120\" height=\"120\" srcset=\"https:\/\/www.glaesener-betz.lu\/wp-content\/uploads\/2016\/02\/logo-zertifierter-passivhaus-handwerker-300x300.jpg 300w, https:\/\/www.glaesener-betz.lu\/wp-content\/uploads\/2016\/02\/logo-zertifierter-passivhaus-handwerker-100x100.jpg 100w, https:\/\/www.glaesener-betz.lu\/wp-content\/uploads\/2016\/02\/logo-zertifierter-passivhaus-handwerker-150x150.jpg 150w, https:\/\/www.glaesener-betz.lu\/wp-content\/uploads\/2016\/02\/logo-zertifierter-passivhaus-handwerker.jpg 500w\" sizes=\"(max-width: 120px) 100vw, 120px\" \/><\/p>\n<p>[\/vc_column_text][\/vc_column][\/vc_row]<\/p>\n<\/section>","protected":false},"excerpt":{"rendered":"<p>[vc_row css_animation=&#8220;&#8220; row_type=&#8220;row&#8220; use_row_as_full_screen_section=&#8220;no&#8220; type=&#8220;full_width&#8220; angled_section=&#8220;no&#8220; text_align=&#8220;right&#8220; background_image_as_pattern=&#8220;without_pattern&#8220; padding_bottom=&#8220;20&#8243;][vc_column width=&#8220;3\/4&#8243;][vc_column_text] PELLET\u00d6FEN [\/vc_column_text][\/vc_column][vc_column width=&#8220;1\/4&#8243;][\/vc_column][\/vc_row][vc_row css_animation=&#8220;&#8220; row_type=&#8220;row&#8220; use_row_as_full_screen_section=&#8220;no&#8220; type=&#8220;full_width&#8220; angled_section=&#8220;no&#8220; text_align=&#8220;left&#8220; background_image_as_pattern=&#8220;without_pattern&#8220;][vc_column el_class=&#8220;service-photo-slider&#8220;][\/vc_column][\/vc_row][vc_row css_animation=&#8220;&#8220; row_type=&#8220;row&#8220; use_row_as_full_screen_section=&#8220;no&#8220; type=&#8220;full_width&#8220; angled_section=&#8220;no&#8220; text_align=&#8220;left&#8220; background_image_as_pattern=&#8220;without_pattern&#8220; padding_bottom=&#8220;35&#8243;][vc_column][vc_separator type=&#8220;transparent&#8220; thickness=&#8220;5&#8243;][vc_column_text el_class=&#8220;.title_catalogue&#8220;]Unsere Markenpartner und Kataloge herunterladen:[\/vc_column_text][vc_row_inner row_type=&#8220;row&#8220; type=&#8220;full_width&#8220; text_align=&#8220;center&#8220; css_animation=&#8220;&#8220;][vc_column_inner][vc_single_image image=&#8220;396&#8243; img_size=&#8220;medium&#8220; alignment=&#8220;center&#8220; onclick=&#8220;custom_link&#8220; img_link_target=&#8220;_blank&#8220;&#8230;<\/p>\n","protected":false},"author":2,"featured_media":0,"parent":5103,"menu_order":0,"comment_status":"closed","ping_status":"closed","template":"","meta":[],"_links":{"self":[{"href":"https:\/\/www.glaesener-betz.lu\/de\/wp-json\/wp\/v2\/pages\/5090"}],"collection":[{"href":"https:\/\/www.glaesener-betz.lu\/de\/wp-json\/wp\/v2\/pages"}],"about":[{"href":"https:\/\/www.glaesener-betz.lu\/de\/wp-json\/wp\/v2\/types\/page"}],"author":[{"embeddable":true,"href":"https:\/\/www.glaesener-betz.lu\/de\/wp-json\/wp\/v2\/users\/2"}],"replies":[{"embeddable":true,"href":"https:\/\/www.glaesener-betz.lu\/de\/wp-json\/wp\/v2\/comments?post=5090"}],"version-history":[{"count":11,"href":"https:\/\/www.glaesener-betz.lu\/de\/wp-json\/wp\/v2\/pages\/5090\/revisions"}],"predecessor-version":[{"id":9149,"href":"https:\/\/www.glaesener-betz.lu\/de\/wp-json\/wp\/v2\/pages\/5090\/revisions\/9149"}],"up":[{"embeddable":true,"href":"https:\/\/www.glaesener-betz.lu\/de\/wp-json\/wp\/v2\/pages\/5103"}],"wp:attachment":[{"href":"https:\/\/www.glaesener-betz.lu\/de\/wp-json\/wp\/v2\/media?parent=5090"}],"curies":[{"name":"wp","href":"https:\/\/api.w.org\/{rel}","templated":true}]}}