{"id":5089,"date":"2016-03-16T10:43:01","date_gmt":"2016-03-16T09:43:01","guid":{"rendered":"https:\/\/www.glaesener-betz.lu\/conduits-grilles-plaques\/"},"modified":"2024-09-10T10:53:21","modified_gmt":"2024-09-10T09:53:21","slug":"leitungen-gitter-bleche","status":"publish","type":"page","link":"https:\/\/www.glaesener-betz.lu\/de\/services\/ofenhaus\/leitungen-gitter-bleche\/","title":{"rendered":"LEITUNGEN UND ZUBEH\u00d6R"},"content":{"rendered":"<section class=\"wpb-content-wrapper\"><p>[vc_row css_animation=&#8220;&#8220; row_type=&#8220;row&#8220; use_row_as_full_screen_section=&#8220;no&#8220; type=&#8220;full_width&#8220; angled_section=&#8220;no&#8220; text_align=&#8220;right&#8220; background_image_as_pattern=&#8220;without_pattern&#8220;][vc_column width=&#8220;3\/4&#8243;][vc_column_text]<\/p>\n<h1 style=\"text-align: left;\">LEITUNGEN UND ZUBEH\u00d6R<\/h1>\n<p>[\/vc_column_text][\/vc_column][vc_column width=&#8220;1\/4&#8243;]<a  href=\"https:\/\/www.glaesener-betz.lu\/de\/services\/ofenhaus\/\" target=\"_self\" data-hover-background-color=#153d8a data-hover-border-color=#153d8a data-hover-color=#ffffff class=\"qbutton  small center\" style=\"color: #ffffff; border-color: #153d8a; font-style: normal; border-radius: 0px;-moz-border-radius: 0px;-webkit-border-radius: 0px; background-color: #153d8a;\">retour<i class=\"fa fa-arrow-left\" style=\"color: #ffffff;\"><\/i><\/a>[\/vc_column][\/vc_row][vc_row css_animation=&#8220;&#8220; row_type=&#8220;row&#8220; use_row_as_full_screen_section=&#8220;no&#8220; type=&#8220;full_width&#8220; angled_section=&#8220;no&#8220; text_align=&#8220;left&#8220; background_image_as_pattern=&#8220;without_pattern&#8220; css=&#8220;.vc_custom_1464947609426{margin-top: 20px !important;}&#8220;][vc_column el_class=&#8220;service-photo-slider&#8220;]<div class='qode_image_gallery_no_space dark'><div class='qode_image_gallery_holder' style='height: 200px;'><ul  ><li  ><div style=\"height: 200px; width:143px;\"><a class=\"prettyphotos\" rel=\"prettyPhotos[rel-449662698]\" href=\"https:\/\/www.glaesener-betz.lu\/wp-content\/uploads\/2016\/03\/Jeremias-1.png\"><img src=\"https:\/\/www.glaesener-betz.lu\/wp-content\/uploads\/2016\/03\/Jeremias-1.png\" alt=\"Chez Glaesener-Betz : conduits de fum\u00e9e, grilles de ventilation, plaques antifeu, conduits, ... pour professionnels.\" \/><\/a><\/div><\/li><li  ><div style=\"height: 200px; width:300px;\"><a class=\"prettyphotos\" rel=\"prettyPhotos[rel-449662698]\" href=\"https:\/\/www.glaesener-betz.lu\/wp-content\/uploads\/2016\/03\/Sortie_toit_inox_inox.jpg\"><img src=\"https:\/\/www.glaesener-betz.lu\/wp-content\/uploads\/2016\/03\/Sortie_toit_inox_inox.jpg\" alt=\"Chez Glaesener-Betz : conduits de fum\u00e9e, grilles de ventilation, plaques antifeu, conduits, ... pour professionnels.\" \/><\/a><\/div><\/li><li  ><div style=\"height: 200px; width:200px;\"><a class=\"prettyphotos\" rel=\"prettyPhotos[rel-449662698]\" href=\"https:\/\/www.glaesener-betz.lu\/wp-content\/uploads\/2016\/03\/tubage-cheminee.jpg\"><img src=\"https:\/\/www.glaesener-betz.lu\/wp-content\/uploads\/2016\/03\/tubage-cheminee.jpg\" alt=\"Glaesener-Betz s'occupe de vos tubages et ramonages de chemin\u00e9es.\" \/><\/a><\/div><\/li><li  ><div style=\"height: 200px; width:303px;\"><a class=\"prettyphotos\" rel=\"prettyPhotos[rel-449662698]\" href=\"https:\/\/www.glaesener-betz.lu\/wp-content\/uploads\/2016\/03\/DSC_3963.jpg\"><img src=\"https:\/\/www.glaesener-betz.lu\/wp-content\/uploads\/2016\/03\/DSC_3963.jpg\" alt=\"Chez Glaesener-Betz, gr\u00e2ce \u00e0 notre stock de pi\u00e8ces de rechange, nous vous d\u00e9pannerons rapidement.\" \/><\/a><\/div><\/li><\/ul><\/div><div class=\"controls\"><a class=\"prev-slide\" href=\"#\"><span><i class=\"fa fa-angle-left\"><\/i><\/span><\/a><a class=\"next-slide\" href=\"#\"><span><i class=\"fa fa-angle-right\"><\/i><\/span><\/a><\/div><\/div>[\/vc_column][\/vc_row][vc_row css_animation=&#8220;&#8220; row_type=&#8220;row&#8220; use_row_as_full_screen_section=&#8220;no&#8220; type=&#8220;full_width&#8220; angled_section=&#8220;no&#8220; text_align=&#8220;left&#8220; background_image_as_pattern=&#8220;without_pattern&#8220; padding_bottom=&#8220;35&#8243;][vc_column][vc_separator type=&#8220;transparent&#8220; thickness=&#8220;5&#8243;][vc_column_text el_class=&#8220;.title_catalogue&#8220;]Unsere Markenpartner[\/vc_column_text][vc_separator type=&#8220;transparent&#8220; thickness=&#8220;5&#8243;][\/vc_column][\/vc_row][vc_row css_animation=&#8220;&#8220; row_type=&#8220;row&#8220; use_row_as_full_screen_section=&#8220;no&#8220; type=&#8220;full_width&#8220; angled_section=&#8220;no&#8220; text_align=&#8220;left&#8220; background_image_as_pattern=&#8220;without_pattern&#8220; padding_bottom=&#8220;35&#8243;][vc_column offset=&#8220;vc_hidden-sm vc_hidden-xs&#8220;][vc_row_inner row_type=&#8220;row&#8220; type=&#8220;full_width&#8220; text_align=&#8220;left&#8220; css_animation=&#8220;&#8220;][vc_column_inner width=&#8220;1\/6&#8243;][vc_single_image image=&#8220;420&#8243; img_size=&#8220;full&#8220; alignment=&#8220;center&#8220; onclick=&#8220;custom_link&#8220; img_link_target=&#8220;_blank&#8220; qode_css_animation=&#8220;&#8220; link=&#8220;http:\/\/jeremias.de\/produkte\/&#8220;][\/vc_column_inner][vc_column_inner width=&#8220;1\/6&#8243;][vc_single_image image=&#8220;421&#8243; img_size=&#8220;full&#8220; alignment=&#8220;center&#8220; onclick=&#8220;custom_link&#8220; img_link_target=&#8220;_blank&#8220; qode_css_animation=&#8220;&#8220; link=&#8220;http:\/\/www.silca-online.de\/Hfs\/de\/downloads.htm&#8220;][\/vc_column_inner][vc_column_inner width=&#8220;1\/6&#8243;][vc_single_image image=&#8220;422&#8243; img_size=&#8220;full&#8220; alignment=&#8220;center&#8220; onclick=&#8220;custom_link&#8220; img_link_target=&#8220;_blank&#8220; qode_css_animation=&#8220;&#8220; link=&#8220;http:\/\/www.cb-tec.de\/&#8220;][\/vc_column_inner][vc_column_inner width=&#8220;1\/6&#8243;][vc_single_image image=&#8220;423&#8243; img_size=&#8220;full&#8220; alignment=&#8220;center&#8220; onclick=&#8220;custom_link&#8220; img_link_target=&#8220;_blank&#8220; qode_css_animation=&#8220;&#8220; link=&#8220;http:\/\/www.tona-schornsteine.de\/de\/Produkte\/Schornsteinfinder.html&#8220;][\/vc_column_inner][vc_column_inner width=&#8220;1\/6&#8243;][vc_single_image image=&#8220;424&#8243; img_size=&#8220;full&#8220; alignment=&#8220;center&#8220; onclick=&#8220;custom_link&#8220; img_link_target=&#8220;_blank&#8220; qode_css_animation=&#8220;&#8220; link=&#8220;http:\/\/www.ubbink.fr\/Produits\/Evacuation-des-fumees\/Solutions-logements-individuels.aspx&#8220;][\/vc_column_inner][vc_column_inner width=&#8220;1\/6&#8243;][vc_single_image image=&#8220;9325&#8243; img_size=&#8220;full&#8220; alignment=&#8220;center&#8220; onclick=&#8220;custom_link&#8220; img_link_target=&#8220;_blank&#8220; qode_css_animation=&#8220;&#8220; link=&#8220;http:\/\/www.ubbink.fr\/Produits\/Evacuation-des-fumees\/Solutions-logements-individuels.aspx&#8220;][\/vc_column_inner][\/vc_row_inner][\/vc_column][\/vc_row][vc_row css_animation=&#8220;&#8220; row_type=&#8220;row&#8220; use_row_as_full_screen_section=&#8220;no&#8220; type=&#8220;full_width&#8220; angled_section=&#8220;no&#8220; text_align=&#8220;left&#8220; background_image_as_pattern=&#8220;without_pattern&#8220;][vc_column offset=&#8220;vc_hidden-lg vc_hidden-md&#8220;][vc_gallery interval=&#8220;3&#8243; images=&#8220;420,421,422,423,424,9325&#8243; img_size=&#8220;full&#8220;][\/vc_column][\/vc_row][vc_row css_animation=&#8220;&#8220; row_type=&#8220;row&#8220; use_row_as_full_screen_section=&#8220;no&#8220; type=&#8220;full_width&#8220; angled_section=&#8220;no&#8220; text_align=&#8220;left&#8220; background_image_as_pattern=&#8220;without_pattern&#8220; padding_bottom=&#8220;35&#8243;][vc_column][vc_separator type=&#8220;transparent&#8220; thickness=&#8220;5&#8243;][vc_separator type=&#8220;transparent&#8220; thickness=&#8220;5&#8243;][vc_column_text]Bei uns finden Sie alles, was Sie f\u00fcr die Installation von \u00d6fen und Kaminen ben\u00f6tigen:<\/p>\n<p>&nbsp;<\/p>\n<p>&nbsp;<\/p>\n<ul>\n<li>Jeremias : ein- und doppelwandige Edelstahl-Rauchrohre, flexible Verrohrung, schwarze Pelletd\u00fcsen,..<\/li>\n<li>Tona : DiBt-zertifizierte, gemauerte Schornsteine mit integriertem Lufteinlass.<\/li>\n<li>M\u00f6ck : D\u00fcsen aus schwarz oder garu lackiertem Stahl.<\/li>\n<li>Ubbink : Kunstoffrohre f\u00fcr Heizkessel.<\/li>\n<li>CB-TEC : L\u00fcftungsgitter, Anschl\u00fcsse f\u00fcr Luftungen,..<\/li>\n<li>Silca : isolierende Brandschutzplatten aus Kalziumsilicat f\u00fcr den Bau von Schornsteinen, Klebstoffe, Grundierung,&#8230;<\/li>\n<\/ul>\n<p>&nbsp;<\/p>\n<p>Grosses Sortiment in Redange\/Attert.<\/p>\n<p>&nbsp;<\/p>\n<h4><span style=\"font-size: 11pt;\"><i class=\"fa fa-phone\"> <i class=\"fa fa-envelope\"> <\/i><\/i>\u00a0\u00a0<span style=\"font-size: 11pt;\"><a href=\"https:\/\/www.glaesener-betz.lu\/de\/kontakt-anfahrt\/\" target=\"_blank\" rel=\"noopener\">Kontaktieren Sie f\u00fcr weitere Informationen.<\/a><\/span><\/span><\/h4>\n<p>[\/vc_column_text][\/vc_column][\/vc_row]<\/p>\n<\/section>","protected":false},"excerpt":{"rendered":"<p>[vc_row css_animation=&#8220;&#8220; row_type=&#8220;row&#8220; use_row_as_full_screen_section=&#8220;no&#8220; type=&#8220;full_width&#8220; angled_section=&#8220;no&#8220; text_align=&#8220;right&#8220; background_image_as_pattern=&#8220;without_pattern&#8220;][vc_column width=&#8220;3\/4&#8243;][vc_column_text] LEITUNGEN UND ZUBEH\u00d6R [\/vc_column_text][\/vc_column][vc_column width=&#8220;1\/4&#8243;][\/vc_column][\/vc_row][vc_row css_animation=&#8220;&#8220; row_type=&#8220;row&#8220; use_row_as_full_screen_section=&#8220;no&#8220; type=&#8220;full_width&#8220; angled_section=&#8220;no&#8220; text_align=&#8220;left&#8220; background_image_as_pattern=&#8220;without_pattern&#8220; css=&#8220;.vc_custom_1464947609426{margin-top: 20px !important;}&#8220;][vc_column el_class=&#8220;service-photo-slider&#8220;][\/vc_column][\/vc_row][vc_row css_animation=&#8220;&#8220; row_type=&#8220;row&#8220; use_row_as_full_screen_section=&#8220;no&#8220; type=&#8220;full_width&#8220; angled_section=&#8220;no&#8220; text_align=&#8220;left&#8220; background_image_as_pattern=&#8220;without_pattern&#8220; padding_bottom=&#8220;35&#8243;][vc_column][vc_separator type=&#8220;transparent&#8220; thickness=&#8220;5&#8243;][vc_column_text el_class=&#8220;.title_catalogue&#8220;]Unsere Markenpartner[\/vc_column_text][vc_separator type=&#8220;transparent&#8220; thickness=&#8220;5&#8243;][\/vc_column][\/vc_row][vc_row css_animation=&#8220;&#8220; row_type=&#8220;row&#8220; use_row_as_full_screen_section=&#8220;no&#8220; type=&#8220;full_width&#8220; angled_section=&#8220;no&#8220; text_align=&#8220;left&#8220;&#8230;<\/p>\n","protected":false},"author":2,"featured_media":0,"parent":5103,"menu_order":0,"comment_status":"closed","ping_status":"closed","template":"","meta":[],"_links":{"self":[{"href":"https:\/\/www.glaesener-betz.lu\/de\/wp-json\/wp\/v2\/pages\/5089"}],"collection":[{"href":"https:\/\/www.glaesener-betz.lu\/de\/wp-json\/wp\/v2\/pages"}],"about":[{"href":"https:\/\/www.glaesener-betz.lu\/de\/wp-json\/wp\/v2\/types\/page"}],"author":[{"embeddable":true,"href":"https:\/\/www.glaesener-betz.lu\/de\/wp-json\/wp\/v2\/users\/2"}],"replies":[{"embeddable":true,"href":"https:\/\/www.glaesener-betz.lu\/de\/wp-json\/wp\/v2\/comments?post=5089"}],"version-history":[{"count":19,"href":"https:\/\/www.glaesener-betz.lu\/de\/wp-json\/wp\/v2\/pages\/5089\/revisions"}],"predecessor-version":[{"id":9334,"href":"https:\/\/www.glaesener-betz.lu\/de\/wp-json\/wp\/v2\/pages\/5089\/revisions\/9334"}],"up":[{"embeddable":true,"href":"https:\/\/www.glaesener-betz.lu\/de\/wp-json\/wp\/v2\/pages\/5103"}],"wp:attachment":[{"href":"https:\/\/www.glaesener-betz.lu\/de\/wp-json\/wp\/v2\/media?parent=5089"}],"curies":[{"name":"wp","href":"https:\/\/api.w.org\/{rel}","templated":true}]}}