{"id":5084,"date":"2016-03-16T13:38:42","date_gmt":"2016-03-16T12:38:42","guid":{"rendered":"https:\/\/www.glaesener-betz.lu\/bois-2\/"},"modified":"2018-07-26T14:37:42","modified_gmt":"2018-07-26T13:37:42","slug":"holz","status":"publish","type":"page","link":"https:\/\/www.glaesener-betz.lu\/de\/services\/dach\/holz\/","title":{"rendered":"HOLZ"},"content":{"rendered":"<section class=\"wpb-content-wrapper\"><p>[vc_row css_animation=&#8220;&#8220; row_type=&#8220;row&#8220; use_row_as_full_screen_section=&#8220;no&#8220; type=&#8220;full_width&#8220; angled_section=&#8220;no&#8220; text_align=&#8220;right&#8220; background_image_as_pattern=&#8220;without_pattern&#8220;][vc_column width=&#8220;3\/4&#8243;][vc_column_text]<\/p>\n<h1 style=\"text-align: left;\">Holz<\/h1>\n<p>[\/vc_column_text][\/vc_column][vc_column width=&#8220;1\/4&#8243;]<a  href=\" https:\/\/www.glaesener-betz.lu\/de\/services\/dach\/\" target=\"_self\" data-hover-background-color=#153d8a data-hover-border-color=#153d8a data-hover-color=#ffffff class=\"qbutton  small center\" style=\"color: #ffffff; border-color: #153d8a; font-style: normal; border-radius: 5px;-moz-border-radius: 5px;-webkit-border-radius: 5px; background-color: #153d8a;\">retour<i class=\"fa fa-arrow-left\" style=\"color: #ffffff;\"><\/i><\/a>[\/vc_column][\/vc_row][vc_row css_animation=&#8220;&#8220; row_type=&#8220;row&#8220; use_row_as_full_screen_section=&#8220;no&#8220; type=&#8220;full_width&#8220; angled_section=&#8220;no&#8220; text_align=&#8220;left&#8220; background_image_as_pattern=&#8220;without_pattern&#8220; css=&#8220;.vc_custom_1464949917401{margin-top: 20px !important;}&#8220;][vc_column el_class=&#8220;service-photo-slider&#8220;]<div class='qode_image_gallery_no_space dark'><div class='qode_image_gallery_holder' style='height: 200px;'><ul  ><li  ><div style=\"height: 200px; width:127px;\"><a class=\"prettyphotos\" rel=\"prettyPhotos[rel-54415057]\" href=\"https:\/\/www.glaesener-betz.lu\/wp-content\/uploads\/2016\/03\/36000-RUE-DE-STRASBOURG-010-bis-4.jpg\"><img src=\"https:\/\/www.glaesener-betz.lu\/wp-content\/uploads\/2016\/03\/36000-RUE-DE-STRASBOURG-010-bis-4.jpg\" alt=\"Glaesener-Betz vous livre vos bois de charpente, isolation toiture, tuiles directement sur toiture avec nos camions-grues !\" \/><\/a><\/div><\/li><li  ><div style=\"height: 200px; width:302px;\"><a class=\"prettyphotos\" rel=\"prettyPhotos[rel-54415057]\" href=\"https:\/\/www.glaesener-betz.lu\/wp-content\/uploads\/2016\/11\/DSC_7724.png\"><img src=\"https:\/\/www.glaesener-betz.lu\/wp-content\/uploads\/2016\/11\/DSC_7724.png\" alt=\"Poutrelles KVH et lamell\u00e9s coll\u00e9s de stock dans notre d\u00e9p\u00f4t\" \/><\/a><\/div><\/li><li  ><div style=\"height: 200px; width:301px;\"><a class=\"prettyphotos\" rel=\"prettyPhotos[rel-54415057]\" href=\"https:\/\/www.glaesener-betz.lu\/wp-content\/uploads\/2016\/11\/DSC_7728-Copier.jpg\"><img src=\"https:\/\/www.glaesener-betz.lu\/wp-content\/uploads\/2016\/11\/DSC_7728-Copier.jpg\" alt=\"D\u00e9coupe sur mesure de vos bois de charpente avec notre scie circulaire.\" \/><\/a><\/div><\/li><li  ><div style=\"height: 200px; width:274px;\"><a class=\"prettyphotos\" rel=\"prettyPhotos[rel-54415057]\" href=\"https:\/\/www.glaesener-betz.lu\/wp-content\/uploads\/2016\/04\/b7b0b0f4504f3d63ace6a52d690417d7.jpg\"><img src=\"https:\/\/www.glaesener-betz.lu\/wp-content\/uploads\/2016\/04\/b7b0b0f4504f3d63ace6a52d690417d7.jpg\" alt=\"\" \/><\/a><\/div><\/li><li  ><div style=\"height: 200px; width:281px;\"><a class=\"prettyphotos\" rel=\"prettyPhotos[rel-54415057]\" href=\"https:\/\/www.glaesener-betz.lu\/wp-content\/uploads\/2016\/11\/photo-panneauteuse.jpg\"><img src=\"https:\/\/www.glaesener-betz.lu\/wp-content\/uploads\/2016\/11\/photo-panneauteuse.jpg\" alt=\"Panneauteuse pour une d\u00e9coupe sur mesure de vos grands panneaux osb et contre-plaqu\u00e9s\" \/><\/a><\/div><\/li><li  ><div style=\"height: 200px; width:267px;\"><a class=\"prettyphotos\" rel=\"prettyPhotos[rel-54415057]\" href=\"https:\/\/www.glaesener-betz.lu\/wp-content\/uploads\/2016\/03\/DSCN0487-1.jpg\"><img src=\"https:\/\/www.glaesener-betz.lu\/wp-content\/uploads\/2016\/03\/DSCN0487-1.jpg\" alt=\"\" \/><\/a><\/div><\/li><li  ><div style=\"height: 200px; width:303px;\"><a class=\"prettyphotos\" rel=\"prettyPhotos[rel-54415057]\" href=\"https:\/\/www.glaesener-betz.lu\/wp-content\/uploads\/2016\/03\/bois-KVH-1.jpg\"><img src=\"https:\/\/www.glaesener-betz.lu\/wp-content\/uploads\/2016\/03\/bois-KVH-1.jpg\" alt=\"\" \/><\/a><\/div><\/li><li  ><div style=\"height: 200px; width:302px;\"><a class=\"prettyphotos\" rel=\"prettyPhotos[rel-54415057]\" href=\"https:\/\/www.glaesener-betz.lu\/wp-content\/uploads\/2016\/04\/abri_voiture_bilam_1pente_300x500.jpg\"><img src=\"https:\/\/www.glaesener-betz.lu\/wp-content\/uploads\/2016\/04\/abri_voiture_bilam_1pente_300x500.jpg\" alt=\"\" \/><\/a><\/div><\/li><li  ><div style=\"height: 200px; width:301px;\"><a class=\"prettyphotos\" rel=\"prettyPhotos[rel-54415057]\" href=\"https:\/\/www.glaesener-betz.lu\/wp-content\/uploads\/2016\/11\/DSC_7735-Copier.jpg\"><img src=\"https:\/\/www.glaesener-betz.lu\/wp-content\/uploads\/2016\/11\/DSC_7735-Copier.jpg\" alt=\"Bois de charpente dans notre d\u00e9p\u00f4t\" \/><\/a><\/div><\/li><li  ><div style=\"height: 200px; width:200px;\"><a class=\"prettyphotos\" rel=\"prettyPhotos[rel-54415057]\" href=\"https:\/\/www.glaesener-betz.lu\/wp-content\/uploads\/2018\/06\/Koralan-Holzoel-spezial.png\"><img src=\"https:\/\/www.glaesener-betz.lu\/wp-content\/uploads\/2018\/06\/Koralan-Holzoel-spezial.png\" alt=\"\" \/><\/a><\/div><\/li><li  ><div style=\"height: 200px; width:301px;\"><a class=\"prettyphotos\" rel=\"prettyPhotos[rel-54415057]\" href=\"https:\/\/www.glaesener-betz.lu\/wp-content\/uploads\/2016\/03\/DSC_7621.jpg\"><img src=\"https:\/\/www.glaesener-betz.lu\/wp-content\/uploads\/2016\/03\/DSC_7621.jpg\" alt=\"\" \/><\/a><\/div><\/li><li  ><div style=\"height: 200px; width:301px;\"><a class=\"prettyphotos\" rel=\"prettyPhotos[rel-54415057]\" href=\"https:\/\/www.glaesener-betz.lu\/wp-content\/uploads\/2016\/11\/DSC_7734-Copier.jpg\"><img src=\"https:\/\/www.glaesener-betz.lu\/wp-content\/uploads\/2016\/11\/DSC_7734-Copier.jpg\" alt=\"Bois de charpente dans notre d\u00e9p\u00f4t\" \/><\/a><\/div><\/li><\/ul><\/div><div class=\"controls\"><a class=\"prev-slide\" href=\"#\"><span><i class=\"fa fa-angle-left\"><\/i><\/span><\/a><a class=\"next-slide\" href=\"#\"><span><i class=\"fa fa-angle-right\"><\/i><\/span><\/a><\/div><\/div>[\/vc_column][\/vc_row][vc_row css_animation=&#8220;&#8220; row_type=&#8220;row&#8220; use_row_as_full_screen_section=&#8220;no&#8220; type=&#8220;full_width&#8220; angled_section=&#8220;no&#8220; text_align=&#8220;left&#8220; background_image_as_pattern=&#8220;without_pattern&#8220; padding_bottom=&#8220;15&#8243;][vc_column][vc_separator type=&#8220;transparent&#8220; thickness=&#8220;10&#8243;][vc_column_text el_class=&#8220;.title_catalogue&#8220;]Unsere Markenpartner[\/vc_column_text][vc_separator type=&#8220;transparent&#8220; thickness=&#8220;10&#8243;][\/vc_column][\/vc_row][vc_row css_animation=&#8220;&#8220; row_type=&#8220;row&#8220; use_row_as_full_screen_section=&#8220;no&#8220; type=&#8220;full_width&#8220; angled_section=&#8220;no&#8220; text_align=&#8220;left&#8220; background_image_as_pattern=&#8220;without_pattern&#8220;][vc_column offset=&#8220;vc_hidden-lg vc_hidden-md&#8220;][vc_gallery interval=&#8220;3&#8243; images=&#8220;2487,2500,2764,2733&#8243; img_size=&#8220;full&#8220;][\/vc_column][\/vc_row][vc_row css_animation=&#8220;&#8220; row_type=&#8220;row&#8220; use_row_as_full_screen_section=&#8220;no&#8220; type=&#8220;full_width&#8220; angled_section=&#8220;no&#8220; text_align=&#8220;left&#8220; background_image_as_pattern=&#8220;without_pattern&#8220; padding_bottom=&#8220;15&#8243;][vc_column offset=&#8220;vc_hidden-sm vc_hidden-xs&#8220;][vc_row_inner row_type=&#8220;row&#8220; type=&#8220;full_width&#8220; text_align=&#8220;left&#8220; css_animation=&#8220;&#8220;][vc_column_inner width=&#8220;1\/3&#8243;][vc_single_image image=&#8220;2487&#8243; img_size=&#8220;full&#8220; alignment=&#8220;center&#8220; onclick=&#8220;custom_link&#8220; img_link_target=&#8220;_blank&#8220; qode_css_animation=&#8220;&#8220;][\/vc_column_inner][vc_column_inner width=&#8220;1\/3&#8243;][vc_single_image image=&#8220;2500&#8243; img_size=&#8220;full&#8220; alignment=&#8220;center&#8220; onclick=&#8220;custom_link&#8220; img_link_target=&#8220;_blank&#8220; qode_css_animation=&#8220;&#8220;][\/vc_column_inner][vc_column_inner width=&#8220;1\/3&#8243;][vc_single_image image=&#8220;2764&#8243; img_size=&#8220;full&#8220; alignment=&#8220;center&#8220; onclick=&#8220;custom_link&#8220; img_link_target=&#8220;_blank&#8220; qode_css_animation=&#8220;&#8220;][\/vc_column_inner][\/vc_row_inner][vc_row_inner row_type=&#8220;row&#8220; type=&#8220;full_width&#8220; text_align=&#8220;left&#8220; css_animation=&#8220;&#8220;][vc_column_inner width=&#8220;1\/3&#8243;][vc_single_image image=&#8220;2733&#8243; img_size=&#8220;full&#8220; alignment=&#8220;center&#8220; onclick=&#8220;custom_link&#8220; img_link_target=&#8220;_blank&#8220; qode_css_animation=&#8220;&#8220;][\/vc_column_inner][vc_column_inner width=&#8220;1\/3&#8243;][vc_single_image image=&#8220;6863&#8243; img_size=&#8220;full&#8220; alignment=&#8220;center&#8220; onclick=&#8220;custom_link&#8220; img_link_target=&#8220;_blank&#8220; qode_css_animation=&#8220;&#8220; link=&#8220;https:\/\/www.kora-holzschutz.de\/&#8220;][\/vc_column_inner][vc_column_inner width=&#8220;1\/3&#8243;][\/vc_column_inner][\/vc_row_inner][\/vc_column][\/vc_row][vc_row css_animation=&#8220;&#8220; row_type=&#8220;row&#8220; use_row_as_full_screen_section=&#8220;no&#8220; type=&#8220;full_width&#8220; angled_section=&#8220;no&#8220; text_align=&#8220;left&#8220; background_image_as_pattern=&#8220;without_pattern&#8220; padding_bottom=&#8220;35&#8243;][vc_column][vc_separator type=&#8220;transparent&#8220; thickness=&#8220;5&#8243;][vc_column_text]Wir haben eine gro\u00dfe Auswahl an Nutzholz, Bauholz, Holzplatten:<\/p>\n<p>&nbsp;<\/p>\n<ul>\n<li><span style=\"text-decoration: underline;\">Nutzholz:<\/span> s\u00e4gefrisch, auf Ma\u00df geschnitten<\/li>\n<\/ul>\n<p>&nbsp;<\/p>\n<ul>\n<li><span style=\"text-decoration: underline;\">Balken KVH und Schichtholz<\/span> geklebt <strong>von 5m bis 16 Meter L\u00e4nge und 4 bis 24 cm Durchmesser auf Lager.<br \/>\n<\/strong>Sie werden <strong>in unserem Lager<\/strong> in Redingen\/Attert <strong>auf Ma\u00df geschnitten<\/strong> und <strong>mit unseren Kranlastwagen direkt auf Ihr Dach<\/strong> (oder in die oberste Etage) <strong>geliefert.<br \/>\n<\/strong>Das KVH Holz ist gehobelt, verbunden und mit einem Feuchtigkeitsgehalt von 15% (+-3%) getrocknet.<\/li>\n<\/ul>\n<p>&nbsp;<\/p>\n<ul>\n<li><span style=\"text-decoration: underline;\">OSB3-Platten, Holzspanplatten, folierte Platten, Sperrholzplatten.<br \/>\n<\/span>Diese Platten werden f\u00fcr Holzger\u00fcste, Fassaden, Fu\u00dfb\u00f6den, Unterb\u00f6den, W\u00e4nde, Unterd\u00e4cher und Renovierungen verwendet.<\/li>\n<\/ul>\n<p>&nbsp;<\/p>\n<p style=\"text-align: left;\">M\u00f6chten Sie Ihren Holzschuppen, Ihre Pergola oder Ihr Gartenh\u00e4uschen selbst bauen?<br \/>\nKommen Sie mit Ihren Ma\u00dfen (L\u00e4nge, Breite, H\u00f6he) und Ihren Anforderungen zu uns und <strong>wir berechnen und zeichnen Ihr Projekt<\/strong>.<br \/>\nWir schneiden auch das Holz nach Ihren Ma\u00dfen und liefern es Ihnen frei Haus.<\/p>\n<p><img decoding=\"async\" loading=\"lazy\" class=\"aligncenter wp-image-1609 size-thumbnail\" src=\"https:\/\/www.glaesener-betz.lu\/wp-content\/uploads\/2016\/04\/abri_voiture_bilam_1pente_300x500-150x150.jpg\" alt=\"toiture_charpente bois\" width=\"150\" height=\"150\" srcset=\"https:\/\/www.glaesener-betz.lu\/wp-content\/uploads\/2016\/04\/abri_voiture_bilam_1pente_300x500-150x150.jpg 150w, https:\/\/www.glaesener-betz.lu\/wp-content\/uploads\/2016\/04\/abri_voiture_bilam_1pente_300x500-300x300.jpg 300w, https:\/\/www.glaesener-betz.lu\/wp-content\/uploads\/2016\/04\/abri_voiture_bilam_1pente_300x500-100x100.jpg 100w, https:\/\/www.glaesener-betz.lu\/wp-content\/uploads\/2016\/04\/abri_voiture_bilam_1pente_300x500-570x570.jpg 570w, https:\/\/www.glaesener-betz.lu\/wp-content\/uploads\/2016\/04\/abri_voiture_bilam_1pente_300x500-600x598.jpg 600w, https:\/\/www.glaesener-betz.lu\/wp-content\/uploads\/2016\/04\/abri_voiture_bilam_1pente_300x500-500x500.jpg 500w\" sizes=\"(max-width: 150px) 100vw, 150px\" \/><\/p>\n<p>&nbsp;<\/p>\n<h4 style=\"text-align: left;\"><span style=\"font-size: 11pt;\"><i class=\"fa fa-phone\"> <i class=\"fa fa-envelope\"> <\/i><\/i>\u00a0\u00a0<span style=\"font-size: 11pt;\"><a href=\"https:\/\/www.glaesener-betz.lu\/de\/kontakt-anfahrt\/\" target=\"_blank\" rel=\"noopener\">Kontaktieren Sie direkt unsere Fachleute f\u00fcr das Dach f\u00fcr weitere Informationen.<\/a><\/span><\/span><\/h4>\n<p>[\/vc_column_text][\/vc_column][\/vc_row][vc_row css_animation=&#8220;&#8220; row_type=&#8220;row&#8220; use_row_as_full_screen_section=&#8220;no&#8220; type=&#8220;full_width&#8220; angled_section=&#8220;no&#8220; text_align=&#8220;center&#8220; background_image_as_pattern=&#8220;without_pattern&#8220; padding_bottom=&#8220;45&#8243;][vc_column][vc_column_text el_class=&#8220;.title_catalogue&#8220;]Aktualit\u00e4ten[\/vc_column_text][vc_separator type=&#8220;transparent&#8220; thickness=&#8220;10&#8243;]<div class='latest_post_holder boxes three_columns two_rows'><ul><li class=\"clearfix\"><div class=\"latest_news\"><h5 class=\"latest_news_title \"><a href=\"https:\/\/www.glaesener-betz.lu\/de\/services\/profi-baumarkt\/maschinenverleih\/\">Maschinenverleih<\/a><\/h5><div class=\"latest_news_inner\"><div class=\"latest_news_image\"><img src=\"https:\/\/www.glaesener-betz.lu\/wp-content\/uploads\/2018\/04\/24.stihl_scie-a-beton_Trennschleifer_TS700_location.png\" alt=\"\" \/><\/div><p class=\"latest_news_content\">in Redange\/Attert und Contern...<\/p><div class=\"clearfix\"><\/div> <\/div><a class=\"news-cta-link\" href=\"https:\/\/www.glaesener-betz.lu\/de\/services\/profi-baumarkt\/maschinenverleih\/\"><\/a><\/div><\/li><li class=\"clearfix\"><div class=\"latest_news\"><h5 class=\"latest_news_title \"><a href=\"https:\/\/www.glaesener-betz.lu\/de\/holzschutz\/\">Holzschutz<\/a><\/h5><div class=\"latest_news_inner\"><div class=\"latest_news_image\"><img src=\"https:\/\/www.glaesener-betz.lu\/wp-content\/uploads\/2018\/06\/Koralan-Holzoel-spezial.png\" alt=\"\" \/><\/div><p class=\"latest_news_content\">&nbsp; &nbsp; Das komplette Sortiment finden Sie in unserer ...<\/p><div class=\"clearfix\"><\/div> <\/div><a class=\"news-cta-link\" href=\"https:\/\/www.glaesener-betz.lu\/de\/holzschutz\/\"><\/a><\/div><\/li><li class=\"clearfix\"><div class=\"latest_news\"><h5 class=\"latest_news_title \"><a href=\"https:\/\/www.glaesener-betz.lu\/de\/tank-des-regenwassers-belastet\/\">Kostenlose Anfrage<\/a><\/h5><div class=\"latest_news_inner\"><div class=\"latest_news_image\"><img src=\"https:\/\/www.glaesener-betz.lu\/wp-content\/uploads\/2018\/04\/Graf_citerne-eau_Carat.png\" alt=\"\" \/><\/div><p class=\"latest_news_content\">Regenwassernutzung unterirdisch...<\/p><div class=\"clearfix\"><\/div> <\/div><a class=\"news-cta-link\" href=\"https:\/\/www.glaesener-betz.lu\/de\/tank-des-regenwassers-belastet\/\"><\/a><\/div><\/li><\/ul><\/div>[\/vc_column][\/vc_row]<\/p>\n<\/section>","protected":false},"excerpt":{"rendered":"<p>[vc_row css_animation=&#8220;&#8220; row_type=&#8220;row&#8220; use_row_as_full_screen_section=&#8220;no&#8220; type=&#8220;full_width&#8220; angled_section=&#8220;no&#8220; text_align=&#8220;right&#8220; background_image_as_pattern=&#8220;without_pattern&#8220;][vc_column width=&#8220;3\/4&#8243;][vc_column_text] Holz [\/vc_column_text][\/vc_column][vc_column width=&#8220;1\/4&#8243;][\/vc_column][\/vc_row][vc_row css_animation=&#8220;&#8220; row_type=&#8220;row&#8220; use_row_as_full_screen_section=&#8220;no&#8220; type=&#8220;full_width&#8220; angled_section=&#8220;no&#8220; text_align=&#8220;left&#8220; background_image_as_pattern=&#8220;without_pattern&#8220; css=&#8220;.vc_custom_1464949917401{margin-top: 20px !important;}&#8220;][vc_column el_class=&#8220;service-photo-slider&#8220;][\/vc_column][\/vc_row][vc_row css_animation=&#8220;&#8220; row_type=&#8220;row&#8220; use_row_as_full_screen_section=&#8220;no&#8220; type=&#8220;full_width&#8220; angled_section=&#8220;no&#8220; text_align=&#8220;left&#8220; background_image_as_pattern=&#8220;without_pattern&#8220; padding_bottom=&#8220;15&#8243;][vc_column][vc_separator type=&#8220;transparent&#8220; thickness=&#8220;10&#8243;][vc_column_text el_class=&#8220;.title_catalogue&#8220;]Unsere Markenpartner[\/vc_column_text][vc_separator type=&#8220;transparent&#8220; thickness=&#8220;10&#8243;][\/vc_column][\/vc_row][vc_row css_animation=&#8220;&#8220; row_type=&#8220;row&#8220; use_row_as_full_screen_section=&#8220;no&#8220; type=&#8220;full_width&#8220; angled_section=&#8220;no&#8220; text_align=&#8220;left&#8220; background_image_as_pattern=&#8220;without_pattern&#8220;][vc_column offset=&#8220;vc_hidden-lg&#8230;<\/p>\n","protected":false},"author":2,"featured_media":0,"parent":5099,"menu_order":0,"comment_status":"closed","ping_status":"closed","template":"","meta":[],"_links":{"self":[{"href":"https:\/\/www.glaesener-betz.lu\/de\/wp-json\/wp\/v2\/pages\/5084"}],"collection":[{"href":"https:\/\/www.glaesener-betz.lu\/de\/wp-json\/wp\/v2\/pages"}],"about":[{"href":"https:\/\/www.glaesener-betz.lu\/de\/wp-json\/wp\/v2\/types\/page"}],"author":[{"embeddable":true,"href":"https:\/\/www.glaesener-betz.lu\/de\/wp-json\/wp\/v2\/users\/2"}],"replies":[{"embeddable":true,"href":"https:\/\/www.glaesener-betz.lu\/de\/wp-json\/wp\/v2\/comments?post=5084"}],"version-history":[{"count":11,"href":"https:\/\/www.glaesener-betz.lu\/de\/wp-json\/wp\/v2\/pages\/5084\/revisions"}],"predecessor-version":[{"id":6984,"href":"https:\/\/www.glaesener-betz.lu\/de\/wp-json\/wp\/v2\/pages\/5084\/revisions\/6984"}],"up":[{"embeddable":true,"href":"https:\/\/www.glaesener-betz.lu\/de\/wp-json\/wp\/v2\/pages\/5099"}],"wp:attachment":[{"href":"https:\/\/www.glaesener-betz.lu\/de\/wp-json\/wp\/v2\/media?parent=5084"}],"curies":[{"name":"wp","href":"https:\/\/api.w.org\/{rel}","templated":true}]}}