{"id":5061,"date":"2016-04-11T07:22:47","date_gmt":"2016-04-11T06:22:47","guid":{"rendered":"https:\/\/www.glaesener-betz.lu\/portes-de-garage\/"},"modified":"2018-10-30T11:57:10","modified_gmt":"2018-10-30T10:57:10","slug":"garagentore","status":"publish","type":"page","link":"https:\/\/www.glaesener-betz.lu\/de\/services\/tueren-fenster\/garagentore\/","title":{"rendered":"GARAGENTORE"},"content":{"rendered":"<section class=\"wpb-content-wrapper\"><p>[vc_row css_animation=&#8220;&#8220; row_type=&#8220;row&#8220; use_row_as_full_screen_section=&#8220;no&#8220; type=&#8220;full_width&#8220; angled_section=&#8220;no&#8220; text_align=&#8220;left&#8220; background_image_as_pattern=&#8220;without_pattern&#8220;][vc_column width=&#8220;5\/6&#8243;][vc_column_text css=&#8220;.vc_custom_1493278414801{margin-bottom: 20px !important;}&#8220;]<\/p>\n<h1>GARAGENTORE<\/h1>\n<p>[\/vc_column_text][\/vc_column][vc_column width=&#8220;1\/6&#8243;]<a  href=\" https:\/\/www.glaesener-betz.lu\/de\/services\/tueren-fenster\/\" target=\"_self\" data-hover-background-color=#153d8a data-hover-border-color=#153d8a  class=\"qbutton  small center\" style=\"color: #ffffff; border-color: #153d8a; font-style: normal; border-radius: 5px;-moz-border-radius: 5px;-webkit-border-radius: 5px; background-color: #153d8a;\">retour<i class=\"fa fa-arrow-left\" style=\"\"><\/i><\/a>[\/vc_column][\/vc_row][vc_row css_animation=&#8220;&#8220; row_type=&#8220;row&#8220; use_row_as_full_screen_section=&#8220;no&#8220; type=&#8220;full_width&#8220; angled_section=&#8220;no&#8220; text_align=&#8220;left&#8220; background_image_as_pattern=&#8220;without_pattern&#8220;][vc_column css=&#8220;.vc_custom_1464866705261{margin-bottom: 20px !important;}&#8220; el_class=&#8220;service-photo-slider&#8220;]<div class='qode_image_gallery_no_space dark'><div class='qode_image_gallery_holder' style='height: 200px;'><ul  ><li  ><div style=\"height: 200px; width:257px;\"><a class=\"prettyphotos\" rel=\"prettyPhotos[rel-1847942877]\" href=\"https:\/\/www.glaesener-betz.lu\/wp-content\/uploads\/2016\/04\/STOo320W-1.jpg\"><img src=\"https:\/\/www.glaesener-betz.lu\/wp-content\/uploads\/2016\/04\/STOo320W-1.jpg\" alt=\"\" \/><\/a><\/div><\/li><li  ><div style=\"height: 200px; width:300px;\"><a class=\"prettyphotos\" rel=\"prettyPhotos[rel-1847942877]\" href=\"https:\/\/www.glaesener-betz.lu\/wp-content\/uploads\/2016\/04\/DSC0372_V050514.jpg\"><img src=\"https:\/\/www.glaesener-betz.lu\/wp-content\/uploads\/2016\/04\/DSC0372_V050514.jpg\" alt=\"\" \/><\/a><\/div><\/li><li  ><div style=\"height: 200px; width:338px;\"><a class=\"prettyphotos\" rel=\"prettyPhotos[rel-1847942877]\" href=\"https:\/\/www.glaesener-betz.lu\/wp-content\/uploads\/2016\/04\/Sec-Garage-F-new-11.jpg\"><img src=\"https:\/\/www.glaesener-betz.lu\/wp-content\/uploads\/2016\/04\/Sec-Garage-F-new-11.jpg\" alt=\"\" \/><\/a><\/div><\/li><li  ><div style=\"height: 200px; width:134px;\"><a class=\"prettyphotos\" rel=\"prettyPhotos[rel-1847942877]\" href=\"https:\/\/www.glaesener-betz.lu\/wp-content\/uploads\/2016\/04\/CSF7889_Motiv_862_X_01.jpg\"><img src=\"https:\/\/www.glaesener-betz.lu\/wp-content\/uploads\/2016\/04\/CSF7889_Motiv_862_X_01.jpg\" alt=\"\" \/><\/a><\/div><\/li><li  ><div style=\"height: 200px; width:300px;\"><a class=\"prettyphotos\" rel=\"prettyPhotos[rel-1847942877]\" href=\"https:\/\/www.glaesener-betz.lu\/wp-content\/uploads\/2016\/04\/Sauer-Mersch-C6915166961-1.jpg\"><img src=\"https:\/\/www.glaesener-betz.lu\/wp-content\/uploads\/2016\/04\/Sauer-Mersch-C6915166961-1.jpg\" alt=\"\" \/><\/a><\/div><\/li><li  ><div style=\"height: 200px; width:300px;\"><a class=\"prettyphotos\" rel=\"prettyPhotos[rel-1847942877]\" href=\"https:\/\/www.glaesener-betz.lu\/wp-content\/uploads\/2016\/04\/Loenophile-C3951671-Kleinbettingen-3.jpg\"><img src=\"https:\/\/www.glaesener-betz.lu\/wp-content\/uploads\/2016\/04\/Loenophile-C3951671-Kleinbettingen-3.jpg\" alt=\"\" \/><\/a><\/div><\/li><li  ><div style=\"height: 200px; width:300px;\"><a class=\"prettyphotos\" rel=\"prettyPhotos[rel-1847942877]\" href=\"https:\/\/www.glaesener-betz.lu\/wp-content\/uploads\/2016\/04\/IMG_0380.jpg\"><img src=\"https:\/\/www.glaesener-betz.lu\/wp-content\/uploads\/2016\/04\/IMG_0380.jpg\" alt=\"\" \/><\/a><\/div><\/li><li  ><div style=\"height: 200px; width:300px;\"><a class=\"prettyphotos\" rel=\"prettyPhotos[rel-1847942877]\" href=\"https:\/\/www.glaesener-betz.lu\/wp-content\/uploads\/2016\/04\/IMG_0367.jpg\"><img src=\"https:\/\/www.glaesener-betz.lu\/wp-content\/uploads\/2016\/04\/IMG_0367.jpg\" alt=\"\" \/><\/a><\/div><\/li><li  ><div style=\"height: 200px; width:267px;\"><a class=\"prettyphotos\" rel=\"prettyPhotos[rel-1847942877]\" href=\"https:\/\/www.glaesener-betz.lu\/wp-content\/uploads\/2016\/04\/hormann_001.jpg\"><img src=\"https:\/\/www.glaesener-betz.lu\/wp-content\/uploads\/2016\/04\/hormann_001.jpg\" alt=\"\" \/><\/a><\/div><\/li><li  ><div style=\"height: 200px; width:300px;\"><a class=\"prettyphotos\" rel=\"prettyPhotos[rel-1847942877]\" href=\"https:\/\/www.glaesener-betz.lu\/wp-content\/uploads\/2016\/04\/G5QK1609-0612.jpg\"><img src=\"https:\/\/www.glaesener-betz.lu\/wp-content\/uploads\/2016\/04\/G5QK1609-0612.jpg\" alt=\"\" \/><\/a><\/div><\/li><li  ><div style=\"height: 200px; width:300px;\"><a class=\"prettyphotos\" rel=\"prettyPhotos[rel-1847942877]\" href=\"https:\/\/www.glaesener-betz.lu\/wp-content\/uploads\/2016\/04\/G5QK0266-0612.jpg\"><img src=\"https:\/\/www.glaesener-betz.lu\/wp-content\/uploads\/2016\/04\/G5QK0266-0612.jpg\" alt=\"\" \/><\/a><\/div><\/li><li  ><div style=\"height: 200px; width:302px;\"><a class=\"prettyphotos\" rel=\"prettyPhotos[rel-1847942877]\" href=\"https:\/\/www.glaesener-betz.lu\/wp-content\/uploads\/2016\/04\/Felten-Georges-Platen04-1.jpg\"><img src=\"https:\/\/www.glaesener-betz.lu\/wp-content\/uploads\/2016\/04\/Felten-Georges-Platen04-1.jpg\" alt=\"\" \/><\/a><\/div><\/li><li  ><div style=\"height: 200px; width:302px;\"><a class=\"prettyphotos\" rel=\"prettyPhotos[rel-1847942877]\" href=\"https:\/\/www.glaesener-betz.lu\/wp-content\/uploads\/2016\/04\/DSC_3311.jpg\"><img src=\"https:\/\/www.glaesener-betz.lu\/wp-content\/uploads\/2016\/04\/DSC_3311.jpg\" alt=\"\" \/><\/a><\/div><\/li><li  ><div style=\"height: 200px; width:302px;\"><a class=\"prettyphotos\" rel=\"prettyPhotos[rel-1847942877]\" href=\"https:\/\/www.glaesener-betz.lu\/wp-content\/uploads\/2016\/04\/DSC_3227.jpg\"><img src=\"https:\/\/www.glaesener-betz.lu\/wp-content\/uploads\/2016\/04\/DSC_3227.jpg\" alt=\"\" \/><\/a><\/div><\/li><li  ><div style=\"height: 200px; width:311px;\"><a class=\"prettyphotos\" rel=\"prettyPhotos[rel-1847942877]\" href=\"https:\/\/www.glaesener-betz.lu\/wp-content\/uploads\/2016\/04\/Colle-Grosbous-C8386951-1bis.jpg\"><img src=\"https:\/\/www.glaesener-betz.lu\/wp-content\/uploads\/2016\/04\/Colle-Grosbous-C8386951-1bis.jpg\" alt=\"\" \/><\/a><\/div><\/li><li  ><div style=\"height: 200px; width:288px;\"><a class=\"prettyphotos\" rel=\"prettyPhotos[rel-1847942877]\" href=\"https:\/\/www.glaesener-betz.lu\/wp-content\/uploads\/2016\/04\/DSE0831-280312.jpg\"><img src=\"https:\/\/www.glaesener-betz.lu\/wp-content\/uploads\/2016\/04\/DSE0831-280312.jpg\" alt=\"\" \/><\/a><\/div><\/li><\/ul><\/div><div class=\"controls\"><a class=\"prev-slide\" href=\"#\"><span><i class=\"fa fa-angle-left\"><\/i><\/span><\/a><a class=\"next-slide\" href=\"#\"><span><i class=\"fa fa-angle-right\"><\/i><\/span><\/a><\/div><\/div>[\/vc_column][\/vc_row][vc_row css_animation=&#8220;&#8220; row_type=&#8220;row&#8220; use_row_as_full_screen_section=&#8220;no&#8220; type=&#8220;full_width&#8220; angled_section=&#8220;no&#8220; text_align=&#8220;left&#8220; background_image_as_pattern=&#8220;without_pattern&#8220; padding_top=&#8220;15&#8243; padding_bottom=&#8220;15&#8243;][vc_column][vc_single_image image=&#8220;2688&#8243; img_size=&#8220;full&#8220; alignment=&#8220;center&#8220; onclick=&#8220;custom_link&#8220; img_link_target=&#8220;_blank&#8220; qode_css_animation=&#8220;&#8220; link=&#8220;http:\/\/www.hoermann.com\/produits\/&#8220;][\/vc_column][\/vc_row][vc_row css_animation=&#8220;&#8220; row_type=&#8220;row&#8220; use_row_as_full_screen_section=&#8220;no&#8220; type=&#8220;full_width&#8220; angled_section=&#8220;no&#8220; text_align=&#8220;left&#8220; background_image_as_pattern=&#8220;without_pattern&#8220; css=&#8220;.vc_custom_1460356330193{margin-top: 10px !important;}&#8220;][vc_column][vc_column_text]<\/p>\n<p style=\"text-align: left;\">Wir f\u00fchren die Produkte der Marke H\u00f6rmann und sind deren offizieller Partner f\u00fcr ganz Luxemburg.<\/p>\n<p>&nbsp;<\/p>\n<p style=\"text-align: left;\">Unsere Monteure \u00fcbernehmen auch den Einbau Ihrer Tore und T\u00fcren, egal, ob Neubau oder Sanierung, ob f\u00fcr Wohnh\u00e4user oder \u00f6ffentliche bzw. Industriegeb\u00e4ude.<\/p>\n<p>&nbsp;<\/p>\n<p style=\"text-align: left;\">Ein neues Garagentor \u2013 das bedeutet f\u00fcr Sie: bessere D\u00e4mmung, gr\u00f6\u00dfere Sicherheit, eine sch\u00f6ne Optik und viel Komfort durch den eingebauten Motor!<\/p>\n<p>&nbsp;<\/p>\n<p style=\"text-align: left;\">Als offizieller H\u00d6RMANN Partner bieten wir Ihnen an<\/p>\n<ul>\n<li style=\"padding-left: 210px;\"><strong>Garagen-Sectionaltore<\/strong>\u00a0(Stahl- oder Massivholz-Sectionaltore)<\/li>\n<li style=\"padding-left: 210px;\">Garagen-Rolltor RollMatic<\/li>\n<li style=\"padding-left: 210px;\">Seiten-Sectionaltor<\/li>\n<li style=\"padding-left: 210px;\">Garagen-Nebent\u00fcren<\/li>\n<li style=\"padding-left: 210px;\">Garagentor-Antriebe<\/li>\n<li style=\"padding-left: 210px;\">Zubeh\u00f6r<\/li>\n<\/ul>\n<p>&nbsp;<\/p>\n<h4 style=\"text-align: left;\"><span style=\"font-size: 12pt;\"><i class=\"fa fa-phone\"> <i class=\"fa fa-envelope\"> <\/i><\/i>\u00a0\u00a0<a href=\"\/?page_id=16\" target=\"_blank\" rel=\"noopener\">Ben\u00f6tigen Sie weitere Informationen? Kontaktieren Sie uns!<\/a><\/span><\/h4>\n<p>[\/vc_column_text][vc_separator type=&#8220;normal&#8220; thickness=&#8220;5&#8243;][vc_separator type=&#8220;transparent&#8220; thickness=&#8220;5&#8243;][vc_column_text]Platz f\u00fcr Ihr neues Garagentor!<\/p>\n<p>&nbsp;<\/p>\n<p>Egal, ob Sie eine bessere D\u00e4mmung w\u00fcnschen oder eine h\u00f6here Sicherheit, Komfort durch den eingebauten Motor oder einfach ein sch\u00f6neres Haus \u2013 einmal ist die Zeit f\u00fcr ein neues Garagentor gekommen. Als offizieller H\u00f6rmann Partner bietet Glaesener-Betz Ihnen eine an Ihr Haus und Ihren Geschmack angepasste Einbaul\u00f6sung. Die Standardma\u00dfe zum Vorteilspreis sind extra f\u00fcr die Renovierung konzipiert. Dies erm\u00f6glicht Ihnen echte Einsparm\u00f6glichkeiten und Sie m\u00fcssen nicht lange auf Ihr Garagen-Sektionaltor warten.<\/p>\n<p>&nbsp;<\/p>\n<p>Seit mehr als einem Vierteljahrhundert bietet Ihnen Glaesener-Betz einen Austauschservice f\u00fcr Ihr Garagentor innerhalb eines Tages. Vereinbaren Sie einen Termin mit unserem auf den Austausch spezialisierter Techniker: Er kommt zu Ihnen nach Hause, ber\u00e4t sie und nimmt genau Ma\u00df. Unsere hauseigenen Mitarbeiter kommen anschlie\u00dfend, bauen Ihr altes Tor aus und das neue ein, genauso wie das Zubeh\u00f6r, wie zum Beispiel den Motor, die PIN-Code Tastatur oder die Fernbedienung.<\/p>\n<p>&nbsp;<\/p>\n<p>In unseren Ausstellungsr\u00e4umen in Redingen\/Attert oder Contern k\u00f6nnen Sie sich einen \u00dcberblick verschaffen und ausw\u00e4hlen. Unsere Spezialisten zeigen Ihnen gerne die zahlreichen Ausstattungen, Farben, Motive und Zubeh\u00f6re und helfen Ihnen bei der Auswahl.<\/p>\n<p>&nbsp;<\/p>\n<p>Unser Reparaturdienst steht Ihnen unter der Telefonnummer 00352 621 724 753 (montags bis freitags 15:30 bis 22 Uhr, samstags 8 bis 17 Uhr) zur Verf\u00fcgung.<\/p>\n<p>&nbsp;<\/p>\n<h4 style=\"text-align: left;\"><span style=\"font-size: 12pt;\"><i class=\"fa fa-phone\"> <i class=\"fa fa-envelope\"> <\/i><\/i>\u00a0<span style=\"font-size: 12pt;\"><a href=\"\/?page_id=16\" target=\"_blank\" rel=\"noopener\">Rufen Sie uns an und wir machen Ihnen einen unverbindlichen Kostenvoranschlag (+352) 23 64 64<\/a><\/span> <\/span><\/h4>\n<p>[\/vc_column_text][vc_separator type=&#8220;normal&#8220; thickness=&#8220;5&#8243;][\/vc_column][\/vc_row][vc_row css_animation=&#8220;&#8220; row_type=&#8220;row&#8220; use_row_as_full_screen_section=&#8220;no&#8220; type=&#8220;full_width&#8220; angled_section=&#8220;no&#8220; text_align=&#8220;center&#8220; background_image_as_pattern=&#8220;without_pattern&#8220; css=&#8220;.vc_custom_1473253085714{margin-top: 15px !important;}&#8220;][vc_column][vc_column_text el_class=&#8220;.title_catalogue&#8220;]Aktualit\u00e4ten[\/vc_column_text][vc_separator type=&#8220;transparent&#8220; thickness=&#8220;10&#8243;]<div class='latest_post_holder boxes three_columns three_rows'><ul><li class=\"clearfix\"><div class=\"latest_news\"><h5 class=\"latest_news_title \"><a href=\"https:\/\/www.glaesener-betz.lu\/de\/services\/profi-baumarkt\/maschinenverleih\/\">Maschinenverleih<\/a><\/h5><div class=\"latest_news_inner\"><div class=\"latest_news_image\"><img src=\"https:\/\/www.glaesener-betz.lu\/wp-content\/uploads\/2018\/04\/24.stihl_scie-a-beton_Trennschleifer_TS700_location.png\" alt=\"\" \/><\/div><p class=\"latest_news_content\">in Redange\/Attert und Contern...<\/p><div class=\"clearfix\"><\/div> <\/div><a class=\"news-cta-link\" href=\"https:\/\/www.glaesener-betz.lu\/de\/services\/profi-baumarkt\/maschinenverleih\/\"><\/a><\/div><\/li><li class=\"clearfix\"><div class=\"latest_news\"><h5 class=\"latest_news_title \"><a href=\"https:\/\/www.glaesener-betz.lu\/de\/services\/tueren-fenster\/kundendienst-2\/\">Pannen Garagentore<\/a><\/h5><div class=\"latest_news_inner\"><div class=\"latest_news_image\"><img src=\"https:\/\/www.glaesener-betz.lu\/wp-content\/uploads\/2018\/01\/porte-de-garage_depannage_hoermann-3.jpg\" alt=\"\" \/><\/div><p class=\"latest_news_content\">F\u00fcr Reparatur \/ Pannen ihrer Garagentore: &nbsp; Montag bis ...<\/p><div class=\"clearfix\"><\/div> <\/div><a class=\"news-cta-link\" href=\"https:\/\/www.glaesener-betz.lu\/de\/services\/tueren-fenster\/kundendienst-2\/\"><\/a><\/div><\/li><li class=\"clearfix\"><div class=\"latest_news\"><h5 class=\"latest_news_title \"><a href=\"https:\/\/www.glaesener-betz.lu\/de\/tank-des-regenwassers-belastet\/\">Kostenlose Anfrage<\/a><\/h5><div class=\"latest_news_inner\"><div class=\"latest_news_image\"><img src=\"https:\/\/www.glaesener-betz.lu\/wp-content\/uploads\/2018\/04\/Graf_citerne-eau_Carat.png\" alt=\"\" \/><\/div><p class=\"latest_news_content\">Regenwassernutzung unterirdisch...<\/p><div class=\"clearfix\"><\/div> <\/div><a class=\"news-cta-link\" href=\"https:\/\/www.glaesener-betz.lu\/de\/tank-des-regenwassers-belastet\/\"><\/a><\/div><\/li><li class=\"clearfix\"><div class=\"latest_news\"><h5 class=\"latest_news_title \"><a href=\"https:\/\/www.glaesener-betz.lu\/de\/renovation-porte-de-garage\/\">Renovation porte de garage<\/a><\/h5><div class=\"latest_news_inner\"><div class=\"latest_news_image\"><img src=\"https:\/\/www.glaesener-betz.lu\/wp-content\/uploads\/2018\/01\/renovation-porte-garage.png\" alt=\"\" \/><\/div><p class=\"latest_news_content\">&nbsp; Place \u00e0 votre nouvelle porte de garage! Que ce soit p...<\/p><div class=\"clearfix\"><\/div> <\/div><a class=\"news-cta-link\" href=\"https:\/\/www.glaesener-betz.lu\/de\/renovation-porte-de-garage\/\"><\/a><\/div><\/li><li class=\"clearfix\"><div class=\"latest_news\"><h5 class=\"latest_news_title \"><a href=\"https:\/\/www.glaesener-betz.lu\/wp-content\/uploads\/2017\/11\/Glaesener-Betz_Schiebet\u00fcrblatt-Eclisse_2017.pdf\">Schiebet\u00fcrblatt<\/a><\/h5><div class=\"latest_news_inner\"><div class=\"latest_news_image\"><img src=\"https:\/\/www.glaesener-betz.lu\/wp-content\/uploads\/2017\/11\/Eclisse_Syntesis-Line-EF_Massivwand-1.png\" alt=\"\" \/><\/div><p class=\"latest_news_content\">Schiebet\u00fcrkasten Ausf\u00fchrung Trockenbau...<\/p><div class=\"clearfix\"><\/div> <\/div><a class=\"news-cta-link\" href=\"https:\/\/www.glaesener-betz.lu\/wp-content\/uploads\/2017\/11\/Glaesener-Betz_Schiebet\u00fcrblatt-Eclisse_2017.pdf\"><\/a><\/div><\/li><li class=\"clearfix\"><div class=\"latest_news\"><h5 class=\"latest_news_title \"><a href=\"https:\/\/www.glaesener-betz.lu\/wp-content\/uploads\/2021\/03\/LPU%20expo_sans-prix%202021.pdf\">Garagentore Promotion<\/a><\/h5><div class=\"latest_news_inner\"><div class=\"latest_news_image\"><img src=\"https:\/\/www.glaesener-betz.lu\/wp-content\/uploads\/2016\/04\/STOo320W-1.jpg\" alt=\"\" \/><\/div><p class=\"latest_news_content\">Garagentore Promotion...<\/p><div class=\"clearfix\"><\/div> <\/div><a class=\"news-cta-link\" href=\"https:\/\/www.glaesener-betz.lu\/wp-content\/uploads\/2021\/03\/LPU%20expo_sans-prix%202021.pdf\"><\/a><\/div><\/li><li class=\"clearfix\"><div class=\"latest_news\"><h5 class=\"latest_news_title \"><a href=\"http:\/\/www.hoermann.com\/produits\/\">H\u00d6RMANN Produkte<\/a><\/h5><div class=\"latest_news_inner\"><div class=\"latest_news_image\"><img src=\"https:\/\/www.glaesener-betz.lu\/wp-content\/uploads\/2016\/04\/hoermann_logo.png\" alt=\"\" \/><\/div><p class=\"latest_news_content\">Informationen \u00fcber H\u00d6RMANN Produkte...<\/p><div class=\"clearfix\"><\/div> <\/div><a class=\"news-cta-link\" href=\"http:\/\/www.hoermann.com\/produits\/\"><\/a><\/div><\/li><\/ul><\/div>[\/vc_column][\/vc_row]<\/p>\n<\/section>","protected":false},"excerpt":{"rendered":"<p>[vc_row css_animation=&#8220;&#8220; row_type=&#8220;row&#8220; use_row_as_full_screen_section=&#8220;no&#8220; type=&#8220;full_width&#8220; angled_section=&#8220;no&#8220; text_align=&#8220;left&#8220; background_image_as_pattern=&#8220;without_pattern&#8220;][vc_column width=&#8220;5\/6&#8243;][vc_column_text css=&#8220;.vc_custom_1493278414801{margin-bottom: 20px !important;}&#8220;] GARAGENTORE [\/vc_column_text][\/vc_column][vc_column width=&#8220;1\/6&#8243;][\/vc_column][\/vc_row][vc_row css_animation=&#8220;&#8220; row_type=&#8220;row&#8220; use_row_as_full_screen_section=&#8220;no&#8220; type=&#8220;full_width&#8220; angled_section=&#8220;no&#8220; text_align=&#8220;left&#8220; background_image_as_pattern=&#8220;without_pattern&#8220;][vc_column css=&#8220;.vc_custom_1464866705261{margin-bottom: 20px !important;}&#8220; el_class=&#8220;service-photo-slider&#8220;][\/vc_column][\/vc_row][vc_row css_animation=&#8220;&#8220; row_type=&#8220;row&#8220; use_row_as_full_screen_section=&#8220;no&#8220; type=&#8220;full_width&#8220; angled_section=&#8220;no&#8220; text_align=&#8220;left&#8220; background_image_as_pattern=&#8220;without_pattern&#8220; padding_top=&#8220;15&#8243; padding_bottom=&#8220;15&#8243;][vc_column][vc_single_image image=&#8220;2688&#8243; img_size=&#8220;full&#8220; alignment=&#8220;center&#8220; onclick=&#8220;custom_link&#8220; img_link_target=&#8220;_blank&#8220; qode_css_animation=&#8220;&#8220; link=&#8220;http:\/\/www.hoermann.com\/produits\/&#8220;][\/vc_column][\/vc_row][vc_row css_animation=&#8220;&#8220; row_type=&#8220;row&#8220; use_row_as_full_screen_section=&#8220;no&#8220;&#8230;<\/p>\n","protected":false},"author":2,"featured_media":0,"parent":5015,"menu_order":0,"comment_status":"closed","ping_status":"closed","template":"","meta":[],"_links":{"self":[{"href":"https:\/\/www.glaesener-betz.lu\/de\/wp-json\/wp\/v2\/pages\/5061"}],"collection":[{"href":"https:\/\/www.glaesener-betz.lu\/de\/wp-json\/wp\/v2\/pages"}],"about":[{"href":"https:\/\/www.glaesener-betz.lu\/de\/wp-json\/wp\/v2\/types\/page"}],"author":[{"embeddable":true,"href":"https:\/\/www.glaesener-betz.lu\/de\/wp-json\/wp\/v2\/users\/2"}],"replies":[{"embeddable":true,"href":"https:\/\/www.glaesener-betz.lu\/de\/wp-json\/wp\/v2\/comments?post=5061"}],"version-history":[{"count":12,"href":"https:\/\/www.glaesener-betz.lu\/de\/wp-json\/wp\/v2\/pages\/5061\/revisions"}],"predecessor-version":[{"id":7150,"href":"https:\/\/www.glaesener-betz.lu\/de\/wp-json\/wp\/v2\/pages\/5061\/revisions\/7150"}],"up":[{"embeddable":true,"href":"https:\/\/www.glaesener-betz.lu\/de\/wp-json\/wp\/v2\/pages\/5015"}],"wp:attachment":[{"href":"https:\/\/www.glaesener-betz.lu\/de\/wp-json\/wp\/v2\/media?parent=5061"}],"curies":[{"name":"wp","href":"https:\/\/api.w.org\/{rel}","templated":true}]}}