{"id":5060,"date":"2016-04-11T08:58:37","date_gmt":"2016-04-11T07:58:37","guid":{"rendered":"https:\/\/www.glaesener-betz.lu\/portes-pour-i-habitat\/"},"modified":"2017-12-15T15:39:00","modified_gmt":"2017-12-15T14:39:00","slug":"wohnungstueren","status":"publish","type":"page","link":"https:\/\/www.glaesener-betz.lu\/de\/services\/tueren-fenster\/wohnungstueren\/","title":{"rendered":"WOHNUNGSTUEREN"},"content":{"rendered":"<section class=\"wpb-content-wrapper\"><p>[vc_row css_animation=&#8220;&#8220; row_type=&#8220;row&#8220; use_row_as_full_screen_section=&#8220;no&#8220; type=&#8220;full_width&#8220; angled_section=&#8220;no&#8220; text_align=&#8220;left&#8220; background_image_as_pattern=&#8220;without_pattern&#8220;][vc_column width=&#8220;5\/6&#8243;][vc_column_text css=&#8220;.vc_custom_1493292892543{margin-bottom: 20px !important;}&#8220;]<\/p>\n<h1>WOHNUNGSTUEREN<\/h1>\n<p>[\/vc_column_text][\/vc_column][vc_column width=&#8220;1\/6&#8243;]<a  href=\" https:\/\/www.glaesener-betz.lu\/de\/services\/tueren-fenster\/\" target=\"_self\" data-hover-background-color=#153d8a data-hover-border-color=#153d8a  class=\"qbutton  small center\" style=\"color: #ffffff; border-color: #153d8a; font-style: normal; border-radius: 5px;-moz-border-radius: 5px;-webkit-border-radius: 5px; background-color: #153d8a;\">retour<i class=\"fa fa-arrow-left\" style=\"\"><\/i><\/a>[\/vc_column][\/vc_row][vc_row css_animation=&#8220;&#8220; row_type=&#8220;row&#8220; use_row_as_full_screen_section=&#8220;no&#8220; type=&#8220;full_width&#8220; angled_section=&#8220;no&#8220; text_align=&#8220;left&#8220; background_image_as_pattern=&#8220;without_pattern&#8220;][vc_column css=&#8220;.vc_custom_1464866705261{margin-bottom: 20px !important;}&#8220; el_class=&#8220;service-photo-slider&#8220;]<div class='qode_image_gallery_no_space dark'><div class='qode_image_gallery_holder' style='height: 200px;'><ul  ><li  ><div style=\"height: 200px; width:267px;\"><a class=\"prettyphotos\" rel=\"prettyPhotos[rel-384810690]\" href=\"https:\/\/www.glaesener-betz.lu\/wp-content\/uploads\/2016\/04\/Thill-C307705-Kehlen-2.jpg\"><img src=\"https:\/\/www.glaesener-betz.lu\/wp-content\/uploads\/2016\/04\/Thill-C307705-Kehlen-2.jpg\" alt=\"\" \/><\/a><\/div><\/li><li  ><div style=\"height: 200px; width:267px;\"><a class=\"prettyphotos\" rel=\"prettyPhotos[rel-384810690]\" href=\"https:\/\/www.glaesener-betz.lu\/wp-content\/uploads\/2016\/04\/Raum_012_Fahrradraum_040711.jpg\"><img src=\"https:\/\/www.glaesener-betz.lu\/wp-content\/uploads\/2016\/04\/Raum_012_Fahrradraum_040711.jpg\" alt=\"\" \/><\/a><\/div><\/li><li  ><div style=\"height: 200px; width:283px;\"><a class=\"prettyphotos\" rel=\"prettyPhotos[rel-384810690]\" href=\"https:\/\/www.glaesener-betz.lu\/wp-content\/uploads\/2016\/04\/Raum_08_Eingangsbereich_Garage_080711.jpg\"><img src=\"https:\/\/www.glaesener-betz.lu\/wp-content\/uploads\/2016\/04\/Raum_08_Eingangsbereich_Garage_080711.jpg\" alt=\"\" \/><\/a><\/div><\/li><li  ><div style=\"height: 200px; width:181px;\"><a class=\"prettyphotos\" rel=\"prettyPhotos[rel-384810690]\" href=\"https:\/\/www.glaesener-betz.lu\/wp-content\/uploads\/2016\/04\/Raum_06_Feuerschutztuer.jpg\"><img src=\"https:\/\/www.glaesener-betz.lu\/wp-content\/uploads\/2016\/04\/Raum_06_Feuerschutztuer.jpg\" alt=\"\" \/><\/a><\/div><\/li><li  ><div style=\"height: 200px; width:267px;\"><a class=\"prettyphotos\" rel=\"prettyPhotos[rel-384810690]\" href=\"https:\/\/www.glaesener-betz.lu\/wp-content\/uploads\/2016\/04\/Raum_04_Hobbyraum_MZ_Thermo.jpg\"><img src=\"https:\/\/www.glaesener-betz.lu\/wp-content\/uploads\/2016\/04\/Raum_04_Hobbyraum_MZ_Thermo.jpg\" alt=\"\" \/><\/a><\/div><\/li><li  ><div style=\"height: 200px; width:267px;\"><a class=\"prettyphotos\" rel=\"prettyPhotos[rel-384810690]\" href=\"https:\/\/www.glaesener-betz.lu\/wp-content\/uploads\/2016\/04\/Gelz-C69149049-Steinfort-2.jpg\"><img src=\"https:\/\/www.glaesener-betz.lu\/wp-content\/uploads\/2016\/04\/Gelz-C69149049-Steinfort-2.jpg\" alt=\"\" \/><\/a><\/div><\/li><li  ><div style=\"height: 200px; width:301px;\"><a class=\"prettyphotos\" rel=\"prettyPhotos[rel-384810690]\" href=\"https:\/\/www.glaesener-betz.lu\/wp-content\/uploads\/2016\/04\/FHSo263W.jpg\"><img src=\"https:\/\/www.glaesener-betz.lu\/wp-content\/uploads\/2016\/04\/FHSo263W.jpg\" alt=\"\" \/><\/a><\/div><\/li><li  ><div style=\"height: 200px; width:134px;\"><a class=\"prettyphotos\" rel=\"prettyPhotos[rel-384810690]\" href=\"https:\/\/www.glaesener-betz.lu\/wp-content\/uploads\/2016\/04\/C816821-3.jpg\"><img src=\"https:\/\/www.glaesener-betz.lu\/wp-content\/uploads\/2016\/04\/C816821-3.jpg\" alt=\"\" \/><\/a><\/div><\/li><li  ><div style=\"height: 200px; width:137px;\"><a class=\"prettyphotos\" rel=\"prettyPhotos[rel-384810690]\" href=\"https:\/\/www.glaesener-betz.lu\/wp-content\/uploads\/2016\/04\/420.00-27-01_mod__Motiv_568_170414.jpg\"><img src=\"https:\/\/www.glaesener-betz.lu\/wp-content\/uploads\/2016\/04\/420.00-27-01_mod__Motiv_568_170414.jpg\" alt=\"\" \/><\/a><\/div><\/li><li  ><div style=\"height: 200px; width:301px;\"><a class=\"prettyphotos\" rel=\"prettyPhotos[rel-384810690]\" href=\"https:\/\/www.glaesener-betz.lu\/wp-content\/uploads\/2016\/04\/168S-Hauseingang_Model50_modi_170414.jpg\"><img src=\"https:\/\/www.glaesener-betz.lu\/wp-content\/uploads\/2016\/04\/168S-Hauseingang_Model50_modi_170414.jpg\" alt=\"\" \/><\/a><\/div><\/li><li  ><div style=\"height: 200px; width:134px;\"><a class=\"prettyphotos\" rel=\"prettyPhotos[rel-384810690]\" href=\"https:\/\/www.glaesener-betz.lu\/wp-content\/uploads\/2016\/04\/DSC4991_mit_Obertuersch.jpg\"><img src=\"https:\/\/www.glaesener-betz.lu\/wp-content\/uploads\/2016\/04\/DSC4991_mit_Obertuersch.jpg\" alt=\"\" \/><\/a><\/div><\/li><li  ><div style=\"height: 200px; width:134px;\"><a class=\"prettyphotos\" rel=\"prettyPhotos[rel-384810690]\" href=\"https:\/\/www.glaesener-betz.lu\/wp-content\/uploads\/2016\/04\/CSF7558_111213.jpg\"><img src=\"https:\/\/www.glaesener-betz.lu\/wp-content\/uploads\/2016\/04\/CSF7558_111213.jpg\" alt=\"\" \/><\/a><\/div><\/li><li  ><div style=\"height: 200px; width:300px;\"><a class=\"prettyphotos\" rel=\"prettyPhotos[rel-384810690]\" href=\"https:\/\/www.glaesener-betz.lu\/wp-content\/uploads\/2016\/04\/CSF4820_X.jpg\"><img src=\"https:\/\/www.glaesener-betz.lu\/wp-content\/uploads\/2016\/04\/CSF4820_X.jpg\" alt=\"\" \/><\/a><\/div><\/li><\/ul><\/div><div class=\"controls\"><a class=\"prev-slide\" href=\"#\"><span><i class=\"fa fa-angle-left\"><\/i><\/span><\/a><a class=\"next-slide\" href=\"#\"><span><i class=\"fa fa-angle-right\"><\/i><\/span><\/a><\/div><\/div>[\/vc_column][\/vc_row][vc_row css_animation=&#8220;&#8220; row_type=&#8220;row&#8220; use_row_as_full_screen_section=&#8220;no&#8220; type=&#8220;full_width&#8220; angled_section=&#8220;no&#8220; text_align=&#8220;left&#8220; background_image_as_pattern=&#8220;without_pattern&#8220;][vc_column][vc_separator type=&#8220;transparent&#8220; thickness=&#8220;10&#8243;][vc_single_image image=&#8220;4692&#8243; img_size=&#8220;full&#8220; alignment=&#8220;center&#8220; onclick=&#8220;custom_link&#8220; img_link_target=&#8220;_blank&#8220; qode_css_animation=&#8220;&#8220; link=&#8220;http:\/\/www.hoermann.com\/produits\/&#8220;][vc_separator type=&#8220;transparent&#8220; thickness=&#8220;10&#8243;][vc_column_text]Wir f\u00fchren die Produkte der Marke H\u00f6rmann und sind deren offizieller Partner f\u00fcr ganz Luxemburg.<\/p>\n<p>&nbsp;<\/p>\n<p>F\u00fcr Sie im Angebot: <strong>Eingangst\u00fcren<\/strong> aus Alu oder PVC, Innen- und Au\u00dfent\u00fcren aus Stahl (<strong>Kellert\u00fcren, Garagen-Nebent\u00fcren<\/strong> etc.) <strong>Feuerschutz-Dreh- und Schiebet\u00fcren.<\/strong><\/p>\n<p>&nbsp;<\/p>\n<p>Eine neue Eingangst\u00fcr w\u00e4hlt man nicht auf gut Gl\u00fcck und zuvor gibt es viele Fragen zu beantworten: Soll es eine T\u00fcr aus Aluminium sein? Oder aus PVC, aus Stahl? Eine Sicherheitst\u00fcr? Soll sie aussehen wie mein Garagentor? Welches Design soll sie haben? Mit Schalld\u00e4mmung? Mit Isolierung?<\/p>\n<p>Wie w\u00e4re es mit den H\u00f6rmann T\u00fcren aus Aluminium \u201eThermoSafe\u201d und \u201eThermoCarbon\u201d oder den Eingangst\u00fcren aus Stahl \u201eThermoPro\u201c und \u201eThermoPlus\u201d.<\/p>\n<p>&nbsp;<\/p>\n<p>Unsere professionellen Monteure bauen Ihre alten Tore aus und die neuen ein und \u00fcbernehmen auch den Verputz.<\/p>\n<p>&nbsp;<\/p>\n<h4 style=\"text-align: left;\"><span style=\"font-size: 12pt;\"><i class=\"fa fa-phone\"> <i class=\"fa fa-envelope\"> <\/i><\/i>\u00a0\u00a0<span style=\"font-size: 12pt;\"><a href=\"\/?page_id=16\" target=\"_blank\" rel=\"noopener\">Rufen Sie uns an und wir machen Ihnen einen unverbindlichen Kostenvoranschlag (+352) 23 64 64.<\/a><\/span><br \/>\n<\/span><\/h4>\n<p>[\/vc_column_text][vc_separator type=&#8220;transparent&#8220; thickness=&#8220;10&#8243;][vc_single_image image=&#8220;5001&#8243; img_size=&#8220;full&#8220; qode_css_animation=&#8220;&#8220;][vc_separator type=&#8220;transparent&#8220; thickness=&#8220;20&#8243;][\/vc_column][\/vc_row][vc_row css_animation=&#8220;&#8220; row_type=&#8220;row&#8220; use_row_as_full_screen_section=&#8220;no&#8220; type=&#8220;full_width&#8220; angled_section=&#8220;no&#8220; text_align=&#8220;center&#8220; background_image_as_pattern=&#8220;without_pattern&#8220;][vc_column][vc_column_text el_class=&#8220;.title_catalogue&#8220;]Aktualit\u00e4ten[\/vc_column_text][vc_separator type=&#8220;transparent&#8220; thickness=&#8220;20&#8243;]<div class='latest_post_holder boxes three_columns two_rows'><ul><li class=\"clearfix\"><div class=\"latest_news\"><h5 class=\"latest_news_title \"><a href=\"https:\/\/www.glaesener-betz.lu\/de\/services\/profi-baumarkt\/maschinenverleih\/\">Maschinenverleih<\/a><\/h5><div class=\"latest_news_inner\"><div class=\"latest_news_image\"><img src=\"https:\/\/www.glaesener-betz.lu\/wp-content\/uploads\/2018\/04\/24.stihl_scie-a-beton_Trennschleifer_TS700_location.png\" alt=\"\" \/><\/div><p class=\"latest_news_content\">in Redange\/Attert und Contern...<\/p><div class=\"clearfix\"><\/div> <\/div><a class=\"news-cta-link\" href=\"https:\/\/www.glaesener-betz.lu\/de\/services\/profi-baumarkt\/maschinenverleih\/\"><\/a><\/div><\/li><li class=\"clearfix\"><div class=\"latest_news\"><h5 class=\"latest_news_title \"><a href=\"https:\/\/www.glaesener-betz.lu\/de\/services\/tueren-fenster\/kundendienst-2\/\">Pannen Garagentore<\/a><\/h5><div class=\"latest_news_inner\"><div class=\"latest_news_image\"><img src=\"https:\/\/www.glaesener-betz.lu\/wp-content\/uploads\/2018\/01\/porte-de-garage_depannage_hoermann-3.jpg\" alt=\"\" \/><\/div><p class=\"latest_news_content\">F\u00fcr Reparatur \/ Pannen ihrer Garagentore: &nbsp; Montag bis ...<\/p><div class=\"clearfix\"><\/div> <\/div><a class=\"news-cta-link\" href=\"https:\/\/www.glaesener-betz.lu\/de\/services\/tueren-fenster\/kundendienst-2\/\"><\/a><\/div><\/li><li class=\"clearfix\"><div class=\"latest_news\"><h5 class=\"latest_news_title \"><a href=\"https:\/\/www.glaesener-betz.lu\/de\/tank-des-regenwassers-belastet\/\">Kostenlose Anfrage<\/a><\/h5><div class=\"latest_news_inner\"><div class=\"latest_news_image\"><img src=\"https:\/\/www.glaesener-betz.lu\/wp-content\/uploads\/2018\/04\/Graf_citerne-eau_Carat.png\" alt=\"\" \/><\/div><p class=\"latest_news_content\">Regenwassernutzung unterirdisch...<\/p><div class=\"clearfix\"><\/div> <\/div><a class=\"news-cta-link\" href=\"https:\/\/www.glaesener-betz.lu\/de\/tank-des-regenwassers-belastet\/\"><\/a><\/div><\/li><li class=\"clearfix\"><div class=\"latest_news\"><h5 class=\"latest_news_title \"><a href=\"https:\/\/www.glaesener-betz.lu\/de\/renovation-porte-de-garage\/\">Renovation porte de garage<\/a><\/h5><div class=\"latest_news_inner\"><div class=\"latest_news_image\"><img src=\"https:\/\/www.glaesener-betz.lu\/wp-content\/uploads\/2018\/01\/renovation-porte-garage.png\" alt=\"\" \/><\/div><p class=\"latest_news_content\">&nbsp; Place \u00e0 votre nouvelle porte de garage! Que ce soit p...<\/p><div class=\"clearfix\"><\/div> <\/div><a class=\"news-cta-link\" href=\"https:\/\/www.glaesener-betz.lu\/de\/renovation-porte-de-garage\/\"><\/a><\/div><\/li><li class=\"clearfix\"><div class=\"latest_news\"><h5 class=\"latest_news_title \"><a href=\"https:\/\/www.glaesener-betz.lu\/wp-content\/uploads\/2017\/11\/Glaesener-Betz_Schiebet\u00fcrblatt-Eclisse_2017.pdf\">Schiebet\u00fcrblatt<\/a><\/h5><div class=\"latest_news_inner\"><div class=\"latest_news_image\"><img src=\"https:\/\/www.glaesener-betz.lu\/wp-content\/uploads\/2017\/11\/Eclisse_Syntesis-Line-EF_Massivwand-1.png\" alt=\"\" \/><\/div><p class=\"latest_news_content\">Schiebet\u00fcrkasten Ausf\u00fchrung Trockenbau...<\/p><div class=\"clearfix\"><\/div> <\/div><a class=\"news-cta-link\" href=\"https:\/\/www.glaesener-betz.lu\/wp-content\/uploads\/2017\/11\/Glaesener-Betz_Schiebet\u00fcrblatt-Eclisse_2017.pdf\"><\/a><\/div><\/li><li class=\"clearfix\"><div class=\"latest_news\"><h5 class=\"latest_news_title \"><a href=\"https:\/\/www.glaesener-betz.lu\/wp-content\/uploads\/2021\/03\/LPU%20expo_sans-prix%202021.pdf\">Garagentore Promotion<\/a><\/h5><div class=\"latest_news_inner\"><div class=\"latest_news_image\"><img src=\"https:\/\/www.glaesener-betz.lu\/wp-content\/uploads\/2016\/04\/STOo320W-1.jpg\" alt=\"\" \/><\/div><p class=\"latest_news_content\">Garagentore Promotion...<\/p><div class=\"clearfix\"><\/div> <\/div><a class=\"news-cta-link\" href=\"https:\/\/www.glaesener-betz.lu\/wp-content\/uploads\/2021\/03\/LPU%20expo_sans-prix%202021.pdf\"><\/a><\/div><\/li><\/ul><\/div>[vc_separator type=&#8220;transparent&#8220; thickness=&#8220;15&#8243;][\/vc_column][\/vc_row]<\/p>\n<\/section>","protected":false},"excerpt":{"rendered":"<p>[vc_row css_animation=&#8220;&#8220; row_type=&#8220;row&#8220; use_row_as_full_screen_section=&#8220;no&#8220; type=&#8220;full_width&#8220; angled_section=&#8220;no&#8220; text_align=&#8220;left&#8220; background_image_as_pattern=&#8220;without_pattern&#8220;][vc_column width=&#8220;5\/6&#8243;][vc_column_text css=&#8220;.vc_custom_1493292892543{margin-bottom: 20px !important;}&#8220;] WOHNUNGSTUEREN [\/vc_column_text][\/vc_column][vc_column width=&#8220;1\/6&#8243;][\/vc_column][\/vc_row][vc_row css_animation=&#8220;&#8220; row_type=&#8220;row&#8220; use_row_as_full_screen_section=&#8220;no&#8220; type=&#8220;full_width&#8220; angled_section=&#8220;no&#8220; text_align=&#8220;left&#8220; background_image_as_pattern=&#8220;without_pattern&#8220;][vc_column css=&#8220;.vc_custom_1464866705261{margin-bottom: 20px !important;}&#8220; el_class=&#8220;service-photo-slider&#8220;][\/vc_column][\/vc_row][vc_row css_animation=&#8220;&#8220; row_type=&#8220;row&#8220; use_row_as_full_screen_section=&#8220;no&#8220; type=&#8220;full_width&#8220; angled_section=&#8220;no&#8220; text_align=&#8220;left&#8220; background_image_as_pattern=&#8220;without_pattern&#8220;][vc_column][vc_separator type=&#8220;transparent&#8220; thickness=&#8220;10&#8243;][vc_single_image image=&#8220;4692&#8243; img_size=&#8220;full&#8220; alignment=&#8220;center&#8220; onclick=&#8220;custom_link&#8220; img_link_target=&#8220;_blank&#8220; qode_css_animation=&#8220;&#8220; link=&#8220;http:\/\/www.hoermann.com\/produits\/&#8220;][vc_separator type=&#8220;transparent&#8220; thickness=&#8220;10&#8243;][vc_column_text]Wir f\u00fchren&#8230;<\/p>\n","protected":false},"author":2,"featured_media":0,"parent":5015,"menu_order":0,"comment_status":"closed","ping_status":"closed","template":"","meta":[],"_links":{"self":[{"href":"https:\/\/www.glaesener-betz.lu\/de\/wp-json\/wp\/v2\/pages\/5060"}],"collection":[{"href":"https:\/\/www.glaesener-betz.lu\/de\/wp-json\/wp\/v2\/pages"}],"about":[{"href":"https:\/\/www.glaesener-betz.lu\/de\/wp-json\/wp\/v2\/types\/page"}],"author":[{"embeddable":true,"href":"https:\/\/www.glaesener-betz.lu\/de\/wp-json\/wp\/v2\/users\/2"}],"replies":[{"embeddable":true,"href":"https:\/\/www.glaesener-betz.lu\/de\/wp-json\/wp\/v2\/comments?post=5060"}],"version-history":[{"count":9,"href":"https:\/\/www.glaesener-betz.lu\/de\/wp-json\/wp\/v2\/pages\/5060\/revisions"}],"predecessor-version":[{"id":6248,"href":"https:\/\/www.glaesener-betz.lu\/de\/wp-json\/wp\/v2\/pages\/5060\/revisions\/6248"}],"up":[{"embeddable":true,"href":"https:\/\/www.glaesener-betz.lu\/de\/wp-json\/wp\/v2\/pages\/5015"}],"wp:attachment":[{"href":"https:\/\/www.glaesener-betz.lu\/de\/wp-json\/wp\/v2\/media?parent=5060"}],"curies":[{"name":"wp","href":"https:\/\/api.w.org\/{rel}","templated":true}]}}