{"id":5054,"date":"2016-04-12T09:05:45","date_gmt":"2016-04-12T08:05:45","guid":{"rendered":"https:\/\/www.glaesener-betz.lu\/portes-industrielles\/"},"modified":"2017-12-15T15:35:30","modified_gmt":"2017-12-15T14:35:30","slug":"industrietore","status":"publish","type":"page","link":"https:\/\/www.glaesener-betz.lu\/de\/services\/tueren-fenster\/industrietore\/","title":{"rendered":"INDUSTRIETORE"},"content":{"rendered":"<section class=\"wpb-content-wrapper\"><p>[vc_row css_animation=&#8220;&#8220; row_type=&#8220;row&#8220; use_row_as_full_screen_section=&#8220;no&#8220; type=&#8220;full_width&#8220; angled_section=&#8220;no&#8220; text_align=&#8220;right&#8220; background_image_as_pattern=&#8220;without_pattern&#8220;][vc_column width=&#8220;5\/6&#8243;][vc_column_text]<\/p>\n<h1 style=\"text-align: left;\">INDUSTRIETORE<\/h1>\n<p>[\/vc_column_text][\/vc_column][vc_column width=&#8220;1\/6&#8243;]<a  href=\" https:\/\/www.glaesener-betz.lu\/de\/services\/tueren-fenster\/\" target=\"_self\" data-hover-background-color=#153d8a data-hover-border-color=#153d8a  class=\"qbutton  small center\" style=\"color: #ffffff; border-color: #153d8a; font-style: normal; border-radius: 5px;-moz-border-radius: 5px;-webkit-border-radius: 5px; background-color: #153d8a;\">retour<i class=\"fa fa-arrow-left\" style=\"\"><\/i><\/a>[\/vc_column][\/vc_row][vc_row css_animation=&#8220;&#8220; row_type=&#8220;row&#8220; use_row_as_full_screen_section=&#8220;no&#8220; type=&#8220;full_width&#8220; angled_section=&#8220;no&#8220; text_align=&#8220;left&#8220; background_image_as_pattern=&#8220;without_pattern&#8220; css=&#8220;.vc_custom_1464940724255{margin-top: 20px !important;}&#8220;][vc_column el_class=&#8220;service-photo-slider&#8220;]<div class='qode_image_gallery_no_space dark'><div class='qode_image_gallery_holder' style='height: 200px;'><ul  ><li  ><div style=\"height: 200px; width:302px;\"><a class=\"prettyphotos\" rel=\"prettyPhotos[rel-809357713]\" href=\"https:\/\/www.glaesener-betz.lu\/wp-content\/uploads\/2016\/04\/atelierprotRedan_005.jpg\"><img src=\"https:\/\/www.glaesener-betz.lu\/wp-content\/uploads\/2016\/04\/atelierprotRedan_005.jpg\" alt=\"\" \/><\/a><\/div><\/li><li  ><div style=\"height: 200px; width:302px;\"><a class=\"prettyphotos\" rel=\"prettyPhotos[rel-809357713]\" href=\"https:\/\/www.glaesener-betz.lu\/wp-content\/uploads\/2016\/04\/atelierprotRedan_010.jpg\"><img src=\"https:\/\/www.glaesener-betz.lu\/wp-content\/uploads\/2016\/04\/atelierprotRedan_010.jpg\" alt=\"\" \/><\/a><\/div><\/li><li  ><div style=\"height: 200px; width:302px;\"><a class=\"prettyphotos\" rel=\"prettyPhotos[rel-809357713]\" href=\"https:\/\/www.glaesener-betz.lu\/wp-content\/uploads\/2016\/04\/DPD-Bettembourg_003.jpg\"><img src=\"https:\/\/www.glaesener-betz.lu\/wp-content\/uploads\/2016\/04\/DPD-Bettembourg_003.jpg\" alt=\"\" \/><\/a><\/div><\/li><li  ><div style=\"height: 200px; width:302px;\"><a class=\"prettyphotos\" rel=\"prettyPhotos[rel-809357713]\" href=\"https:\/\/www.glaesener-betz.lu\/wp-content\/uploads\/2016\/04\/DPD-Bettembourg_005.jpg\"><img src=\"https:\/\/www.glaesener-betz.lu\/wp-content\/uploads\/2016\/04\/DPD-Bettembourg_005.jpg\" alt=\"\" \/><\/a><\/div><\/li><li  ><div style=\"height: 200px; width:302px;\"><a class=\"prettyphotos\" rel=\"prettyPhotos[rel-809357713]\" href=\"https:\/\/www.glaesener-betz.lu\/wp-content\/uploads\/2016\/04\/DPD-Bettembourg_022.jpg\"><img src=\"https:\/\/www.glaesener-betz.lu\/wp-content\/uploads\/2016\/04\/DPD-Bettembourg_022.jpg\" alt=\"\" \/><\/a><\/div><\/li><li  ><div style=\"height: 200px; width:133px;\"><a class=\"prettyphotos\" rel=\"prettyPhotos[rel-809357713]\" href=\"https:\/\/www.glaesener-betz.lu\/wp-content\/uploads\/2016\/04\/DPD-Bettembourg_028.jpg\"><img src=\"https:\/\/www.glaesener-betz.lu\/wp-content\/uploads\/2016\/04\/DPD-Bettembourg_028.jpg\" alt=\"\" \/><\/a><\/div><\/li><li  ><div style=\"height: 200px; width:375px;\"><a class=\"prettyphotos\" rel=\"prettyPhotos[rel-809357713]\" href=\"https:\/\/www.glaesener-betz.lu\/wp-content\/uploads\/2016\/04\/DPD-Bettembourg_037-bis-1.jpg\"><img src=\"https:\/\/www.glaesener-betz.lu\/wp-content\/uploads\/2016\/04\/DPD-Bettembourg_037-bis-1.jpg\" alt=\"\" \/><\/a><\/div><\/li><li  ><div style=\"height: 200px; width:302px;\"><a class=\"prettyphotos\" rel=\"prettyPhotos[rel-809357713]\" href=\"https:\/\/www.glaesener-betz.lu\/wp-content\/uploads\/2016\/04\/DSC_2705.jpg\"><img src=\"https:\/\/www.glaesener-betz.lu\/wp-content\/uploads\/2016\/04\/DSC_2705.jpg\" alt=\"\" \/><\/a><\/div><\/li><li  ><div style=\"height: 200px; width:302px;\"><a class=\"prettyphotos\" rel=\"prettyPhotos[rel-809357713]\" href=\"https:\/\/www.glaesener-betz.lu\/wp-content\/uploads\/2016\/04\/DSC_2795.jpg\"><img src=\"https:\/\/www.glaesener-betz.lu\/wp-content\/uploads\/2016\/04\/DSC_2795.jpg\" alt=\"\" \/><\/a><\/div><\/li><li  ><div style=\"height: 200px; width:302px;\"><a class=\"prettyphotos\" rel=\"prettyPhotos[rel-809357713]\" href=\"https:\/\/www.glaesener-betz.lu\/wp-content\/uploads\/2016\/04\/DSC_2803.jpg\"><img src=\"https:\/\/www.glaesener-betz.lu\/wp-content\/uploads\/2016\/04\/DSC_2803.jpg\" alt=\"\" \/><\/a><\/div><\/li><li  ><div style=\"height: 200px; width:302px;\"><a class=\"prettyphotos\" rel=\"prettyPhotos[rel-809357713]\" href=\"https:\/\/www.glaesener-betz.lu\/wp-content\/uploads\/2016\/04\/DSC_2810.jpg\"><img src=\"https:\/\/www.glaesener-betz.lu\/wp-content\/uploads\/2016\/04\/DSC_2810.jpg\" alt=\"\" \/><\/a><\/div><\/li><li  ><div style=\"height: 200px; width:302px;\"><a class=\"prettyphotos\" rel=\"prettyPhotos[rel-809357713]\" href=\"https:\/\/www.glaesener-betz.lu\/wp-content\/uploads\/2016\/04\/DSC_2827.jpg\"><img src=\"https:\/\/www.glaesener-betz.lu\/wp-content\/uploads\/2016\/04\/DSC_2827.jpg\" alt=\"\" \/><\/a><\/div><\/li><li  ><div style=\"height: 200px; width:302px;\"><a class=\"prettyphotos\" rel=\"prettyPhotos[rel-809357713]\" href=\"https:\/\/www.glaesener-betz.lu\/wp-content\/uploads\/2016\/04\/DSC_2887.jpg\"><img src=\"https:\/\/www.glaesener-betz.lu\/wp-content\/uploads\/2016\/04\/DSC_2887.jpg\" alt=\"\" \/><\/a><\/div><\/li><li  ><div style=\"height: 200px; width:302px;\"><a class=\"prettyphotos\" rel=\"prettyPhotos[rel-809357713]\" href=\"https:\/\/www.glaesener-betz.lu\/wp-content\/uploads\/2016\/04\/DSC_2890.jpg\"><img src=\"https:\/\/www.glaesener-betz.lu\/wp-content\/uploads\/2016\/04\/DSC_2890.jpg\" alt=\"\" \/><\/a><\/div><\/li><li  ><div style=\"height: 200px; width:678px;\"><a class=\"prettyphotos\" rel=\"prettyPhotos[rel-809357713]\" href=\"https:\/\/www.glaesener-betz.lu\/wp-content\/uploads\/2016\/04\/incendieEschdorf_006-retouchee.jpg\"><img src=\"https:\/\/www.glaesener-betz.lu\/wp-content\/uploads\/2016\/04\/incendieEschdorf_006-retouchee.jpg\" alt=\"\" \/><\/a><\/div><\/li><li  ><div style=\"height: 200px; width:302px;\"><a class=\"prettyphotos\" rel=\"prettyPhotos[rel-809357713]\" href=\"https:\/\/www.glaesener-betz.lu\/wp-content\/uploads\/2016\/04\/incendieEschdorf_012.jpg\"><img src=\"https:\/\/www.glaesener-betz.lu\/wp-content\/uploads\/2016\/04\/incendieEschdorf_012.jpg\" alt=\"\" \/><\/a><\/div><\/li><li  ><div style=\"height: 200px; width:133px;\"><a class=\"prettyphotos\" rel=\"prettyPhotos[rel-809357713]\" href=\"https:\/\/www.glaesener-betz.lu\/wp-content\/uploads\/2016\/04\/Karier-Bissen_015.jpg\"><img src=\"https:\/\/www.glaesener-betz.lu\/wp-content\/uploads\/2016\/04\/Karier-Bissen_015.jpg\" alt=\"\" \/><\/a><\/div><\/li><li  ><div style=\"height: 200px; width:302px;\"><a class=\"prettyphotos\" rel=\"prettyPhotos[rel-809357713]\" href=\"https:\/\/www.glaesener-betz.lu\/wp-content\/uploads\/2016\/04\/Karier-Bissen_020.jpg\"><img src=\"https:\/\/www.glaesener-betz.lu\/wp-content\/uploads\/2016\/04\/Karier-Bissen_020.jpg\" alt=\"\" \/><\/a><\/div><\/li><li  ><div style=\"height: 200px; width:249px;\"><a class=\"prettyphotos\" rel=\"prettyPhotos[rel-809357713]\" href=\"https:\/\/www.glaesener-betz.lu\/wp-content\/uploads\/2016\/04\/photo-service-incendie-Diekirch.jpg\"><img src=\"https:\/\/www.glaesener-betz.lu\/wp-content\/uploads\/2016\/04\/photo-service-incendie-Diekirch.jpg\" alt=\"\" \/><\/a><\/div><\/li><\/ul><\/div><div class=\"controls\"><a class=\"prev-slide\" href=\"#\"><span><i class=\"fa fa-angle-left\"><\/i><\/span><\/a><a class=\"next-slide\" href=\"#\"><span><i class=\"fa fa-angle-right\"><\/i><\/span><\/a><\/div><\/div>[\/vc_column][\/vc_row][vc_row css_animation=&#8220;&#8220; row_type=&#8220;row&#8220; use_row_as_full_screen_section=&#8220;no&#8220; type=&#8220;full_width&#8220; angled_section=&#8220;no&#8220; text_align=&#8220;left&#8220; background_image_as_pattern=&#8220;without_pattern&#8220; padding_top=&#8220;15&#8243; padding_bottom=&#8220;15&#8243;][vc_column][vc_single_image image=&#8220;4692&#8243; img_size=&#8220;full&#8220; alignment=&#8220;center&#8220; onclick=&#8220;custom_link&#8220; img_link_target=&#8220;_blank&#8220; qode_css_animation=&#8220;&#8220; link=&#8220;http:\/\/www.hoermann.com\/produits\/&#8220;][\/vc_column][\/vc_row][vc_row css_animation=&#8220;&#8220; row_type=&#8220;row&#8220; use_row_as_full_screen_section=&#8220;no&#8220; type=&#8220;full_width&#8220; angled_section=&#8220;no&#8220; text_align=&#8220;left&#8220; background_image_as_pattern=&#8220;without_pattern&#8220;][vc_column][vc_column_text]<\/p>\n<p style=\"text-align: left;\">Wir f\u00fchren die Produkte der Marke H\u00f6rmann und sind deren offizieller Partner f\u00fcr ganz Luxemburg.<\/p>\n<p>&nbsp;<\/p>\n<p>Wir liefern Ihnen direkt an die Baustelle oder aber unsere Monteurteams \u00fcbernehmenden Einbau, ob im Neubau oder bei der Sanierung.<\/p>\n<p>&nbsp;<\/p>\n<p style=\"text-align: left;\">Unser H\u00d6RMANN INDUSTRIE Service bietet Ihnen die folgenden Produkte an:<\/p>\n<p>&nbsp;<\/p>\n<ul>\n<li style=\"padding-left: 90px;\">Industrie-Sectionaletore<\/li>\n<li style=\"padding-left: 90px;\">Schnellauftore<\/li>\n<li style=\"padding-left: 90px;\">Rolltore und Rollgitter<\/li>\n<li style=\"padding-left: 90px;\">Pendeltore und Streifenvorh\u00e4nge<\/li>\n<li style=\"padding-left: 90px;\">Sporthallentore<\/li>\n<\/ul>\n<p>&nbsp;<\/p>\n<div>\n<p>Unsere professionellen Monteure bauen Ihre alten Tore aus und die neuen ein und \u00fcbernehmen auch den Verputz.<\/p>\n<\/div>\n<p>&nbsp;<\/p>\n<div>\n<p>Ein Reparaturdienst steht Ihnen unter der Telefonnummer 00352 621 724 753 (montags bis freitags 15:30 bis 22 Uhr, samstags 8 bis 17 Uhr) zur Verf\u00fcgung.<\/p>\n<\/div>\n<p>&nbsp;<\/p>\n<div><strong>Rufen Sie uns an und wir machen Ihnen einen unverbindlichen Kostenvoranschlag. Tel.: (+352) 23 64 64.<\/strong><\/div>\n<p>&nbsp;<\/p>\n<h4 style=\"text-align: center;\"><span style=\"font-size: 12pt;\"><i class=\"fa fa-phone\"> <i class=\"fa fa-envelope\"> <\/i><\/i>\u00a0\u00a0<span style=\"font-size: 12pt;\"><a href=\"\/?page_id=16\" target=\"_blank\" rel=\"noopener\">Ben\u00f6tigen Sie weitere Informationen? Kontaktieren Sie uns!<\/a><\/span><\/span><\/h4>\n<p>[\/vc_column_text][\/vc_column][\/vc_row][vc_row css_animation=&#8220;&#8220; row_type=&#8220;row&#8220; use_row_as_full_screen_section=&#8220;no&#8220; type=&#8220;full_width&#8220; angled_section=&#8220;no&#8220; text_align=&#8220;center&#8220; background_image_as_pattern=&#8220;without_pattern&#8220; padding_bottom=&#8220;45&#8243;][vc_column][vc_separator type=&#8220;transparent&#8220; thickness=&#8220;10&#8243;][vc_column_text el_class=&#8220;.title_catalogue&#8220;]Aktualit\u00e4ten[\/vc_column_text][vc_separator type=&#8220;transparent&#8220; thickness=&#8220;10&#8243;]<div class='latest_post_holder boxes three_columns two_rows'><ul><li class=\"clearfix\"><div class=\"latest_news\"><h5 class=\"latest_news_title \"><a href=\"https:\/\/www.glaesener-betz.lu\/de\/services\/profi-baumarkt\/maschinenverleih\/\">Maschinenverleih<\/a><\/h5><div class=\"latest_news_inner\"><div class=\"latest_news_image\"><img src=\"https:\/\/www.glaesener-betz.lu\/wp-content\/uploads\/2018\/04\/24.stihl_scie-a-beton_Trennschleifer_TS700_location.png\" alt=\"\" \/><\/div><p class=\"latest_news_content\">in Redange\/Attert und Contern...<\/p><div class=\"clearfix\"><\/div> <\/div><a class=\"news-cta-link\" href=\"https:\/\/www.glaesener-betz.lu\/de\/services\/profi-baumarkt\/maschinenverleih\/\"><\/a><\/div><\/li><li class=\"clearfix\"><div class=\"latest_news\"><h5 class=\"latest_news_title \"><a href=\"https:\/\/www.glaesener-betz.lu\/de\/services\/tueren-fenster\/kundendienst-2\/\">Pannen Garagentore<\/a><\/h5><div class=\"latest_news_inner\"><div class=\"latest_news_image\"><img src=\"https:\/\/www.glaesener-betz.lu\/wp-content\/uploads\/2018\/01\/porte-de-garage_depannage_hoermann-3.jpg\" alt=\"\" \/><\/div><p class=\"latest_news_content\">F\u00fcr Reparatur \/ Pannen ihrer Garagentore: &nbsp; Montag bis ...<\/p><div class=\"clearfix\"><\/div> <\/div><a class=\"news-cta-link\" href=\"https:\/\/www.glaesener-betz.lu\/de\/services\/tueren-fenster\/kundendienst-2\/\"><\/a><\/div><\/li><li class=\"clearfix\"><div class=\"latest_news\"><h5 class=\"latest_news_title \"><a href=\"https:\/\/www.glaesener-betz.lu\/de\/tank-des-regenwassers-belastet\/\">Kostenlose Anfrage<\/a><\/h5><div class=\"latest_news_inner\"><div class=\"latest_news_image\"><img src=\"https:\/\/www.glaesener-betz.lu\/wp-content\/uploads\/2018\/04\/Graf_citerne-eau_Carat.png\" alt=\"\" \/><\/div><p class=\"latest_news_content\">Regenwassernutzung unterirdisch...<\/p><div class=\"clearfix\"><\/div> <\/div><a class=\"news-cta-link\" href=\"https:\/\/www.glaesener-betz.lu\/de\/tank-des-regenwassers-belastet\/\"><\/a><\/div><\/li><li class=\"clearfix\"><div class=\"latest_news\"><h5 class=\"latest_news_title \"><a href=\"https:\/\/www.glaesener-betz.lu\/de\/renovation-porte-de-garage\/\">Renovation porte de garage<\/a><\/h5><div class=\"latest_news_inner\"><div class=\"latest_news_image\"><img src=\"https:\/\/www.glaesener-betz.lu\/wp-content\/uploads\/2018\/01\/renovation-porte-garage.png\" alt=\"\" \/><\/div><p class=\"latest_news_content\">&nbsp; Place \u00e0 votre nouvelle porte de garage! Que ce soit p...<\/p><div class=\"clearfix\"><\/div> <\/div><a class=\"news-cta-link\" href=\"https:\/\/www.glaesener-betz.lu\/de\/renovation-porte-de-garage\/\"><\/a><\/div><\/li><li class=\"clearfix\"><div class=\"latest_news\"><h5 class=\"latest_news_title \"><a href=\"https:\/\/www.glaesener-betz.lu\/wp-content\/uploads\/2017\/11\/Glaesener-Betz_Schiebet\u00fcrblatt-Eclisse_2017.pdf\">Schiebet\u00fcrblatt<\/a><\/h5><div class=\"latest_news_inner\"><div class=\"latest_news_image\"><img src=\"https:\/\/www.glaesener-betz.lu\/wp-content\/uploads\/2017\/11\/Eclisse_Syntesis-Line-EF_Massivwand-1.png\" alt=\"\" \/><\/div><p class=\"latest_news_content\">Schiebet\u00fcrkasten Ausf\u00fchrung Trockenbau...<\/p><div class=\"clearfix\"><\/div> <\/div><a class=\"news-cta-link\" href=\"https:\/\/www.glaesener-betz.lu\/wp-content\/uploads\/2017\/11\/Glaesener-Betz_Schiebet\u00fcrblatt-Eclisse_2017.pdf\"><\/a><\/div><\/li><li class=\"clearfix\"><div class=\"latest_news\"><h5 class=\"latest_news_title \"><a href=\"https:\/\/www.glaesener-betz.lu\/wp-content\/uploads\/2021\/03\/LPU%20expo_sans-prix%202021.pdf\">Garagentore Promotion<\/a><\/h5><div class=\"latest_news_inner\"><div class=\"latest_news_image\"><img src=\"https:\/\/www.glaesener-betz.lu\/wp-content\/uploads\/2016\/04\/STOo320W-1.jpg\" alt=\"\" \/><\/div><p class=\"latest_news_content\">Garagentore Promotion...<\/p><div class=\"clearfix\"><\/div> <\/div><a class=\"news-cta-link\" href=\"https:\/\/www.glaesener-betz.lu\/wp-content\/uploads\/2021\/03\/LPU%20expo_sans-prix%202021.pdf\"><\/a><\/div><\/li><\/ul><\/div>[\/vc_column][\/vc_row]<\/p>\n<\/section>","protected":false},"excerpt":{"rendered":"<p>[vc_row css_animation=&#8220;&#8220; row_type=&#8220;row&#8220; use_row_as_full_screen_section=&#8220;no&#8220; type=&#8220;full_width&#8220; angled_section=&#8220;no&#8220; text_align=&#8220;right&#8220; background_image_as_pattern=&#8220;without_pattern&#8220;][vc_column width=&#8220;5\/6&#8243;][vc_column_text] INDUSTRIETORE [\/vc_column_text][\/vc_column][vc_column width=&#8220;1\/6&#8243;][\/vc_column][\/vc_row][vc_row css_animation=&#8220;&#8220; row_type=&#8220;row&#8220; use_row_as_full_screen_section=&#8220;no&#8220; type=&#8220;full_width&#8220; angled_section=&#8220;no&#8220; text_align=&#8220;left&#8220; background_image_as_pattern=&#8220;without_pattern&#8220; css=&#8220;.vc_custom_1464940724255{margin-top: 20px !important;}&#8220;][vc_column el_class=&#8220;service-photo-slider&#8220;][\/vc_column][\/vc_row][vc_row css_animation=&#8220;&#8220; row_type=&#8220;row&#8220; use_row_as_full_screen_section=&#8220;no&#8220; type=&#8220;full_width&#8220; angled_section=&#8220;no&#8220; text_align=&#8220;left&#8220; background_image_as_pattern=&#8220;without_pattern&#8220; padding_top=&#8220;15&#8243; padding_bottom=&#8220;15&#8243;][vc_column][vc_single_image image=&#8220;4692&#8243; img_size=&#8220;full&#8220; alignment=&#8220;center&#8220; onclick=&#8220;custom_link&#8220; img_link_target=&#8220;_blank&#8220; qode_css_animation=&#8220;&#8220; link=&#8220;http:\/\/www.hoermann.com\/produits\/&#8220;][\/vc_column][\/vc_row][vc_row css_animation=&#8220;&#8220; row_type=&#8220;row&#8220; use_row_as_full_screen_section=&#8220;no&#8220; type=&#8220;full_width&#8220; angled_section=&#8220;no&#8220; text_align=&#8220;left&#8220;&#8230;<\/p>\n","protected":false},"author":2,"featured_media":0,"parent":5015,"menu_order":0,"comment_status":"closed","ping_status":"closed","template":"","meta":[],"_links":{"self":[{"href":"https:\/\/www.glaesener-betz.lu\/de\/wp-json\/wp\/v2\/pages\/5054"}],"collection":[{"href":"https:\/\/www.glaesener-betz.lu\/de\/wp-json\/wp\/v2\/pages"}],"about":[{"href":"https:\/\/www.glaesener-betz.lu\/de\/wp-json\/wp\/v2\/types\/page"}],"author":[{"embeddable":true,"href":"https:\/\/www.glaesener-betz.lu\/de\/wp-json\/wp\/v2\/users\/2"}],"replies":[{"embeddable":true,"href":"https:\/\/www.glaesener-betz.lu\/de\/wp-json\/wp\/v2\/comments?post=5054"}],"version-history":[{"count":8,"href":"https:\/\/www.glaesener-betz.lu\/de\/wp-json\/wp\/v2\/pages\/5054\/revisions"}],"predecessor-version":[{"id":6244,"href":"https:\/\/www.glaesener-betz.lu\/de\/wp-json\/wp\/v2\/pages\/5054\/revisions\/6244"}],"up":[{"embeddable":true,"href":"https:\/\/www.glaesener-betz.lu\/de\/wp-json\/wp\/v2\/pages\/5015"}],"wp:attachment":[{"href":"https:\/\/www.glaesener-betz.lu\/de\/wp-json\/wp\/v2\/media?parent=5054"}],"curies":[{"name":"wp","href":"https:\/\/api.w.org\/{rel}","templated":true}]}}