{"id":5014,"date":"2016-09-14T10:58:53","date_gmt":"2016-09-14T09:58:53","guid":{"rendered":"https:\/\/www.glaesener-betz.lu\/toituretoitureverte\/"},"modified":"2018-02-12T08:07:09","modified_gmt":"2018-02-12T07:07:09","slug":"dachbegruenung","status":"publish","type":"page","link":"https:\/\/www.glaesener-betz.lu\/de\/services\/dach\/dachbegruenung\/","title":{"rendered":"DACHBEGRUENUNG"},"content":{"rendered":"<section class=\"wpb-content-wrapper\"><p>[vc_row css_animation=&#8220;&#8220; row_type=&#8220;row&#8220; use_row_as_full_screen_section=&#8220;no&#8220; type=&#8220;full_width&#8220; angled_section=&#8220;no&#8220; text_align=&#8220;left&#8220; background_image_as_pattern=&#8220;without_pattern&#8220;][vc_column width=&#8220;5\/6&#8243;][vc_column_text]<\/p>\n<h1>Dachbegr\u00fcnung<\/h1>\n<p>[\/vc_column_text][vc_separator type=&#8220;transparent&#8220; thickness=&#8220;5&#8243;][\/vc_column][vc_column width=&#8220;1\/6&#8243;]<a  href=\" https:\/\/www.glaesener-betz.lu\/de\/services\/dach\/\" target=\"_self\" data-hover-background-color=#153d8a data-hover-border-color=#153d8a data-hover-color=#ffffff class=\"qbutton  small right\" style=\"color: #ffffff; border-color: #153d8a; font-style: normal; border-radius: 5px;-moz-border-radius: 5px;-webkit-border-radius: 5px; background-color: #153d8a;\">retour<i class=\"fa fa-arrow-left\" style=\"\"><\/i><\/a>[\/vc_column][\/vc_row][vc_row css_animation=&#8220;&#8220; row_type=&#8220;row&#8220; use_row_as_full_screen_section=&#8220;no&#8220; type=&#8220;full_width&#8220; angled_section=&#8220;no&#8220; text_align=&#8220;left&#8220; background_image_as_pattern=&#8220;without_pattern&#8220;][vc_column el_class=&#8220;service-photo-slider&#8220;]<div class='qode_image_gallery_no_space dark'><div class='qode_image_gallery_holder' style='height: 200px;'><ul  ><li  ><div style=\"height: 200px; width:268px;\"><a class=\"prettyphotos\" rel=\"prettyPhotos[rel-1817535429]\" href=\"https:\/\/www.glaesener-betz.lu\/wp-content\/uploads\/2016\/09\/GD_EXT1_800px_f8d470_01.jpg\"><img src=\"https:\/\/www.glaesener-betz.lu\/wp-content\/uploads\/2016\/09\/GD_EXT1_800px_f8d470_01.jpg\" alt=\"\" \/><\/a><\/div><\/li><li  ><div style=\"height: 200px; width:267px;\"><a class=\"prettyphotos\" rel=\"prettyPhotos[rel-1817535429]\" href=\"https:\/\/www.glaesener-betz.lu\/wp-content\/uploads\/2016\/09\/Gruibingen_2_ea0384_01.jpg\"><img src=\"https:\/\/www.glaesener-betz.lu\/wp-content\/uploads\/2016\/09\/Gruibingen_2_ea0384_01.jpg\" alt=\"\" \/><\/a><\/div><\/li><li  ><div style=\"height: 200px; width:295px;\"><a class=\"prettyphotos\" rel=\"prettyPhotos[rel-1817535429]\" href=\"https:\/\/www.glaesener-betz.lu\/wp-content\/uploads\/2016\/09\/69676-6808101.jpg\"><img src=\"https:\/\/www.glaesener-betz.lu\/wp-content\/uploads\/2016\/09\/69676-6808101.jpg\" alt=\"\" \/><\/a><\/div><\/li><li  ><div style=\"height: 200px; width:267px;\"><a class=\"prettyphotos\" rel=\"prettyPhotos[rel-1817535429]\" href=\"https:\/\/www.glaesener-betz.lu\/wp-content\/uploads\/2016\/09\/7764fec972.jpg\"><img src=\"https:\/\/www.glaesener-betz.lu\/wp-content\/uploads\/2016\/09\/7764fec972.jpg\" alt=\"\" \/><\/a><\/div><\/li><li  ><div style=\"height: 200px; width:171px;\"><a class=\"prettyphotos\" rel=\"prettyPhotos[rel-1817535429]\" href=\"https:\/\/www.glaesener-betz.lu\/wp-content\/uploads\/2016\/09\/Aufbau_GE-1-1_mZ_neu_03.jpg\"><img src=\"https:\/\/www.glaesener-betz.lu\/wp-content\/uploads\/2016\/09\/Aufbau_GE-1-1_mZ_neu_03.jpg\" alt=\"\" \/><\/a><\/div><\/li><li  ><div style=\"height: 200px; width:267px;\"><a class=\"prettyphotos\" rel=\"prettyPhotos[rel-1817535429]\" href=\"https:\/\/www.glaesener-betz.lu\/wp-content\/uploads\/2016\/09\/f2a8c14a70.jpg\"><img src=\"https:\/\/www.glaesener-betz.lu\/wp-content\/uploads\/2016\/09\/f2a8c14a70.jpg\" alt=\"\" \/><\/a><\/div><\/li><li  ><div style=\"height: 200px; width:267px;\"><a class=\"prettyphotos\" rel=\"prettyPhotos[rel-1817535429]\" href=\"https:\/\/www.glaesener-betz.lu\/wp-content\/uploads\/2016\/09\/ab284ae95c.jpg\"><img src=\"https:\/\/www.glaesener-betz.lu\/wp-content\/uploads\/2016\/09\/ab284ae95c.jpg\" alt=\"\" \/><\/a><\/div><\/li><li  ><div style=\"height: 200px; width:283px;\"><a class=\"prettyphotos\" rel=\"prettyPhotos[rel-1817535429]\" href=\"https:\/\/www.glaesener-betz.lu\/wp-content\/uploads\/2016\/09\/images.jpg\"><img src=\"https:\/\/www.glaesener-betz.lu\/wp-content\/uploads\/2016\/09\/images.jpg\" alt=\"\" \/><\/a><\/div><\/li><li  ><div style=\"height: 200px; width:268px;\"><a class=\"prettyphotos\" rel=\"prettyPhotos[rel-1817535429]\" href=\"https:\/\/www.glaesener-betz.lu\/wp-content\/uploads\/2016\/09\/GD_SD1_800px_67.jpg\"><img src=\"https:\/\/www.glaesener-betz.lu\/wp-content\/uploads\/2016\/09\/GD_SD1_800px_67.jpg\" alt=\"\" \/><\/a><\/div><\/li><li  ><div style=\"height: 200px; width:268px;\"><a class=\"prettyphotos\" rel=\"prettyPhotos[rel-1817535429]\" href=\"https:\/\/www.glaesener-betz.lu\/wp-content\/uploads\/2016\/09\/441be7c37b.jpg\"><img src=\"https:\/\/www.glaesener-betz.lu\/wp-content\/uploads\/2016\/09\/441be7c37b.jpg\" alt=\"\" \/><\/a><\/div><\/li><li  ><div style=\"height: 200px; width:267px;\"><a class=\"prettyphotos\" rel=\"prettyPhotos[rel-1817535429]\" href=\"https:\/\/www.glaesener-betz.lu\/wp-content\/uploads\/2016\/09\/3acee182fe.jpg\"><img src=\"https:\/\/www.glaesener-betz.lu\/wp-content\/uploads\/2016\/09\/3acee182fe.jpg\" alt=\"\" \/><\/a><\/div><\/li><\/ul><\/div><div class=\"controls\"><a class=\"prev-slide\" href=\"#\"><span><i class=\"fa fa-angle-left\"><\/i><\/span><\/a><a class=\"next-slide\" href=\"#\"><span><i class=\"fa fa-angle-right\"><\/i><\/span><\/a><\/div><\/div>[\/vc_column][\/vc_row][vc_row css_animation=&#8220;&#8220; row_type=&#8220;row&#8220; use_row_as_full_screen_section=&#8220;no&#8220; type=&#8220;full_width&#8220; angled_section=&#8220;no&#8220; text_align=&#8220;left&#8220; background_image_as_pattern=&#8220;without_pattern&#8220;][vc_column][vc_separator type=&#8220;transparent&#8220; thickness=&#8220;10&#8243;][vc_column_text el_class=&#8220;.title_catalogue&#8220;]Unsere Markenpartner[\/vc_column_text][\/vc_column][\/vc_row][vc_row css_animation=&#8220;&#8220; row_type=&#8220;row&#8220; use_row_as_full_screen_section=&#8220;no&#8220; type=&#8220;full_width&#8220; angled_section=&#8220;no&#8220; text_align=&#8220;left&#8220; background_image_as_pattern=&#8220;without_pattern&#8220;][vc_column offset=&#8220;vc_hidden-lg vc_hidden-md&#8220;][vc_gallery interval=&#8220;3&#8243; images=&#8220;4951,4947,4946,4587&#8243; img_size=&#8220;full&#8220;][\/vc_column][\/vc_row][vc_row css_animation=&#8220;&#8220; row_type=&#8220;row&#8220; use_row_as_full_screen_section=&#8220;no&#8220; type=&#8220;full_width&#8220; angled_section=&#8220;no&#8220; text_align=&#8220;left&#8220; background_image_as_pattern=&#8220;without_pattern&#8220;][vc_column offset=&#8220;vc_hidden-sm vc_hidden-xs&#8220;][vc_row_inner row_type=&#8220;row&#8220; type=&#8220;full_width&#8220; text_align=&#8220;left&#8220; css_animation=&#8220;&#8220;][vc_column_inner width=&#8220;1\/4&#8243;][vc_single_image image=&#8220;4951&#8243; img_size=&#8220;full&#8220; alignment=&#8220;center&#8220; onclick=&#8220;custom_link&#8220; img_link_target=&#8220;_blank&#8220; qode_css_animation=&#8220;&#8220;][\/vc_column_inner][vc_column_inner width=&#8220;1\/4&#8243;][vc_single_image image=&#8220;4947&#8243; img_size=&#8220;full&#8220; alignment=&#8220;center&#8220; onclick=&#8220;custom_link&#8220; img_link_target=&#8220;_blank&#8220; qode_css_animation=&#8220;&#8220;][\/vc_column_inner][vc_column_inner width=&#8220;1\/4&#8243;][vc_single_image image=&#8220;4946&#8243; img_size=&#8220;full&#8220; alignment=&#8220;center&#8220; onclick=&#8220;custom_link&#8220; img_link_target=&#8220;_blank&#8220; qode_css_animation=&#8220;&#8220;][\/vc_column_inner][vc_column_inner width=&#8220;1\/4&#8243;][vc_single_image image=&#8220;4587&#8243; img_size=&#8220;full&#8220; alignment=&#8220;center&#8220; onclick=&#8220;custom_link&#8220; img_link_target=&#8220;_blank&#8220; qode_css_animation=&#8220;&#8220;][\/vc_column_inner][\/vc_row_inner][\/vc_column][\/vc_row][vc_row css_animation=&#8220;&#8220; row_type=&#8220;row&#8220; use_row_as_full_screen_section=&#8220;no&#8220; type=&#8220;full_width&#8220; angled_section=&#8220;no&#8220; text_align=&#8220;left&#8220; background_image_as_pattern=&#8220;without_pattern&#8220;][vc_column][vc_separator type=&#8220;transparent&#8220; thickness=&#8220;5&#8243;][vc_column_text]<\/p>\n<p style=\"text-align: left;\">Eine Dachbegr\u00fcnung verleiht einem Geb\u00e4ude einen Mehrwert, zudem hat sie \u00f6kologische Vorteile, wie z. B. die Produktion von Sauerstoff, die Feuchtigkeitsregulierung; sie vermeidet Schmutz und erm\u00f6glicht die Aufbewahrung von Regenwasser. Zus\u00e4tzlich verl\u00e4ngern gr\u00fcne D\u00e4cher die Lebensdauer und die Dichtheit eines Daches erheblich.<\/p>\n<p style=\"text-align: left;\">Dass sich ein begr\u00fcntes Dach gut entwickelt, h\u00e4ngt von der Wahl der Komponenten f\u00fcr die Dachstruktur ab: der Dichtheit, inklusive Anti-Wurzel Schutz, der Trenn- und Schutzschicht, einem optimierten Wasserabfluss, der F\u00e4higkeit, Feuchtigkeit zu speichern, vom entsprechenden Substrat und der Pflanzenschicht.<\/p>\n<p>&nbsp;<\/p>\n<h4 style=\"text-align: left;\"><span style=\"font-size: 11pt;\"><i class=\"fa fa-phone\"> <i class=\"fa fa-envelope\"> <\/i><\/i>\u00a0\u00a0<span style=\"font-size: 11pt;\"><a href=\"https:\/\/www.glaesener-betz.lu\/de\/kontakt-anfahrt\/\" target=\"_blank\">Kontaktieren Sie uns f\u00fcr weitere Informationen.<\/a><\/span><\/span><\/h4>\n<p>[\/vc_column_text][vc_separator type=&#8220;transparent&#8220; thickness=&#8220;5&#8243;][\/vc_column][\/vc_row][vc_row css_animation=&#8220;&#8220; row_type=&#8220;row&#8220; use_row_as_full_screen_section=&#8220;no&#8220; type=&#8220;full_width&#8220; angled_section=&#8220;no&#8220; text_align=&#8220;center&#8220; background_image_as_pattern=&#8220;without_pattern&#8220; padding_bottom=&#8220;45&#8243;][vc_column][vc_column_text el_class=&#8220;.title_catalogue&#8220;]Aktualit\u00e4ten[\/vc_column_text][vc_separator type=&#8220;transparent&#8220; thickness=&#8220;10&#8243;]<div class='latest_post_holder boxes three_columns two_rows'><ul><li class=\"clearfix\"><div class=\"latest_news\"><h5 class=\"latest_news_title \"><a href=\"https:\/\/www.glaesener-betz.lu\/de\/services\/profi-baumarkt\/maschinenverleih\/\">Maschinenverleih<\/a><\/h5><div class=\"latest_news_inner\"><div class=\"latest_news_image\"><img src=\"https:\/\/www.glaesener-betz.lu\/wp-content\/uploads\/2018\/04\/24.stihl_scie-a-beton_Trennschleifer_TS700_location.png\" alt=\"\" \/><\/div><p class=\"latest_news_content\">in Redange\/Attert und Contern...<\/p><div class=\"clearfix\"><\/div> <\/div><a class=\"news-cta-link\" href=\"https:\/\/www.glaesener-betz.lu\/de\/services\/profi-baumarkt\/maschinenverleih\/\"><\/a><\/div><\/li><li class=\"clearfix\"><div class=\"latest_news\"><h5 class=\"latest_news_title \"><a href=\"https:\/\/www.glaesener-betz.lu\/de\/tank-des-regenwassers-belastet\/\">Kostenlose Anfrage<\/a><\/h5><div class=\"latest_news_inner\"><div class=\"latest_news_image\"><img src=\"https:\/\/www.glaesener-betz.lu\/wp-content\/uploads\/2018\/04\/Graf_citerne-eau_Carat.png\" alt=\"\" \/><\/div><p class=\"latest_news_content\">Regenwassernutzung unterirdisch...<\/p><div class=\"clearfix\"><\/div> <\/div><a class=\"news-cta-link\" href=\"https:\/\/www.glaesener-betz.lu\/de\/tank-des-regenwassers-belastet\/\"><\/a><\/div><\/li><\/ul><\/div>[\/vc_column][\/vc_row]<\/p>\n<\/section>","protected":false},"excerpt":{"rendered":"<p>[vc_row css_animation=&#8220;&#8220; row_type=&#8220;row&#8220; use_row_as_full_screen_section=&#8220;no&#8220; type=&#8220;full_width&#8220; angled_section=&#8220;no&#8220; text_align=&#8220;left&#8220; background_image_as_pattern=&#8220;without_pattern&#8220;][vc_column width=&#8220;5\/6&#8243;][vc_column_text] Dachbegr\u00fcnung [\/vc_column_text][vc_separator type=&#8220;transparent&#8220; thickness=&#8220;5&#8243;][\/vc_column][vc_column width=&#8220;1\/6&#8243;][\/vc_column][\/vc_row][vc_row css_animation=&#8220;&#8220; row_type=&#8220;row&#8220; use_row_as_full_screen_section=&#8220;no&#8220; type=&#8220;full_width&#8220; angled_section=&#8220;no&#8220; text_align=&#8220;left&#8220; background_image_as_pattern=&#8220;without_pattern&#8220;][vc_column el_class=&#8220;service-photo-slider&#8220;][\/vc_column][\/vc_row][vc_row css_animation=&#8220;&#8220; row_type=&#8220;row&#8220; use_row_as_full_screen_section=&#8220;no&#8220; type=&#8220;full_width&#8220; angled_section=&#8220;no&#8220; text_align=&#8220;left&#8220; background_image_as_pattern=&#8220;without_pattern&#8220;][vc_column][vc_separator type=&#8220;transparent&#8220; thickness=&#8220;10&#8243;][vc_column_text el_class=&#8220;.title_catalogue&#8220;]Unsere Markenpartner[\/vc_column_text][\/vc_column][\/vc_row][vc_row css_animation=&#8220;&#8220; row_type=&#8220;row&#8220; use_row_as_full_screen_section=&#8220;no&#8220; type=&#8220;full_width&#8220; angled_section=&#8220;no&#8220; text_align=&#8220;left&#8220; background_image_as_pattern=&#8220;without_pattern&#8220;][vc_column offset=&#8220;vc_hidden-lg vc_hidden-md&#8220;][vc_gallery interval=&#8220;3&#8243; images=&#8220;4951,4947,4946,4587&#8243; img_size=&#8220;full&#8220;][\/vc_column][\/vc_row][vc_row&#8230;<\/p>\n","protected":false},"author":2,"featured_media":0,"parent":5099,"menu_order":0,"comment_status":"closed","ping_status":"closed","template":"","meta":[],"_links":{"self":[{"href":"https:\/\/www.glaesener-betz.lu\/de\/wp-json\/wp\/v2\/pages\/5014"}],"collection":[{"href":"https:\/\/www.glaesener-betz.lu\/de\/wp-json\/wp\/v2\/pages"}],"about":[{"href":"https:\/\/www.glaesener-betz.lu\/de\/wp-json\/wp\/v2\/types\/page"}],"author":[{"embeddable":true,"href":"https:\/\/www.glaesener-betz.lu\/de\/wp-json\/wp\/v2\/users\/2"}],"replies":[{"embeddable":true,"href":"https:\/\/www.glaesener-betz.lu\/de\/wp-json\/wp\/v2\/comments?post=5014"}],"version-history":[{"count":7,"href":"https:\/\/www.glaesener-betz.lu\/de\/wp-json\/wp\/v2\/pages\/5014\/revisions"}],"predecessor-version":[{"id":6473,"href":"https:\/\/www.glaesener-betz.lu\/de\/wp-json\/wp\/v2\/pages\/5014\/revisions\/6473"}],"up":[{"embeddable":true,"href":"https:\/\/www.glaesener-betz.lu\/de\/wp-json\/wp\/v2\/pages\/5099"}],"wp:attachment":[{"href":"https:\/\/www.glaesener-betz.lu\/de\/wp-json\/wp\/v2\/media?parent=5014"}],"curies":[{"name":"wp","href":"https:\/\/api.w.org\/{rel}","templated":true}]}}