{"id":5012,"date":"2016-09-14T11:59:52","date_gmt":"2016-09-14T10:59:52","guid":{"rendered":"https:\/\/www.glaesener-betz.lu\/bardage-de-facade\/"},"modified":"2018-02-09T07:18:46","modified_gmt":"2018-02-09T06:18:46","slug":"fassadenverkleindung","status":"publish","type":"page","link":"https:\/\/www.glaesener-betz.lu\/de\/services\/dach\/fassadenverkleindung\/","title":{"rendered":"FASSADENVERKLEIDUNG"},"content":{"rendered":"<section class=\"wpb-content-wrapper\"><p>[vc_row css_animation=&#8220;&#8220; row_type=&#8220;row&#8220; use_row_as_full_screen_section=&#8220;no&#8220; type=&#8220;full_width&#8220; angled_section=&#8220;no&#8220; text_align=&#8220;left&#8220; background_image_as_pattern=&#8220;without_pattern&#8220;][vc_column width=&#8220;5\/6&#8243;][vc_column_text]<\/p>\n<h1>Fassadenverkleidung<\/h1>\n<p>[\/vc_column_text][vc_separator type=&#8220;transparent&#8220; thickness=&#8220;5&#8243;][\/vc_column][vc_column width=&#8220;1\/6&#8243;]<a  href=\"https:\/\/www.glaesener-betz.lu\/de\/services\/dach\/\" target=\"_self\" data-hover-background-color=#153d8a data-hover-border-color=#153d8a data-hover-color=#ffffff class=\"qbutton  small right\" style=\"color: #ffffff; border-color: #153d8a; font-style: normal; border-radius: 5px;-moz-border-radius: 5px;-webkit-border-radius: 5px; background-color: #153d8a;\">retour<i class=\"fa fa-arrow-left\" style=\"\"><\/i><\/a>[\/vc_column][\/vc_row][vc_row css_animation=&#8220;&#8220; row_type=&#8220;row&#8220; use_row_as_full_screen_section=&#8220;no&#8220; type=&#8220;full_width&#8220; angled_section=&#8220;no&#8220; text_align=&#8220;left&#8220; background_image_as_pattern=&#8220;without_pattern&#8220;][vc_column el_class=&#8220;service-photo-slider&#8220;]<div class='qode_image_gallery_no_space dark'><div class='qode_image_gallery_holder' style='height: 200px;'><ul  ><li  ><div style=\"height: 200px; width:267px;\"><a class=\"prettyphotos\" rel=\"prettyPhotos[rel-1472100471]\" href=\"https:\/\/www.glaesener-betz.lu\/wp-content\/uploads\/2016\/09\/svk_puro_plus_gevelplaten_olen_1.jpg\"><img src=\"https:\/\/www.glaesener-betz.lu\/wp-content\/uploads\/2016\/09\/svk_puro_plus_gevelplaten_olen_1.jpg\" alt=\"Mat\u00e9riaux bardage de fa\u00e7ade SVK\" \/><\/a><\/div><\/li><li  ><div style=\"height: 200px; width:267px;\"><a class=\"prettyphotos\" rel=\"prettyPhotos[rel-1472100471]\" href=\"https:\/\/www.glaesener-betz.lu\/wp-content\/uploads\/2016\/09\/P1020444.jpg\"><img src=\"https:\/\/www.glaesener-betz.lu\/wp-content\/uploads\/2016\/09\/P1020444.jpg\" alt=\"Mat\u00e9riaux de bardage fa\u00e7ace en bois Ladenburger en vente chez Glaesener-Betz\" \/><\/a><\/div><\/li><li  ><div style=\"height: 200px; width:300px;\"><a class=\"prettyphotos\" rel=\"prettyPhotos[rel-1472100471]\" href=\"https:\/\/www.glaesener-betz.lu\/wp-content\/uploads\/2016\/09\/vmzink_DL_15359.jpg\"><img src=\"https:\/\/www.glaesener-betz.lu\/wp-content\/uploads\/2016\/09\/vmzink_DL_15359.jpg\" alt=\"Mat\u00e9riaux bardage de fa\u00e7ade en zinc en vente chez Glaesener-Betz\" \/><\/a><\/div><\/li><li  ><div style=\"height: 200px; width:150px;\"><a class=\"prettyphotos\" rel=\"prettyPhotos[rel-1472100471]\" href=\"https:\/\/www.glaesener-betz.lu\/wp-content\/uploads\/2016\/09\/svk_orn0047_1.jpg\"><img src=\"https:\/\/www.glaesener-betz.lu\/wp-content\/uploads\/2016\/09\/svk_orn0047_1.jpg\" alt=\"Mat\u00e9riaux bardage de fa\u00e7ade SVK\" \/><\/a><\/div><\/li><li  ><div style=\"height: 200px; width:166px;\"><a class=\"prettyphotos\" rel=\"prettyPhotos[rel-1472100471]\" href=\"https:\/\/www.glaesener-betz.lu\/wp-content\/uploads\/2016\/09\/P1000132.jpg\"><img src=\"https:\/\/www.glaesener-betz.lu\/wp-content\/uploads\/2016\/09\/P1000132.jpg\" alt=\"Mat\u00e9riaux de bardage fa\u00e7ace en bois Ladenburger en vente chez Glaesener-Betz\" \/><\/a><\/div><\/li><li  ><div style=\"height: 200px; width:267px;\"><a class=\"prettyphotos\" rel=\"prettyPhotos[rel-1472100471]\" href=\"https:\/\/www.glaesener-betz.lu\/wp-content\/uploads\/2016\/09\/svk_orn0005_1.jpg\"><img src=\"https:\/\/www.glaesener-betz.lu\/wp-content\/uploads\/2016\/09\/svk_orn0005_1.jpg\" alt=\"Mat\u00e9riaux bardage de fa\u00e7ade SVK\" \/><\/a><\/div><\/li><li  ><div style=\"height: 200px; width:300px;\"><a class=\"prettyphotos\" rel=\"prettyPhotos[rel-1472100471]\" href=\"https:\/\/www.glaesener-betz.lu\/wp-content\/uploads\/2016\/09\/vmzink_DL_23010.jpg\"><img src=\"https:\/\/www.glaesener-betz.lu\/wp-content\/uploads\/2016\/09\/vmzink_DL_23010.jpg\" alt=\"Mat\u00e9riaux bardage de fa\u00e7ade en zinc en vente chez Glaesener-Betz\" \/><\/a><\/div><\/li><li  ><div style=\"height: 200px; width:301px;\"><a class=\"prettyphotos\" rel=\"prettyPhotos[rel-1472100471]\" href=\"https:\/\/www.glaesener-betz.lu\/wp-content\/uploads\/2016\/09\/vmzink_DL_4699.jpg\"><img src=\"https:\/\/www.glaesener-betz.lu\/wp-content\/uploads\/2016\/09\/vmzink_DL_4699.jpg\" alt=\"Mat\u00e9riaux bardage de fa\u00e7ade en zinc en vente chez Glaesener-Betz\" \/><\/a><\/div><\/li><li  ><div style=\"height: 200px; width:267px;\"><a class=\"prettyphotos\" rel=\"prettyPhotos[rel-1472100471]\" href=\"https:\/\/www.glaesener-betz.lu\/wp-content\/uploads\/2016\/09\/bardage-bois_Ladenburger_P1000284-1.jpg\"><img src=\"https:\/\/www.glaesener-betz.lu\/wp-content\/uploads\/2016\/09\/bardage-bois_Ladenburger_P1000284-1.jpg\" alt=\"Mat\u00e9riaux de bardage fa\u00e7ace en bois Ladenburger en vente chez Glaesener-Betz\" \/><\/a><\/div><\/li><li  ><div style=\"height: 200px; width:307px;\"><a class=\"prettyphotos\" rel=\"prettyPhotos[rel-1472100471]\" href=\"https:\/\/www.glaesener-betz.lu\/wp-content\/uploads\/2016\/09\/vmzink_DL_2523.jpg\"><img src=\"https:\/\/www.glaesener-betz.lu\/wp-content\/uploads\/2016\/09\/vmzink_DL_2523.jpg\" alt=\"Mat\u00e9riaux bardage de fa\u00e7ade en zinc en vente chez Glaesener-Betz\" \/><\/a><\/div><\/li><li  ><div style=\"height: 200px; width:357px;\"><a class=\"prettyphotos\" rel=\"prettyPhotos[rel-1472100471]\" href=\"https:\/\/www.glaesener-betz.lu\/wp-content\/uploads\/2016\/09\/bardage-bois_Ladenburger_2.jpg\"><img src=\"https:\/\/www.glaesener-betz.lu\/wp-content\/uploads\/2016\/09\/bardage-bois_Ladenburger_2.jpg\" alt=\"Mat\u00e9riaux de bardage fa\u00e7ace en bois Ladenburger en vente chez Glaesener-Betz\" \/><\/a><\/div><\/li><\/ul><\/div><div class=\"controls\"><a class=\"prev-slide\" href=\"#\"><span><i class=\"fa fa-angle-left\"><\/i><\/span><\/a><a class=\"next-slide\" href=\"#\"><span><i class=\"fa fa-angle-right\"><\/i><\/span><\/a><\/div><\/div>[\/vc_column][\/vc_row][vc_row css_animation=&#8220;&#8220; row_type=&#8220;row&#8220; use_row_as_full_screen_section=&#8220;no&#8220; type=&#8220;full_width&#8220; angled_section=&#8220;no&#8220; text_align=&#8220;left&#8220; background_image_as_pattern=&#8220;without_pattern&#8220;][vc_column][vc_separator type=&#8220;transparent&#8220; thickness=&#8220;10&#8243;][vc_column_text el_class=&#8220;.title_catalogue&#8220;]Unsere Markenpartner[\/vc_column_text][\/vc_column][\/vc_row][vc_row css_animation=&#8220;&#8220; row_type=&#8220;row&#8220; use_row_as_full_screen_section=&#8220;no&#8220; type=&#8220;full_width&#8220; angled_section=&#8220;no&#8220; text_align=&#8220;left&#8220; background_image_as_pattern=&#8220;without_pattern&#8220;][vc_column offset=&#8220;vc_hidden-sm vc_hidden-xs&#8220;][vc_row_inner row_type=&#8220;row&#8220; type=&#8220;full_width&#8220; text_align=&#8220;left&#8220; css_animation=&#8220;&#8220;][vc_column_inner width=&#8220;1\/4&#8243;][vc_single_image image=&#8220;2728&#8243; img_size=&#8220;full&#8220; alignment=&#8220;center&#8220; onclick=&#8220;custom_link&#8220; img_link_target=&#8220;_blank&#8220; qode_css_animation=&#8220;&#8220;][\/vc_column_inner][vc_column_inner width=&#8220;1\/4&#8243;][vc_single_image image=&#8220;2737&#8243; img_size=&#8220;full&#8220; alignment=&#8220;center&#8220; onclick=&#8220;custom_link&#8220; img_link_target=&#8220;_blank&#8220; qode_css_animation=&#8220;&#8220;][\/vc_column_inner][vc_column_inner width=&#8220;1\/4&#8243;][vc_single_image image=&#8220;2739&#8243; img_size=&#8220;full&#8220; alignment=&#8220;center&#8220; onclick=&#8220;custom_link&#8220; img_link_target=&#8220;_blank&#8220; qode_css_animation=&#8220;&#8220;][\/vc_column_inner][vc_column_inner width=&#8220;1\/4&#8243;][vc_single_image image=&#8220;2530&#8243; img_size=&#8220;full&#8220; alignment=&#8220;center&#8220; onclick=&#8220;custom_link&#8220; img_link_target=&#8220;_blank&#8220; qode_css_animation=&#8220;&#8220;][\/vc_column_inner][\/vc_row_inner][vc_row_inner row_type=&#8220;row&#8220; type=&#8220;full_width&#8220; text_align=&#8220;left&#8220; css_animation=&#8220;&#8220;][vc_column_inner width=&#8220;1\/4&#8243;][vc_single_image image=&#8220;2524&#8243; img_size=&#8220;full&#8220; alignment=&#8220;center&#8220; onclick=&#8220;custom_link&#8220; img_link_target=&#8220;_blank&#8220; qode_css_animation=&#8220;&#8220;][\/vc_column_inner][vc_column_inner width=&#8220;1\/4&#8243;][vc_single_image image=&#8220;2505&#8243; img_size=&#8220;full&#8220; alignment=&#8220;center&#8220; onclick=&#8220;custom_link&#8220; img_link_target=&#8220;_blank&#8220; qode_css_animation=&#8220;&#8220;][\/vc_column_inner][vc_column_inner width=&#8220;1\/4&#8243;][vc_single_image image=&#8220;2520&#8243; img_size=&#8220;full&#8220; alignment=&#8220;center&#8220; onclick=&#8220;custom_link&#8220; img_link_target=&#8220;_blank&#8220; qode_css_animation=&#8220;&#8220;][\/vc_column_inner][vc_column_inner width=&#8220;1\/4&#8243;][vc_single_image image=&#8220;2841&#8243; img_size=&#8220;full&#8220; alignment=&#8220;center&#8220; onclick=&#8220;custom_link&#8220; img_link_target=&#8220;_blank&#8220; qode_css_animation=&#8220;&#8220;][\/vc_column_inner][\/vc_row_inner][vc_row_inner row_type=&#8220;row&#8220; type=&#8220;full_width&#8220; text_align=&#8220;left&#8220; css_animation=&#8220;&#8220;][vc_column_inner width=&#8220;1\/4&#8243;][vc_single_image image=&#8220;2487&#8243; img_size=&#8220;full&#8220; alignment=&#8220;center&#8220; onclick=&#8220;custom_link&#8220; img_link_target=&#8220;_blank&#8220; qode_css_animation=&#8220;&#8220;][\/vc_column_inner][vc_column_inner width=&#8220;1\/4&#8243;][\/vc_column_inner][vc_column_inner width=&#8220;1\/4&#8243;][\/vc_column_inner][vc_column_inner width=&#8220;1\/4&#8243;][\/vc_column_inner][\/vc_row_inner][\/vc_column][\/vc_row][vc_row css_animation=&#8220;&#8220; row_type=&#8220;row&#8220; use_row_as_full_screen_section=&#8220;no&#8220; type=&#8220;full_width&#8220; angled_section=&#8220;no&#8220; text_align=&#8220;left&#8220; background_image_as_pattern=&#8220;without_pattern&#8220;][vc_column offset=&#8220;vc_hidden-lg vc_hidden-md&#8220;][vc_gallery interval=&#8220;3&#8243; images=&#8220;2728,2737,2739,2530,2524,2505,2520,2841,2487&#8243; img_size=&#8220;full&#8220;][\/vc_column][\/vc_row][vc_row css_animation=&#8220;&#8220; row_type=&#8220;row&#8220; use_row_as_full_screen_section=&#8220;no&#8220; type=&#8220;full_width&#8220; angled_section=&#8220;no&#8220; text_align=&#8220;left&#8220; background_image_as_pattern=&#8220;without_pattern&#8220;][vc_column][vc_separator type=&#8220;transparent&#8220; thickness=&#8220;5&#8243;][vc_column_text]<\/p>\n<p style=\"text-align: left;\">Bei Glaesener-Betz finden Sie alle Materialien f\u00fcr traditionelle Fassaden, genauso wie andere nachhaltige, \u00e4sthetische und kreative Fassadenbekleidungssysteme wie zum Beispiel:<\/p>\n<p>&nbsp;<\/p>\n<ul>\n<li style=\"padding-left: 30px;\"><strong>in Holz<\/strong><\/li>\n<li style=\"padding-left: 30px;\"><strong>Faserzementplatten<\/strong> f\u00fcr Fassaden<\/li>\n<li style=\"padding-left: 30px;\">Kunstschiefer aus Faserzement<\/li>\n<li style=\"padding-left: 30px;\"><strong>TRESPA<\/strong>platten<\/li>\n<li style=\"padding-left: 30px;\">Fassadenverkleidungen <strong>aus Zink<\/strong> (Stehfalz, Einh\u00e4ngprofile)<\/li>\n<li style=\"padding-left: 30px;\">Fassadenverkleidung in Trapez oder Wellen, die aus einem flachen Blech geformt werden<\/li>\n<li style=\"padding-left: 30px;\">Verkleidungsplatten aus zwei Schichten, horizontal an der Unterkonstruktion befestigt,<br \/>\nMit D\u00e4mmstoffen gef\u00fcllte Sandwichplatten f\u00fcr Fassadenverkleidungen mit sichtbarer oder<br \/>\nunsichtbarer Befestigung, Aussenhaut in Trapezform, feinstrukturiert oder gewellt<\/li>\n<\/ul>\n<p>&nbsp;<\/p>\n<h4 style=\"text-align: left;\"><span style=\"font-size: 11pt;\"><i class=\"fa fa-phone\"> <i class=\"fa fa-envelope\"> <\/i><\/i>\u00a0\u00a0<span style=\"font-size: 11pt;\"><a href=\"https:\/\/www.glaesener-betz.lu\/de\/kontakt-anfahrt\/\" target=\"_blank\">Kontaktieren Sie uns f\u00fcr weitere Informationen.<\/a><\/span><\/span><\/h4>\n<p>[\/vc_column_text][vc_separator type=&#8220;transparent&#8220; thickness=&#8220;5&#8243;][\/vc_column][\/vc_row][vc_row css_animation=&#8220;&#8220; row_type=&#8220;row&#8220; use_row_as_full_screen_section=&#8220;no&#8220; type=&#8220;full_width&#8220; angled_section=&#8220;no&#8220; text_align=&#8220;center&#8220; background_image_as_pattern=&#8220;without_pattern&#8220; padding_bottom=&#8220;45&#8243;][vc_column][vc_column_text el_class=&#8220;.title_catalogue&#8220;]Aktualit\u00e4ten[\/vc_column_text][vc_separator type=&#8220;transparent&#8220; thickness=&#8220;10&#8243;]<div class='latest_post_holder boxes three_columns two_rows'><ul><li class=\"clearfix\"><div class=\"latest_news\"><h5 class=\"latest_news_title \"><a href=\"https:\/\/www.glaesener-betz.lu\/de\/services\/profi-baumarkt\/maschinenverleih\/\">Maschinenverleih<\/a><\/h5><div class=\"latest_news_inner\"><div class=\"latest_news_image\"><img src=\"https:\/\/www.glaesener-betz.lu\/wp-content\/uploads\/2018\/04\/24.stihl_scie-a-beton_Trennschleifer_TS700_location.png\" alt=\"\" \/><\/div><p class=\"latest_news_content\">in Redange\/Attert und Contern...<\/p><div class=\"clearfix\"><\/div> <\/div><a class=\"news-cta-link\" href=\"https:\/\/www.glaesener-betz.lu\/de\/services\/profi-baumarkt\/maschinenverleih\/\"><\/a><\/div><\/li><li class=\"clearfix\"><div class=\"latest_news\"><h5 class=\"latest_news_title \"><a href=\"https:\/\/www.glaesener-betz.lu\/de\/holzschutz\/\">Holzschutz<\/a><\/h5><div class=\"latest_news_inner\"><div class=\"latest_news_image\"><img src=\"https:\/\/www.glaesener-betz.lu\/wp-content\/uploads\/2018\/06\/Koralan-Holzoel-spezial.png\" alt=\"\" \/><\/div><p class=\"latest_news_content\">&nbsp; &nbsp; Das komplette Sortiment finden Sie in unserer ...<\/p><div class=\"clearfix\"><\/div> <\/div><a class=\"news-cta-link\" href=\"https:\/\/www.glaesener-betz.lu\/de\/holzschutz\/\"><\/a><\/div><\/li><li class=\"clearfix\"><div class=\"latest_news\"><h5 class=\"latest_news_title \"><a href=\"https:\/\/www.glaesener-betz.lu\/de\/tank-des-regenwassers-belastet\/\">Kostenlose Anfrage<\/a><\/h5><div class=\"latest_news_inner\"><div class=\"latest_news_image\"><img src=\"https:\/\/www.glaesener-betz.lu\/wp-content\/uploads\/2018\/04\/Graf_citerne-eau_Carat.png\" alt=\"\" \/><\/div><p class=\"latest_news_content\">Regenwassernutzung unterirdisch...<\/p><div class=\"clearfix\"><\/div> <\/div><a class=\"news-cta-link\" href=\"https:\/\/www.glaesener-betz.lu\/de\/tank-des-regenwassers-belastet\/\"><\/a><\/div><\/li><\/ul><\/div>[\/vc_column][\/vc_row]<\/p>\n<\/section>","protected":false},"excerpt":{"rendered":"<p>[vc_row css_animation=&#8220;&#8220; row_type=&#8220;row&#8220; use_row_as_full_screen_section=&#8220;no&#8220; type=&#8220;full_width&#8220; angled_section=&#8220;no&#8220; text_align=&#8220;left&#8220; background_image_as_pattern=&#8220;without_pattern&#8220;][vc_column width=&#8220;5\/6&#8243;][vc_column_text] Fassadenverkleidung [\/vc_column_text][vc_separator type=&#8220;transparent&#8220; thickness=&#8220;5&#8243;][\/vc_column][vc_column width=&#8220;1\/6&#8243;][\/vc_column][\/vc_row][vc_row css_animation=&#8220;&#8220; row_type=&#8220;row&#8220; use_row_as_full_screen_section=&#8220;no&#8220; type=&#8220;full_width&#8220; angled_section=&#8220;no&#8220; text_align=&#8220;left&#8220; background_image_as_pattern=&#8220;without_pattern&#8220;][vc_column el_class=&#8220;service-photo-slider&#8220;][\/vc_column][\/vc_row][vc_row css_animation=&#8220;&#8220; row_type=&#8220;row&#8220; use_row_as_full_screen_section=&#8220;no&#8220; type=&#8220;full_width&#8220; angled_section=&#8220;no&#8220; text_align=&#8220;left&#8220; background_image_as_pattern=&#8220;without_pattern&#8220;][vc_column][vc_separator type=&#8220;transparent&#8220; thickness=&#8220;10&#8243;][vc_column_text el_class=&#8220;.title_catalogue&#8220;]Unsere Markenpartner[\/vc_column_text][\/vc_column][\/vc_row][vc_row css_animation=&#8220;&#8220; row_type=&#8220;row&#8220; use_row_as_full_screen_section=&#8220;no&#8220; type=&#8220;full_width&#8220; angled_section=&#8220;no&#8220; text_align=&#8220;left&#8220; background_image_as_pattern=&#8220;without_pattern&#8220;][vc_column offset=&#8220;vc_hidden-sm vc_hidden-xs&#8220;][vc_row_inner row_type=&#8220;row&#8220; type=&#8220;full_width&#8220; text_align=&#8220;left&#8220;&#8230;<\/p>\n","protected":false},"author":2,"featured_media":0,"parent":5099,"menu_order":0,"comment_status":"closed","ping_status":"closed","template":"","meta":[],"_links":{"self":[{"href":"https:\/\/www.glaesener-betz.lu\/de\/wp-json\/wp\/v2\/pages\/5012"}],"collection":[{"href":"https:\/\/www.glaesener-betz.lu\/de\/wp-json\/wp\/v2\/pages"}],"about":[{"href":"https:\/\/www.glaesener-betz.lu\/de\/wp-json\/wp\/v2\/types\/page"}],"author":[{"embeddable":true,"href":"https:\/\/www.glaesener-betz.lu\/de\/wp-json\/wp\/v2\/users\/2"}],"replies":[{"embeddable":true,"href":"https:\/\/www.glaesener-betz.lu\/de\/wp-json\/wp\/v2\/comments?post=5012"}],"version-history":[{"count":8,"href":"https:\/\/www.glaesener-betz.lu\/de\/wp-json\/wp\/v2\/pages\/5012\/revisions"}],"predecessor-version":[{"id":6434,"href":"https:\/\/www.glaesener-betz.lu\/de\/wp-json\/wp\/v2\/pages\/5012\/revisions\/6434"}],"up":[{"embeddable":true,"href":"https:\/\/www.glaesener-betz.lu\/de\/wp-json\/wp\/v2\/pages\/5099"}],"wp:attachment":[{"href":"https:\/\/www.glaesener-betz.lu\/de\/wp-json\/wp\/v2\/media?parent=5012"}],"curies":[{"name":"wp","href":"https:\/\/api.w.org\/{rel}","templated":true}]}}