{"id":5010,"date":"2016-09-21T09:18:44","date_gmt":"2016-09-21T08:18:44","guid":{"rendered":"https:\/\/www.glaesener-betz.lu\/boites-aux-lettres\/"},"modified":"2018-11-29T15:44:57","modified_gmt":"2018-11-29T14:44:57","slug":"briefkaesten","status":"publish","type":"page","link":"https:\/\/www.glaesener-betz.lu\/de\/services\/profi-baumarkt\/briefkaesten\/","title":{"rendered":"BRIEFKAESTEN"},"content":{"rendered":"<section class=\"wpb-content-wrapper\"><p>[vc_row css_animation=&#8220;&#8220; row_type=&#8220;row&#8220; use_row_as_full_screen_section=&#8220;no&#8220; type=&#8220;full_width&#8220; angled_section=&#8220;no&#8220; text_align=&#8220;right&#8220; background_image_as_pattern=&#8220;without_pattern&#8220;][vc_column width=&#8220;3\/4&#8243;][vc_column_text]<\/p>\n<h1 style=\"text-align: left;\">Briefk\u00e4sten<\/h1>\n<p>[\/vc_column_text][\/vc_column][vc_column width=&#8220;1\/4&#8243;]<a  href=\" https:\/\/www.glaesener-betz.lu\/de\/services\/profi-baumarkt\/\" target=\"_self\" data-hover-background-color=#153d8a data-hover-border-color=#153d8a data-hover-color=#ffffff class=\"qbutton  small center\" style=\"color: #ffffff; border-color: #153d8a; font-style: normal; border-radius: 0px;-moz-border-radius: 0px;-webkit-border-radius: 0px; background-color: #153d8a;\">retour<i class=\"fa fa-arrow-left\" style=\"color: #ffffff;\"><\/i><\/a>[\/vc_column][\/vc_row][vc_row css_animation=&#8220;&#8220; row_type=&#8220;row&#8220; use_row_as_full_screen_section=&#8220;no&#8220; type=&#8220;full_width&#8220; angled_section=&#8220;no&#8220; text_align=&#8220;left&#8220; background_image_as_pattern=&#8220;without_pattern&#8220; css=&#8220;.vc_custom_1464948272301{margin-top: 20px !important;}&#8220;][vc_column el_class=&#8220;service-photo-slider&#8220;]<div class='qode_image_gallery_no_space dark'><div class='qode_image_gallery_holder' style='height: 200px;'><ul  ><li  ><div style=\"height: 200px; width:150px;\"><a class=\"prettyphotos\" rel=\"prettyPhotos[rel-108014813]\" href=\"https:\/\/www.glaesener-betz.lu\/wp-content\/uploads\/2016\/09\/VASP_San_Antonio_White.jpg\"><img src=\"https:\/\/www.glaesener-betz.lu\/wp-content\/uploads\/2016\/09\/VASP_San_Antonio_White.jpg\" alt=\"Boite aux lettres VASP en vente chez Glaesener-Betz\" \/><\/a><\/div><\/li><li  ><div style=\"height: 200px; width:151px;\"><a class=\"prettyphotos\" rel=\"prettyPhotos[rel-108014813]\" href=\"https:\/\/www.glaesener-betz.lu\/wp-content\/uploads\/2016\/09\/Vasp_Leon-line.jpg\"><img src=\"https:\/\/www.glaesener-betz.lu\/wp-content\/uploads\/2016\/09\/Vasp_Leon-line.jpg\" alt=\"Boite aux lettres VASP en vente chez Glaesener-Betz\" \/><\/a><\/div><\/li><li  ><div style=\"height: 200px; width:505px;\"><a class=\"prettyphotos\" rel=\"prettyPhotos[rel-108014813]\" href=\"https:\/\/www.glaesener-betz.lu\/wp-content\/uploads\/2016\/09\/Max-Knobloch-boite-aux-lettres-residence.jpg\"><img src=\"https:\/\/www.glaesener-betz.lu\/wp-content\/uploads\/2016\/09\/Max-Knobloch-boite-aux-lettres-residence.jpg\" alt=\"Bo\u00eetes aux lettres pour r\u00e9sidence Max Knobloch en vente chez Glaesener Betz\" \/><\/a><\/div><\/li><li  ><div style=\"height: 200px; width:200px;\"><a class=\"prettyphotos\" rel=\"prettyPhotos[rel-108014813]\" href=\"https:\/\/www.glaesener-betz.lu\/wp-content\/uploads\/2016\/09\/Max-Knobloch-Aufputz-Briefkaesten.jpg\"><img src=\"https:\/\/www.glaesener-betz.lu\/wp-content\/uploads\/2016\/09\/Max-Knobloch-Aufputz-Briefkaesten.jpg\" alt=\"boiteauxlettres_max-knobloch-aufputz-briefkaesten Glaesener Betz\" \/><\/a><\/div><\/li><li  ><div style=\"height: 200px; width:200px;\"><a class=\"prettyphotos\" rel=\"prettyPhotos[rel-108014813]\" href=\"https:\/\/www.glaesener-betz.lu\/wp-content\/uploads\/2016\/09\/Knobloch_Standbriefkaesten-und-Freistellungen.jpg\"><img src=\"https:\/\/www.glaesener-betz.lu\/wp-content\/uploads\/2016\/09\/Knobloch_Standbriefkaesten-und-Freistellungen.jpg\" alt=\"boiteauxlettres_knobloch_standbriefkaesten-und-freistellungen\" \/><\/a><\/div><\/li><li  ><div style=\"height: 200px; width:218px;\"><a class=\"prettyphotos\" rel=\"prettyPhotos[rel-108014813]\" href=\"https:\/\/www.glaesener-betz.lu\/wp-content\/uploads\/2016\/09\/Knobloch-e1475745504181.jpg\"><img src=\"https:\/\/www.glaesener-betz.lu\/wp-content\/uploads\/2016\/09\/Knobloch-e1475745504181.jpg\" alt=\"Bo\u00eetes aux lettres pour r\u00e9sidence Max Knobloch en vente chez Glaesener Betz\" \/><\/a><\/div><\/li><li  ><div style=\"height: 200px; width:154px;\"><a class=\"prettyphotos\" rel=\"prettyPhotos[rel-108014813]\" href=\"https:\/\/www.glaesener-betz.lu\/wp-content\/uploads\/2016\/09\/Knobloch-Stellen.jpg\"><img src=\"https:\/\/www.glaesener-betz.lu\/wp-content\/uploads\/2016\/09\/Knobloch-Stellen.jpg\" alt=\"Knobloch Stellen boite aux lettre Glaesener-Betz\" \/><\/a><\/div><\/li><li  ><div style=\"height: 200px; width:310px;\"><a class=\"prettyphotos\" rel=\"prettyPhotos[rel-108014813]\" href=\"https:\/\/www.glaesener-betz.lu\/wp-content\/uploads\/2016\/09\/Knobloch-FREISTEHENDE-ANLAGEN.jpg\"><img src=\"https:\/\/www.glaesener-betz.lu\/wp-content\/uploads\/2016\/09\/Knobloch-FREISTEHENDE-ANLAGEN.jpg\" alt=\"Bo\u00eetes aux lettres pour r\u00e9sidence Max Knobloch en vente chez Glaesener Betz\" \/><\/a><\/div><\/li><li  ><div style=\"height: 200px; width:310px;\"><a class=\"prettyphotos\" rel=\"prettyPhotos[rel-108014813]\" href=\"https:\/\/www.glaesener-betz.lu\/wp-content\/uploads\/2016\/09\/Knobloch-express-box.jpg\"><img src=\"https:\/\/www.glaesener-betz.lu\/wp-content\/uploads\/2016\/09\/Knobloch-express-box.jpg\" alt=\"boiteauxlettres_knobloch-express-box Glaesener-Betz\" \/><\/a><\/div><\/li><li  ><div style=\"height: 200px; width:292px;\"><a class=\"prettyphotos\" rel=\"prettyPhotos[rel-108014813]\" href=\"https:\/\/www.glaesener-betz.lu\/wp-content\/uploads\/2016\/09\/Knobloch-briefkast.jpg\"><img src=\"https:\/\/www.glaesener-betz.lu\/wp-content\/uploads\/2016\/09\/Knobloch-briefkast.jpg\" alt=\"boiteauxlettres_knobloch-briefkast\" \/><\/a><\/div><\/li><li  ><div style=\"height: 200px; width:176px;\"><a class=\"prettyphotos\" rel=\"prettyPhotos[rel-108014813]\" href=\"https:\/\/www.glaesener-betz.lu\/wp-content\/uploads\/2016\/09\/Heibi_2er-briefkastenanlage-in-edelstahl-und-grafitgrau-freistehend.jpg\"><img src=\"https:\/\/www.glaesener-betz.lu\/wp-content\/uploads\/2016\/09\/Heibi_2er-briefkastenanlage-in-edelstahl-und-grafitgrau-freistehend.jpg\" alt=\"boiteauxlettres_heibi_2er-briefkastenanlage-in-edelstahl-und-grafitgrau-freistehend\" \/><\/a><\/div><\/li><li  ><div style=\"height: 200px; width:175px;\"><a class=\"prettyphotos\" rel=\"prettyPhotos[rel-108014813]\" href=\"https:\/\/www.glaesener-betz.lu\/wp-content\/uploads\/2016\/09\/Heibi_4er-Briefkastenanlage.jpg\"><img src=\"https:\/\/www.glaesener-betz.lu\/wp-content\/uploads\/2016\/09\/Heibi_4er-Briefkastenanlage.jpg\" alt=\"boiteauxlettres_heibi_4er-briefkastenanlage\" \/><\/a><\/div><\/li><li  ><div style=\"height: 200px; width:175px;\"><a class=\"prettyphotos\" rel=\"prettyPhotos[rel-108014813]\" href=\"https:\/\/www.glaesener-betz.lu\/wp-content\/uploads\/2016\/09\/Heibi_4er-briefkastenanlage-mit-klingel-und-vorrichtung-f\u00fcr-sprechanlage-strassennamen-edelstahl-und-grafitgrau-freistehend.jpg\"><img src=\"https:\/\/www.glaesener-betz.lu\/wp-content\/uploads\/2016\/09\/Heibi_4er-briefkastenanlage-mit-klingel-und-vorrichtung-f\u00fcr-sprechanlage-strassennamen-edelstahl-und-grafitgrau-freistehend.jpg\" alt=\"boiteauxlettres_heibi_4er-briefkastenanlage-mit-klingel-und-vorrichtung-fur-sprechanlage-strassennamen-edelstahl-und-grafitgrau-freistehend\" \/><\/a><\/div><\/li><li  ><div style=\"height: 200px; width:176px;\"><a class=\"prettyphotos\" rel=\"prettyPhotos[rel-108014813]\" href=\"https:\/\/www.glaesener-betz.lu\/wp-content\/uploads\/2016\/09\/heibi_briefkasten-malypso-kombi-mit-zeitungsfach-edelstahl.jpg\"><img src=\"https:\/\/www.glaesener-betz.lu\/wp-content\/uploads\/2016\/09\/heibi_briefkasten-malypso-kombi-mit-zeitungsfach-edelstahl.jpg\" alt=\"boiteauxlettres_heibi_briefkasten-malypso-kombi-mit-zeitungsfach-edelstahl\" \/><\/a><\/div><\/li><li  ><div style=\"height: 200px; width:176px;\"><a class=\"prettyphotos\" rel=\"prettyPhotos[rel-108014813]\" href=\"https:\/\/www.glaesener-betz.lu\/wp-content\/uploads\/2016\/09\/heibi_briefkasten-krosix-mit-zeitungsfach-edelstahl-gruen-gold.jpg\"><img src=\"https:\/\/www.glaesener-betz.lu\/wp-content\/uploads\/2016\/09\/heibi_briefkasten-krosix-mit-zeitungsfach-edelstahl-gruen-gold.jpg\" alt=\"boiteauxlettres_heibi_briefkasten-krosix-mit-zeitungsfach-edelstahl-gruen-gold\" \/><\/a><\/div><\/li><li  ><div style=\"height: 200px; width:176px;\"><a class=\"prettyphotos\" rel=\"prettyPhotos[rel-108014813]\" href=\"https:\/\/www.glaesener-betz.lu\/wp-content\/uploads\/2016\/09\/Heibi_briefkasten-mit-zeitungsfach-und-glasfront-gruen.jpg\"><img src=\"https:\/\/www.glaesener-betz.lu\/wp-content\/uploads\/2016\/09\/Heibi_briefkasten-mit-zeitungsfach-und-glasfront-gruen.jpg\" alt=\"boiteauxlettres_heibi_briefkasten-mit-zeitungsfach-und-glasfront-gruen\" \/><\/a><\/div><\/li><li  ><div style=\"height: 200px; width:310px;\"><a class=\"prettyphotos\" rel=\"prettyPhotos[rel-108014813]\" href=\"https:\/\/www.glaesener-betz.lu\/wp-content\/uploads\/2016\/09\/Knobloch-AUFPUTZ-ANLAGEN.jpg\"><img src=\"https:\/\/www.glaesener-betz.lu\/wp-content\/uploads\/2016\/09\/Knobloch-AUFPUTZ-ANLAGEN.jpg\" alt=\"boiteauxlettres_knobloch-briefkast\" \/><\/a><\/div><\/li><li  ><div style=\"height: 200px; width:151px;\"><a class=\"prettyphotos\" rel=\"prettyPhotos[rel-108014813]\" href=\"https:\/\/www.glaesener-betz.lu\/wp-content\/uploads\/2016\/09\/vasp_Castello.jpg\"><img src=\"https:\/\/www.glaesener-betz.lu\/wp-content\/uploads\/2016\/09\/vasp_Castello.jpg\" alt=\"Boite aux lettres VASP en vente chez Glaesener-Betz\" \/><\/a><\/div><\/li><\/ul><\/div><div class=\"controls\"><a class=\"prev-slide\" href=\"#\"><span><i class=\"fa fa-angle-left\"><\/i><\/span><\/a><a class=\"next-slide\" href=\"#\"><span><i class=\"fa fa-angle-right\"><\/i><\/span><\/a><\/div><\/div>[\/vc_column][\/vc_row][vc_row css_animation=&#8220;&#8220; row_type=&#8220;row&#8220; use_row_as_full_screen_section=&#8220;no&#8220; type=&#8220;full_width&#8220; angled_section=&#8220;no&#8220; text_align=&#8220;left&#8220; background_image_as_pattern=&#8220;without_pattern&#8220; padding_bottom=&#8220;15&#8243;][vc_column][vc_separator type=&#8220;transparent&#8220; thickness=&#8220;10&#8243;][vc_column_text el_class=&#8220;.title_catalogue&#8220;]Unsere Markenpartner[\/vc_column_text][\/vc_column][\/vc_row][vc_row css_animation=&#8220;&#8220; row_type=&#8220;row&#8220; use_row_as_full_screen_section=&#8220;no&#8220; type=&#8220;full_width&#8220; angled_section=&#8220;no&#8220; text_align=&#8220;left&#8220; background_image_as_pattern=&#8220;without_pattern&#8220;][vc_column offset=&#8220;vc_hidden-lg vc_hidden-md&#8220;][vc_gallery interval=&#8220;3&#8243; images=&#8220;4763,4762,4761&#8243; img_size=&#8220;full&#8220;][\/vc_column][\/vc_row][vc_row css_animation=&#8220;&#8220; row_type=&#8220;row&#8220; use_row_as_full_screen_section=&#8220;no&#8220; type=&#8220;full_width&#8220; angled_section=&#8220;no&#8220; text_align=&#8220;left&#8220; background_image_as_pattern=&#8220;without_pattern&#8220; padding_bottom=&#8220;15&#8243;][vc_column offset=&#8220;vc_hidden-sm vc_hidden-xs&#8220;][vc_row_inner row_type=&#8220;row&#8220; type=&#8220;full_width&#8220; text_align=&#8220;left&#8220; css_animation=&#8220;&#8220;][vc_column_inner width=&#8220;1\/3&#8243;][vc_single_image image=&#8220;4763&#8243; img_size=&#8220;full&#8220; alignment=&#8220;center&#8220; onclick=&#8220;custom_link&#8220; img_link_target=&#8220;_blank&#8220; qode_css_animation=&#8220;&#8220;][\/vc_column_inner][vc_column_inner width=&#8220;1\/3&#8243;][vc_single_image image=&#8220;4762&#8243; img_size=&#8220;full&#8220; alignment=&#8220;center&#8220; onclick=&#8220;custom_link&#8220; img_link_target=&#8220;_blank&#8220; qode_css_animation=&#8220;&#8220;][\/vc_column_inner][vc_column_inner width=&#8220;1\/3&#8243;][vc_single_image image=&#8220;4761&#8243; img_size=&#8220;full&#8220; alignment=&#8220;center&#8220; onclick=&#8220;custom_link&#8220; img_link_target=&#8220;_blank&#8220; qode_css_animation=&#8220;&#8220;][\/vc_column_inner][\/vc_row_inner][\/vc_column][\/vc_row][vc_row css_animation=&#8220;&#8220; row_type=&#8220;row&#8220; use_row_as_full_screen_section=&#8220;no&#8220; type=&#8220;full_width&#8220; angled_section=&#8220;no&#8220; text_align=&#8220;left&#8220; background_image_as_pattern=&#8220;without_pattern&#8220;][vc_column][vc_column_text]<\/p>\n<p style=\"text-align: center;\">In unserem Angebot: Briefk\u00e4sten f\u00fcr Ihr Wohnhaus oder f\u00fcr kleine und gro\u00dfe Wohneinheiten.<\/p>\n<p style=\"text-align: center;\">Sie finden bei uns Briefk\u00e4sten aus Blaustein oder Stahl, mit St\u00e4nder, f\u00fcr die Wand oder zum Einbauen, Mehrparteienbriefk\u00e4sten\u2026<\/p>\n<p>[\/vc_column_text][\/vc_column][\/vc_row][vc_row css_animation=&#8220;&#8220; row_type=&#8220;row&#8220; use_row_as_full_screen_section=&#8220;no&#8220; type=&#8220;full_width&#8220; angled_section=&#8220;no&#8220; text_align=&#8220;left&#8220; background_image_as_pattern=&#8220;without_pattern&#8220; padding_bottom=&#8220;15&#8243; css=&#8220;.vc_custom_1475745644129{margin-top: 25px !important;}&#8220;][vc_column][vc_column_text el_class=&#8220;.title_catalogue&#8220;]Aktualit\u00e4ten[\/vc_column_text][\/vc_column][\/vc_row][vc_row css_animation=&#8220;&#8220; row_type=&#8220;row&#8220; use_row_as_full_screen_section=&#8220;no&#8220; type=&#8220;full_width&#8220; angled_section=&#8220;no&#8220; text_align=&#8220;center&#8220; background_image_as_pattern=&#8220;without_pattern&#8220;][vc_column]<div class='latest_post_holder boxes three_columns three_rows'><ul><li class=\"clearfix\"><div class=\"latest_news\"><h5 class=\"latest_news_title \"><a href=\"https:\/\/www.glaesener-betz.lu\/de\/services\/profi-baumarkt\/maschinenverleih\/\">Maschinenverleih<\/a><\/h5><div class=\"latest_news_inner\"><div class=\"latest_news_image\"><img src=\"https:\/\/www.glaesener-betz.lu\/wp-content\/uploads\/2018\/04\/24.stihl_scie-a-beton_Trennschleifer_TS700_location.png\" alt=\"\" \/><\/div><p class=\"latest_news_content\">in Redange\/Attert und Contern...<\/p><div class=\"clearfix\"><\/div> <\/div><a class=\"news-cta-link\" href=\"https:\/\/www.glaesener-betz.lu\/de\/services\/profi-baumarkt\/maschinenverleih\/\"><\/a><\/div><\/li><li class=\"clearfix\"><div class=\"latest_news\"><h5 class=\"latest_news_title \"><a href=\"https:\/\/www.glaesener-betz.lu\/de\/tank-des-regenwassers-belastet\/\">Kostenlose Anfrage<\/a><\/h5><div class=\"latest_news_inner\"><div class=\"latest_news_image\"><img src=\"https:\/\/www.glaesener-betz.lu\/wp-content\/uploads\/2018\/04\/Graf_citerne-eau_Carat.png\" alt=\"\" \/><\/div><p class=\"latest_news_content\">Regenwassernutzung unterirdisch...<\/p><div class=\"clearfix\"><\/div> <\/div><a class=\"news-cta-link\" href=\"https:\/\/www.glaesener-betz.lu\/de\/tank-des-regenwassers-belastet\/\"><\/a><\/div><\/li><\/ul><\/div>[\/vc_column][\/vc_row]<\/p>\n<\/section>","protected":false},"excerpt":{"rendered":"<p>[vc_row css_animation=&#8220;&#8220; row_type=&#8220;row&#8220; use_row_as_full_screen_section=&#8220;no&#8220; type=&#8220;full_width&#8220; angled_section=&#8220;no&#8220; text_align=&#8220;right&#8220; background_image_as_pattern=&#8220;without_pattern&#8220;][vc_column width=&#8220;3\/4&#8243;][vc_column_text] Briefk\u00e4sten [\/vc_column_text][\/vc_column][vc_column width=&#8220;1\/4&#8243;][\/vc_column][\/vc_row][vc_row css_animation=&#8220;&#8220; row_type=&#8220;row&#8220; use_row_as_full_screen_section=&#8220;no&#8220; type=&#8220;full_width&#8220; angled_section=&#8220;no&#8220; text_align=&#8220;left&#8220; background_image_as_pattern=&#8220;without_pattern&#8220; css=&#8220;.vc_custom_1464948272301{margin-top: 20px !important;}&#8220;][vc_column el_class=&#8220;service-photo-slider&#8220;][\/vc_column][\/vc_row][vc_row css_animation=&#8220;&#8220; row_type=&#8220;row&#8220; use_row_as_full_screen_section=&#8220;no&#8220; type=&#8220;full_width&#8220; angled_section=&#8220;no&#8220; text_align=&#8220;left&#8220; background_image_as_pattern=&#8220;without_pattern&#8220; padding_bottom=&#8220;15&#8243;][vc_column][vc_separator type=&#8220;transparent&#8220; thickness=&#8220;10&#8243;][vc_column_text el_class=&#8220;.title_catalogue&#8220;]Unsere Markenpartner[\/vc_column_text][\/vc_column][\/vc_row][vc_row css_animation=&#8220;&#8220; row_type=&#8220;row&#8220; use_row_as_full_screen_section=&#8220;no&#8220; type=&#8220;full_width&#8220; angled_section=&#8220;no&#8220; text_align=&#8220;left&#8220; background_image_as_pattern=&#8220;without_pattern&#8220;][vc_column offset=&#8220;vc_hidden-lg vc_hidden-md&#8220;][vc_gallery interval=&#8220;3&#8243;&#8230;<\/p>\n","protected":false},"author":2,"featured_media":0,"parent":5094,"menu_order":0,"comment_status":"closed","ping_status":"closed","template":"","meta":[],"_links":{"self":[{"href":"https:\/\/www.glaesener-betz.lu\/de\/wp-json\/wp\/v2\/pages\/5010"}],"collection":[{"href":"https:\/\/www.glaesener-betz.lu\/de\/wp-json\/wp\/v2\/pages"}],"about":[{"href":"https:\/\/www.glaesener-betz.lu\/de\/wp-json\/wp\/v2\/types\/page"}],"author":[{"embeddable":true,"href":"https:\/\/www.glaesener-betz.lu\/de\/wp-json\/wp\/v2\/users\/2"}],"replies":[{"embeddable":true,"href":"https:\/\/www.glaesener-betz.lu\/de\/wp-json\/wp\/v2\/comments?post=5010"}],"version-history":[{"count":9,"href":"https:\/\/www.glaesener-betz.lu\/de\/wp-json\/wp\/v2\/pages\/5010\/revisions"}],"predecessor-version":[{"id":7248,"href":"https:\/\/www.glaesener-betz.lu\/de\/wp-json\/wp\/v2\/pages\/5010\/revisions\/7248"}],"up":[{"embeddable":true,"href":"https:\/\/www.glaesener-betz.lu\/de\/wp-json\/wp\/v2\/pages\/5094"}],"wp:attachment":[{"href":"https:\/\/www.glaesener-betz.lu\/de\/wp-json\/wp\/v2\/media?parent=5010"}],"curies":[{"name":"wp","href":"https:\/\/api.w.org\/{rel}","templated":true}]}}