{"id":5009,"date":"2016-09-27T14:40:46","date_gmt":"2016-09-27T13:40:46","guid":{"rendered":"https:\/\/www.glaesener-betz.lu\/mortex\/"},"modified":"2017-06-02T08:57:01","modified_gmt":"2017-06-02T07:57:01","slug":"mortex","status":"publish","type":"page","link":"https:\/\/www.glaesener-betz.lu\/de\/services\/fliesen\/mortex\/","title":{"rendered":"MORTEX"},"content":{"rendered":"<section class=\"wpb-content-wrapper\"><p>[vc_row css_animation=&#8220;&#8220; row_type=&#8220;row&#8220; use_row_as_full_screen_section=&#8220;no&#8220; type=&#8220;full_width&#8220; angled_section=&#8220;no&#8220; text_align=&#8220;right&#8220; background_image_as_pattern=&#8220;without_pattern&#8220;][vc_column width=&#8220;3\/4&#8243;][vc_column_text]<\/p>\n<h1 style=\"text-align: left;\">MORTEX<\/h1>\n<p>[\/vc_column_text][\/vc_column][vc_column width=&#8220;1\/4&#8243;]<a  href=\" https:\/\/www.glaesener-betz.lu\/de\/services\/fliesen\/\" target=\"_self\" data-hover-background-color=#153d8a data-hover-border-color=#153d8a data-hover-color=#ffffff class=\"qbutton  small center\" style=\"color: #ffffff; border-color: #153d8a; font-style: normal; border-radius: 5px;-moz-border-radius: 5px;-webkit-border-radius: 5px; background-color: #153d8a;\">retour<i class=\"fa fa-arrow-left\" style=\"color: #ffffff;\"><\/i><\/a>[\/vc_column][\/vc_row][vc_row css_animation=&#8220;&#8220; row_type=&#8220;row&#8220; use_row_as_full_screen_section=&#8220;no&#8220; type=&#8220;full_width&#8220; angled_section=&#8220;no&#8220; text_align=&#8220;left&#8220; background_image_as_pattern=&#8220;without_pattern&#8220; css=&#8220;.vc_custom_1464949322957{margin-top: 20px !important;}&#8220;][vc_column el_class=&#8220;service-photo-slider&#8220;]<div class='qode_image_gallery_no_space dark'><div class='qode_image_gallery_holder' style='height: 200px;'><ul  ><li  ><div style=\"height: 200px; width:134px;\"><a class=\"prettyphotos\" rel=\"prettyPhotos[rel-291512532]\" href=\"https:\/\/www.glaesener-betz.lu\/wp-content\/uploads\/2016\/09\/mortex-escalier-2.jpg\"><img src=\"https:\/\/www.glaesener-betz.lu\/wp-content\/uploads\/2016\/09\/mortex-escalier-2.jpg\" alt=\"\" \/><\/a><\/div><\/li><li  ><div style=\"height: 200px; width:302px;\"><a class=\"prettyphotos\" rel=\"prettyPhotos[rel-291512532]\" href=\"https:\/\/www.glaesener-betz.lu\/wp-content\/uploads\/2016\/09\/mortex-beal-salle-deau.jpg\"><img src=\"https:\/\/www.glaesener-betz.lu\/wp-content\/uploads\/2016\/09\/mortex-beal-salle-deau.jpg\" alt=\"\" \/><\/a><\/div><\/li><li  ><div style=\"height: 200px; width:200px;\"><a class=\"prettyphotos\" rel=\"prettyPhotos[rel-291512532]\" href=\"https:\/\/www.glaesener-betz.lu\/wp-content\/uploads\/2016\/09\/mortex-color.jpg\"><img src=\"https:\/\/www.glaesener-betz.lu\/wp-content\/uploads\/2016\/09\/mortex-color.jpg\" alt=\"\" \/><\/a><\/div><\/li><li  ><div style=\"height: 200px; width:134px;\"><a class=\"prettyphotos\" rel=\"prettyPhotos[rel-291512532]\" href=\"https:\/\/www.glaesener-betz.lu\/wp-content\/uploads\/2016\/09\/mortex-dans-la-salle-de-bain.jpg\"><img src=\"https:\/\/www.glaesener-betz.lu\/wp-content\/uploads\/2016\/09\/mortex-dans-la-salle-de-bain.jpg\" alt=\"\" \/><\/a><\/div><\/li><li  ><div style=\"height: 200px; width:134px;\"><a class=\"prettyphotos\" rel=\"prettyPhotos[rel-291512532]\" href=\"https:\/\/www.glaesener-betz.lu\/wp-content\/uploads\/2016\/09\/mortex-en-decoration.jpg\"><img src=\"https:\/\/www.glaesener-betz.lu\/wp-content\/uploads\/2016\/09\/mortex-en-decoration.jpg\" alt=\"\" \/><\/a><\/div><\/li><li  ><div style=\"height: 200px; width:300px;\"><a class=\"prettyphotos\" rel=\"prettyPhotos[rel-291512532]\" href=\"https:\/\/www.glaesener-betz.lu\/wp-content\/uploads\/2016\/09\/mortex-escalier.jpg\"><img src=\"https:\/\/www.glaesener-betz.lu\/wp-content\/uploads\/2016\/09\/mortex-escalier.jpg\" alt=\"\" \/><\/a><\/div><\/li><li  ><div style=\"height: 200px; width:267px;\"><a class=\"prettyphotos\" rel=\"prettyPhotos[rel-291512532]\" href=\"https:\/\/www.glaesener-betz.lu\/wp-content\/uploads\/2016\/09\/mortex-beal-international-plan-de-travail.jpg\"><img src=\"https:\/\/www.glaesener-betz.lu\/wp-content\/uploads\/2016\/09\/mortex-beal-international-plan-de-travail.jpg\" alt=\"\" \/><\/a><\/div><\/li><li  ><div style=\"height: 200px; width:144px;\"><a class=\"prettyphotos\" rel=\"prettyPhotos[rel-291512532]\" href=\"https:\/\/www.glaesener-betz.lu\/wp-content\/uploads\/2016\/09\/mortex-sol.jpg\"><img src=\"https:\/\/www.glaesener-betz.lu\/wp-content\/uploads\/2016\/09\/mortex-sol.jpg\" alt=\"\" \/><\/a><\/div><\/li><li  ><div style=\"height: 200px; width:293px;\"><a class=\"prettyphotos\" rel=\"prettyPhotos[rel-291512532]\" href=\"https:\/\/www.glaesener-betz.lu\/wp-content\/uploads\/2016\/09\/mortex-sol-escalier.jpg\"><img src=\"https:\/\/www.glaesener-betz.lu\/wp-content\/uploads\/2016\/09\/mortex-sol-escalier.jpg\" alt=\"\" \/><\/a><\/div><\/li><\/ul><\/div><div class=\"controls\"><a class=\"prev-slide\" href=\"#\"><span><i class=\"fa fa-angle-left\"><\/i><\/span><\/a><a class=\"next-slide\" href=\"#\"><span><i class=\"fa fa-angle-right\"><\/i><\/span><\/a><\/div><\/div>[\/vc_column][\/vc_row][vc_row css_animation=&#8220;&#8220; row_type=&#8220;row&#8220; use_row_as_full_screen_section=&#8220;no&#8220; type=&#8220;full_width&#8220; angled_section=&#8220;no&#8220; text_align=&#8220;left&#8220; background_image_as_pattern=&#8220;without_pattern&#8220;][vc_column][vc_separator type=&#8220;transparent&#8220; thickness=&#8220;10&#8243;][vc_column_text el_class=&#8220;.title_catalogue&#8220;]Unsere Markenpartner[\/vc_column_text][vc_row_inner row_type=&#8220;row&#8220; type=&#8220;full_width&#8220; text_align=&#8220;left&#8220; css_animation=&#8220;&#8220;][vc_column_inner][vc_single_image image=&#8220;4810&#8243; img_size=&#8220;medium&#8220; alignment=&#8220;center&#8220; onclick=&#8220;custom_link&#8220; img_link_target=&#8220;_blank&#8220; qode_css_animation=&#8220;&#8220; link=&#8220;http:\/\/mortex.be\/fr&#8220;][vc_column_text]<\/p>\n<p style=\"text-align: center;\"><span style=\"font-size: 10pt;\"><i class=\"fa fa-download\"><\/i> <a href=\"https:\/\/bealinternational.com\/wp-content\/uploads\/BROCHURE-MORTEX-DE.pdff\" target=\"_blank\">MORTEX Prospekt<\/a>\u00a0 \u00a0 \u00a0 \u00a0 \u00a0 \u00a0\u00a0 \u00a0<i class=\"fa fa-download\"><\/i> <a href=\"https:\/\/bealinternational.com\/wp-content\/uploads\/MORTEX-COLORCHART.pdf\" target=\"_blank\">MORTEX Farbf\u00e4cher<\/a>\u00a0 \u00a0<\/span><\/p>\n<p>[\/vc_column_text][\/vc_column_inner][\/vc_row_inner][vc_separator type=&#8220;transparent&#8220; thickness=&#8220;10&#8243;][\/vc_column][\/vc_row][vc_row css_animation=&#8220;&#8220; row_type=&#8220;row&#8220; use_row_as_full_screen_section=&#8220;no&#8220; type=&#8220;full_width&#8220; angled_section=&#8220;no&#8220; text_align=&#8220;left&#8220; background_image_as_pattern=&#8220;without_pattern&#8220;][vc_column][vc_column_text]<\/p>\n<p style=\"text-align: left;\">Das MORTEX System ist eine feine, undurchl\u00e4ssige Spachtelmasse, die f\u00fcr technische und dekorative Auskleidungen benutzt wird. Bei der Umgestaltung ihres Innen und Au\u00dfenbereichs verleiht es Ihren Projekten einen mineralischen Charakter und erinnert an \u201epolierten Beton\u201c oder auch an \u201eTadelakt\u201c. Geeignet f\u00fcr Duschen, B\u00f6den, Pools, M\u00f6bel etc.<br \/>\nDieser Mikro-M\u00f6rtel verbindet sich mit allen Formen und bringt Farbe in all Ihre kreativen Ideen.<\/p>\n<p>&nbsp;<\/p>\n<p style=\"text-align: left;\">Mit MORTEX haben Sie unendlich viele M\u00f6glichkeiten f\u00fcr Ihre Neubau- oder Sanierungsprojekte:<\/p>\n<ul>\n<li>innen wie au\u00dfen<\/li>\n<li>vom Boden bis zur Decke<\/li>\n<li>von der Dusche bis zum Pool<\/li>\n<li>f\u00fcr M\u00f6bel und f\u00fcr die Dekoration<\/li>\n<li>in unterschiedlichen Farben mit erstaunlichen Effekten und Ausf\u00fchrungen<\/li>\n<\/ul>\n<p>&nbsp;<\/p>\n<p style=\"text-align: left;\">MORTEX \u00f6ffnet Ihre R\u00e4ume \u2013 es schafft durchgehende Fl\u00e4chen von einem Zimmer zum n\u00e4chsten und h\u00e4lt dabei die technischen Grenzen ein. Eine widerstandsf\u00e4hige Beschichtung f\u00fcr Ihre Stufen und Ihre Fu\u00dfb\u00f6den, die zum Stil Ihres Wohnbereichs passt. MORTEX l\u00e4sst sich leicht auf Fliesen auftragen und l\u00e4sst diese verschwinden. Mit seiner Vielzahl an Farben und gew\u00fcnschten Effekten ist es die ideale L\u00f6sung f\u00fcr die Renovierung von poliertem Beton. MORTEX l\u00e4sst sich auch auf einen Estrichboden mit einem Heizsystem f\u00fcr die Bodenheizung auftragen.<\/p>\n<p>&nbsp;<\/p>\n<p style=\"text-align: left;\">Die Paste, die sie nach dem Mischen erhalten, ist wasserdicht und l\u00e4sst sich leicht auf die unterschiedlichsten Materialien auftragen. MORTEX ist zu Recht hervorragend f\u00fcr Oberfl\u00e4chen geeignet, die mit Wasser in Kontakt kommen. Ein erstaunliches Erlebnis von individueller Sch\u00f6nheit. Duschen und Waschbecken passen sich damit perfekt an die vorhandene Raumgestaltung an. Vergessen Sie Fugen und erhalten Sie eine durchg\u00e4ngige Schicht in Steinoptik, die angenehm anzufassen ist.<\/p>\n<p>&nbsp;<\/p>\n<h4 style=\"text-align: center;\"><span style=\"font-size: 12pt;\"><i class=\"fa fa-phone\"> <i class=\"fa fa-envelope\"> <\/i><\/i>\u00a0\u00a0<span style=\"font-size: 12pt;\"><a href=\"https:\/\/www.glaesener-betz.lu\/de\/kontakt-anfahrt\/\" target=\"_blank\">Kontaktieren Sie direkt unsere Fachleute f\u00fcr die Fliesen f\u00fcr weitere Informationen.<\/a><\/span><\/span><\/h4>\n<p>[\/vc_column_text][\/vc_column][\/vc_row][vc_row css_animation=&#8220;&#8220; row_type=&#8220;row&#8220; use_row_as_full_screen_section=&#8220;no&#8220; type=&#8220;full_width&#8220; angled_section=&#8220;no&#8220; text_align=&#8220;center&#8220; background_image_as_pattern=&#8220;without_pattern&#8220; padding_bottom=&#8220;45&#8243;][vc_column][vc_separator type=&#8220;transparent&#8220; thickness=&#8220;10&#8243;][vc_column_text el_class=&#8220;.title_catalogue&#8220;]Aktualit\u00e4ten[\/vc_column_text][vc_separator type=&#8220;transparent&#8220; thickness=&#8220;10&#8243;]<div class='latest_post_holder boxes three_columns two_rows'><ul><li class=\"clearfix\"><div class=\"latest_news\"><h5 class=\"latest_news_title \"><a href=\"https:\/\/www.glaesener-betz.lu\/de\/services\/profi-baumarkt\/maschinenverleih\/\">Maschinenverleih<\/a><\/h5><div class=\"latest_news_inner\"><div class=\"latest_news_image\"><img src=\"https:\/\/www.glaesener-betz.lu\/wp-content\/uploads\/2018\/04\/24.stihl_scie-a-beton_Trennschleifer_TS700_location.png\" alt=\"\" \/><\/div><p class=\"latest_news_content\">in Redange\/Attert und Contern...<\/p><div class=\"clearfix\"><\/div> <\/div><a class=\"news-cta-link\" href=\"https:\/\/www.glaesener-betz.lu\/de\/services\/profi-baumarkt\/maschinenverleih\/\"><\/a><\/div><\/li><li class=\"clearfix\"><div class=\"latest_news\"><h5 class=\"latest_news_title \"><a href=\"https:\/\/www.glaesener-betz.lu\/de\/tank-des-regenwassers-belastet\/\">Kostenlose Anfrage<\/a><\/h5><div class=\"latest_news_inner\"><div class=\"latest_news_image\"><img src=\"https:\/\/www.glaesener-betz.lu\/wp-content\/uploads\/2018\/04\/Graf_citerne-eau_Carat.png\" alt=\"\" \/><\/div><p class=\"latest_news_content\">Regenwassernutzung unterirdisch...<\/p><div class=\"clearfix\"><\/div> <\/div><a class=\"news-cta-link\" href=\"https:\/\/www.glaesener-betz.lu\/de\/tank-des-regenwassers-belastet\/\"><\/a><\/div><\/li><li class=\"clearfix\"><div class=\"latest_news\"><h5 class=\"latest_news_title \"><a href=\"https:\/\/www.glaesener-betz.lu\/de\/promotion-carrelages\/\">Fliesen Promotion<\/a><\/h5><div class=\"latest_news_inner\"><div class=\"latest_news_image\"><img src=\"https:\/\/www.glaesener-betz.lu\/wp-content\/uploads\/2017\/04\/ink40-6.jpg\" alt=\"\" \/><\/div><p class=\"latest_news_content\">%\u00a0auf den folgenden Fliesen auf Lager: &nbsp; &nbsp; TALK AN...<\/p><div class=\"clearfix\"><\/div> <\/div><a class=\"news-cta-link\" href=\"https:\/\/www.glaesener-betz.lu\/de\/promotion-carrelages\/\"><\/a><\/div><\/li><\/ul><\/div>[\/vc_column][\/vc_row]<\/p>\n<\/section>","protected":false},"excerpt":{"rendered":"<p>[vc_row css_animation=&#8220;&#8220; row_type=&#8220;row&#8220; use_row_as_full_screen_section=&#8220;no&#8220; type=&#8220;full_width&#8220; angled_section=&#8220;no&#8220; text_align=&#8220;right&#8220; background_image_as_pattern=&#8220;without_pattern&#8220;][vc_column width=&#8220;3\/4&#8243;][vc_column_text] MORTEX [\/vc_column_text][\/vc_column][vc_column width=&#8220;1\/4&#8243;][\/vc_column][\/vc_row][vc_row css_animation=&#8220;&#8220; row_type=&#8220;row&#8220; use_row_as_full_screen_section=&#8220;no&#8220; type=&#8220;full_width&#8220; angled_section=&#8220;no&#8220; text_align=&#8220;left&#8220; background_image_as_pattern=&#8220;without_pattern&#8220; css=&#8220;.vc_custom_1464949322957{margin-top: 20px !important;}&#8220;][vc_column el_class=&#8220;service-photo-slider&#8220;][\/vc_column][\/vc_row][vc_row css_animation=&#8220;&#8220; row_type=&#8220;row&#8220; use_row_as_full_screen_section=&#8220;no&#8220; type=&#8220;full_width&#8220; angled_section=&#8220;no&#8220; text_align=&#8220;left&#8220; background_image_as_pattern=&#8220;without_pattern&#8220;][vc_column][vc_separator type=&#8220;transparent&#8220; thickness=&#8220;10&#8243;][vc_column_text el_class=&#8220;.title_catalogue&#8220;]Unsere Markenpartner[\/vc_column_text][vc_row_inner row_type=&#8220;row&#8220; type=&#8220;full_width&#8220; text_align=&#8220;left&#8220; css_animation=&#8220;&#8220;][vc_column_inner][vc_single_image image=&#8220;4810&#8243; img_size=&#8220;medium&#8220; alignment=&#8220;center&#8220; onclick=&#8220;custom_link&#8220; img_link_target=&#8220;_blank&#8220; qode_css_animation=&#8220;&#8220; link=&#8220;http:\/\/mortex.be\/fr&#8220;][vc_column_text]&#8230;<\/p>\n","protected":false},"author":2,"featured_media":0,"parent":5097,"menu_order":0,"comment_status":"closed","ping_status":"closed","template":"","meta":[],"_links":{"self":[{"href":"https:\/\/www.glaesener-betz.lu\/de\/wp-json\/wp\/v2\/pages\/5009"}],"collection":[{"href":"https:\/\/www.glaesener-betz.lu\/de\/wp-json\/wp\/v2\/pages"}],"about":[{"href":"https:\/\/www.glaesener-betz.lu\/de\/wp-json\/wp\/v2\/types\/page"}],"author":[{"embeddable":true,"href":"https:\/\/www.glaesener-betz.lu\/de\/wp-json\/wp\/v2\/users\/2"}],"replies":[{"embeddable":true,"href":"https:\/\/www.glaesener-betz.lu\/de\/wp-json\/wp\/v2\/comments?post=5009"}],"version-history":[{"count":7,"href":"https:\/\/www.glaesener-betz.lu\/de\/wp-json\/wp\/v2\/pages\/5009\/revisions"}],"predecessor-version":[{"id":5699,"href":"https:\/\/www.glaesener-betz.lu\/de\/wp-json\/wp\/v2\/pages\/5009\/revisions\/5699"}],"up":[{"embeddable":true,"href":"https:\/\/www.glaesener-betz.lu\/de\/wp-json\/wp\/v2\/pages\/5097"}],"wp:attachment":[{"href":"https:\/\/www.glaesener-betz.lu\/de\/wp-json\/wp\/v2\/media?parent=5009"}],"curies":[{"name":"wp","href":"https:\/\/api.w.org\/{rel}","templated":true}]}}